{"id":990,"date":"2023-11-28T07:18:16","date_gmt":"2023-11-28T07:18:16","guid":{"rendered":"https:\/\/polysmarts.com\/?post_type=product&#038;p=990"},"modified":"2023-11-28T07:18:17","modified_gmt":"2023-11-28T07:18:17","slug":"sacos-de-ziper-stand-up-de-cannabis-mylar","status":"publish","type":"product","link":"https:\/\/polysmarts.com\/pt\/product\/cannabis-mylar-stand-up-zipper-bags\/","title":{"rendered":"Sacos com z\u00edper para cannabis Mylar"},"content":{"rendered":"<p><strong>Sacos Mylar para Cannabis: Eleve sua Embalagem CBD com Praticidade e Estilo<\/strong><\/p>\n<p>No mercado cada vez maior de produtos CBD, destacar-se \u00e9 crucial. A CBD Packaging Store apresenta Cannabis Mylar Bags como a solu\u00e7\u00e3o definitiva de embalagem, combinando praticidade, economia e design atraente. Veja por que essas sacolas est\u00e3o dominando o mercado:<\/p>\n<p><strong>1. Economia e prote\u00e7\u00e3o extra:<\/strong><br \/>\n\u2013 As bolsas Mylar s\u00e3o fabricadas com um material acess\u00edvel, por\u00e9m dur\u00e1vel, garantindo embalagens econ\u00f4micas sem comprometer a prote\u00e7\u00e3o do produto. A espessura \u00fanica tamb\u00e9m adiciona uma camada extra de prote\u00e7\u00e3o, tornando-o adequado para produtos de cannabis.<\/p>\n<p><strong>2. Vantagem \u00e0 prova de cheiro:<\/strong><br \/>\n\u2013 O material utilizado nos sacos mylar oferece uma caracter\u00edstica \u00e0 prova de cheiros, evitando qualquer perturba\u00e7\u00e3o causada pelo cheiro caracter\u00edstico da cannabis nas lojas. Esta vantagem estende-se \u00e0 cria\u00e7\u00e3o de um ambiente de compras mais discreto e apelativo.<\/p>\n<p><strong>3. Personaliza\u00e7\u00e3o para compatibilidade de marca:<\/strong><br \/>\n\u2013 A CBD Packaging Store oferece suporte gratuito de design e personaliza\u00e7\u00e3o, permitindo que os fabricantes de produtos CBD alinhem suas sacolas mylar com sua marca. Personalize designs para incorporar as \u00faltimas tend\u00eancias, garantindo que seus produtos se destaquem nas prateleiras.<\/p>\n<p><strong>4. Op\u00e7\u00f5es de impress\u00e3o para reconhecimento de marca:<\/strong><br \/>\n\u2013 Marque seus produtos de forma eficaz, escolhendo entre v\u00e1rias op\u00e7\u00f5es de impress\u00e3o. Exiba o nome e o logotipo de sua marca com destaque nessas bolsas mylar, criando uma identidade visual que ressoe com seu p\u00fablico-alvo.<\/p>\n<p><strong>5. Complementos e op\u00e7\u00f5es de acabamento:<\/strong><br \/>\n\u2013 Eleve sua embalagem com recursos adicionais, como relevo, relevo, ponto UV, acabamento fosco e brilhante, revestimentos dourados e prateados e muito mais. Essas op\u00e7\u00f5es adicionam um toque de luxo, ideal para produtos de cannabis de alta qualidade.<\/p>","protected":false},"excerpt":{"rendered":"<table style=\"height: 360px; width: 99.8505%; border-collapse: collapse;\" border=\"2\">\n<tbody>\n<tr style=\"height: 40px;\">\n<td style=\"width: 22.6796%; height: 30px; background-color: #99ccff;\"><span style=\"font-family: arial, helvetica, sans-serif; font-size: 12pt;\"><strong>Dimens\u00e3o e estilo<\/strong><\/span><\/td>\n<td style=\"width: 77.3204%; height: 30px; background-color: #99ccff;\"><span style=\"font-family: arial, helvetica, sans-serif; font-size: 12pt;\">Formas e tamanhos personalizados<\/span><\/td>\n<\/tr>\n<tr style=\"height: 40px;\">\n<td style=\"width: 22.6796%; height: 34px; background-color: #ebebeb;\"><span style=\"font-size: 12pt;\"><strong><span style=\"font-family: arial, helvetica, sans-serif;\">Quantidade m\u00ednima de pedido<\/span><\/strong><\/span><\/td>\n<td style=\"width: 77.3204%; height: 34px; background-color: #ebebeb;\"><span style=\"font-family: arial, helvetica, sans-serif; font-size: 12pt;\">1000pcs sem personaliza\u00e7\u00e3o, 10000pcs para personaliza\u00e7\u00e3o<\/span><\/td>\n<\/tr>\n<tr style=\"height: 40px; background-color: #99ccff;\">\n<td style=\"width: 22.6796%; height: 24px;\"><span style=\"font-size: 12pt;\"><strong><span style=\"font-family: arial, helvetica, sans-serif;\">Tipo de embalagem<\/span><\/strong><\/span><\/td>\n<td style=\"width: 77.3204%; height: 24px;\"><span style=\"font-family: arial, helvetica, sans-serif; font-size: 12pt;\">Bolsa de p\u00e9<\/span><\/td>\n<\/tr>\n<tr style=\"height: 40px; background-color: #ebebeb;\">\n<td style=\"width: 22.6796%; height: 24px;\"><span style=\"font-size: 12pt;\"><strong><span style=\"font-family: arial, helvetica, sans-serif;\">Impress\u00e3o<\/span><\/strong><\/span><\/td>\n<td style=\"width: 77.3204%; height: 24px;\"><span style=\"font-family: arial, helvetica, sans-serif; font-size: 12pt;\">CMYK (1 \u2013 10 cores), sem impress\u00e3o (normal)<\/span><\/td>\n<\/tr>\n<tr style=\"height: 40px; background-color: #99ccff;\">\n<td style=\"width: 22.6796%; height: 24px;\"><span style=\"font-size: 12pt;\"><strong><span style=\"font-family: arial, helvetica, sans-serif;\">Acabamento<\/span><\/strong><\/span><\/td>\n<td style=\"width: 77.3204%; height: 24px;\"><span style=\"font-family: arial, helvetica, sans-serif; font-size: 12pt;\">Lamina\u00e7\u00e3o brilhante\/fosca, impress\u00e3o offset<\/span><\/td>\n<\/tr>\n<tr style=\"height: 40px; background-color: #ebebeb;\">\n<td style=\"width: 22.6796%; height: 24px;\"><span style=\"font-size: 12pt;\"><strong><span style=\"font-family: arial, helvetica, sans-serif;\">Op\u00e7\u00f5es inclu\u00eddas<\/span><\/strong><\/span><\/td>\n<td style=\"width: 77.3204%; height: 24px;\"><span style=\"font-family: arial, helvetica, sans-serif; font-size: 12pt;\">Corte e vinco, selagem t\u00e9rmica<\/span><\/td>\n<\/tr>\n<tr style=\"height: 40px; background-color: #99ccff;\">\n<td style=\"width: 22.6796%; height: 24px;\"><span style=\"font-size: 12pt;\"><strong><span style=\"font-family: arial, helvetica, sans-serif;\">Prova<\/span><\/strong><\/span><\/td>\n<td style=\"width: 77.3204%; height: 24px;\"><span style=\"font-family: arial, helvetica, sans-serif; font-size: 12pt;\">Provas de cheiro\u00a0<\/span><\/td>\n<\/tr>\n<tr style=\"height: 40px; background-color: #ebebeb;\">\n<td style=\"width: 22.6796%; height: 24px;\"><span style=\"font-size: 12pt;\"><strong><span style=\"font-family: arial, helvetica, sans-serif;\">Tempo de resposta<\/span><\/strong><\/span><\/td>\n<td style=\"width: 77.3204%; height: 24px;\"><span style=\"font-family: arial, helvetica, sans-serif; font-size: 12pt;\">7 a 15 dias \u00fateis, RUSH<\/span><\/td>\n<\/tr>\n<tr style=\"height: 40px; background-color: #99ccff;\">\n<td style=\"width: 22.6796%; height: 24px;\"><span style=\"font-size: 12pt;\"><strong><span style=\"font-family: arial, helvetica, sans-serif;\">Envio<\/span><\/strong><\/span><\/td>\n<td style=\"width: 77.3204%; height: 24px;\"><span style=\"font-family: arial, helvetica, sans-serif; font-size: 12pt;\">A\u00e9reo, Mar\u00edtimo, Expresso<\/span><\/td>\n<\/tr>\n<\/tbody>\n<\/table>\n<p>&nbsp;<\/p>","protected":false},"featured_media":942,"comment_status":"open","ping_status":"closed","template":"","meta":[],"product_brand":[],"product_cat":[28,18],"product_tag":[],"class_list":{"0":"post-990","1":"product","2":"type-product","3":"status-publish","4":"has-post-thumbnail","6":"product_cat-cbd-packaging","7":"product_cat-zipper-bags","9":"first","10":"instock","11":"shipping-taxable","12":"product-type-simple"},"_links":{"self":[{"href":"https:\/\/polysmarts.com\/pt\/wp-json\/wp\/v2\/product\/990","targetHints":{"allow":["GET"]}}],"collection":[{"href":"https:\/\/polysmarts.com\/pt\/wp-json\/wp\/v2\/product"}],"about":[{"href":"https:\/\/polysmarts.com\/pt\/wp-json\/wp\/v2\/types\/product"}],"replies":[{"embeddable":true,"href":"https:\/\/polysmarts.com\/pt\/wp-json\/wp\/v2\/comments?post=990"}],"version-history":[{"count":1,"href":"https:\/\/polysmarts.com\/pt\/wp-json\/wp\/v2\/product\/990\/revisions"}],"predecessor-version":[{"id":992,"href":"https:\/\/polysmarts.com\/pt\/wp-json\/wp\/v2\/product\/990\/revisions\/992"}],"wp:featuredmedia":[{"embeddable":true,"href":"https:\/\/polysmarts.com\/pt\/wp-json\/wp\/v2\/media\/942"}],"wp:attachment":[{"href":"https:\/\/polysmarts.com\/pt\/wp-json\/wp\/v2\/media?parent=990"}],"wp:term":[{"taxonomy":"product_brand","embeddable":true,"href":"https:\/\/polysmarts.com\/pt\/wp-json\/wp\/v2\/product_brand?post=990"},{"taxonomy":"product_cat","embeddable":true,"href":"https:\/\/polysmarts.com\/pt\/wp-json\/wp\/v2\/product_cat?post=990"},{"taxonomy":"product_tag","embeddable":true,"href":"https:\/\/polysmarts.com\/pt\/wp-json\/wp\/v2\/product_tag?post=990"}],"curies":[{"name":"wp","href":"https:\/\/api.w.org\/{rel}","templated":true}]}}