{"id":918,"date":"2023-11-24T07:03:23","date_gmt":"2023-11-24T07:03:23","guid":{"rendered":"https:\/\/polysmarts.com\/?post_type=product&#038;p=918"},"modified":"2023-11-24T07:03:24","modified_gmt":"2023-11-24T07:03:24","slug":"sacos-coloridos-personalizados-de-armazenamento-de-alimentos-mylar-emaranhados","status":"publish","type":"product","link":"https:\/\/polysmarts.com\/pt\/product\/custom-colorful-stand-up-matted-mylar-food-storage-bags\/","title":{"rendered":"Sacos de armazenamento de alimentos Mylar emaranhados coloridos personalizados"},"content":{"rendered":"<p>Revele um novo padr\u00e3o de frescor e conveni\u00eancia com nossos sacos stand-up pretos foscos \u00e0 prova de cheiros. Fabricados com folha de alum\u00ednio de alta qualidade, esses sacos de mylar ressel\u00e1veis possuem um recurso ziplock dupla face que os torna n\u00e3o apenas f\u00e1ceis de abrir, mas tamb\u00e9m garante um fechamento seguro. O selo zip lock se fecha firmemente, proporcionando um n\u00edvel excepcional de veda\u00e7\u00e3o que mant\u00e9m \u00e1gua, umidade, poeira e odores afastados.<\/p>\n<p>A reutiliza\u00e7\u00e3o destes sacos aumenta a sua praticidade, tornando-os uma escolha ecol\u00f3gica para consumidores exigentes. O design mylar vai al\u00e9m do saco zip lock normal, mantendo o conte\u00fado interno mais fresco por um longo per\u00edodo, tornando-os ideais para armazenar uma ampla variedade de itens.<\/p>\n<p>Fabricadas com mat\u00e9ria-prima de polietileno, essas sacolas al\u00e9m de confi\u00e1veis s\u00e3o at\u00f3xicas, garantindo a seguran\u00e7a dos itens armazenados. O recurso sel\u00e1vel a quente adiciona outra camada de versatilidade, permitindo um fechamento seguro para evitar vazamentos e garantir frescor duradouro.<\/p>\n<p>Esses sacos stand-up pretos foscos \u00e0 prova de cheiros s\u00e3o perfeitos para uma variedade de itens, desde produtos secos, doces e lanches at\u00e9 joias, componentes eletr\u00f4nicos e muito mais. A elegante cor preta adiciona um toque de sofistica\u00e7\u00e3o, tornando-os adequados para diversas aplica\u00e7\u00f5es.<\/p>\n<p>Dispon\u00edveis em quantidades no atacado, com estoque pronto de 1.000 unidades e op\u00e7\u00f5es personaliz\u00e1veis a partir de um MOQ de 10.000 unidades, essas sacolas s\u00e3o a solu\u00e7\u00e3o ideal para empresas que buscam uma op\u00e7\u00e3o de embalagem confi\u00e1vel e elegante. Eleve a apresenta\u00e7\u00e3o do seu produto com estes sacos stand-up pretos foscos \u00e0 prova de cheiros, onde o frescor encontra a funcionalidade em cada selo.<\/p>","protected":false},"excerpt":{"rendered":"<table style=\"height: 360px; width: 99.8505%; border-collapse: collapse;\" border=\"2\">\n<tbody>\n<tr style=\"height: 40px;\">\n<td style=\"width: 22.6796%; height: 30px; background-color: #99ccff;\"><span style=\"font-family: arial, helvetica, sans-serif; font-size: 12pt;\"><strong>Dimens\u00e3o e estilo<\/strong><\/span><\/td>\n<td style=\"width: 77.3204%; height: 30px; background-color: #99ccff;\"><span style=\"font-family: arial, helvetica, sans-serif; font-size: 12pt;\">Formas e tamanhos personalizados<\/span><\/td>\n<\/tr>\n<tr style=\"height: 40px;\">\n<td style=\"width: 22.6796%; height: 34px; background-color: #ebebeb;\"><span style=\"font-size: 12pt;\"><strong><span style=\"font-family: arial, helvetica, sans-serif;\">Quantidade m\u00ednima de pedido<\/span><\/strong><\/span><\/td>\n<td style=\"width: 77.3204%; height: 34px; background-color: #ebebeb;\"><span style=\"font-family: arial, helvetica, sans-serif; font-size: 12pt;\">1000pcs sem personaliza\u00e7\u00e3o, 10000pcs para personaliza\u00e7\u00e3o<\/span><\/td>\n<\/tr>\n<tr style=\"height: 40px; background-color: #99ccff;\">\n<td style=\"width: 22.6796%; height: 24px;\"><span style=\"font-size: 12pt;\"><strong><span style=\"font-family: arial, helvetica, sans-serif;\">Tipo de embalagem<\/span><\/strong><\/span><\/td>\n<td style=\"width: 77.3204%; height: 24px;\"><span style=\"font-family: arial, helvetica, sans-serif; font-size: 12pt;\">Sacos Mylar Stand Up<\/span><\/td>\n<\/tr>\n<tr style=\"height: 40px; background-color: #ebebeb;\">\n<td style=\"width: 22.6796%; height: 24px;\"><span style=\"font-size: 12pt;\"><strong><span style=\"font-family: arial, helvetica, sans-serif;\">Impress\u00e3o<\/span><\/strong><\/span><\/td>\n<td style=\"width: 77.3204%; height: 24px;\"><span style=\"font-family: arial, helvetica, sans-serif; font-size: 12pt;\">CMYK (1 \u2013 10 cores), sem impress\u00e3o (normal)<\/span><\/td>\n<\/tr>\n<tr style=\"height: 40px; background-color: #99ccff;\">\n<td style=\"width: 22.6796%; height: 24px;\"><span style=\"font-size: 12pt;\"><strong><span style=\"font-family: arial, helvetica, sans-serif;\">Acabamento<\/span><\/strong><\/span><\/td>\n<td style=\"width: 77.3204%; height: 24px;\"><span style=\"font-family: arial, helvetica, sans-serif; font-size: 12pt;\">Lamina\u00e7\u00e3o brilhante\/fosca, impress\u00e3o offset<\/span><\/td>\n<\/tr>\n<tr style=\"height: 40px; background-color: #ebebeb;\">\n<td style=\"width: 22.6796%; height: 24px;\"><span style=\"font-size: 12pt;\"><strong><span style=\"font-family: arial, helvetica, sans-serif;\">Op\u00e7\u00f5es inclu\u00eddas<\/span><\/strong><\/span><\/td>\n<td style=\"width: 77.3204%; height: 24px;\"><span style=\"font-family: arial, helvetica, sans-serif; font-size: 12pt;\">Corte e vinco, selagem t\u00e9rmica<\/span><\/td>\n<\/tr>\n<tr style=\"height: 40px; background-color: #99ccff;\">\n<td style=\"width: 22.6796%; height: 24px;\"><span style=\"font-size: 12pt;\"><strong><span style=\"font-family: arial, helvetica, sans-serif;\">Prova<\/span><\/strong><\/span><\/td>\n<td style=\"width: 77.3204%; height: 24px;\"><span style=\"font-family: arial, helvetica, sans-serif; font-size: 12pt;\">Provas de cheiro\u00a0<\/span><\/td>\n<\/tr>\n<tr style=\"height: 40px; background-color: #ebebeb;\">\n<td style=\"width: 22.6796%; height: 24px;\"><span style=\"font-size: 12pt;\"><strong><span style=\"font-family: arial, helvetica, sans-serif;\">Tempo de resposta<\/span><\/strong><\/span><\/td>\n<td style=\"width: 77.3204%; height: 24px;\"><span style=\"font-family: arial, helvetica, sans-serif; font-size: 12pt;\">7 a 15 dias \u00fateis, RUSH<\/span><\/td>\n<\/tr>\n<tr style=\"height: 40px; background-color: #99ccff;\">\n<td style=\"width: 22.6796%; height: 24px;\"><span style=\"font-size: 12pt;\"><strong><span style=\"font-family: arial, helvetica, sans-serif;\">Envio<\/span><\/strong><\/span><\/td>\n<td style=\"width: 77.3204%; height: 24px;\"><span style=\"font-family: arial, helvetica, sans-serif; font-size: 12pt;\">A\u00e9reo, Mar\u00edtimo, Expresso<\/span><\/td>\n<\/tr>\n<\/tbody>\n<\/table>\n<p>&nbsp;<\/p>","protected":false},"featured_media":925,"comment_status":"open","ping_status":"closed","template":"","meta":[],"product_brand":[],"product_cat":[18,26],"product_tag":[],"class_list":{"0":"post-918","1":"product","2":"type-product","3":"status-publish","4":"has-post-thumbnail","6":"product_cat-zipper-bags","7":"product_cat-food-packaging","9":"first","10":"instock","11":"shipping-taxable","12":"product-type-simple"},"_links":{"self":[{"href":"https:\/\/polysmarts.com\/pt\/wp-json\/wp\/v2\/product\/918","targetHints":{"allow":["GET"]}}],"collection":[{"href":"https:\/\/polysmarts.com\/pt\/wp-json\/wp\/v2\/product"}],"about":[{"href":"https:\/\/polysmarts.com\/pt\/wp-json\/wp\/v2\/types\/product"}],"replies":[{"embeddable":true,"href":"https:\/\/polysmarts.com\/pt\/wp-json\/wp\/v2\/comments?post=918"}],"version-history":[{"count":1,"href":"https:\/\/polysmarts.com\/pt\/wp-json\/wp\/v2\/product\/918\/revisions"}],"predecessor-version":[{"id":926,"href":"https:\/\/polysmarts.com\/pt\/wp-json\/wp\/v2\/product\/918\/revisions\/926"}],"wp:featuredmedia":[{"embeddable":true,"href":"https:\/\/polysmarts.com\/pt\/wp-json\/wp\/v2\/media\/925"}],"wp:attachment":[{"href":"https:\/\/polysmarts.com\/pt\/wp-json\/wp\/v2\/media?parent=918"}],"wp:term":[{"taxonomy":"product_brand","embeddable":true,"href":"https:\/\/polysmarts.com\/pt\/wp-json\/wp\/v2\/product_brand?post=918"},{"taxonomy":"product_cat","embeddable":true,"href":"https:\/\/polysmarts.com\/pt\/wp-json\/wp\/v2\/product_cat?post=918"},{"taxonomy":"product_tag","embeddable":true,"href":"https:\/\/polysmarts.com\/pt\/wp-json\/wp\/v2\/product_tag?post=918"}],"curies":[{"name":"wp","href":"https:\/\/api.w.org\/{rel}","templated":true}]}}