{"id":882,"date":"2023-11-23T10:12:13","date_gmt":"2023-11-23T10:12:13","guid":{"rendered":"https:\/\/polysmarts.com\/?post_type=product&#038;p=882"},"modified":"2023-11-23T10:12:14","modified_gmt":"2023-11-23T10:12:14","slug":"rolos-de-preenchimento-de-vedacao-de-copo-de-plastico-personalizados-filmes-de-vedacao","status":"publish","type":"product","link":"https:\/\/polysmarts.com\/pt\/product\/customized-plastic-cup-sealing-fill-rolls-sealing-films\/","title":{"rendered":"Filmes de veda\u00e7\u00e3o de rolos de preenchimento de copo de pl\u00e1stico personalizado"},"content":{"rendered":"<p>Filme em rolo de veda\u00e7\u00e3o de copos de pl\u00e1stico personalizado, projetado para copos OPP, CPP e de papel, perfeito para vedar x\u00edcaras de ch\u00e1 e bebidas com bolhas. Fabricado com precis\u00e3o em material PET\/EVA, esse filme aliment\u00edcio se destaca pela textura macia, transpar\u00eancia e compromisso com o respeito ao meio ambiente.<\/p>\n<p>A versatilidade alia-se \u00e0 est\u00e9tica com at\u00e9 12 cores dispon\u00edveis para personaliza\u00e7\u00e3o, permitindo adaptar a pel\u00edcula vedante do copo \u00e0 identidade da sua marca. O uso da rotogravura garante um resultado de alta qualidade e visualmente atraente, fazendo com que seu produto se destaque nas g\u00f4ndolas.<\/p>\n<p>Macio mas dur\u00e1vel, este filme selante para copos \u00e9 criado atrav\u00e9s do processo de moldagem por sopro, garantindo uma solu\u00e7\u00e3o de embalagem confi\u00e1vel para suas bebidas. A Polysmarts se orgulha de oferecer uma op\u00e7\u00e3o ecologicamente correta que n\u00e3o compromete o desempenho.<\/p>\n<p>A marca Polysmarts \u00e9 sin\u00f4nimo de qualidade e inova\u00e7\u00e3o. O filme de veda\u00e7\u00e3o de copo est\u00e1 dispon\u00edvel no tamanho calibre 90\/95, atendendo a diversas dimens\u00f5es de copo. Este filme em rolo foi projetado para impress\u00e3o de selagem de copos e adiciona um toque profissional \u00e0 apresenta\u00e7\u00e3o do seu produto.<\/p>\n<p>A Polysmarts vai al\u00e9m ao oferecer amostras para sua conveni\u00eancia, permitindo que voc\u00ea experimente a qualidade em primeira m\u00e3o. Pedidos personalizados s\u00e3o calorosamente aceitos, garantindo que suas necessidades de embalagem sejam atendidas com precis\u00e3o e cuidado.<\/p>\n<p>Escolha Polysmarts para um rolo de filme para veda\u00e7\u00e3o de copos que n\u00e3o apenas protege seu produto, mas tamb\u00e9m melhora seu apelo visual. Eleve a sua marca com uma solu\u00e7\u00e3o de embalagem que n\u00e3o \u00e9 apenas confi\u00e1vel, mas tamb\u00e9m ambientalmente consciente. Experimente a combina\u00e7\u00e3o perfeita de funcionalidade e estilo com o filme em rolo de veda\u00e7\u00e3o para copos de pl\u00e1stico personalizado da Polysmarts.<\/p>","protected":false},"excerpt":{"rendered":"<table style=\"height: 360px; width: 99.8505%; border-collapse: collapse;\" border=\"2\">\n<tbody>\n<tr style=\"height: 40px;\">\n<td style=\"width: 22.6796%; height: 30px; background-color: #99ccff;\"><span style=\"font-family: arial, helvetica, sans-serif; font-size: 12pt;\"><strong>Dimens\u00e3o e estilo<\/strong><\/span><\/td>\n<td style=\"width: 77.3204%; height: 30px; background-color: #99ccff;\"><span style=\"font-family: arial, helvetica, sans-serif; font-size: 12pt;\">Formas e tamanhos personalizados<\/span><\/td>\n<\/tr>\n<tr style=\"height: 40px;\">\n<td style=\"width: 22.6796%; height: 34px; background-color: #ebebeb;\"><span style=\"font-size: 12pt;\"><strong><span style=\"font-family: arial, helvetica, sans-serif;\">Quantidade m\u00ednima de pedido<\/span><\/strong><\/span><\/td>\n<td style=\"width: 77.3204%; height: 34px; background-color: #ebebeb;\"><span style=\"font-family: arial, helvetica, sans-serif; font-size: 12pt;\">200 quilogramas<\/span><\/td>\n<\/tr>\n<tr style=\"height: 40px; background-color: #99ccff;\">\n<td style=\"width: 22.6796%; height: 24px;\"><span style=\"font-size: 12pt;\"><strong><span style=\"font-family: arial, helvetica, sans-serif;\">Tipo de embalagem<\/span><\/strong><\/span><\/td>\n<td style=\"width: 77.3204%; height: 24px;\"><span style=\"font-family: arial, helvetica, sans-serif; font-size: 12pt;\">Preencher rolos<\/span><\/td>\n<\/tr>\n<tr style=\"height: 40px; background-color: #ebebeb;\">\n<td style=\"width: 22.6796%; height: 24px;\"><span style=\"font-size: 12pt;\"><strong><span style=\"font-family: arial, helvetica, sans-serif;\">Impress\u00e3o<\/span><\/strong><\/span><\/td>\n<td style=\"width: 77.3204%; height: 24px;\"><span style=\"font-family: arial, helvetica, sans-serif; font-size: 12pt;\">Rotogravura, conforme arte, at\u00e9 10 cores<\/span><\/td>\n<\/tr>\n<tr style=\"height: 40px; background-color: #99ccff;\">\n<td style=\"width: 22.6796%; height: 24px;\"><span style=\"font-size: 12pt;\"><strong><span style=\"font-family: arial, helvetica, sans-serif;\">Tamanho e espessura<\/span><\/strong><\/span><\/td>\n<td style=\"width: 77.3204%; height: 24px;\"><span style=\"font-family: arial, helvetica, sans-serif; font-size: 12pt;\">V\u00e1rios tamanhos e espessuras dispon\u00edveis<\/span><\/td>\n<\/tr>\n<tr style=\"height: 40px; background-color: #ebebeb;\">\n<td style=\"width: 22.6796%; height: 24px;\"><span style=\"font-size: 12pt;\"><strong><span style=\"font-family: arial, helvetica, sans-serif;\">Material<\/span><\/strong><\/span><\/td>\n<td style=\"width: 77.3204%; height: 24px;\"><span style=\"font-family: arial, helvetica, sans-serif; font-size: 12pt;\">PET\/VMPET\/PE, PET\/AL\/PE, OPP\/VMPET\/PE, OPP\/AL\/PE, ect.<\/span><\/td>\n<\/tr>\n<tr style=\"height: 40px; background-color: #99ccff;\">\n<td style=\"width: 22.6796%; height: 24px;\"><span style=\"font-size: 12pt;\"><strong><span style=\"font-family: arial, helvetica, sans-serif;\">Aplicativo<\/span><\/strong><\/span><\/td>\n<td style=\"width: 77.3204%; height: 24px;\"><span style=\"font-family: arial, helvetica, sans-serif; font-size: 12pt;\">Batatas fritas\/ch\u00e1\/caf\u00e9 em gr\u00e3o\/caf\u00e9 em p\u00f3\/caf\u00e9 mo\u00eddo\/batatas fritas, etc.<\/span><\/td>\n<\/tr>\n<tr style=\"height: 40px; background-color: #ebebeb;\">\n<td style=\"width: 22.6796%; height: 24px;\"><span style=\"font-size: 12pt;\"><strong><span style=\"font-family: arial, helvetica, sans-serif;\">Tempo de resposta<\/span><\/strong><\/span><\/td>\n<td style=\"width: 77.3204%; height: 24px;\"><span style=\"font-family: arial, helvetica, sans-serif; font-size: 12pt;\">7 a 15 dias \u00fateis, RUSH<\/span><\/td>\n<\/tr>\n<tr style=\"height: 40px; background-color: #99ccff;\">\n<td style=\"width: 22.6796%; height: 24px;\"><span style=\"font-size: 12pt;\"><strong><span style=\"font-family: arial, helvetica, sans-serif;\">Envio<\/span><\/strong><\/span><\/td>\n<td style=\"width: 77.3204%; height: 24px;\"><span style=\"font-family: arial, helvetica, sans-serif; font-size: 12pt;\">A\u00e9reo, Mar\u00edtimo, Expresso<\/span><\/td>\n<\/tr>\n<\/tbody>\n<\/table>\n<p>&nbsp;<\/p>","protected":false},"featured_media":218,"comment_status":"open","ping_status":"closed","template":"","meta":[],"product_brand":[],"product_cat":[23],"product_tag":[],"class_list":{"0":"post-882","1":"product","2":"type-product","3":"status-publish","4":"has-post-thumbnail","6":"product_cat-film-rolls","8":"first","9":"instock","10":"shipping-taxable","11":"product-type-simple"},"_links":{"self":[{"href":"https:\/\/polysmarts.com\/pt\/wp-json\/wp\/v2\/product\/882","targetHints":{"allow":["GET"]}}],"collection":[{"href":"https:\/\/polysmarts.com\/pt\/wp-json\/wp\/v2\/product"}],"about":[{"href":"https:\/\/polysmarts.com\/pt\/wp-json\/wp\/v2\/types\/product"}],"replies":[{"embeddable":true,"href":"https:\/\/polysmarts.com\/pt\/wp-json\/wp\/v2\/comments?post=882"}],"version-history":[{"count":1,"href":"https:\/\/polysmarts.com\/pt\/wp-json\/wp\/v2\/product\/882\/revisions"}],"predecessor-version":[{"id":890,"href":"https:\/\/polysmarts.com\/pt\/wp-json\/wp\/v2\/product\/882\/revisions\/890"}],"wp:featuredmedia":[{"embeddable":true,"href":"https:\/\/polysmarts.com\/pt\/wp-json\/wp\/v2\/media\/218"}],"wp:attachment":[{"href":"https:\/\/polysmarts.com\/pt\/wp-json\/wp\/v2\/media?parent=882"}],"wp:term":[{"taxonomy":"product_brand","embeddable":true,"href":"https:\/\/polysmarts.com\/pt\/wp-json\/wp\/v2\/product_brand?post=882"},{"taxonomy":"product_cat","embeddable":true,"href":"https:\/\/polysmarts.com\/pt\/wp-json\/wp\/v2\/product_cat?post=882"},{"taxonomy":"product_tag","embeddable":true,"href":"https:\/\/polysmarts.com\/pt\/wp-json\/wp\/v2\/product_tag?post=882"}],"curies":[{"name":"wp","href":"https:\/\/api.w.org\/{rel}","templated":true}]}}