{"id":861,"date":"2023-11-23T09:15:17","date_gmt":"2023-11-23T09:15:17","guid":{"rendered":"https:\/\/polysmarts.com\/?post_type=product&#038;p=861"},"modified":"2023-11-23T09:15:18","modified_gmt":"2023-11-23T09:15:18","slug":"saco-de-transporte-de-correio-plastico-poli-expresso-personalizado","status":"publish","type":"product","link":"https:\/\/polysmarts.com\/pt\/product\/custom-poly-express-mailing-plastic-courier-shipping-bag\/","title":{"rendered":"Saco de envio de correio pl\u00e1stico personalizado Poly Express Mailing"},"content":{"rendered":"<p>As bolsas Polysmarts Mailer redefinem os padr\u00f5es de seguran\u00e7a e conveni\u00eancia de remessa. Nosso design inovador inclui um forro interno preto, proporcionando uma camada adicional de prote\u00e7\u00e3o de privacidade para seus pertences pessoais. A forte fita adesiva autovedante n\u00e3o s\u00f3 garante um fechamento seguro, mas tamb\u00e9m atua como um recurso resistente a viola\u00e7\u00f5es, proporcionando tranquilidade durante o transporte.<\/p>\n<p>Fabricadas com os materiais mais recentes, nossas malas postais apresentam resist\u00eancia, impermeabiliza\u00e7\u00e3o e resist\u00eancia ao rasgo. A veda\u00e7\u00e3o refor\u00e7ada de 4cm na borda garante que seus itens cheguem ao destino com seguran\u00e7a, independente da viagem que realizem.<\/p>\n<p>A versatilidade est\u00e1 no centro das malas Polysmarts Mailer. Dispon\u00edveis em v\u00e1rios tamanhos, essas bolsas atendem a diferentes necessidades, tornando-as adequadas para o envio de uma variedade de itens, incluindo roupas, livros, joias, acess\u00f3rios e muito mais. Quer voc\u00ea seja propriet\u00e1rio de uma empresa ou um indiv\u00edduo que envia itens pessoais, nossas malas postais oferecem uma solu\u00e7\u00e3o confi\u00e1vel.<\/p>\n<p>O que diferencia nossas sacolas de transporte autovedantes \u00e9 seu design leve e que economiza espa\u00e7o. Diga adeus \u00e0 necessidade de materiais de embalagem extras \u2013 essas sacolas s\u00e3o eficientes e econ\u00f4micas, ajudando voc\u00ea a economizar em custos de postagem e envio. \u00c9 a escolha perfeita para pequenas e m\u00e9dias empresas que buscam solu\u00e7\u00f5es de embalagens pr\u00e1ticas e econ\u00f4micas.<\/p>\n<p>Escolha Polysmarts para uma experi\u00eancia de envio perfeita, onde seus itens n\u00e3o s\u00e3o apenas enviados, mas enviados de forma segura e eficiente. Confie em nossas malas postais para uma combina\u00e7\u00e3o de prote\u00e7\u00e3o de privacidade, durabilidade e economia, garantindo que suas remessas sejam tratadas com o cuidado que merecem.<\/p>","protected":false},"excerpt":{"rendered":"<table style=\"height: 360px; width: 99.8505%; border-collapse: collapse;\" border=\"2\">\n<tbody>\n<tr style=\"height: 40px;\">\n<td style=\"width: 22.6796%; height: 30px; background-color: #99ccff;\"><span style=\"font-family: arial, helvetica, sans-serif; font-size: 12pt;\"><strong>Dimens\u00e3o e estilo<\/strong><\/span><\/td>\n<td style=\"width: 77.3204%; height: 30px; background-color: #99ccff;\"><span style=\"font-family: arial, helvetica, sans-serif; font-size: 12pt;\">Formas e tamanhos personalizados<\/span><\/td>\n<\/tr>\n<tr style=\"height: 40px;\">\n<td style=\"width: 22.6796%; height: 34px; background-color: #ebebeb;\"><span style=\"font-size: 12pt;\"><strong><span style=\"font-family: arial, helvetica, sans-serif;\">Quantidade m\u00ednima de pedido<\/span><\/strong><\/span><\/td>\n<td style=\"width: 77.3204%; height: 34px; background-color: #ebebeb;\"><span style=\"font-family: arial, helvetica, sans-serif; font-size: 12pt;\">1000pcs sem personaliza\u00e7\u00e3o, 10000pcs para personaliza\u00e7\u00e3o<\/span><\/td>\n<\/tr>\n<tr style=\"height: 40px; background-color: #99ccff;\">\n<td style=\"width: 22.6796%; height: 24px;\"><span style=\"font-size: 12pt;\"><strong><span style=\"font-family: arial, helvetica, sans-serif;\">Tipo de embalagem<\/span><\/strong><\/span><\/td>\n<td style=\"width: 77.3204%; height: 24px;\"><span style=\"font-family: arial, helvetica, sans-serif; font-size: 12pt;\">Sacos de correspond\u00eancia poli brancos<\/span><\/td>\n<\/tr>\n<tr style=\"height: 40px; background-color: #ebebeb;\">\n<td style=\"width: 22.6796%; height: 24px;\"><span style=\"font-size: 12pt;\"><strong><span style=\"font-family: arial, helvetica, sans-serif;\">Impress\u00e3o<\/span><\/strong><\/span><\/td>\n<td style=\"width: 77.3204%; height: 24px;\"><span style=\"font-family: arial, helvetica, sans-serif; font-size: 12pt;\">CMYK (1 - 10 cores conforme sua necessidade), sem impress\u00e3o (normal)<\/span><\/td>\n<\/tr>\n<tr style=\"height: 40px; background-color: #99ccff;\">\n<td style=\"width: 22.6796%; height: 24px;\"><span style=\"font-size: 12pt;\"><strong><span style=\"font-family: arial, helvetica, sans-serif;\">Acabamento<\/span><\/strong><\/span><\/td>\n<td style=\"width: 77.3204%; height: 24px;\"><span style=\"font-family: arial, helvetica, sans-serif; font-size: 12pt;\">Lamina\u00e7\u00e3o brilhante, impress\u00e3o offset<\/span><\/td>\n<\/tr>\n<tr style=\"height: 40px; background-color: #ebebeb;\">\n<td style=\"width: 22.6796%; height: 24px;\"><span style=\"font-size: 12pt;\"><strong><span style=\"font-family: arial, helvetica, sans-serif;\">Material<\/span><\/strong><\/span><\/td>\n<td style=\"width: 77.3204%; height: 24px;\"><span style=\"font-family: arial, helvetica, sans-serif; font-size: 12pt;\">EDUCA\u00c7AO FISICA<\/span><\/td>\n<\/tr>\n<tr style=\"height: 40px; background-color: #99ccff;\">\n<td style=\"width: 22.6796%; height: 24px;\"><span style=\"font-size: 12pt;\"><strong><span style=\"font-family: arial, helvetica, sans-serif;\">Recurso<\/span><\/strong><\/span><\/td>\n<td style=\"width: 77.3204%; height: 24px;\"><span style=\"font-family: arial, helvetica, sans-serif; font-size: 12pt;\">Ecol\u00f3gico e dobr\u00e1vel<\/span><\/td>\n<\/tr>\n<tr style=\"height: 40px; background-color: #ebebeb;\">\n<td style=\"width: 22.6796%; height: 24px;\"><span style=\"font-size: 12pt;\"><strong><span style=\"font-family: arial, helvetica, sans-serif;\">Tempo de resposta<\/span><\/strong><\/span><\/td>\n<td style=\"width: 77.3204%; height: 24px;\"><span style=\"font-family: arial, helvetica, sans-serif; font-size: 12pt;\">7 a 15 dias \u00fateis, RUSH<\/span><\/td>\n<\/tr>\n<tr style=\"height: 40px; background-color: #99ccff;\">\n<td style=\"width: 22.6796%; height: 24px;\"><span style=\"font-size: 12pt;\"><strong><span style=\"font-family: arial, helvetica, sans-serif;\">Envio<\/span><\/strong><\/span><\/td>\n<td style=\"width: 77.3204%; height: 24px;\"><span style=\"font-family: arial, helvetica, sans-serif; font-size: 12pt;\">A\u00e9reo, Mar\u00edtimo, Expresso<\/span><\/td>\n<\/tr>\n<\/tbody>\n<\/table>\n<p>&nbsp;<\/p>","protected":false},"featured_media":868,"comment_status":"open","ping_status":"closed","template":"","meta":[],"product_brand":[],"product_cat":[24,21],"product_tag":[],"class_list":{"0":"post-861","1":"product","2":"type-product","3":"status-publish","4":"has-post-thumbnail","6":"product_cat-mailing-bag","7":"product_cat-opp-cpp-pe-cpe-single-material-bag","9":"first","10":"instock","11":"shipping-taxable","12":"product-type-simple"},"_links":{"self":[{"href":"https:\/\/polysmarts.com\/pt\/wp-json\/wp\/v2\/product\/861","targetHints":{"allow":["GET"]}}],"collection":[{"href":"https:\/\/polysmarts.com\/pt\/wp-json\/wp\/v2\/product"}],"about":[{"href":"https:\/\/polysmarts.com\/pt\/wp-json\/wp\/v2\/types\/product"}],"replies":[{"embeddable":true,"href":"https:\/\/polysmarts.com\/pt\/wp-json\/wp\/v2\/comments?post=861"}],"version-history":[{"count":1,"href":"https:\/\/polysmarts.com\/pt\/wp-json\/wp\/v2\/product\/861\/revisions"}],"predecessor-version":[{"id":869,"href":"https:\/\/polysmarts.com\/pt\/wp-json\/wp\/v2\/product\/861\/revisions\/869"}],"wp:featuredmedia":[{"embeddable":true,"href":"https:\/\/polysmarts.com\/pt\/wp-json\/wp\/v2\/media\/868"}],"wp:attachment":[{"href":"https:\/\/polysmarts.com\/pt\/wp-json\/wp\/v2\/media?parent=861"}],"wp:term":[{"taxonomy":"product_brand","embeddable":true,"href":"https:\/\/polysmarts.com\/pt\/wp-json\/wp\/v2\/product_brand?post=861"},{"taxonomy":"product_cat","embeddable":true,"href":"https:\/\/polysmarts.com\/pt\/wp-json\/wp\/v2\/product_cat?post=861"},{"taxonomy":"product_tag","embeddable":true,"href":"https:\/\/polysmarts.com\/pt\/wp-json\/wp\/v2\/product_tag?post=861"}],"curies":[{"name":"wp","href":"https:\/\/api.w.org\/{rel}","templated":true}]}}