{"id":840,"date":"2023-11-23T07:24:13","date_gmt":"2023-11-23T07:24:13","guid":{"rendered":"https:\/\/polysmarts.com\/?post_type=product&#038;p=840"},"modified":"2023-11-23T07:24:14","modified_gmt":"2023-11-23T07:24:14","slug":"stand-up-pouch-colorido-de-folha-de-aluminio-com-janela-redonda","status":"publish","type":"product","link":"https:\/\/polysmarts.com\/pt\/product\/colorful-aluminum-foil-stand-up-pouch-with-round-window\/","title":{"rendered":"A folha de alum\u00ednio colorida levanta-se o malote com janela redonda"},"content":{"rendered":"<p>Descubra o pr\u00f3ximo n\u00edvel de armazenamento de alimentos com nosso saco Stand-Up Zip Lock, uma solu\u00e7\u00e3o vers\u00e1til e inovadora projetada para melhorar sua vida di\u00e1ria. Fabricada com aten\u00e7\u00e3o meticulosa aos detalhes, esta bolsa \u00e9 mais do que apenas um recipiente; \u00e9 uma prova de funcionalidade e est\u00e9tica.<\/p>\n<p>O fundo da bolsa \u00e9 cuidadosamente engrossado e alargado, garantindo que o produto fique em p\u00e9 sem esfor\u00e7o. Isso n\u00e3o s\u00f3 aumenta o apelo visual, mas tamb\u00e9m facilita o preenchimento, proporcionando uma apresenta\u00e7\u00e3o tridimensional e bonita.<\/p>\n<p>Nossa avan\u00e7ada tecnologia de autoveda\u00e7\u00e3o leva a conveni\u00eancia a um n\u00edvel totalmente novo. A veda\u00e7\u00e3o n\u00e3o \u00e9 apenas extremamente herm\u00e9tica, garantindo o frescor e a integridade dos itens armazenados, mas tamb\u00e9m foi projetada para aberturas repetidas. Diga adeus \u00e0 dificuldade com os fechos tradicionais \u2013 nosso recurso zip lock combina seguran\u00e7a com facilidade de uso.<\/p>\n<p>O design humanizado leva em considera\u00e7\u00e3o a seguran\u00e7a com cantos arredondados, minimizando o risco de les\u00f5es. Compreendemos a import\u00e2ncia de uma embalagem f\u00e1cil de usar e \u00e9 por isso que nossa bolsa foi projetada para rasgar facilmente ap\u00f3s a selagem a quente, tornando o acesso aos itens armazenados conveniente e r\u00e1pido.<\/p>\n<p>Aproveite a sacola de cor brilhante que n\u00e3o s\u00f3 protege sua comida, mas tamb\u00e9m adiciona um toque de estilo \u00e0 sua cozinha. O Stand-Up Zip Lock Bag n\u00e3o \u00e9 apenas uma solu\u00e7\u00e3o de armazenamento; \u00e9 uma atualiza\u00e7\u00e3o de estilo de vida. Eleve a experi\u00eancia da sua cozinha com uma bolsa que combina praticidade, inova\u00e7\u00e3o e est\u00e9tica.<\/p>\n<p>Fa\u00e7a uma declara\u00e7\u00e3o com uma solu\u00e7\u00e3o de embalagem que se destaca no mundo do armazenamento de alimentos. Escolha a bolsa Stand-Up Zip Lock \u2013 onde a conveni\u00eancia encontra o estilo e a inova\u00e7\u00e3o encontra a vida cotidiana.<\/p>","protected":false},"excerpt":{"rendered":"<table style=\"height: 360px; width: 99.8505%; border-collapse: collapse;\" border=\"2\">\n<tbody>\n<tr style=\"height: 40px;\">\n<td style=\"width: 22.6796%; height: 30px; background-color: #99ccff;\"><span style=\"font-family: arial, helvetica, sans-serif; font-size: 12pt;\"><strong>Dimens\u00e3o e estilo<\/strong><\/span><\/td>\n<td style=\"width: 77.3204%; height: 30px; background-color: #99ccff;\"><span style=\"font-family: arial, helvetica, sans-serif; font-size: 12pt;\">Formas e tamanhos personalizados<\/span><\/td>\n<\/tr>\n<tr style=\"height: 40px;\">\n<td style=\"width: 22.6796%; height: 34px; background-color: #ebebeb;\"><span style=\"font-size: 12pt;\"><strong><span style=\"font-family: arial, helvetica, sans-serif;\">Quantidade m\u00ednima de pedido<\/span><\/strong><\/span><\/td>\n<td style=\"width: 77.3204%; height: 34px; background-color: #ebebeb;\"><span style=\"font-family: arial, helvetica, sans-serif; font-size: 12pt;\">1000pcs sem personaliza\u00e7\u00e3o, 10000pcs para personaliza\u00e7\u00e3o<\/span><\/td>\n<\/tr>\n<tr style=\"height: 40px; background-color: #99ccff;\">\n<td style=\"width: 22.6796%; height: 24px;\"><span style=\"font-size: 12pt;\"><strong><span style=\"font-family: arial, helvetica, sans-serif;\">Tipo de embalagem<\/span><\/strong><\/span><\/td>\n<td style=\"width: 77.3204%; height: 24px;\"><span style=\"font-family: arial, helvetica, sans-serif; font-size: 12pt;\">Sacos stand up de folha de alum\u00ednio\u00a0<\/span><\/td>\n<\/tr>\n<tr style=\"height: 40px; background-color: #ebebeb;\">\n<td style=\"width: 22.6796%; height: 24px;\"><span style=\"font-size: 12pt;\"><strong><span style=\"font-family: arial, helvetica, sans-serif;\">Impress\u00e3o<\/span><\/strong><\/span><\/td>\n<td style=\"width: 77.3204%; height: 24px;\"><span style=\"font-family: arial, helvetica, sans-serif; font-size: 12pt;\">CMYK (1 - 10 cores conforme sua necessidade), sem impress\u00e3o (normal)<\/span><\/td>\n<\/tr>\n<tr style=\"height: 40px; background-color: #99ccff;\">\n<td style=\"width: 22.6796%; height: 24px;\"><span style=\"font-size: 12pt;\"><strong><span style=\"font-family: arial, helvetica, sans-serif;\">Acabamento<\/span><\/strong><\/span><\/td>\n<td style=\"width: 77.3204%; height: 24px;\"><span style=\"font-family: arial, helvetica, sans-serif; font-size: 12pt;\">Lamina\u00e7\u00e3o brilhante, impress\u00e3o offset<\/span><\/td>\n<\/tr>\n<tr style=\"height: 40px; background-color: #ebebeb;\">\n<td style=\"width: 22.6796%; height: 24px;\"><span style=\"font-size: 12pt;\"><strong><span style=\"font-family: arial, helvetica, sans-serif;\">Material<\/span><\/strong><\/span><\/td>\n<td style=\"width: 77.3204%; height: 24px;\"><span style=\"font-family: arial, helvetica, sans-serif; font-size: 12pt;\">OPP+VMPET+Folha de alum\u00ednio+PE<\/span><\/td>\n<\/tr>\n<tr style=\"height: 40px; background-color: #99ccff;\">\n<td style=\"width: 22.6796%; height: 24px;\"><span style=\"font-size: 12pt;\"><strong><span style=\"font-family: arial, helvetica, sans-serif;\">Recurso<\/span><\/strong><\/span><\/td>\n<td style=\"width: 77.3204%; height: 24px;\"><span style=\"font-family: arial, helvetica, sans-serif; font-size: 12pt;\">\u00c0 prova d\u2019\u00e1gua e ressel\u00e1vel<\/span><\/td>\n<\/tr>\n<tr style=\"height: 40px; background-color: #ebebeb;\">\n<td style=\"width: 22.6796%; height: 24px;\"><span style=\"font-size: 12pt;\"><strong><span style=\"font-family: arial, helvetica, sans-serif;\">Tempo de resposta<\/span><\/strong><\/span><\/td>\n<td style=\"width: 77.3204%; height: 24px;\"><span style=\"font-family: arial, helvetica, sans-serif; font-size: 12pt;\">7 a 15 dias \u00fateis, RUSH<\/span><\/td>\n<\/tr>\n<tr style=\"height: 40px; background-color: #99ccff;\">\n<td style=\"width: 22.6796%; height: 24px;\"><span style=\"font-size: 12pt;\"><strong><span style=\"font-family: arial, helvetica, sans-serif;\">Envio<\/span><\/strong><\/span><\/td>\n<td style=\"width: 77.3204%; height: 24px;\"><span style=\"font-family: arial, helvetica, sans-serif; font-size: 12pt;\">A\u00e9reo, Mar\u00edtimo, Expresso<\/span><\/td>\n<\/tr>\n<\/tbody>\n<\/table>\n<p>&nbsp;<\/p>","protected":false},"featured_media":846,"comment_status":"open","ping_status":"closed","template":"","meta":[],"product_brand":[],"product_cat":[26,18],"product_tag":[],"class_list":{"0":"post-840","1":"product","2":"type-product","3":"status-publish","4":"has-post-thumbnail","6":"product_cat-food-packaging","7":"product_cat-zipper-bags","9":"first","10":"instock","11":"shipping-taxable","12":"product-type-simple"},"_links":{"self":[{"href":"https:\/\/polysmarts.com\/pt\/wp-json\/wp\/v2\/product\/840","targetHints":{"allow":["GET"]}}],"collection":[{"href":"https:\/\/polysmarts.com\/pt\/wp-json\/wp\/v2\/product"}],"about":[{"href":"https:\/\/polysmarts.com\/pt\/wp-json\/wp\/v2\/types\/product"}],"replies":[{"embeddable":true,"href":"https:\/\/polysmarts.com\/pt\/wp-json\/wp\/v2\/comments?post=840"}],"version-history":[{"count":1,"href":"https:\/\/polysmarts.com\/pt\/wp-json\/wp\/v2\/product\/840\/revisions"}],"predecessor-version":[{"id":852,"href":"https:\/\/polysmarts.com\/pt\/wp-json\/wp\/v2\/product\/840\/revisions\/852"}],"wp:featuredmedia":[{"embeddable":true,"href":"https:\/\/polysmarts.com\/pt\/wp-json\/wp\/v2\/media\/846"}],"wp:attachment":[{"href":"https:\/\/polysmarts.com\/pt\/wp-json\/wp\/v2\/media?parent=840"}],"wp:term":[{"taxonomy":"product_brand","embeddable":true,"href":"https:\/\/polysmarts.com\/pt\/wp-json\/wp\/v2\/product_brand?post=840"},{"taxonomy":"product_cat","embeddable":true,"href":"https:\/\/polysmarts.com\/pt\/wp-json\/wp\/v2\/product_cat?post=840"},{"taxonomy":"product_tag","embeddable":true,"href":"https:\/\/polysmarts.com\/pt\/wp-json\/wp\/v2\/product_tag?post=840"}],"curies":[{"name":"wp","href":"https:\/\/api.w.org\/{rel}","templated":true}]}}