{"id":830,"date":"2023-11-21T15:23:52","date_gmt":"2023-11-21T15:23:52","guid":{"rendered":"https:\/\/polysmarts.com\/?post_type=product&#038;p=830"},"modified":"2024-10-04T02:39:49","modified_gmt":"2024-10-03T18:39:49","slug":"sacos-de-embalagem-de-cha-de-cafe-com-fundo-plano","status":"publish","type":"product","link":"https:\/\/polysmarts.com\/pt\/product\/flat-stand-up-bottom-coffee-tea-packaging-bags\/","title":{"rendered":"Sacos de embalagem de ch\u00e1 e caf\u00e9 com fundo plano"},"content":{"rendered":"<p><strong>Introdu\u00e7\u00e3o do saco ziplock octogonal de alum\u00ednio puro para armazenamento de alimentos:<\/strong><\/p>\n<p><strong>Nome:<\/strong> Bolsa Ziplock de oito lados banhada em alum\u00ednio<\/p>\n<p><strong>Grossura:<\/strong> 20 fios (erro \u00b11 fio)<\/p>\n<p><strong>Material:<\/strong> Filme composto de alum\u00ednio puro, novo material de qualidade alimentar<\/p>\n<p><strong>Caracter\u00edsticas de design:<\/strong><\/p>\n<ul>\n<li>Adote o projeto de autossufici\u00eancia de \u00f3rg\u00e3os para grande capacidade de produto<\/li>\n<li>Design de s\u00e2ndalo vermelho dourado para uma apar\u00eancia firme<\/li>\n<li>Fecho com z\u00edper autovedante para facilidade de uso<\/li>\n<li>Recicl\u00e1vel para sustentabilidade<\/li>\n<li>Excelente efeito de veda\u00e7\u00e3o durante o transporte<\/li>\n<li>Dobr\u00e1vel sem ocupar espa\u00e7o<\/li>\n<\/ul>\n<p><strong>Performance do produto:<\/strong><\/p>\n<ol>\n<li>Filme CPP composto de folha de alum\u00ednio, utilizando novo material de qualidade alimentar.<\/li>\n<li>Prolonga a dura\u00e7\u00e3o do armazenamento dos alimentos para garantir a qualidade.<\/li>\n<li>Baixa permeabilidade ao ar, excelente desempenho \u00e0 prova de umidade, veda\u00e7\u00e3o forte e resistente ao envelhecimento.<\/li>\n<li>Amplamente utilizado em embalagens de ch\u00e1, frutas secas, doces, alimentos, produtos eletr\u00f4nicos, etc.<\/li>\n<li>Excelente resist\u00eancia a baixas temperaturas, adequada para alimentos\/cosm\u00e9ticos refrigerados e muito mais.<\/li>\n<\/ol>\n<p><strong>Par\u00e2metros de especifica\u00e7\u00e3o do saco ziplock octogonal de alum\u00ednio puro para armazenamento de alimentos:<\/strong><\/p>\n<p><em>Refer\u00eancia de capacidade de veda\u00e7\u00e3o de oito lados de alum\u00ednio puro:<\/em><\/p>\n<ul>\n<li><strong>9\u00d718+6cm:<\/strong> Arroz (420g), T\u00e2maras vermelhas (150g), Ch\u00e1 (60g), Longan seco (100g)<\/li>\n<li><strong>11\u00d720+6cm:<\/strong> Arroz (650g), T\u00e2maras vermelhas (190g), Ch\u00e1 (95g), Longan seco (145g)<\/li>\n<li><strong>13\u00d722+6cm:<\/strong> Arroz (920g), T\u00e2maras vermelhas (355g), Ch\u00e1 (150g), Longan seco (215g)<\/li>\n<li><strong>15\u00d724+8cm:<\/strong> Arroz (1450g), T\u00e2maras vermelhas (575g), Ch\u00e1 (235g), Longan seco (350g)<\/li>\n<li><strong>17\u00d726+8cm:<\/strong> Arroz (2.000g), T\u00e2maras vermelhas (850g), Ch\u00e1 (355g), Longan seco (490g)<\/li>\n<li><strong>19\u00d728+8cm:<\/strong> Arroz (2500g), T\u00e2maras vermelhas (1100g), Ch\u00e1 (510g), Longan seco (530g)<\/li>\n<\/ul>\n<p>Eleve sua embalagem de alimentos com nosso saco ziplock octogonal de alum\u00ednio puro para armazenamento de alimentos - uma combina\u00e7\u00e3o de design, funcionalidade e capacidade que atende a diversas necessidades de armazenamento.<\/p>","protected":false},"excerpt":{"rendered":"<table style=\"height: 360px; width: 99.8505%; border-collapse: collapse;\" border=\"2\">\n<tbody>\n<tr style=\"height: 40px;\">\n<td style=\"width: 22.6796%; height: 30px; background-color: #99ccff;\"><span style=\"font-family: arial, helvetica, sans-serif; font-size: 12pt;\"><strong>Dimens\u00e3o e estilo<\/strong><\/span><\/td>\n<td style=\"width: 77.3204%; height: 30px; background-color: #99ccff;\"><span style=\"font-family: arial, helvetica, sans-serif; font-size: 12pt;\">Formas e tamanhos personalizados<\/span><\/td>\n<\/tr>\n<tr style=\"height: 40px;\">\n<td style=\"width: 22.6796%; height: 34px; background-color: #ebebeb;\"><span style=\"font-size: 12pt;\"><strong><span style=\"font-family: arial, helvetica, sans-serif;\">Quantidade m\u00ednima de pedido<\/span><\/strong><\/span><\/td>\n<td style=\"width: 77.3204%; height: 34px; background-color: #ebebeb;\"><span style=\"font-family: arial, helvetica, sans-serif; font-size: 12pt;\">1000pcs sem personaliza\u00e7\u00e3o, 10000pcs para personaliza\u00e7\u00e3o<\/span><\/td>\n<\/tr>\n<tr style=\"height: 40px; background-color: #99ccff;\">\n<td style=\"width: 22.6796%; height: 24px;\"><span style=\"font-size: 12pt;\"><strong><span style=\"font-family: arial, helvetica, sans-serif;\">Tipo de embalagem<\/span><\/strong><\/span><\/td>\n<td style=\"width: 77.3204%; height: 24px;\"><span style=\"font-family: arial, helvetica, sans-serif; font-size: 12pt;\">Sacos de garrafa plana stand up\/sacos de embalagem de caf\u00e9 com v\u00e1lvula<\/span><\/td>\n<\/tr>\n<tr style=\"height: 40px; background-color: #ebebeb;\">\n<td style=\"width: 22.6796%; height: 24px;\"><span style=\"font-size: 12pt;\"><strong><span style=\"font-family: arial, helvetica, sans-serif;\">Impress\u00e3o<\/span><\/strong><\/span><\/td>\n<td style=\"width: 77.3204%; height: 24px;\"><span style=\"font-family: arial, helvetica, sans-serif; font-size: 12pt;\">CMYK (1 - 10 cores conforme sua necessidade), sem impress\u00e3o (normal)<\/span><\/td>\n<\/tr>\n<tr style=\"height: 40px; background-color: #99ccff;\">\n<td style=\"width: 22.6796%; height: 24px;\"><span style=\"font-size: 12pt;\"><strong><span style=\"font-family: arial, helvetica, sans-serif;\">Acabamento<\/span><\/strong><\/span><\/td>\n<td style=\"width: 77.3204%; height: 24px;\"><span style=\"font-family: arial, helvetica, sans-serif; font-size: 12pt;\">Lamina\u00e7\u00e3o brilhante, impress\u00e3o offset<\/span><\/td>\n<\/tr>\n<tr style=\"height: 40px; background-color: #ebebeb;\">\n<td style=\"width: 22.6796%; height: 24px;\"><span style=\"font-size: 12pt;\"><strong><span style=\"font-family: arial, helvetica, sans-serif;\">Material<\/span><\/strong><\/span><\/td>\n<td style=\"width: 77.3204%; height: 24px;\"><span style=\"font-family: arial, helvetica, sans-serif; font-size: 12pt;\">OPP+VMPET+Folha de alum\u00ednio+PE<\/span><\/td>\n<\/tr>\n<tr style=\"height: 40px; background-color: #99ccff;\">\n<td style=\"width: 22.6796%; height: 24px;\"><span style=\"font-size: 12pt;\"><strong><span style=\"font-family: arial, helvetica, sans-serif;\">Recurso<\/span><\/strong><\/span><\/td>\n<td style=\"width: 77.3204%; height: 24px;\"><span style=\"font-family: arial, helvetica, sans-serif; font-size: 12pt;\">\u00c0 prova d\u2019\u00e1gua e ressel\u00e1vel<\/span><\/td>\n<\/tr>\n<tr style=\"height: 40px; background-color: #ebebeb;\">\n<td style=\"width: 22.6796%; height: 24px;\"><span style=\"font-size: 12pt;\"><strong><span style=\"font-family: arial, helvetica, sans-serif;\">Tempo de resposta<\/span><\/strong><\/span><\/td>\n<td style=\"width: 77.3204%; height: 24px;\"><span style=\"font-family: arial, helvetica, sans-serif; font-size: 12pt;\">7 a 15 dias \u00fateis, RUSH<\/span><\/td>\n<\/tr>\n<tr style=\"height: 40px; background-color: #99ccff;\">\n<td style=\"width: 22.6796%; height: 24px;\"><span style=\"font-size: 12pt;\"><strong><span style=\"font-family: arial, helvetica, sans-serif;\">Envio<\/span><\/strong><\/span><\/td>\n<td style=\"width: 77.3204%; height: 24px;\"><span style=\"font-family: arial, helvetica, sans-serif; font-size: 12pt;\">A\u00e9reo, Mar\u00edtimo, Expresso<\/span><\/td>\n<\/tr>\n<\/tbody>\n<\/table>\n<p>&nbsp;<\/p>","protected":false},"featured_media":832,"comment_status":"open","ping_status":"closed","template":"","meta":[],"product_brand":[],"product_cat":[27,18],"product_tag":[],"class_list":{"0":"post-830","1":"product","2":"type-product","3":"status-publish","4":"has-post-thumbnail","6":"product_cat-coffee-and-tea-packaging","7":"product_cat-zipper-bags","9":"first","10":"instock","11":"shipping-taxable","12":"product-type-simple"},"_links":{"self":[{"href":"https:\/\/polysmarts.com\/pt\/wp-json\/wp\/v2\/product\/830","targetHints":{"allow":["GET"]}}],"collection":[{"href":"https:\/\/polysmarts.com\/pt\/wp-json\/wp\/v2\/product"}],"about":[{"href":"https:\/\/polysmarts.com\/pt\/wp-json\/wp\/v2\/types\/product"}],"replies":[{"embeddable":true,"href":"https:\/\/polysmarts.com\/pt\/wp-json\/wp\/v2\/comments?post=830"}],"version-history":[{"count":1,"href":"https:\/\/polysmarts.com\/pt\/wp-json\/wp\/v2\/product\/830\/revisions"}],"predecessor-version":[{"id":838,"href":"https:\/\/polysmarts.com\/pt\/wp-json\/wp\/v2\/product\/830\/revisions\/838"}],"wp:featuredmedia":[{"embeddable":true,"href":"https:\/\/polysmarts.com\/pt\/wp-json\/wp\/v2\/media\/832"}],"wp:attachment":[{"href":"https:\/\/polysmarts.com\/pt\/wp-json\/wp\/v2\/media?parent=830"}],"wp:term":[{"taxonomy":"product_brand","embeddable":true,"href":"https:\/\/polysmarts.com\/pt\/wp-json\/wp\/v2\/product_brand?post=830"},{"taxonomy":"product_cat","embeddable":true,"href":"https:\/\/polysmarts.com\/pt\/wp-json\/wp\/v2\/product_cat?post=830"},{"taxonomy":"product_tag","embeddable":true,"href":"https:\/\/polysmarts.com\/pt\/wp-json\/wp\/v2\/product_tag?post=830"}],"curies":[{"name":"wp","href":"https:\/\/api.w.org\/{rel}","templated":true}]}}