{"id":809,"date":"2023-11-21T14:41:22","date_gmt":"2023-11-21T14:41:22","guid":{"rendered":"https:\/\/polysmarts.com\/?post_type=product&#038;p=809"},"modified":"2023-11-21T14:43:20","modified_gmt":"2023-11-21T14:43:20","slug":"sacos-zip-lock-brancos-transparentes-para-celular-com-furo-para-pendurar","status":"publish","type":"product","link":"https:\/\/polysmarts.com\/pt\/product\/cell-phone-clear-white-zip-lock-bags-with-hang-hole\/","title":{"rendered":"Sacos Zip Lock brancos transparentes para celular com furo para pendurar"},"content":{"rendered":"<p>Os sacos com z\u00edper plano Pearl Film com janela completa s\u00e3o projetados com um revestimento Pearl Film, material OPP\/CPP, garantindo durabilidade superior e resist\u00eancia a perfura\u00e7\u00f5es. Fabricadas com materiais de qualidade alimentar sem BPA, essas sacolas oferecem prote\u00e7\u00e3o m\u00e1xima para seus produtos.<\/p>\n<p><strong>Reutiliz\u00e1vel:<\/strong> Obtenha valor pelo seu dinheiro com nossas sacolas reutiliz\u00e1veis. Cada bolsa \u00e9 equipada com um ziplock resistente e herm\u00e9tico, projetado para usos m\u00faltiplos, garantindo longevidade e sustentabilidade.<\/p>\n<p><strong>Selagem t\u00e9rmica e rotulagem:<\/strong> Escolha a op\u00e7\u00e3o de veda\u00e7\u00e3o que melhor lhe convier. Nossos sacos v\u00eam com ziplocks para facilitar a veda\u00e7\u00e3o e, para uma veda\u00e7\u00e3o mais firme, podem ser selados a quente. Al\u00e9m disso, se quiser etiquetar suas malas, fique \u00e0 vontade para faz\u00ea-lo; nossas sacolas s\u00e3o compat\u00edveis com etiquetas.<\/p>\n<p><strong>Multiuso:<\/strong> Versatilidade no seu melhor. Os sacos com z\u00edper plano de filme p\u00e9rola Soonseal com janela completa atendem a uma variedade de necessidades. Perfeito para embalar produtos digitais, roupas, \u00f3culos, papelaria, capas de telefone, prote\u00edna em p\u00f3 e muito mais.<\/p>\n<p><strong>Descri\u00e7\u00e3o:<\/strong> Estes sacos, selados em tr\u00eas lados, oferecem uma solu\u00e7\u00e3o de embalagem econ\u00f3mica mas eficiente. Eles fornecem excelente prote\u00e7\u00e3o contra luz ultravioleta, oxig\u00eanio e odores, prolongando a vida \u00fatil de seus produtos. As op\u00e7\u00f5es de impress\u00e3o personalizada melhoram o apelo do seu produto nas prateleiras, e o Soonseal oferece personaliza\u00e7\u00e3o de ponta usando as mais recentes tecnologias digitais, flexogr\u00e1ficas e de rotogravura. O resultado? Bolsas de embalagem de padr\u00e3o profissional que atendem perfeitamente \u00e0s suas necessidades. Escolha Soonseal pela qualidade e personaliza\u00e7\u00e3o nas embalagens.<\/p>\n<p><strong>Caracter\u00edsticas principais:<\/strong><\/p>\n<ul>\n<li><strong>Dimens\u00e3o externa:<\/strong> 8cm*14cm<\/li>\n<li><strong>Dimens\u00e3o interna:<\/strong> 7cm * 11cm (orif\u00edcio redondo para pendurar)<\/li>\n<li><strong>Pendurar Buraco:<\/strong> Orif\u00edcio redondo para pendurar para exibi\u00e7\u00e3o conveniente<\/li>\n<li><strong>Material:<\/strong> PP transparente de alta qualidade (pol\u00edmero de propeno)<\/li>\n<li><strong>Cor:<\/strong> A frente \u00e9 clara, a parte de tr\u00e1s \u00e9 branca<\/li>\n<li><strong>Fecho:<\/strong> Ziplock imperme\u00e1vel e reutiliz\u00e1vel para armazenamento seguro<\/li>\n<li><strong>Costumiza\u00e7\u00e3o:<\/strong> As embalagens Polysmarts acolhem calorosamente a personaliza\u00e7\u00e3o para atender \u00e0s suas necessidades espec\u00edficas<\/li>\n<\/ul>\n<p><strong>Vers\u00e1til e pr\u00e1tico:<\/strong><\/p>\n<ul>\n<li><strong>\u00c0 prova d&#039;\u00e1gua e ressel\u00e1vel:<\/strong> Garante prote\u00e7\u00e3o e f\u00e1cil acesso ao conte\u00fado.<\/li>\n<li><strong>Material dur\u00e1vel:<\/strong> O PP transparente de alta qualidade proporciona durabilidade e uma vis\u00e3o clara do conte\u00fado.<\/li>\n<li><strong>Ziplock recicl\u00e1vel:<\/strong> F\u00e1cil de abrir e fechar, promovendo a sustentabilidade atrav\u00e9s da reutiliza\u00e7\u00e3o.<\/li>\n<\/ul>\n<p><strong>Observa\u00e7\u00e3o:<\/strong> A embalagem Polysmarts aceita personaliza\u00e7\u00e3o para adaptar a bolsa \u00e0s suas necessidades exclusivas.<\/p>\n<p>Eleve a apresenta\u00e7\u00e3o do seu produto com nossa sacola pl\u00e1stica perolada - uma combina\u00e7\u00e3o requintada de funcionalidade e estilo, projetada para aprimorar o apelo de suas capas de telefone e itens pequenos.<\/p>","protected":false},"excerpt":{"rendered":"<table style=\"height: 360px; width: 99.8505%; border-collapse: collapse;\" border=\"2\">\n<tbody>\n<tr style=\"height: 40px;\">\n<td style=\"width: 22.6796%; height: 30px; background-color: #99ccff;\"><span style=\"font-family: arial, helvetica, sans-serif; font-size: 12pt;\"><strong>Dimens\u00e3o e estilo<\/strong><\/span><\/td>\n<td style=\"width: 77.3204%; height: 30px; background-color: #99ccff;\"><span style=\"font-family: arial, helvetica, sans-serif; font-size: 12pt;\">Formas e tamanhos personalizados<\/span><\/td>\n<\/tr>\n<tr style=\"height: 40px;\">\n<td style=\"width: 22.6796%; height: 34px; background-color: #ebebeb;\"><span style=\"font-size: 12pt;\"><strong><span style=\"font-family: arial, helvetica, sans-serif;\">Quantidade m\u00ednima de pedido<\/span><\/strong><\/span><\/td>\n<td style=\"width: 77.3204%; height: 34px; background-color: #ebebeb;\"><span style=\"font-family: arial, helvetica, sans-serif; font-size: 12pt;\">1000pcs sem personaliza\u00e7\u00e3o, 10000pcs para personaliza\u00e7\u00e3o<\/span><\/td>\n<\/tr>\n<tr style=\"height: 40px; background-color: #99ccff;\">\n<td style=\"width: 22.6796%; height: 24px;\"><span style=\"font-size: 12pt;\"><strong><span style=\"font-family: arial, helvetica, sans-serif;\">Tipo de embalagem<\/span><\/strong><\/span><\/td>\n<td style=\"width: 77.3204%; height: 24px;\"><span style=\"font-family: arial, helvetica, sans-serif; font-size: 12pt;\">Sacos de embalagem com z\u00edper<\/span><\/td>\n<\/tr>\n<tr style=\"height: 40px; background-color: #ebebeb;\">\n<td style=\"width: 22.6796%; height: 24px;\"><span style=\"font-size: 12pt;\"><strong><span style=\"font-family: arial, helvetica, sans-serif;\">Impress\u00e3o<\/span><\/strong><\/span><\/td>\n<td style=\"width: 77.3204%; height: 24px;\"><span style=\"font-family: arial, helvetica, sans-serif; font-size: 12pt;\">CMYK (1 - 10 cores conforme sua necessidade), sem impress\u00e3o (normal)<\/span><\/td>\n<\/tr>\n<tr style=\"height: 40px; background-color: #99ccff;\">\n<td style=\"width: 22.6796%; height: 24px;\"><span style=\"font-size: 12pt;\"><strong><span style=\"font-family: arial, helvetica, sans-serif;\">Acabamento<\/span><\/strong><\/span><\/td>\n<td style=\"width: 77.3204%; height: 24px;\"><span style=\"font-family: arial, helvetica, sans-serif; font-size: 12pt;\">Lamina\u00e7\u00e3o brilhante, impress\u00e3o offset<\/span><\/td>\n<\/tr>\n<tr style=\"height: 40px; background-color: #ebebeb;\">\n<td style=\"width: 22.6796%; height: 24px;\"><span style=\"font-size: 12pt;\"><strong><span style=\"font-family: arial, helvetica, sans-serif;\">Material<\/span><\/strong><\/span><\/td>\n<td style=\"width: 77.3204%; height: 24px;\"><span style=\"font-family: arial, helvetica, sans-serif; font-size: 12pt;\">Filme OPP\/CPP\/Perolado<\/span><\/td>\n<\/tr>\n<tr style=\"height: 40px; background-color: #99ccff;\">\n<td style=\"width: 22.6796%; height: 24px;\"><span style=\"font-size: 12pt;\"><strong><span style=\"font-family: arial, helvetica, sans-serif;\">Recurso<\/span><\/strong><\/span><\/td>\n<td style=\"width: 77.3204%; height: 24px;\"><span style=\"font-family: arial, helvetica, sans-serif; font-size: 12pt;\">\u00c0 prova d\u2019\u00e1gua e ressel\u00e1vel<\/span><\/td>\n<\/tr>\n<tr style=\"height: 40px; background-color: #ebebeb;\">\n<td style=\"width: 22.6796%; height: 24px;\"><span style=\"font-size: 12pt;\"><strong><span style=\"font-family: arial, helvetica, sans-serif;\">Tempo de resposta<\/span><\/strong><\/span><\/td>\n<td style=\"width: 77.3204%; height: 24px;\"><span style=\"font-family: arial, helvetica, sans-serif; font-size: 12pt;\">7 a 15 dias \u00fateis, RUSH<\/span><\/td>\n<\/tr>\n<tr style=\"height: 40px; background-color: #99ccff;\">\n<td style=\"width: 22.6796%; height: 24px;\"><span style=\"font-size: 12pt;\"><strong><span style=\"font-family: arial, helvetica, sans-serif;\">Envio<\/span><\/strong><\/span><\/td>\n<td style=\"width: 77.3204%; height: 24px;\"><span style=\"font-family: arial, helvetica, sans-serif; font-size: 12pt;\">A\u00e9reo, Mar\u00edtimo, Expresso<\/span><\/td>\n<\/tr>\n<\/tbody>\n<\/table>\n<p>&nbsp;<\/p>","protected":false},"featured_media":823,"comment_status":"open","ping_status":"closed","template":"","meta":[],"product_brand":[],"product_cat":[32,18],"product_tag":[],"class_list":{"0":"post-809","1":"product","2":"type-product","3":"status-publish","4":"has-post-thumbnail","6":"product_cat-3c-packaging","7":"product_cat-zipper-bags","9":"first","10":"instock","11":"shipping-taxable","12":"product-type-simple"},"_links":{"self":[{"href":"https:\/\/polysmarts.com\/pt\/wp-json\/wp\/v2\/product\/809","targetHints":{"allow":["GET"]}}],"collection":[{"href":"https:\/\/polysmarts.com\/pt\/wp-json\/wp\/v2\/product"}],"about":[{"href":"https:\/\/polysmarts.com\/pt\/wp-json\/wp\/v2\/types\/product"}],"replies":[{"embeddable":true,"href":"https:\/\/polysmarts.com\/pt\/wp-json\/wp\/v2\/comments?post=809"}],"version-history":[{"count":1,"href":"https:\/\/polysmarts.com\/pt\/wp-json\/wp\/v2\/product\/809\/revisions"}],"predecessor-version":[{"id":822,"href":"https:\/\/polysmarts.com\/pt\/wp-json\/wp\/v2\/product\/809\/revisions\/822"}],"wp:featuredmedia":[{"embeddable":true,"href":"https:\/\/polysmarts.com\/pt\/wp-json\/wp\/v2\/media\/823"}],"wp:attachment":[{"href":"https:\/\/polysmarts.com\/pt\/wp-json\/wp\/v2\/media?parent=809"}],"wp:term":[{"taxonomy":"product_brand","embeddable":true,"href":"https:\/\/polysmarts.com\/pt\/wp-json\/wp\/v2\/product_brand?post=809"},{"taxonomy":"product_cat","embeddable":true,"href":"https:\/\/polysmarts.com\/pt\/wp-json\/wp\/v2\/product_cat?post=809"},{"taxonomy":"product_tag","embeddable":true,"href":"https:\/\/polysmarts.com\/pt\/wp-json\/wp\/v2\/product_tag?post=809"}],"curies":[{"name":"wp","href":"https:\/\/api.w.org\/{rel}","templated":true}]}}