{"id":779,"date":"2023-11-17T13:36:38","date_gmt":"2023-11-17T13:36:38","guid":{"rendered":"https:\/\/polysmarts.com\/?post_type=product&#038;p=779"},"modified":"2023-11-21T15:27:21","modified_gmt":"2023-11-21T15:27:21","slug":"sacos-de-embalagem-stand-up-pouch-para-salgadinhos-de-doces","status":"publish","type":"product","link":"https:\/\/polysmarts.com\/pt\/product\/candy-snack-food-stand-up-pouch-packaging-bags\/","title":{"rendered":"Sacos de embalagem de salgadinhos para doces"},"content":{"rendered":"<p>Uma solu\u00e7\u00e3o vers\u00e1til adaptada para atender \u00e0s suas necessidades espec\u00edficas. Fabricadas com aten\u00e7\u00e3o meticulosa aos detalhes, essas bolsas oferecem uma combina\u00e7\u00e3o perfeita de seguran\u00e7a, funcionalidade e consci\u00eancia ecol\u00f3gica.<\/p>\n<h4><strong>Tamanho e espessura<\/strong><\/h4>\n<p>Adaptado precisamente \u00e0s suas necessidades, nosso dimensionamento personalizado garante o ajuste perfeito para o seu produto. A espessura \u00e9 otimizada para durabilidade, mantendo a flexibilidade.<\/p>\n<h4><strong>Caracter\u00edsticas:<\/strong><\/h4>\n<ol>\n<li><strong>Seguran\u00e7a e impress\u00e3o perfeita:<\/strong> Fabricadas com materiais de qualidade alimentar, nossas bolsas priorizam a seguran\u00e7a de seus produtos. A impress\u00e3o \u00e9 impec\u00e1vel, garantindo uma apresenta\u00e7\u00e3o visualmente atraente.<\/li>\n<li><strong>Preven\u00e7\u00e3o de vazamentos e \u00e0 prova de umidade:<\/strong> Com uma excepcional capacidade de evitar fugas e resistir \u00e0 humidade, estas bolsas garantem a integridade dos seus produtos, preservando a frescura e a qualidade.<\/li>\n<li><strong>Fundo de veda\u00e7\u00e3o forte e Ziplock dur\u00e1vel:<\/strong> As bolsas s\u00e3o projetadas para oferecer conveni\u00eancia e longevidade. O fundo de veda\u00e7\u00e3o forte garante a seguran\u00e7a dos seus itens, enquanto o ziplock dur\u00e1vel adiciona um elemento pr\u00e1tico \u00e0 embalagem.<\/li>\n<\/ol>\n<p><strong>Material:<\/strong> Escolha entre uma variedade de materiais, incluindo PET\/AL\/PE, PET\/PE, BOPP\/Papel Kraft\/PE, etc. Cada material \u00e9 selecionado por suas propriedades espec\u00edficas para aprimorar a funcionalidade da bolsa.<\/p>\n<p><strong>Capacidade:<\/strong> Selecione o tamanho perfeito para suas necessidades, variando de 200g a 5kg, ou personalize a capacidade para atender \u00e0s suas necessidades espec\u00edficas. Quer se trate de nozes, alimentos, frutas secas, carne bovina, salgadinhos, caf\u00e9, ch\u00e1, temperos, doces, ra\u00e7\u00e3o para animais de estima\u00e7\u00e3o, sab\u00e3o em p\u00f3, sal de banho e muito mais - n\u00f3s ajudamos voc\u00ea.<\/p>\n<p><strong>Op\u00e7\u00f5es de estilo:<\/strong> Personalize sua embalagem para combinar com sua marca com op\u00e7\u00f5es de estilo como Stand UP, Fundo Plano, Refor\u00e7o Lateral, Top com Z\u00edper, Com\/Sem Janela, Euro Hole e muito mais. Oferecemos a flexibilidade para criar um design que ressoe com seu p\u00fablico-alvo.<\/p>\n<p><strong>Controle de qualidade:<\/strong> Fique tranquilo com nosso compromisso com a qualidade. Nosso equipamento avan\u00e7ado e equipe experiente de controle de qualidade verificam rigorosamente materiais, semi-acabados e produtos acabados em cada etapa, garantindo que apenas o melhor chegue aos seus clientes.<\/p>\n<p>Eleve a sua embalagem com as nossas embalagens personalizadas para alimentos \u2013 onde convergem qualidade, personaliza\u00e7\u00e3o e sustentabilidade.<\/p>","protected":false},"excerpt":{"rendered":"<table style=\"height: 360px; width: 99.8505%; border-collapse: collapse;\" border=\"2\">\n<tbody>\n<tr style=\"height: 40px;\">\n<td style=\"width: 22.6796%; height: 30px; background-color: #99ccff;\"><span style=\"font-family: arial, helvetica, sans-serif; font-size: 12pt;\"><strong>Dimens\u00e3o e estilo<\/strong><\/span><\/td>\n<td style=\"width: 77.3204%; height: 30px; background-color: #99ccff;\"><span style=\"font-family: arial, helvetica, sans-serif; font-size: 12pt;\">Formas e tamanhos personalizados<\/span><\/td>\n<\/tr>\n<tr style=\"height: 40px;\">\n<td style=\"width: 22.6796%; height: 34px; background-color: #ebebeb;\"><span style=\"font-size: 12pt;\"><strong><span style=\"font-family: arial, helvetica, sans-serif;\">Quantidade m\u00ednima de pedido<\/span><\/strong><\/span><\/td>\n<td style=\"width: 77.3204%; height: 34px; background-color: #ebebeb;\"><span style=\"font-family: arial, helvetica, sans-serif; font-size: 12pt;\">1000pcs sem personaliza\u00e7\u00e3o, 10000pcs para personaliza\u00e7\u00e3o<\/span><\/td>\n<\/tr>\n<tr style=\"height: 40px; background-color: #99ccff;\">\n<td style=\"width: 22.6796%; height: 24px;\"><span style=\"font-size: 12pt;\"><strong><span style=\"font-family: arial, helvetica, sans-serif;\">Tipo de embalagem<\/span><\/strong><\/span><\/td>\n<td style=\"width: 77.3204%; height: 24px;\"><span style=\"font-family: arial, helvetica, sans-serif; font-size: 12pt;\">Bolsa de p\u00e9<\/span><\/td>\n<\/tr>\n<tr style=\"height: 40px; background-color: #ebebeb;\">\n<td style=\"width: 22.6796%; height: 24px;\"><span style=\"font-size: 12pt;\"><strong><span style=\"font-family: arial, helvetica, sans-serif;\">Impress\u00e3o<\/span><\/strong><\/span><\/td>\n<td style=\"width: 77.3204%; height: 24px;\"><span style=\"font-family: arial, helvetica, sans-serif; font-size: 12pt;\">CMYK (1 \u2013 10 cores), sem impress\u00e3o (normal)<\/span><\/td>\n<\/tr>\n<tr style=\"height: 40px; background-color: #99ccff;\">\n<td style=\"width: 22.6796%; height: 24px;\"><span style=\"font-size: 12pt;\"><strong><span style=\"font-family: arial, helvetica, sans-serif;\">Acabamento<\/span><\/strong><\/span><\/td>\n<td style=\"width: 77.3204%; height: 24px;\"><span style=\"font-family: arial, helvetica, sans-serif; font-size: 12pt;\">Lamina\u00e7\u00e3o brilhante\/fosca, impress\u00e3o offset<\/span><\/td>\n<\/tr>\n<tr style=\"height: 40px; background-color: #ebebeb;\">\n<td style=\"width: 22.6796%; height: 24px;\"><span style=\"font-size: 12pt;\"><strong><span style=\"font-family: arial, helvetica, sans-serif;\">Op\u00e7\u00f5es inclu\u00eddas<\/span><\/strong><\/span><\/td>\n<td style=\"width: 77.3204%; height: 24px;\"><span style=\"font-family: arial, helvetica, sans-serif; font-size: 12pt;\">Corte e vinco, selagem t\u00e9rmica<\/span><\/td>\n<\/tr>\n<tr style=\"height: 40px; background-color: #99ccff;\">\n<td style=\"width: 22.6796%; height: 24px;\"><span style=\"font-size: 12pt;\"><strong><span style=\"font-family: arial, helvetica, sans-serif;\">Prova<\/span><\/strong><\/span><\/td>\n<td style=\"width: 77.3204%; height: 24px;\"><span style=\"font-family: arial, helvetica, sans-serif; font-size: 12pt;\">Provas de cheiro\u00a0<\/span><\/td>\n<\/tr>\n<tr style=\"height: 40px; background-color: #ebebeb;\">\n<td style=\"width: 22.6796%; height: 24px;\"><span style=\"font-size: 12pt;\"><strong><span style=\"font-family: arial, helvetica, sans-serif;\">Tempo de resposta<\/span><\/strong><\/span><\/td>\n<td style=\"width: 77.3204%; height: 24px;\"><span style=\"font-family: arial, helvetica, sans-serif; font-size: 12pt;\">7 a 15 dias \u00fateis, RUSH<\/span><\/td>\n<\/tr>\n<tr style=\"height: 40px; background-color: #99ccff;\">\n<td style=\"width: 22.6796%; height: 24px;\"><span style=\"font-size: 12pt;\"><strong><span style=\"font-family: arial, helvetica, sans-serif;\">Envio<\/span><\/strong><\/span><\/td>\n<td style=\"width: 77.3204%; height: 24px;\"><span style=\"font-family: arial, helvetica, sans-serif; font-size: 12pt;\">A\u00e9reo, Mar\u00edtimo, Expresso<\/span><\/td>\n<\/tr>\n<\/tbody>\n<\/table>\n<p>&nbsp;<\/p>","protected":false},"featured_media":780,"comment_status":"open","ping_status":"closed","template":"","meta":[],"product_brand":[],"product_cat":[18,26],"product_tag":[],"class_list":{"0":"post-779","1":"product","2":"type-product","3":"status-publish","4":"has-post-thumbnail","6":"product_cat-zipper-bags","7":"product_cat-food-packaging","9":"first","10":"instock","11":"shipping-taxable","12":"product-type-simple"},"_links":{"self":[{"href":"https:\/\/polysmarts.com\/pt\/wp-json\/wp\/v2\/product\/779","targetHints":{"allow":["GET"]}}],"collection":[{"href":"https:\/\/polysmarts.com\/pt\/wp-json\/wp\/v2\/product"}],"about":[{"href":"https:\/\/polysmarts.com\/pt\/wp-json\/wp\/v2\/types\/product"}],"replies":[{"embeddable":true,"href":"https:\/\/polysmarts.com\/pt\/wp-json\/wp\/v2\/comments?post=779"}],"version-history":[{"count":5,"href":"https:\/\/polysmarts.com\/pt\/wp-json\/wp\/v2\/product\/779\/revisions"}],"predecessor-version":[{"id":839,"href":"https:\/\/polysmarts.com\/pt\/wp-json\/wp\/v2\/product\/779\/revisions\/839"}],"wp:featuredmedia":[{"embeddable":true,"href":"https:\/\/polysmarts.com\/pt\/wp-json\/wp\/v2\/media\/780"}],"wp:attachment":[{"href":"https:\/\/polysmarts.com\/pt\/wp-json\/wp\/v2\/media?parent=779"}],"wp:term":[{"taxonomy":"product_brand","embeddable":true,"href":"https:\/\/polysmarts.com\/pt\/wp-json\/wp\/v2\/product_brand?post=779"},{"taxonomy":"product_cat","embeddable":true,"href":"https:\/\/polysmarts.com\/pt\/wp-json\/wp\/v2\/product_cat?post=779"},{"taxonomy":"product_tag","embeddable":true,"href":"https:\/\/polysmarts.com\/pt\/wp-json\/wp\/v2\/product_tag?post=779"}],"curies":[{"name":"wp","href":"https:\/\/api.w.org\/{rel}","templated":true}]}}