{"id":761,"date":"2023-11-16T09:31:28","date_gmt":"2023-11-16T09:31:28","guid":{"rendered":"https:\/\/polysmarts.com\/?post_type=product&#038;p=761"},"modified":"2023-11-16T09:58:28","modified_gmt":"2023-11-16T09:58:28","slug":"saco-autoadesivo-de-embalagem-poli-opp-transparente","status":"publish","type":"product","link":"https:\/\/polysmarts.com\/pt\/product\/clear-poly-opp-packaging-self-adhesive-bag\/","title":{"rendered":"Saco autoadesivo de embalagem transparente Poly OPP"},"content":{"rendered":"<p><span style=\"font-family: arial, helvetica, sans-serif;\">Sacos transparentes OPP com fecho adesivo, ideais para camisetas, camisas sociais e v\u00e1rios itens de vestu\u00e1rio<\/span><\/p>\n<p><span style=\"font-family: arial, helvetica, sans-serif;\"><strong>Material: Polipropileno OPP<\/strong> <strong>Espessura: 0,05 mm<\/strong><\/span><\/p>\n<ul>\n<li><span style=\"font-family: arial, helvetica, sans-serif;\">Sacos de violoncelo transparentes proporcionam uma apresenta\u00e7\u00e3o ideal do produto.<\/span><\/li>\n<li><span style=\"font-family: arial, helvetica, sans-serif;\">Projetado especificamente para embalar produtos para remessa e armazenamento.<\/span><\/li>\n<\/ul>\n<p><span style=\"font-family: arial, helvetica, sans-serif; font-size: 14pt;\"><strong>Caracter\u00edsticas principais:<\/strong><\/span><\/p>\n<ol>\n<li><span style=\"font-family: arial, helvetica, sans-serif; font-size: 12pt;\"><strong>Fechamento adesivo autovedante:<\/strong> Garante um selo seguro para embalagem; o selo n\u00e3o \u00e9 permanente e pode ser reutilizado.<\/span><\/li>\n<li><span style=\"font-family: arial, helvetica, sans-serif; font-size: 12pt;\"><strong>Qualidade dos materiais:<\/strong> Essas sacolas s\u00e3o feitas de material OPP, e n\u00e3o do t\u00edpico pl\u00e1stico PE\/polietileno macio.<\/span><\/li>\n<li><span style=\"font-family: arial, helvetica, sans-serif; font-size: 12pt;\"><strong>Alta clareza e cristalino:<\/strong> Oferece uma apresenta\u00e7\u00e3o clara e n\u00edtida.<\/span><\/li>\n<li><span style=\"font-family: arial, helvetica, sans-serif; font-size: 12pt;\"><strong>Leve com uma sensa\u00e7\u00e3o enrugada:<\/strong> Fornece uma textura \u00fanica enquanto permanece leve.<\/span><\/li>\n<li><span style=\"font-family: arial, helvetica, sans-serif; font-size: 12pt;\"><strong>Resistente a rasgos, deforma\u00e7\u00f5es e ataques qu\u00edmicos:<\/strong> Garante durabilidade e prote\u00e7\u00e3o aos seus produtos.<\/span><\/li>\n<li><span style=\"font-family: arial, helvetica, sans-serif; font-size: 12pt;\"><strong>Verdadeira dimens\u00e3o:<\/strong> Dispon\u00edvel em v\u00e1rios tamanhos, permitindo que voc\u00ea escolha de acordo com sua necessidade. Consulte a tabela de tamanhos para uma sele\u00e7\u00e3o precisa.<\/span><\/li>\n<li><span style=\"font-family: arial, helvetica, sans-serif; font-size: 12pt;\"><strong>Trabalho pesado:<\/strong> Fabricadas em polipropileno de alta qualidade, essas bolsas s\u00e3o fortes e dur\u00e1veis, adequadas para usos m\u00faltiplos.<\/span><\/li>\n<li><span style=\"font-family: arial, helvetica, sans-serif; font-size: 12pt;\"><strong>Transparente:<\/strong> O material OPP transparente permite f\u00e1cil visibilidade do conte\u00fado, simplificando a identifica\u00e7\u00e3o e localiza\u00e7\u00e3o r\u00e1pida dos itens.\u201d<\/span><\/li>\n<\/ol>\n<p><img fetchpriority=\"high\" decoding=\"async\" class=\"alignnone size-full wp-image-762\" src=\"https:\/\/polysmarts.com\/wp-content\/uploads\/2023\/11\/Detail-01-2.jpg\" alt=\"Saco autoadesivo\" width=\"750\" height=\"876\" srcset=\"\/\/polysmarts.com\/wp-content\/uploads\/2023\/11\/Detail-01-2.jpg 750w, \/\/polysmarts.com\/wp-content\/uploads\/2023\/11\/Detail-01-2-600x701.jpg 600w, \/\/polysmarts.com\/wp-content\/uploads\/2023\/11\/Detail-01-2-257x300.jpg 257w\" sizes=\"(max-width: 750px) 100vw, 750px\" \/> <img decoding=\"async\" class=\"alignnone size-full wp-image-763\" src=\"https:\/\/polysmarts.com\/wp-content\/uploads\/2023\/11\/Detail-02-2.jpg\" alt=\"Saco autoadesivo\" width=\"750\" height=\"701\" srcset=\"\/\/polysmarts.com\/wp-content\/uploads\/2023\/11\/Detail-02-2.jpg 750w, \/\/polysmarts.com\/wp-content\/uploads\/2023\/11\/Detail-02-2-600x561.jpg 600w, \/\/polysmarts.com\/wp-content\/uploads\/2023\/11\/Detail-02-2-300x280.jpg 300w\" sizes=\"(max-width: 750px) 100vw, 750px\" \/> <img decoding=\"async\" class=\"alignnone size-full wp-image-764\" src=\"https:\/\/polysmarts.com\/wp-content\/uploads\/2023\/11\/Detail-03-2.jpg\" alt=\"Saco autoadesivo\" width=\"750\" height=\"927\" srcset=\"\/\/polysmarts.com\/wp-content\/uploads\/2023\/11\/Detail-03-2.jpg 750w, \/\/polysmarts.com\/wp-content\/uploads\/2023\/11\/Detail-03-2-600x742.jpg 600w, \/\/polysmarts.com\/wp-content\/uploads\/2023\/11\/Detail-03-2-243x300.jpg 243w\" sizes=\"(max-width: 750px) 100vw, 750px\" \/> <img loading=\"lazy\" decoding=\"async\" class=\"alignnone size-full wp-image-765\" src=\"https:\/\/polysmarts.com\/wp-content\/uploads\/2023\/11\/Detail-04.jpg\" alt=\"Saco autoadesivo\" width=\"750\" height=\"1045\" srcset=\"\/\/polysmarts.com\/wp-content\/uploads\/2023\/11\/Detail-04.jpg 750w, \/\/polysmarts.com\/wp-content\/uploads\/2023\/11\/Detail-04-600x836.jpg 600w, \/\/polysmarts.com\/wp-content\/uploads\/2023\/11\/Detail-04-215x300.jpg 215w, \/\/polysmarts.com\/wp-content\/uploads\/2023\/11\/Detail-04-735x1024.jpg 735w\" sizes=\"(max-width: 750px) 100vw, 750px\" \/> <img loading=\"lazy\" decoding=\"async\" class=\"alignnone size-full wp-image-766\" src=\"https:\/\/polysmarts.com\/wp-content\/uploads\/2023\/11\/Detail-05.jpg\" alt=\"Saco autoadesivo\" width=\"750\" height=\"755\" srcset=\"\/\/polysmarts.com\/wp-content\/uploads\/2023\/11\/Detail-05.jpg 750w, \/\/polysmarts.com\/wp-content\/uploads\/2023\/11\/Detail-05-100x100.jpg 100w, \/\/polysmarts.com\/wp-content\/uploads\/2023\/11\/Detail-05-600x604.jpg 600w, \/\/polysmarts.com\/wp-content\/uploads\/2023\/11\/Detail-05-298x300.jpg 298w, \/\/polysmarts.com\/wp-content\/uploads\/2023\/11\/Detail-05-150x150.jpg 150w\" sizes=\"(max-width: 750px) 100vw, 750px\" \/> <img loading=\"lazy\" decoding=\"async\" class=\"alignnone size-full wp-image-767\" src=\"https:\/\/polysmarts.com\/wp-content\/uploads\/2023\/11\/Detail-10.jpg\" alt=\"Saco autoadesivo\" width=\"750\" height=\"935\" srcset=\"\/\/polysmarts.com\/wp-content\/uploads\/2023\/11\/Detail-10.jpg 750w, \/\/polysmarts.com\/wp-content\/uploads\/2023\/11\/Detail-10-600x748.jpg 600w, \/\/polysmarts.com\/wp-content\/uploads\/2023\/11\/Detail-10-241x300.jpg 241w\" sizes=\"(max-width: 750px) 100vw, 750px\" \/> <img loading=\"lazy\" decoding=\"async\" class=\"alignleft size-full wp-image-774\" src=\"https:\/\/polysmarts.com\/wp-content\/uploads\/2023\/11\/Detail-08.png\" alt=\"Saco autoadesivo\" width=\"750\" height=\"930\" srcset=\"\/\/polysmarts.com\/wp-content\/uploads\/2023\/11\/Detail-08.png 750w, \/\/polysmarts.com\/wp-content\/uploads\/2023\/11\/Detail-08-600x744.png 600w, \/\/polysmarts.com\/wp-content\/uploads\/2023\/11\/Detail-08-242x300.png 242w\" sizes=\"(max-width: 750px) 100vw, 750px\" \/><\/p>\n<p>&nbsp;<\/p>","protected":false},"excerpt":{"rendered":"<table style=\"height: 360px; width: 100.741%; border-collapse: collapse; background-color: #ebebeb;\" border=\"2\">\n<tbody>\n<tr style=\"height: 40px;\">\n<td style=\"width: 22.6796%; height: 30px; background-color: #99ccff;\"><span style=\"font-family: arial, helvetica, sans-serif; font-size: 12pt;\"><strong>Dimens\u00e3o e estilo<\/strong><\/span><\/td>\n<td style=\"width: 78.2121%; height: 30px; background-color: #99ccff;\"><span style=\"font-family: arial, helvetica, sans-serif; font-size: 12pt;\">Formas e tamanhos personalizados<\/span><\/td>\n<\/tr>\n<tr style=\"height: 40px;\">\n<td style=\"width: 22.6796%; height: 34px; background-color: #ebebeb;\"><span style=\"font-size: 12pt;\"><strong><span style=\"font-family: arial, helvetica, sans-serif;\">Quantidade m\u00ednima de pedido<\/span><\/strong><\/span><\/td>\n<td style=\"width: 78.2121%; height: 34px; background-color: #ebebeb;\"><span style=\"font-family: arial, helvetica, sans-serif; font-size: 12pt;\">1000pcs sem personaliza\u00e7\u00e3o, 10000pcs para personaliza\u00e7\u00e3o<\/span><\/td>\n<\/tr>\n<tr style=\"height: 40px; background-color: #99ccff;\">\n<td style=\"width: 22.6796%; height: 24px;\"><span style=\"font-size: 12pt;\"><strong><span style=\"font-family: arial, helvetica, sans-serif;\">Tipo de embalagem<\/span><\/strong><\/span><\/td>\n<td style=\"width: 78.2121%; height: 24px;\"><span style=\"font-family: arial, helvetica, sans-serif; font-size: 12pt;\">Saco autoadesivo OPP<\/span><\/td>\n<\/tr>\n<tr style=\"height: 40px; background-color: #ebebeb;\">\n<td style=\"width: 22.6796%; height: 24px;\"><span style=\"font-size: 12pt;\"><strong><span style=\"font-family: arial, helvetica, sans-serif;\">Impress\u00e3o<\/span><\/strong><\/span><\/td>\n<td style=\"width: 78.2121%; height: 24px;\"><span style=\"font-family: arial, helvetica, sans-serif; font-size: 12pt;\">CMYK (1 \u2013 8 cores), sem impress\u00e3o (normal)<\/span><\/td>\n<\/tr>\n<tr style=\"height: 40px; background-color: #99ccff;\">\n<td style=\"width: 22.6796%; height: 24px;\"><span style=\"font-size: 12pt;\"><strong><span style=\"font-family: arial, helvetica, sans-serif;\">Manuseio de Superf\u00edcie<\/span><\/strong><\/span><\/td>\n<td style=\"width: 78.2121%; height: 24px;\"><span style=\"font-family: arial, helvetica, sans-serif; font-size: 12pt;\">Impress\u00e3o offset<\/span><\/td>\n<\/tr>\n<tr style=\"height: 40px; background-color: #ebebeb;\">\n<td style=\"width: 22.6796%; height: 24px;\"><span style=\"font-size: 12pt;\"><strong><span style=\"font-family: arial, helvetica, sans-serif;\">Material<\/span><\/strong><\/span><\/td>\n<td style=\"width: 78.2121%; height: 24px;\"><span style=\"font-family: arial, helvetica, sans-serif; font-size: 12pt;\">Folha de alum\u00ednio<\/span><\/td>\n<\/tr>\n<tr style=\"height: 40px; background-color: #99ccff;\">\n<td style=\"width: 22.6796%; height: 24px;\"><span style=\"font-size: 12pt;\"><strong><span style=\"font-family: arial, helvetica, sans-serif;\">Tamanho<\/span><\/strong><\/span><\/td>\n<td style=\"width: 78.2121%; height: 24px;\"><span style=\"font-family: arial, helvetica, sans-serif; font-size: 12pt;\">Consulte a folha de tamanho de estoque ou personalizada<\/span><\/td>\n<\/tr>\n<tr style=\"height: 40px; background-color: #ebebeb;\">\n<td style=\"width: 22.6796%; height: 24px;\"><span style=\"font-size: 12pt;\"><strong><span style=\"font-family: arial, helvetica, sans-serif;\">Grossura<\/span><\/strong><\/span><\/td>\n<td style=\"width: 78.2121%; height: 24px;\"><span style=\"font-family: arial, helvetica, sans-serif; font-size: 12pt;\">60 m\u00edcrons para lados duplos, espessura personalizada Accpet<\/span><\/td>\n<\/tr>\n<tr style=\"height: 40px; background-color: #99ccff;\">\n<td style=\"width: 22.6796%; height: 24px;\"><span style=\"font-size: 12pt;\"><strong><span style=\"font-family: arial, helvetica, sans-serif;\">Envio<\/span><\/strong><\/span><\/td>\n<td style=\"width: 78.2121%; height: 24px;\"><span style=\"font-family: arial, helvetica, sans-serif; font-size: 12pt;\">A\u00e9reo, Mar\u00edtimo, Expresso<\/span><\/td>\n<\/tr>\n<tr style=\"height: 40px; background-color: #ebebeb;\">\n<td style=\"width: 22.6796%; height: 24px;\"><span style=\"font-size: 12pt;\"><strong><span style=\"font-family: arial, helvetica, sans-serif;\">Tempo de resposta<\/span><\/strong><\/span><\/td>\n<td style=\"width: 78.2121%; height: 24px;\"><span style=\"font-family: arial, helvetica, sans-serif; font-size: 12pt;\">7 a 15 dias \u00fateis, RUSH<\/span><\/td>\n<\/tr>\n<\/tbody>\n<\/table>\n<p>&nbsp;<\/p>","protected":false},"featured_media":768,"comment_status":"open","ping_status":"closed","template":"","meta":[],"product_brand":[],"product_cat":[21,31],"product_tag":[],"class_list":{"0":"post-761","1":"product","2":"type-product","3":"status-publish","4":"has-post-thumbnail","6":"product_cat-opp-cpp-pe-cpe-single-material-bag","7":"product_cat-clothing-packaging","9":"first","10":"instock","11":"shipping-taxable","12":"product-type-simple"},"_links":{"self":[{"href":"https:\/\/polysmarts.com\/pt\/wp-json\/wp\/v2\/product\/761","targetHints":{"allow":["GET"]}}],"collection":[{"href":"https:\/\/polysmarts.com\/pt\/wp-json\/wp\/v2\/product"}],"about":[{"href":"https:\/\/polysmarts.com\/pt\/wp-json\/wp\/v2\/types\/product"}],"replies":[{"embeddable":true,"href":"https:\/\/polysmarts.com\/pt\/wp-json\/wp\/v2\/comments?post=761"}],"version-history":[{"count":1,"href":"https:\/\/polysmarts.com\/pt\/wp-json\/wp\/v2\/product\/761\/revisions"}],"predecessor-version":[{"id":776,"href":"https:\/\/polysmarts.com\/pt\/wp-json\/wp\/v2\/product\/761\/revisions\/776"}],"wp:featuredmedia":[{"embeddable":true,"href":"https:\/\/polysmarts.com\/pt\/wp-json\/wp\/v2\/media\/768"}],"wp:attachment":[{"href":"https:\/\/polysmarts.com\/pt\/wp-json\/wp\/v2\/media?parent=761"}],"wp:term":[{"taxonomy":"product_brand","embeddable":true,"href":"https:\/\/polysmarts.com\/pt\/wp-json\/wp\/v2\/product_brand?post=761"},{"taxonomy":"product_cat","embeddable":true,"href":"https:\/\/polysmarts.com\/pt\/wp-json\/wp\/v2\/product_cat?post=761"},{"taxonomy":"product_tag","embeddable":true,"href":"https:\/\/polysmarts.com\/pt\/wp-json\/wp\/v2\/product_tag?post=761"}],"curies":[{"name":"wp","href":"https:\/\/api.w.org\/{rel}","templated":true}]}}