{"id":748,"date":"2023-11-16T08:21:53","date_gmt":"2023-11-16T08:21:53","guid":{"rendered":"https:\/\/polysmarts.com\/?post_type=product&#038;p=748"},"modified":"2023-11-16T08:37:26","modified_gmt":"2023-11-16T08:37:26","slug":"sacos-de-mylar-com-vedacao-a-vacuo-de-folha-de-impressao-personalizada","status":"publish","type":"product","link":"https:\/\/polysmarts.com\/pt\/product\/custom-printing-foil-vacuum-seal-mylar-bags\/","title":{"rendered":"Sacos Mylar com veda\u00e7\u00e3o a v\u00e1cuo de folha de impress\u00e3o personalizada"},"content":{"rendered":"<p><span style=\"font-size: 14pt;\"><strong><span style=\"font-family: arial, helvetica, sans-serif;\">Caracter\u00edsticas do produto:<\/span><\/strong><\/span><\/p>\n<p><span style=\"font-family: arial, helvetica, sans-serif;\"><strong>1. Armazenamento seguro para alimentos frios e quentes:<\/strong> Nossos sacos mylar prateados s\u00e3o projetados para armazenar com seguran\u00e7a alimentos frios e quentes com facilidade.<\/span><\/p>\n<p><span style=\"font-family: arial, helvetica, sans-serif;\"><strong>2. Espessura Excepcional:<\/strong> Independentemente do tamanho que voc\u00ea precisa, nossas bolsas se destacam por serem as mais grossas dispon\u00edveis, oferecendo uma espessura robusta de 7,9 mil. Isso garante excelente desempenho \u00e0 prova de vazamentos, criando uma barreira formid\u00e1vel contra ar, umidade, mofo, vapor, odores e intrus\u00e3o de luz. Fique tranquilo, essas sacolas garantem a preserva\u00e7\u00e3o de seus produtos, mantendo-os seguros e frescos por mais de 20 anos.<\/span><\/p>\n<p><span style=\"font-family: arial, helvetica, sans-serif;\"><strong>3. Camada de folha de alum\u00ednio para veda\u00e7\u00e3o eficaz:<\/strong> Apresentando uma camada de folha de alum\u00ednio, esses sacos de mylar prateados bloqueiam efetivamente a invas\u00e3o de \u00e1gua e ar, alcan\u00e7ando um alto n\u00edvel de desempenho de veda\u00e7\u00e3o. Diga adeus aos sacos de mylar de baixa qualidade que comprometem seu tempo e sua alimenta\u00e7\u00e3o.<\/span><\/p>\n<p><img fetchpriority=\"high\" decoding=\"async\" class=\"size-full wp-image-736 alignleft\" src=\"https:\/\/polysmarts.com\/wp-content\/uploads\/2023\/11\/Detail-01-1.jpg\" alt=\"Mylar Foil Open Top Heat Seal 3 sacos de veda\u00e7\u00e3o lateral\" width=\"750\" height=\"809\" srcset=\"\/\/polysmarts.com\/wp-content\/uploads\/2023\/11\/Detail-01-1.jpg 750w, \/\/polysmarts.com\/wp-content\/uploads\/2023\/11\/Detail-01-1-600x647.jpg 600w, \/\/polysmarts.com\/wp-content\/uploads\/2023\/11\/Detail-01-1-278x300.jpg 278w\" sizes=\"(max-width: 750px) 100vw, 750px\" \/> <img decoding=\"async\" class=\"size-full wp-image-737 alignleft\" src=\"https:\/\/polysmarts.com\/wp-content\/uploads\/2023\/11\/Detail-02-1.jpg\" alt=\"Mylar Foil Open Top Heat Seal 3 sacos de veda\u00e7\u00e3o lateral\" width=\"750\" height=\"592\" srcset=\"\/\/polysmarts.com\/wp-content\/uploads\/2023\/11\/Detail-02-1.jpg 750w, \/\/polysmarts.com\/wp-content\/uploads\/2023\/11\/Detail-02-1-600x474.jpg 600w, \/\/polysmarts.com\/wp-content\/uploads\/2023\/11\/Detail-02-1-300x237.jpg 300w\" sizes=\"(max-width: 750px) 100vw, 750px\" \/> <img decoding=\"async\" class=\"size-full wp-image-738 alignleft\" src=\"https:\/\/polysmarts.com\/wp-content\/uploads\/2023\/11\/Detail-03-1.jpg\" alt=\"Mylar Foil Open Top Heat Seal 3 sacos de veda\u00e7\u00e3o lateral\" width=\"750\" height=\"772\" srcset=\"\/\/polysmarts.com\/wp-content\/uploads\/2023\/11\/Detail-03-1.jpg 750w, \/\/polysmarts.com\/wp-content\/uploads\/2023\/11\/Detail-03-1-600x618.jpg 600w, \/\/polysmarts.com\/wp-content\/uploads\/2023\/11\/Detail-03-1-291x300.jpg 291w\" sizes=\"(max-width: 750px) 100vw, 750px\" \/> <img loading=\"lazy\" decoding=\"async\" class=\"size-full wp-image-739 alignleft\" src=\"https:\/\/polysmarts.com\/wp-content\/uploads\/2023\/11\/Detail-06-1.jpg\" alt=\"Mylar Foil Open Top Heat Seal 3 sacos de veda\u00e7\u00e3o lateral\" width=\"750\" height=\"637\" srcset=\"\/\/polysmarts.com\/wp-content\/uploads\/2023\/11\/Detail-06-1.jpg 750w, \/\/polysmarts.com\/wp-content\/uploads\/2023\/11\/Detail-06-1-600x510.jpg 600w, \/\/polysmarts.com\/wp-content\/uploads\/2023\/11\/Detail-06-1-300x255.jpg 300w\" sizes=\"(max-width: 750px) 100vw, 750px\" \/> <img loading=\"lazy\" decoding=\"async\" class=\"size-full wp-image-741 alignleft\" src=\"https:\/\/polysmarts.com\/wp-content\/uploads\/2023\/11\/Detail-08.jpg\" alt=\"Bolsa de veda\u00e7\u00e3o lateral aberta de folha de Mylar com veda\u00e7\u00e3o t\u00e9rmica de 3 lados\" width=\"750\" height=\"727\" srcset=\"\/\/polysmarts.com\/wp-content\/uploads\/2023\/11\/Detail-08.jpg 750w, \/\/polysmarts.com\/wp-content\/uploads\/2023\/11\/Detail-08-600x582.jpg 600w, \/\/polysmarts.com\/wp-content\/uploads\/2023\/11\/Detail-08-300x291.jpg 300w\" sizes=\"(max-width: 750px) 100vw, 750px\" \/> <img loading=\"lazy\" decoding=\"async\" class=\"size-full wp-image-740 alignleft\" src=\"https:\/\/polysmarts.com\/wp-content\/uploads\/2023\/11\/Detail-07.jpg\" alt=\"Mylar Foil Open Top Heat Seal 3 sacos de veda\u00e7\u00e3o lateral\" width=\"750\" height=\"817\" srcset=\"\/\/polysmarts.com\/wp-content\/uploads\/2023\/11\/Detail-07.jpg 750w, \/\/polysmarts.com\/wp-content\/uploads\/2023\/11\/Detail-07-600x654.jpg 600w, \/\/polysmarts.com\/wp-content\/uploads\/2023\/11\/Detail-07-275x300.jpg 275w\" sizes=\"(max-width: 750px) 100vw, 750px\" \/><\/p>","protected":false},"excerpt":{"rendered":"<table style=\"height: 360px; width: 100.741%; border-collapse: collapse; background-color: #ebebeb;\" border=\"2\">\n<tbody>\n<tr style=\"height: 40px;\">\n<td style=\"width: 22.6796%; height: 30px; background-color: #99ccff;\"><span style=\"font-family: arial, helvetica, sans-serif; font-size: 12pt;\"><strong>Dimens\u00e3o e estilo<\/strong><\/span><\/td>\n<td style=\"width: 78.2121%; height: 30px; background-color: #99ccff;\"><span style=\"font-family: arial, helvetica, sans-serif; font-size: 12pt;\">Formas e tamanhos personalizados<\/span><\/td>\n<\/tr>\n<tr style=\"height: 40px;\">\n<td style=\"width: 22.6796%; height: 34px; background-color: #ebebeb;\"><span style=\"font-size: 12pt;\"><strong><span style=\"font-family: arial, helvetica, sans-serif;\">Quantidade m\u00ednima de pedido<\/span><\/strong><\/span><\/td>\n<td style=\"width: 78.2121%; height: 34px; background-color: #ebebeb;\"><span style=\"font-family: arial, helvetica, sans-serif; font-size: 12pt;\">1000pcs sem personaliza\u00e7\u00e3o, 10000pcs para personaliza\u00e7\u00e3o<\/span><\/td>\n<\/tr>\n<tr style=\"height: 40px; background-color: #99ccff;\">\n<td style=\"width: 22.6796%; height: 24px;\"><span style=\"font-size: 12pt;\"><strong><span style=\"font-family: arial, helvetica, sans-serif;\">Tipo de embalagem<\/span><\/strong><\/span><\/td>\n<td style=\"width: 78.2121%; height: 24px;\"><span style=\"font-family: arial, helvetica, sans-serif; font-size: 12pt;\">3 sacos com veda\u00e7\u00e3o lateral<\/span><\/td>\n<\/tr>\n<tr style=\"height: 40px; background-color: #ebebeb;\">\n<td style=\"width: 22.6796%; height: 24px;\"><span style=\"font-size: 12pt;\"><strong><span style=\"font-family: arial, helvetica, sans-serif;\">Impress\u00e3o<\/span><\/strong><\/span><\/td>\n<td style=\"width: 78.2121%; height: 24px;\"><span style=\"font-family: arial, helvetica, sans-serif; font-size: 12pt;\">CMYK (1 \u2013 8 cores), sem impress\u00e3o (normal)<\/span><\/td>\n<\/tr>\n<tr style=\"height: 40px; background-color: #99ccff;\">\n<td style=\"width: 22.6796%; height: 24px;\"><span style=\"font-size: 12pt;\"><strong><span style=\"font-family: arial, helvetica, sans-serif;\">Recurso<\/span><\/strong><\/span><\/td>\n<td style=\"width: 78.2121%; height: 24px;\"><span style=\"font-family: arial, helvetica, sans-serif; font-size: 12pt;\">Barreira de desempenho excelente e \u00e0 prova de vazamentos contra ar, umidade, mofo, vapor, odor e intrus\u00e3o de luz<\/span><\/td>\n<\/tr>\n<tr style=\"height: 40px; background-color: #ebebeb;\">\n<td style=\"width: 22.6796%; height: 24px;\"><span style=\"font-size: 12pt;\"><strong><span style=\"font-family: arial, helvetica, sans-serif;\">Material<\/span><\/strong><\/span><\/td>\n<td style=\"width: 78.2121%; height: 24px;\"><span style=\"font-family: arial, helvetica, sans-serif; font-size: 12pt;\">Alum\u00ednio Puro<\/span><\/td>\n<\/tr>\n<tr style=\"height: 40px; background-color: #99ccff;\">\n<td style=\"width: 22.6796%; height: 24px;\"><span style=\"font-size: 12pt;\"><strong><span style=\"font-family: arial, helvetica, sans-serif;\">Tamanho<\/span><\/strong><\/span><\/td>\n<td style=\"width: 78.2121%; height: 24px;\"><span style=\"font-family: arial, helvetica, sans-serif; font-size: 12pt;\">Entre em contato conosco para obter a folha de detalhes dos tamanhos de estoque e aceite a personaliza\u00e7\u00e3o do tamanho ou<\/span><\/td>\n<\/tr>\n<tr style=\"height: 40px; background-color: #ebebeb;\">\n<td style=\"width: 22.6796%; height: 24px;\"><span style=\"font-size: 12pt;\"><strong><span style=\"font-family: arial, helvetica, sans-serif;\">Grossura<\/span><\/strong><\/span><\/td>\n<td style=\"width: 78.2121%; height: 24px;\"><span style=\"font-family: arial, helvetica, sans-serif; font-size: 12pt;\">200 m\u00edcrons (7,9 mil), aceita personaliza\u00e7\u00e3o<\/span><\/td>\n<\/tr>\n<tr style=\"height: 40px; background-color: #99ccff;\">\n<td style=\"width: 22.6796%; height: 24px;\"><span style=\"font-size: 12pt;\"><strong><span style=\"font-family: arial, helvetica, sans-serif;\">Envio<\/span><\/strong><\/span><\/td>\n<td style=\"width: 78.2121%; height: 24px;\"><span style=\"font-family: arial, helvetica, sans-serif; font-size: 12pt;\">A\u00e9reo, Mar\u00edtimo, Expresso<\/span><\/td>\n<\/tr>\n<tr style=\"height: 40px; background-color: #ebebeb;\">\n<td style=\"width: 22.6796%; height: 24px;\"><span style=\"font-size: 12pt;\"><strong><span style=\"font-family: arial, helvetica, sans-serif;\">Tempo de resposta<\/span><\/strong><\/span><\/td>\n<td style=\"width: 78.2121%; height: 24px;\"><span style=\"font-family: arial, helvetica, sans-serif; font-size: 12pt;\">7 a 15 dias \u00fateis, RUSH<\/span><\/td>\n<\/tr>\n<\/tbody>\n<\/table>\n<p>&nbsp;<\/p>","protected":false},"featured_media":750,"comment_status":"open","ping_status":"closed","template":"","meta":[],"product_brand":[],"product_cat":[19,26],"product_tag":[],"class_list":{"0":"post-748","1":"product","2":"type-product","3":"status-publish","4":"has-post-thumbnail","6":"product_cat-heat-sealing-bag","7":"product_cat-food-packaging","9":"first","10":"instock","11":"shipping-taxable","12":"product-type-simple"},"_links":{"self":[{"href":"https:\/\/polysmarts.com\/pt\/wp-json\/wp\/v2\/product\/748","targetHints":{"allow":["GET"]}}],"collection":[{"href":"https:\/\/polysmarts.com\/pt\/wp-json\/wp\/v2\/product"}],"about":[{"href":"https:\/\/polysmarts.com\/pt\/wp-json\/wp\/v2\/types\/product"}],"replies":[{"embeddable":true,"href":"https:\/\/polysmarts.com\/pt\/wp-json\/wp\/v2\/comments?post=748"}],"version-history":[{"count":3,"href":"https:\/\/polysmarts.com\/pt\/wp-json\/wp\/v2\/product\/748\/revisions"}],"predecessor-version":[{"id":756,"href":"https:\/\/polysmarts.com\/pt\/wp-json\/wp\/v2\/product\/748\/revisions\/756"}],"wp:featuredmedia":[{"embeddable":true,"href":"https:\/\/polysmarts.com\/pt\/wp-json\/wp\/v2\/media\/750"}],"wp:attachment":[{"href":"https:\/\/polysmarts.com\/pt\/wp-json\/wp\/v2\/media?parent=748"}],"wp:term":[{"taxonomy":"product_brand","embeddable":true,"href":"https:\/\/polysmarts.com\/pt\/wp-json\/wp\/v2\/product_brand?post=748"},{"taxonomy":"product_cat","embeddable":true,"href":"https:\/\/polysmarts.com\/pt\/wp-json\/wp\/v2\/product_cat?post=748"},{"taxonomy":"product_tag","embeddable":true,"href":"https:\/\/polysmarts.com\/pt\/wp-json\/wp\/v2\/product_tag?post=748"}],"curies":[{"name":"wp","href":"https:\/\/api.w.org\/{rel}","templated":true}]}}