{"id":729,"date":"2023-11-16T07:46:51","date_gmt":"2023-11-16T07:46:51","guid":{"rendered":"https:\/\/polysmarts.com\/?post_type=product&#038;p=729"},"modified":"2023-11-16T08:35:21","modified_gmt":"2023-11-16T08:35:21","slug":"folha-de-mylar-com-vedacao-termica-superior-aberta-e-3-sacos-de-vedacao-lateral","status":"publish","type":"product","link":"https:\/\/polysmarts.com\/pt\/product\/mylar-foil-open-top-heat-seal-3-side-seal-bags\/","title":{"rendered":"Mylar Foil Open Top Heat Seal 3 Sacos de veda\u00e7\u00e3o lateral"},"content":{"rendered":"<p><strong><span style=\"font-family: arial, helvetica, sans-serif;\">Caracter\u00edsticas do produto:<\/span><\/strong><\/p>\n<p><span style=\"font-family: arial, helvetica, sans-serif;\"><strong>1. Material dur\u00e1vel:<\/strong> Fabricado em folha de alum\u00ednio de alta qualidade, conhecido por sua tenacidade e resist\u00eancia a quebras e perfura\u00e7\u00f5es.<\/span><\/p>\n<p><span style=\"font-family: arial, helvetica, sans-serif;\"><strong>2. Design de rasgo f\u00e1cil:<\/strong> Ambos os lados da bolsa foram projetados para facilitar o rasgo, garantindo uma abertura conveniente e sem esfor\u00e7o.<\/span><\/p>\n<p><span style=\"font-family: arial, helvetica, sans-serif;\"><strong>3. Op\u00e7\u00f5es vers\u00e1teis de veda\u00e7\u00e3o:<\/strong> O saco de enchimento aberto oferece flexibilidade com capacidade de veda\u00e7\u00e3o a v\u00e1cuo e de veda\u00e7\u00e3o a quente para a parte superior aberta.<\/span><\/p>\n<p><span style=\"font-family: arial, helvetica, sans-serif;\"><strong>4. Uso multifuncional:<\/strong> Ideal para uma ampla gama de produtos, incluindo caf\u00e9, doces, a\u00e7\u00facar, produtos de panifica\u00e7\u00e3o, biscoitos, lanches, alimentos de lazer, decora\u00e7\u00f5es, acess\u00f3rios e muito mais.<\/span><\/p>\n<p><span style=\"font-family: arial, helvetica, sans-serif;\"><strong>5. Funcionalidade de veda\u00e7\u00e3o dupla:<\/strong> O saco de enchimento aberto n\u00e3o s\u00f3 permite a selagem a v\u00e1cuo, mas tamb\u00e9m oferece a op\u00e7\u00e3o de selagem a quente na parte superior aberta, garantindo a preserva\u00e7\u00e3o ideal do conte\u00fado<\/span><\/p>\n<p><img fetchpriority=\"high\" decoding=\"async\" class=\"size-full wp-image-736 alignleft\" src=\"https:\/\/polysmarts.com\/wp-content\/uploads\/2023\/11\/Detail-01-1.jpg\" alt=\"Mylar Foil Open Top Heat Seal 3 sacos de veda\u00e7\u00e3o lateral\" width=\"750\" height=\"809\" srcset=\"\/\/polysmarts.com\/wp-content\/uploads\/2023\/11\/Detail-01-1.jpg 750w, \/\/polysmarts.com\/wp-content\/uploads\/2023\/11\/Detail-01-1-600x647.jpg 600w, \/\/polysmarts.com\/wp-content\/uploads\/2023\/11\/Detail-01-1-278x300.jpg 278w\" sizes=\"(max-width: 750px) 100vw, 750px\" \/> <img decoding=\"async\" class=\"size-full wp-image-737 alignleft\" src=\"https:\/\/polysmarts.com\/wp-content\/uploads\/2023\/11\/Detail-02-1.jpg\" alt=\"Mylar Foil Open Top Heat Seal 3 sacos de veda\u00e7\u00e3o lateral\" width=\"750\" height=\"592\" srcset=\"\/\/polysmarts.com\/wp-content\/uploads\/2023\/11\/Detail-02-1.jpg 750w, \/\/polysmarts.com\/wp-content\/uploads\/2023\/11\/Detail-02-1-600x474.jpg 600w, \/\/polysmarts.com\/wp-content\/uploads\/2023\/11\/Detail-02-1-300x237.jpg 300w\" sizes=\"(max-width: 750px) 100vw, 750px\" \/> <img decoding=\"async\" class=\"size-full wp-image-738 alignleft\" src=\"https:\/\/polysmarts.com\/wp-content\/uploads\/2023\/11\/Detail-03-1.jpg\" alt=\"Mylar Foil Open Top Heat Seal 3 sacos de veda\u00e7\u00e3o lateral\" width=\"750\" height=\"772\" srcset=\"\/\/polysmarts.com\/wp-content\/uploads\/2023\/11\/Detail-03-1.jpg 750w, \/\/polysmarts.com\/wp-content\/uploads\/2023\/11\/Detail-03-1-600x618.jpg 600w, \/\/polysmarts.com\/wp-content\/uploads\/2023\/11\/Detail-03-1-291x300.jpg 291w\" sizes=\"(max-width: 750px) 100vw, 750px\" \/> <img loading=\"lazy\" decoding=\"async\" class=\"size-full wp-image-739 alignleft\" src=\"https:\/\/polysmarts.com\/wp-content\/uploads\/2023\/11\/Detail-06-1.jpg\" alt=\"Mylar Foil Open Top Heat Seal 3 sacos de veda\u00e7\u00e3o lateral\" width=\"750\" height=\"637\" srcset=\"\/\/polysmarts.com\/wp-content\/uploads\/2023\/11\/Detail-06-1.jpg 750w, \/\/polysmarts.com\/wp-content\/uploads\/2023\/11\/Detail-06-1-600x510.jpg 600w, \/\/polysmarts.com\/wp-content\/uploads\/2023\/11\/Detail-06-1-300x255.jpg 300w\" sizes=\"(max-width: 750px) 100vw, 750px\" \/> <img loading=\"lazy\" decoding=\"async\" class=\"size-full wp-image-741 alignleft\" src=\"https:\/\/polysmarts.com\/wp-content\/uploads\/2023\/11\/Detail-08.jpg\" alt=\"Bolsa de veda\u00e7\u00e3o lateral aberta de folha de Mylar com veda\u00e7\u00e3o t\u00e9rmica de 3 lados\" width=\"750\" height=\"727\" srcset=\"\/\/polysmarts.com\/wp-content\/uploads\/2023\/11\/Detail-08.jpg 750w, \/\/polysmarts.com\/wp-content\/uploads\/2023\/11\/Detail-08-600x582.jpg 600w, \/\/polysmarts.com\/wp-content\/uploads\/2023\/11\/Detail-08-300x291.jpg 300w\" sizes=\"(max-width: 750px) 100vw, 750px\" \/> <img loading=\"lazy\" decoding=\"async\" class=\"size-full wp-image-740 alignleft\" src=\"https:\/\/polysmarts.com\/wp-content\/uploads\/2023\/11\/Detail-07.jpg\" alt=\"Mylar Foil Open Top Heat Seal 3 sacos de veda\u00e7\u00e3o lateral\" width=\"750\" height=\"817\" srcset=\"\/\/polysmarts.com\/wp-content\/uploads\/2023\/11\/Detail-07.jpg 750w, \/\/polysmarts.com\/wp-content\/uploads\/2023\/11\/Detail-07-600x654.jpg 600w, \/\/polysmarts.com\/wp-content\/uploads\/2023\/11\/Detail-07-275x300.jpg 275w\" sizes=\"(max-width: 750px) 100vw, 750px\" \/><\/p>","protected":false},"excerpt":{"rendered":"<table style=\"height: 360px; width: 100.741%; border-collapse: collapse; background-color: #ebebeb;\" border=\"2\">\n<tbody>\n<tr style=\"height: 40px;\">\n<td style=\"width: 22.6796%; height: 30px; background-color: #99ccff;\"><span style=\"font-family: arial, helvetica, sans-serif; font-size: 12pt;\"><strong>Dimens\u00e3o e estilo<\/strong><\/span><\/td>\n<td style=\"width: 78.2121%; height: 30px; background-color: #99ccff;\"><span style=\"font-family: arial, helvetica, sans-serif; font-size: 12pt;\">Formas e tamanhos personalizados<\/span><\/td>\n<\/tr>\n<tr style=\"height: 40px;\">\n<td style=\"width: 22.6796%; height: 34px; background-color: #ebebeb;\"><span style=\"font-size: 12pt;\"><strong><span style=\"font-family: arial, helvetica, sans-serif;\">Quantidade m\u00ednima de pedido<\/span><\/strong><\/span><\/td>\n<td style=\"width: 78.2121%; height: 34px; background-color: #ebebeb;\"><span style=\"font-family: arial, helvetica, sans-serif; font-size: 12pt;\">1000pcs sem personaliza\u00e7\u00e3o, 10000pcs para personaliza\u00e7\u00e3o<\/span><\/td>\n<\/tr>\n<tr style=\"height: 40px; background-color: #99ccff;\">\n<td style=\"width: 22.6796%; height: 24px;\"><span style=\"font-size: 12pt;\"><strong><span style=\"font-family: arial, helvetica, sans-serif;\">Tipo de embalagem<\/span><\/strong><\/span><\/td>\n<td style=\"width: 78.2121%; height: 24px;\"><span style=\"font-family: arial, helvetica, sans-serif; font-size: 12pt;\">3 sacos com veda\u00e7\u00e3o lateral<\/span><\/td>\n<\/tr>\n<tr style=\"height: 40px; background-color: #ebebeb;\">\n<td style=\"width: 22.6796%; height: 24px;\"><span style=\"font-size: 12pt;\"><strong><span style=\"font-family: arial, helvetica, sans-serif;\">Impress\u00e3o<\/span><\/strong><\/span><\/td>\n<td style=\"width: 78.2121%; height: 24px;\"><span style=\"font-family: arial, helvetica, sans-serif; font-size: 12pt;\">CMYK (1 \u2013 8 cores), sem impress\u00e3o (normal)<\/span><\/td>\n<\/tr>\n<tr style=\"height: 40px; background-color: #99ccff;\">\n<td style=\"width: 22.6796%; height: 24px;\"><span style=\"font-size: 12pt;\"><strong><span style=\"font-family: arial, helvetica, sans-serif;\">Manuseio de Superf\u00edcie<\/span><\/strong><\/span><\/td>\n<td style=\"width: 78.2121%; height: 24px;\"><span style=\"font-family: arial, helvetica, sans-serif; font-size: 12pt;\">Impress\u00e3o offset<\/span><\/td>\n<\/tr>\n<tr style=\"height: 40px; background-color: #ebebeb;\">\n<td style=\"width: 22.6796%; height: 24px;\"><span style=\"font-size: 12pt;\"><strong><span style=\"font-family: arial, helvetica, sans-serif;\">Material<\/span><\/strong><\/span><\/td>\n<td style=\"width: 78.2121%; height: 24px;\"><span style=\"font-family: arial, helvetica, sans-serif; font-size: 12pt;\">Folha de alum\u00ednio<\/span><\/td>\n<\/tr>\n<tr style=\"height: 40px; background-color: #99ccff;\">\n<td style=\"width: 22.6796%; height: 24px;\"><span style=\"font-size: 12pt;\"><strong><span style=\"font-family: arial, helvetica, sans-serif;\">Tamanho<\/span><\/strong><\/span><\/td>\n<td style=\"width: 78.2121%; height: 24px;\"><span style=\"font-family: arial, helvetica, sans-serif; font-size: 12pt;\">5*7cm, 6*9cm, 7*10cm, 8*12cm, 9*13cm, 10*15cm, 12*18cm, 14*20cm, 16*24cm, 20*30cm ou personalizado<\/span><\/td>\n<\/tr>\n<tr style=\"height: 40px; background-color: #ebebeb;\">\n<td style=\"width: 22.6796%; height: 24px;\"><span style=\"font-size: 12pt;\"><strong><span style=\"font-family: arial, helvetica, sans-serif;\">Grossura<\/span><\/strong><\/span><\/td>\n<td style=\"width: 78.2121%; height: 24px;\"><span style=\"font-family: arial, helvetica, sans-serif; font-size: 12pt;\">120 m\u00edcrons para lados duplos, espessura personalizada Accpet<\/span><\/td>\n<\/tr>\n<tr style=\"height: 40px; background-color: #99ccff;\">\n<td style=\"width: 22.6796%; height: 24px;\"><span style=\"font-size: 12pt;\"><strong><span style=\"font-family: arial, helvetica, sans-serif;\">Envio<\/span><\/strong><\/span><\/td>\n<td style=\"width: 78.2121%; height: 24px;\"><span style=\"font-family: arial, helvetica, sans-serif; font-size: 12pt;\">A\u00e9reo, Mar\u00edtimo, Expresso<\/span><\/td>\n<\/tr>\n<tr style=\"height: 40px; background-color: #ebebeb;\">\n<td style=\"width: 22.6796%; height: 24px;\"><span style=\"font-size: 12pt;\"><strong><span style=\"font-family: arial, helvetica, sans-serif;\">Tempo de resposta<\/span><\/strong><\/span><\/td>\n<td style=\"width: 78.2121%; height: 24px;\"><span style=\"font-family: arial, helvetica, sans-serif; font-size: 12pt;\">7 a 15 dias \u00fateis, RUSH<\/span><\/td>\n<\/tr>\n<\/tbody>\n<\/table>\n<p>&nbsp;<\/p>","protected":false},"featured_media":742,"comment_status":"open","ping_status":"closed","template":"","meta":[],"product_brand":[],"product_cat":[26,19],"product_tag":[],"class_list":{"0":"post-729","1":"product","2":"type-product","3":"status-publish","4":"has-post-thumbnail","6":"product_cat-food-packaging","7":"product_cat-heat-sealing-bag","9":"first","10":"instock","11":"shipping-taxable","12":"product-type-simple"},"_links":{"self":[{"href":"https:\/\/polysmarts.com\/pt\/wp-json\/wp\/v2\/product\/729","targetHints":{"allow":["GET"]}}],"collection":[{"href":"https:\/\/polysmarts.com\/pt\/wp-json\/wp\/v2\/product"}],"about":[{"href":"https:\/\/polysmarts.com\/pt\/wp-json\/wp\/v2\/types\/product"}],"replies":[{"embeddable":true,"href":"https:\/\/polysmarts.com\/pt\/wp-json\/wp\/v2\/comments?post=729"}],"version-history":[{"count":2,"href":"https:\/\/polysmarts.com\/pt\/wp-json\/wp\/v2\/product\/729\/revisions"}],"predecessor-version":[{"id":745,"href":"https:\/\/polysmarts.com\/pt\/wp-json\/wp\/v2\/product\/729\/revisions\/745"}],"wp:featuredmedia":[{"embeddable":true,"href":"https:\/\/polysmarts.com\/pt\/wp-json\/wp\/v2\/media\/742"}],"wp:attachment":[{"href":"https:\/\/polysmarts.com\/pt\/wp-json\/wp\/v2\/media?parent=729"}],"wp:term":[{"taxonomy":"product_brand","embeddable":true,"href":"https:\/\/polysmarts.com\/pt\/wp-json\/wp\/v2\/product_brand?post=729"},{"taxonomy":"product_cat","embeddable":true,"href":"https:\/\/polysmarts.com\/pt\/wp-json\/wp\/v2\/product_cat?post=729"},{"taxonomy":"product_tag","embeddable":true,"href":"https:\/\/polysmarts.com\/pt\/wp-json\/wp\/v2\/product_tag?post=729"}],"curies":[{"name":"wp","href":"https:\/\/api.w.org\/{rel}","templated":true}]}}