{"id":715,"date":"2023-11-15T15:42:15","date_gmt":"2023-11-15T15:42:15","guid":{"rendered":"https:\/\/polysmarts.com\/?post_type=product&#038;p=715"},"modified":"2023-11-15T15:42:16","modified_gmt":"2023-11-15T15:42:16","slug":"sacos-deslizantes-de-roupas-de-terno-de-vestuario-reciclado","status":"publish","type":"product","link":"https:\/\/polysmarts.com\/pt\/product\/recycled-garment-suit-clothes-slider-bags\/","title":{"rendered":"Sacos deslizantes para roupas recicladas"},"content":{"rendered":"<p><span style=\"font-family: arial, helvetica, sans-serif;\">A integra\u00e7\u00e3o de tecnologia de ponta em nosso processo de fabrica\u00e7\u00e3o provou ser imensamente ben\u00e9fica. Nossas roupas \u00edntimas com logotipo personalizado, roupas de beb\u00ea, roupas seladas, reciclam sacos grandes de pl\u00e1stico CPE para roupas, apresentando estabilidade e durabilidade, s\u00e3o projetadas especificamente para o setor de sacolas pl\u00e1sticas.<\/span><\/p>\n<p><span style=\"font-family: arial, helvetica, sans-serif;\">O nosso compromisso com a investiga\u00e7\u00e3o e o desenvolvimento, juntamente com as atualiza\u00e7\u00f5es tecnol\u00f3gicas cont\u00ednuas, produziu resultados promissores. As vantagens do nosso produto, incluindo uma tira de z\u00edper de veda\u00e7\u00e3o especial para durabilidade e reutiliza\u00e7\u00e3o, utiliza\u00e7\u00e3o de nova mat\u00e9ria-prima PE para maior resist\u00eancia e um fechamento com z\u00edper para acesso r\u00e1pido e conveniente, posicionaram-no como uma escolha preferida na ind\u00fastria de sacolas pl\u00e1sticas.<\/span><\/p>\n<p><span style=\"font-family: arial, helvetica, sans-serif;\">Dongguan Polysmarts Packing Co., Ltd, reconhecida por seus produtos de alta qualidade e reputa\u00e7\u00e3o estelar, tornou-se um nome confi\u00e1vel na \u00e1rea. Nossos esfor\u00e7os cont\u00ednuos em inova\u00e7\u00e3o e refinamento tecnol\u00f3gico refletem-se nas caracter\u00edsticas do produto, como um design f\u00e1cil de usar para abertura e fechamento r\u00e1pidos e um design com orif\u00edcio de ventila\u00e7\u00e3o para facilitar a circula\u00e7\u00e3o de ar dentro da embalagem.<\/span><\/p>\n<p><span style=\"font-family: arial, helvetica, sans-serif;\"><strong>Principais recursos do nosso produto:<\/strong><\/span><\/p>\n<ol>\n<li><span style=\"font-family: arial, helvetica, sans-serif;\"><strong>Tira de z\u00edper de veda\u00e7\u00e3o dur\u00e1vel:<\/strong> Especialmente projetada para bolsas com z\u00edper, esta tira garante reutiliza\u00e7\u00e3o, durabilidade e resist\u00eancia a danos.<\/span><\/li>\n<li><span style=\"font-family: arial, helvetica, sans-serif;\"><strong>Mat\u00e9ria-prima PE premium:<\/strong> Fabricado a partir de nova mat\u00e9ria-prima PE, nosso produto apresenta resist\u00eancia e resist\u00eancia excepcionais.<\/span><\/li>\n<li><span style=\"font-family: arial, helvetica, sans-serif;\"><strong>Fechamento com z\u00edper com design humanizado:<\/strong> O fechamento com z\u00edper n\u00e3o \u00e9 apenas r\u00e1pido e conveniente, mas tamb\u00e9m apresenta um design humanizado para maior usabilidade.<\/span><\/li>\n<li><span style=\"font-family: arial, helvetica, sans-serif;\"><strong>Abertura e fechamento f\u00e1ceis de usar:<\/strong> O produto foi projetado com mecanismo de abertura e fechamento r\u00e1pido e pr\u00e1tico, priorizando a facilidade de uso.<\/span><\/li>\n<li><span style=\"font-family: arial, helvetica, sans-serif;\"><strong>Projeto do orif\u00edcio de ventila\u00e7\u00e3o:<\/strong> Orif\u00edcios de ventila\u00e7\u00e3o estrategicamente incorporados facilitam a circula\u00e7\u00e3o do ar dentro da embalagem, garantindo uma exaust\u00e3o eficiente e preservando o conte\u00fado.<img fetchpriority=\"high\" decoding=\"async\" class=\"size-full wp-image-717 alignleft\" src=\"https:\/\/polysmarts.com\/wp-content\/uploads\/2023\/11\/Detail-01.jpg\" alt=\"sacos zip lock deslizantes polysmarts\" width=\"750\" height=\"811\" srcset=\"\/\/polysmarts.com\/wp-content\/uploads\/2023\/11\/Detail-01.jpg 750w, \/\/polysmarts.com\/wp-content\/uploads\/2023\/11\/Detail-01-600x649.jpg 600w, \/\/polysmarts.com\/wp-content\/uploads\/2023\/11\/Detail-01-277x300.jpg 277w\" sizes=\"(max-width: 750px) 100vw, 750px\" \/> <img decoding=\"async\" class=\"size-full wp-image-718 alignleft\" src=\"https:\/\/polysmarts.com\/wp-content\/uploads\/2023\/11\/Detail-02.jpg\" alt=\"sacos zip lock deslizantes polysmarts\" width=\"750\" height=\"1206\" srcset=\"\/\/polysmarts.com\/wp-content\/uploads\/2023\/11\/Detail-02.jpg 750w, \/\/polysmarts.com\/wp-content\/uploads\/2023\/11\/Detail-02-600x965.jpg 600w, \/\/polysmarts.com\/wp-content\/uploads\/2023\/11\/Detail-02-187x300.jpg 187w, \/\/polysmarts.com\/wp-content\/uploads\/2023\/11\/Detail-02-637x1024.jpg 637w\" sizes=\"(max-width: 750px) 100vw, 750px\" \/><\/span>\n<p><figure id=\"attachment_719\" aria-describedby=\"caption-attachment-719\" style=\"width: 750px\" class=\"wp-caption alignleft\"><img decoding=\"async\" class=\"size-full wp-image-719\" src=\"https:\/\/polysmarts.com\/wp-content\/uploads\/2023\/11\/Detail-03.jpg\" alt=\"sacos zip lock deslizantes polysmarts\" width=\"750\" height=\"893\" srcset=\"\/\/polysmarts.com\/wp-content\/uploads\/2023\/11\/Detail-03.jpg 750w, \/\/polysmarts.com\/wp-content\/uploads\/2023\/11\/Detail-03-600x714.jpg 600w, \/\/polysmarts.com\/wp-content\/uploads\/2023\/11\/Detail-03-252x300.jpg 252w\" sizes=\"(max-width: 750px) 100vw, 750px\" \/><figcaption id=\"caption-attachment-719\" class=\"wp-caption-text\">sacos zip lock deslizantes polysmarts<\/figcaption><\/figure><\/li>\n<\/ol>","protected":false},"excerpt":{"rendered":"<table style=\"height: 360px; width: 100.741%; border-collapse: collapse; background-color: #ebebeb;\" border=\"2\">\n<tbody>\n<tr style=\"height: 40px;\">\n<td style=\"width: 22.6796%; height: 30px; background-color: #99ccff;\"><span style=\"font-family: arial, helvetica, sans-serif; font-size: 12pt;\"><strong>Dimens\u00e3o e estilo<\/strong><\/span><\/td>\n<td style=\"width: 78.2121%; height: 30px; background-color: #99ccff;\"><span style=\"font-family: arial, helvetica, sans-serif; font-size: 12pt;\">Formas e tamanhos personalizados<\/span><\/td>\n<\/tr>\n<tr style=\"height: 40px;\">\n<td style=\"width: 22.6796%; height: 34px; background-color: #ebebeb;\"><span style=\"font-size: 12pt;\"><strong><span style=\"font-family: arial, helvetica, sans-serif;\">Quantidade m\u00ednima de pedido<\/span><\/strong><\/span><\/td>\n<td style=\"width: 78.2121%; height: 34px; background-color: #ebebeb;\"><span style=\"font-family: arial, helvetica, sans-serif; font-size: 12pt;\">1000pcs sem personaliza\u00e7\u00e3o, 10000pcs para personaliza\u00e7\u00e3o<\/span><\/td>\n<\/tr>\n<tr style=\"height: 40px; background-color: #99ccff;\">\n<td style=\"width: 22.6796%; height: 24px;\"><span style=\"font-size: 12pt;\"><strong><span style=\"font-family: arial, helvetica, sans-serif;\">Tipo de embalagem<\/span><\/strong><\/span><\/td>\n<td style=\"width: 78.2121%; height: 24px;\"><span style=\"font-family: arial, helvetica, sans-serif; font-size: 12pt;\">Sacos com fecho ziplock deslizante CPE<\/span><\/td>\n<\/tr>\n<tr style=\"height: 40px; background-color: #ebebeb;\">\n<td style=\"width: 22.6796%; height: 24px;\"><span style=\"font-size: 12pt;\"><strong><span style=\"font-family: arial, helvetica, sans-serif;\">Impress\u00e3o<\/span><\/strong><\/span><\/td>\n<td style=\"width: 78.2121%; height: 24px;\"><span style=\"font-family: arial, helvetica, sans-serif; font-size: 12pt;\">CMYK (1 \u2013 8 cores), sem impress\u00e3o (normal)<\/span><\/td>\n<\/tr>\n<tr style=\"height: 40px; background-color: #99ccff;\">\n<td style=\"width: 22.6796%; height: 24px;\"><span style=\"font-size: 12pt;\"><strong><span style=\"font-family: arial, helvetica, sans-serif;\">Manuseio de Superf\u00edcie<\/span><\/strong><\/span><\/td>\n<td style=\"width: 78.2121%; height: 24px;\"><span style=\"font-family: arial, helvetica, sans-serif; font-size: 12pt;\">Impress\u00e3o offset<\/span><\/td>\n<\/tr>\n<tr style=\"height: 40px; background-color: #ebebeb;\">\n<td style=\"width: 22.6796%; height: 24px;\"><span style=\"font-size: 12pt;\"><strong><span style=\"font-family: arial, helvetica, sans-serif;\">Material<\/span><\/strong><\/span><\/td>\n<td style=\"width: 78.2121%; height: 24px;\"><span style=\"font-family: arial, helvetica, sans-serif; font-size: 12pt;\">EPC, EPI<\/span><\/td>\n<\/tr>\n<tr style=\"height: 40px; background-color: #99ccff;\">\n<td style=\"width: 22.6796%; height: 24px;\"><span style=\"font-size: 12pt;\"><strong><span style=\"font-family: arial, helvetica, sans-serif;\">Tamanho<\/span><\/strong><\/span><\/td>\n<td style=\"width: 78.2121%; height: 24px;\"><span style=\"font-family: arial, helvetica, sans-serif; font-size: 12pt;\">20*26cm, 24*34cm, 28*28cm, 30*40cm,36*46cm, 40*45cm, 45*55cm ou personalizado<\/span><\/td>\n<\/tr>\n<tr style=\"height: 40px; background-color: #ebebeb;\">\n<td style=\"width: 22.6796%; height: 24px;\"><span style=\"font-size: 12pt;\"><strong><span style=\"font-family: arial, helvetica, sans-serif;\">Grossura<\/span><\/strong><\/span><\/td>\n<td style=\"width: 78.2121%; height: 24px;\"><span style=\"font-family: arial, helvetica, sans-serif; font-size: 12pt;\">120 m\u00edcrons para lados duplos, espessura personalizada Accpet<\/span><\/td>\n<\/tr>\n<tr style=\"height: 40px; background-color: #99ccff;\">\n<td style=\"width: 22.6796%; height: 24px;\"><span style=\"font-size: 12pt;\"><strong><span style=\"font-family: arial, helvetica, sans-serif;\">Envio<\/span><\/strong><\/span><\/td>\n<td style=\"width: 78.2121%; height: 24px;\"><span style=\"font-family: arial, helvetica, sans-serif; font-size: 12pt;\">A\u00e9reo, Mar\u00edtimo, Expresso<\/span><\/td>\n<\/tr>\n<tr style=\"height: 40px; background-color: #ebebeb;\">\n<td style=\"width: 22.6796%; height: 24px;\"><span style=\"font-size: 12pt;\"><strong><span style=\"font-family: arial, helvetica, sans-serif;\">Tempo de resposta<\/span><\/strong><\/span><\/td>\n<td style=\"width: 78.2121%; height: 24px;\"><span style=\"font-family: arial, helvetica, sans-serif; font-size: 12pt;\">7 a 15 dias \u00fateis, RUSH<\/span><\/td>\n<\/tr>\n<\/tbody>\n<\/table>\n<p>&nbsp;<\/p>","protected":false},"featured_media":721,"comment_status":"open","ping_status":"closed","template":"","meta":[],"product_brand":[],"product_cat":[31,21,18],"product_tag":[],"class_list":{"0":"post-715","1":"product","2":"type-product","3":"status-publish","4":"has-post-thumbnail","6":"product_cat-clothing-packaging","7":"product_cat-opp-cpp-pe-cpe-single-material-bag","8":"product_cat-zipper-bags","10":"first","11":"instock","12":"shipping-taxable","13":"product-type-simple"},"_links":{"self":[{"href":"https:\/\/polysmarts.com\/pt\/wp-json\/wp\/v2\/product\/715","targetHints":{"allow":["GET"]}}],"collection":[{"href":"https:\/\/polysmarts.com\/pt\/wp-json\/wp\/v2\/product"}],"about":[{"href":"https:\/\/polysmarts.com\/pt\/wp-json\/wp\/v2\/types\/product"}],"replies":[{"embeddable":true,"href":"https:\/\/polysmarts.com\/pt\/wp-json\/wp\/v2\/comments?post=715"}],"version-history":[{"count":1,"href":"https:\/\/polysmarts.com\/pt\/wp-json\/wp\/v2\/product\/715\/revisions"}],"predecessor-version":[{"id":727,"href":"https:\/\/polysmarts.com\/pt\/wp-json\/wp\/v2\/product\/715\/revisions\/727"}],"wp:featuredmedia":[{"embeddable":true,"href":"https:\/\/polysmarts.com\/pt\/wp-json\/wp\/v2\/media\/721"}],"wp:attachment":[{"href":"https:\/\/polysmarts.com\/pt\/wp-json\/wp\/v2\/media?parent=715"}],"wp:term":[{"taxonomy":"product_brand","embeddable":true,"href":"https:\/\/polysmarts.com\/pt\/wp-json\/wp\/v2\/product_brand?post=715"},{"taxonomy":"product_cat","embeddable":true,"href":"https:\/\/polysmarts.com\/pt\/wp-json\/wp\/v2\/product_cat?post=715"},{"taxonomy":"product_tag","embeddable":true,"href":"https:\/\/polysmarts.com\/pt\/wp-json\/wp\/v2\/product_tag?post=715"}],"curies":[{"name":"wp","href":"https:\/\/api.w.org\/{rel}","templated":true}]}}