{"id":5854,"date":"2026-05-12T17:27:43","date_gmt":"2026-05-12T09:27:43","guid":{"rendered":"https:\/\/polysmarts.com\/?post_type=product&#038;p=5854"},"modified":"2026-05-12T17:38:19","modified_gmt":"2026-05-12T09:38:19","slug":"sacos-de-pipoca-personalizados-embalagens-de-qualidade-alimentar-com-quantidade-minima-de-pedido-reduzida-para-pequenas-quantidades-de-sacos-de-pipoca","status":"publish","type":"product","link":"https:\/\/polysmarts.com\/pt\/product\/custom-personalized-popcorn-bags-small-moq-food-grade-packaging\/","title":{"rendered":"Sacos de pipoca personalizados | Quantidade m\u00ednima de encomenda reduzida | Embalagem pr\u00f3pria para alimentos"},"content":{"rendered":"<h1><strong><span style=\"font-size: 18pt;\"><b data-path-to-node=\"6\" data-index-in-node=\"3\">Eleve cada mordida: Sacos de pipoca personalizados<\/b><\/span><\/strong><\/h1>\n<p data-path-to-node=\"7\">No competitivo mercado de snacks, a embalagem \u00e9 o primeiro contato com o cliente. <b data-path-to-node=\"7\" data-index-in-node=\"94\">Polysmarts<\/b>, Somos especializados em alto desempenho. <b data-path-to-node=\"7\" data-index-in-node=\"140\">sacos de pipoca personalizados<\/b> que combinam prote\u00e7\u00e3o alimentar superior com uma est\u00e9tica atraente. Seja voc\u00ea uma marca de pipoca gourmet, um cinema ou esteja organizando um grande evento corporativo, nossas embalagens personalizadas garantem que seu produto permane\u00e7a fresco e com apar\u00eancia profissional.<\/p>\n<hr data-path-to-node=\"8\" \/>\n<h3 data-path-to-node=\"9\"><b data-path-to-node=\"9\" data-index-in-node=\"0\">Principais caracter\u00edsticas e benef\u00edcios<\/b><\/h3>\n<ul data-path-to-node=\"10\">\n<li>\n<p data-path-to-node=\"10,0,0\"><b data-path-to-node=\"10,0,0\" data-index-in-node=\"0\">Estrutura de material premium:<\/b> Utilizamos uma estrutura laminada multicamadas de alta barreira (MOPP\/VMPET\/PE) para proporcionar uma excelente barreira contra umidade e oxig\u00eanio, prolongando significativamente a vida \u00fatil dos seus snacks.<\/p>\n<\/li>\n<li>\n<p data-path-to-node=\"10,1,0\"><b data-path-to-node=\"10,1,0\" data-index-in-node=\"0\">Resistente \u00e0 gordura e pr\u00f3prio para contato com alimentos:<\/b> Todos os materiais s\u00e3o de qualidade alimentar 100% e est\u00e3o em conformidade com as normas da FDA. O revestimento interno foi projetado especificamente para resistir \u00e0 absor\u00e7\u00e3o de \u00f3leo da pipoca com manteiga ou saborizada, mantendo a parte externa impec\u00e1vel.<\/p>\n<\/li>\n<li>\n<p data-path-to-node=\"10,2,0\"><b data-path-to-node=\"10,2,0\" data-index-in-node=\"0\">Personaliza\u00e7\u00e3o flex\u00edvel:<\/b> De <b data-path-to-node=\"10,2,0\" data-index-in-node=\"29\">Impress\u00e3o digital<\/b> para pequenos lotes (MOQ 500 unidades) <b data-path-to-node=\"10,2,0\" data-index-in-node=\"80\">Serigrafia<\/b>, Damos vida ao seu logotipo e \u00e0s cores da sua marca com alta defini\u00e7\u00e3o e acabamentos vibrantes.<\/p>\n<\/li>\n<li>\n<p data-path-to-node=\"10,3,0\"><b data-path-to-node=\"10,3,0\" data-index-in-node=\"0\">Design centrado no usu\u00e1rio:<\/b> Caracter\u00edsticas como <b data-path-to-node=\"10,3,0\" data-index-in-node=\"35\">z\u00edperes reutiliz\u00e1veis<\/b>, <b data-path-to-node=\"10,3,0\" data-index-in-node=\"55\">entalhes de rasgo<\/b>, e <b data-path-to-node=\"10,3,0\" data-index-in-node=\"73\">refor\u00e7os verticais<\/b> Nossas embalagens s\u00e3o pr\u00e1ticas para os consumidores e perfeitas para exposi\u00e7\u00e3o em prateleiras de alto padr\u00e3o.<\/p>\n<\/li>\n<\/ul>","protected":false},"excerpt":{"rendered":"<table style=\"height: 280px; width: 99.8505%; border-collapse: collapse;\" border=\"2\">\n<tbody>\n<tr style=\"height: 28px; background-color: #dbdbdb;\">\n<td style=\"width: 22.6796%; background-color: #ebebeb; height: 28px;\"><span style=\"font-family: arial, helvetica, sans-serif; font-size: 12pt;\"><strong>Unid<\/strong><\/span><\/td>\n<td style=\"width: 77.3204%; background-color: #ebebeb; height: 28px;\"><span style=\"font-family: arial, helvetica, sans-serif; font-size: 12pt;\">Sacos de pipoca personalizados<\/span><\/td>\n<\/tr>\n<tr style=\"height: 40px;\">\n<td style=\"width: 22.6796%; height: 30px; background-color: #99ccff;\"><span style=\"font-family: arial, helvetica, sans-serif; font-size: 12pt;\"><strong>Dimens\u00e3o e estilo<\/strong><\/span><\/td>\n<td style=\"width: 77.3204%; height: 30px; background-color: #99ccff;\"><span style=\"font-family: arial, helvetica, sans-serif; font-size: 12pt;\">Formas e tamanhos personalizados<\/span><\/td>\n<\/tr>\n<tr style=\"height: 40px;\">\n<td style=\"width: 22.6796%; height: 34px; background-color: #ebebeb;\"><span style=\"font-size: 12pt;\"><strong><span style=\"font-family: arial, helvetica, sans-serif;\">Quantidade m\u00ednima de pedido<\/span><\/strong><\/span><\/td>\n<td style=\"width: 77.3204%; height: 34px; background-color: #ebebeb;\"><span style=\"font-family: arial, helvetica, sans-serif; font-size: 12pt;\">100 pe\u00e7as sem personaliza\u00e7\u00e3o, 5000 pe\u00e7as para personaliza\u00e7\u00e3o - Impress\u00e3o digital: 1000 pe\u00e7as<\/span><\/td>\n<\/tr>\n<tr style=\"height: 40px; background-color: #99ccff;\">\n<td style=\"width: 22.6796%; height: 24px;\"><span style=\"font-size: 12pt;\"><strong><span style=\"font-family: arial, helvetica, sans-serif;\">Tipo de embalagem<\/span><\/strong><\/span><\/td>\n<td style=\"width: 77.3204%; height: 24px;\"><strong><a href=\"https:\/\/polysmarts.com\/pt\/embalagens-stand-up-pouch-personalizadas\/\"><span style=\"font-family: arial, helvetica, sans-serif; font-size: 12pt;\">Bolsa de p\u00e9<\/span><\/a><\/strong><\/td>\n<\/tr>\n<tr style=\"height: 40px; background-color: #ebebeb;\">\n<td style=\"width: 22.6796%; height: 24px;\"><span style=\"font-size: 12pt;\"><strong><span style=\"font-family: arial, helvetica, sans-serif;\">Impress\u00e3o<\/span><\/strong><\/span><\/td>\n<td style=\"width: 77.3204%; height: 24px;\"><span style=\"font-family: arial, helvetica, sans-serif; font-size: 12pt;\">CMYK (1 \u2013 10 cores), Sem impress\u00e3o (simples), Impress\u00e3o digital<\/span><\/td>\n<\/tr>\n<tr style=\"height: 40px; background-color: #99ccff;\">\n<td style=\"width: 22.6796%; height: 24px;\"><span style=\"font-size: 12pt;\"><strong><span style=\"font-family: arial, helvetica, sans-serif;\">Material<\/span><\/strong><\/span><\/td>\n<td style=\"width: 77.3204%; height: 24px;\"><span style=\"font-family: arial, helvetica, sans-serif; font-size: 12pt;\">Material laminado, MOPP+VMPET+PE<\/span><\/td>\n<\/tr>\n<tr style=\"height: 40px; background-color: #ebebeb;\">\n<td style=\"width: 22.6796%; height: 24px;\"><span style=\"font-size: 12pt;\"><strong><span style=\"font-family: arial, helvetica, sans-serif;\">Op\u00e7\u00f5es inclu\u00eddas<\/span><\/strong><\/span><\/td>\n<td style=\"width: 77.3204%; height: 24px;\"><span style=\"font-family: arial, helvetica, sans-serif; font-size: 12pt;\">Corte e vinco, selagem t\u00e9rmica<\/span><\/td>\n<\/tr>\n<tr style=\"height: 40px; background-color: #99ccff;\">\n<td style=\"width: 22.6796%; height: 24px;\"><span style=\"font-size: 12pt;\"><strong><span style=\"font-family: arial, helvetica, sans-serif;\">Recurso<\/span><\/strong><\/span><\/td>\n<td style=\"width: 77.3204%; height: 24px;\"><span style=\"font-family: arial, helvetica, sans-serif; font-size: 12pt;\">\u00c0 prova de umidade\/Grau aliment\u00edcio\/\u00c0 prova d&#039;\u00e1gua<\/span><\/td>\n<\/tr>\n<tr style=\"height: 40px; background-color: #ebebeb;\">\n<td style=\"width: 22.6796%; height: 24px;\"><span style=\"font-size: 12pt;\"><strong><span style=\"font-family: arial, helvetica, sans-serif;\">Tempo de resposta<\/span><\/strong><\/span><\/td>\n<td style=\"width: 77.3204%; height: 24px;\"><span style=\"font-family: arial, helvetica, sans-serif; font-size: 12pt;\">7 a 15 dias \u00fateis, RUSH<\/span><\/td>\n<\/tr>\n<tr style=\"height: 40px; background-color: #99ccff;\">\n<td style=\"width: 22.6796%; height: 24px;\"><span style=\"font-size: 12pt;\"><strong><span style=\"font-family: arial, helvetica, sans-serif;\">Envio<\/span><\/strong><\/span><\/td>\n<td style=\"width: 77.3204%; height: 24px;\"><span style=\"font-family: arial, helvetica, sans-serif; font-size: 12pt;\">A\u00e9reo, Mar\u00edtimo, Expresso<\/span><\/td>\n<\/tr>\n<\/tbody>\n<\/table>\n<p>&nbsp;<\/p>","protected":false},"featured_media":5848,"comment_status":"open","ping_status":"closed","template":"","meta":[],"product_brand":[],"product_cat":[26,35,18],"product_tag":[],"class_list":{"0":"post-5854","1":"product","2":"type-product","3":"status-publish","4":"has-post-thumbnail","6":"product_cat-food-packaging","7":"product_cat-mylar-bags","8":"product_cat-zipper-bags","10":"first","11":"instock","12":"shipping-taxable","13":"purchasable","14":"product-type-variable"},"_links":{"self":[{"href":"https:\/\/polysmarts.com\/pt\/wp-json\/wp\/v2\/product\/5854","targetHints":{"allow":["GET"]}}],"collection":[{"href":"https:\/\/polysmarts.com\/pt\/wp-json\/wp\/v2\/product"}],"about":[{"href":"https:\/\/polysmarts.com\/pt\/wp-json\/wp\/v2\/types\/product"}],"replies":[{"embeddable":true,"href":"https:\/\/polysmarts.com\/pt\/wp-json\/wp\/v2\/comments?post=5854"}],"version-history":[{"count":1,"href":"https:\/\/polysmarts.com\/pt\/wp-json\/wp\/v2\/product\/5854\/revisions"}],"predecessor-version":[{"id":5858,"href":"https:\/\/polysmarts.com\/pt\/wp-json\/wp\/v2\/product\/5854\/revisions\/5858"}],"wp:featuredmedia":[{"embeddable":true,"href":"https:\/\/polysmarts.com\/pt\/wp-json\/wp\/v2\/media\/5848"}],"wp:attachment":[{"href":"https:\/\/polysmarts.com\/pt\/wp-json\/wp\/v2\/media?parent=5854"}],"wp:term":[{"taxonomy":"product_brand","embeddable":true,"href":"https:\/\/polysmarts.com\/pt\/wp-json\/wp\/v2\/product_brand?post=5854"},{"taxonomy":"product_cat","embeddable":true,"href":"https:\/\/polysmarts.com\/pt\/wp-json\/wp\/v2\/product_cat?post=5854"},{"taxonomy":"product_tag","embeddable":true,"href":"https:\/\/polysmarts.com\/pt\/wp-json\/wp\/v2\/product_tag?post=5854"}],"curies":[{"name":"wp","href":"https:\/\/api.w.org\/{rel}","templated":true}]}}