{"id":5842,"date":"2026-05-11T14:42:46","date_gmt":"2026-05-11T06:42:46","guid":{"rendered":"https:\/\/polysmarts.com\/?post_type=product&#038;p=5842"},"modified":"2026-05-11T15:27:36","modified_gmt":"2026-05-11T07:27:36","slug":"sacos-personalizados-a-prova-de-odores-para-maconha-embalagens-de-mylar-a-prova-de-cheiro","status":"publish","type":"product","link":"https:\/\/polysmarts.com\/pt\/product\/custom-odor-proof-bags-for-weed-mylar-smell-proof-packaging\/","title":{"rendered":"Sacos personalizados \u00e0 prova de odores para cannabis | Embalagens de Mylar \u00e0 prova de cheiro"},"content":{"rendered":"<h2><span style=\"font-size: 18pt;\"><strong>Sacos personalizados \u00e0 prova de odores para maconha (embalagem de Mylar \u00e0 prova de cheiro)<\/strong><\/span><\/h2>\n<p>A Polysmarts fabrica produtos premium. <strong>Sacos \u00e0 prova de odor para maconha<\/strong>, Projetadas para manter os produtos de cannabis frescos, discretos e protegidos, nossas embalagens utilizam filmes Mylar de alta barreira multicamadas que bloqueiam eficazmente o vazamento de odores, mantendo a pot\u00eancia, o aroma e os n\u00edveis de umidade das flores de cannabis, cigarros pr\u00e9-enrolados e comest\u00edveis.<\/p>\n<p>Oferecemos tamanhos padr\u00e3o, incluindo <strong>3,5g, 7g, 14g e 28g<\/strong>, al\u00e9m de dimens\u00f5es e op\u00e7\u00f5es de impress\u00e3o totalmente personaliz\u00e1veis. Para mercados regulamentados, tamb\u00e9m oferecemos <strong>estruturas de z\u00edper resistentes a crian\u00e7as (CR)<\/strong> que atendam aos requisitos de conformidade na Am\u00e9rica do Norte.<\/p>\n<h3><strong><span style=\"font-size: 14pt;\">Principais caracter\u00edsticas<\/span><\/strong><\/h3>\n<ul>\n<li><strong>Barreira \u00e0 prova de odores<\/strong> \u2013 A pel\u00edcula multicamadas de Mylar impede que o cheiro da erva daninha escape.<\/li>\n<li><strong>Impress\u00e3o personalizada<\/strong> \u2013 Impress\u00e3o em rotogravura de alta resolu\u00e7\u00e3o com acabamentos fosco, brilhante, met\u00e1lico ou hologr\u00e1fico.<\/li>\n<li><strong>Dur\u00e1vel e protetor<\/strong> \u2013 Protege a cannabis da umidade, do oxig\u00eanio e da exposi\u00e7\u00e3o aos raios UV.<\/li>\n<li><strong>Fecho de correr reutiliz\u00e1vel<\/strong> \u2013 Mant\u00e9m o frescor e a conveni\u00eancia para o consumidor.<\/li>\n<li><strong>Z\u00edper opcional \u00e0 prova de crian\u00e7as<\/strong> \u2013 Adequado para dispens\u00e1rios e mercados regulamentados.<\/li>\n<li><strong>Selagem a quente + entalhe para rasgar<\/strong> \u2013 Garante embalagens inviol\u00e1veis.<\/li>\n<li><strong>Baixa quantidade m\u00ednima de encomenda e produ\u00e7\u00e3o r\u00e1pida.<\/strong> \u2013 Ideal tanto para novas marcas de cannabis quanto para grandes distribuidores.<\/li>\n<\/ul>\n<h3><span style=\"font-size: 14pt;\"><strong>Aplica\u00e7\u00f5es<\/strong><\/span><\/h3>\n<ul>\n<li>Flor de cannabis (3,5g\u201328g)<\/li>\n<li>Cigarros pr\u00e9-enrolados e embalagens m\u00faltiplas<\/li>\n<li>Comest\u00edveis, gomas e lanches com infus\u00e3o de ingredientes.<\/li>\n<li>Concentrados e extratos<\/li>\n<li>Linhas de produtos CBD\/THC<\/li>\n<\/ul>\n<p>Com recursos avan\u00e7ados de fabrica\u00e7\u00e3o e rigoroso controle de qualidade, a Polysmarts oferece embalagens confi\u00e1veis e \u00e0 prova de odores para cannabis, que aprimoram a imagem da marca e atendem aos padr\u00f5es da ind\u00fastria.<\/p>","protected":false},"excerpt":{"rendered":"<table style=\"height: 294px; width: 99.8505%; border-collapse: collapse;\" border=\"2\">\n<tbody>\n<tr style=\"height: 28px; background-color: #dbdbdb;\">\n<td style=\"width: 22.6796%; background-color: #ebebeb; height: 31px;\"><span style=\"font-family: arial, helvetica, sans-serif; font-size: 12pt;\"><strong>Unid<\/strong><\/span><\/td>\n<td style=\"width: 77.3204%; background-color: #ebebeb; height: 31px;\"><span style=\"font-family: arial, helvetica, sans-serif; font-size: 12pt;\"><strong><a href=\"https:\/\/polysmarts.com\/pt\/fabricante-de-solucoes-personalizadas-de-embalagens-de-cannabis-de-sacos-de-maconha-personalizados\/\">Sacos \u00e0 prova de odor para maconha.<\/a><\/strong><\/span><\/td>\n<\/tr>\n<tr style=\"height: 40px;\">\n<td style=\"width: 22.6796%; height: 30px; background-color: #99ccff;\"><span style=\"font-family: arial, helvetica, sans-serif; font-size: 12pt;\"><strong>Dimens\u00e3o e estilo<\/strong><\/span><\/td>\n<td style=\"width: 77.3204%; height: 30px; background-color: #99ccff;\"><span style=\"font-family: arial, helvetica, sans-serif; font-size: 12pt;\">Formas e tamanhos personalizados<\/span><\/td>\n<\/tr>\n<tr style=\"height: 40px;\">\n<td style=\"width: 22.6796%; height: 34px; background-color: #ebebeb;\"><span style=\"font-size: 12pt;\"><strong><span style=\"font-family: arial, helvetica, sans-serif;\">Quantidade m\u00ednima de pedido<\/span><\/strong><\/span><\/td>\n<td style=\"width: 77.3204%; height: 34px; background-color: #ebebeb;\"><span style=\"font-family: arial, helvetica, sans-serif; font-size: 12pt;\">100 unidades sem personaliza\u00e7\u00e3o, 10.000 unidades com personaliza\u00e7\u00e3o<\/span><\/td>\n<\/tr>\n<tr style=\"height: 40px; background-color: #99ccff;\">\n<td style=\"width: 22.6796%; height: 32px;\"><span style=\"font-size: 12pt;\"><strong><span style=\"font-family: arial, helvetica, sans-serif;\">Tipo de embalagem<\/span><\/strong><\/span><\/td>\n<td style=\"width: 77.3204%; height: 32px;\"><span style=\"font-family: arial, helvetica, sans-serif; font-size: 12pt;\"><a href=\"https:\/\/polysmarts.com\/pt\/embalagens-stand-up-pouch-personalizadas\/\"><strong>Bolsa de p\u00e9<\/strong><\/a> com z\u00edper, <a href=\"https:\/\/polysmarts.com\/pt\/categoria-de-produto-2\/por-tipo-2\/sacos-de-mylar\/\"><strong>Mylar Bags<\/strong><\/a><\/span><\/td>\n<\/tr>\n<tr style=\"height: 40px; background-color: #ebebeb;\">\n<td style=\"width: 22.6796%; height: 24px;\"><span style=\"font-size: 12pt;\"><strong><span style=\"font-family: arial, helvetica, sans-serif;\">Impress\u00e3o<\/span><\/strong><\/span><\/td>\n<td style=\"width: 77.3204%; height: 24px;\"><span style=\"font-family: arial, helvetica, sans-serif; font-size: 12pt;\">CMYK (1 \u2013 10 cores), Sem impress\u00e3o (simples), Impress\u00e3o digital<\/span><\/td>\n<\/tr>\n<tr style=\"height: 40px; background-color: #99ccff;\">\n<td style=\"width: 22.6796%; height: 32px;\"><span style=\"font-size: 12pt;\"><strong><span style=\"font-family: arial, helvetica, sans-serif;\">Material<\/span><\/strong><\/span><\/td>\n<td style=\"width: 77.3204%; height: 32px;\"><span style=\"font-family: arial, helvetica, sans-serif; font-size: 12pt;\">Material laminado, MOPP+VMPET+PE<\/span><\/td>\n<\/tr>\n<tr style=\"height: 40px; background-color: #ebebeb;\">\n<td style=\"width: 22.6796%; height: 33px;\"><span style=\"font-size: 12pt;\"><strong><span style=\"font-family: arial, helvetica, sans-serif;\">Op\u00e7\u00f5es inclu\u00eddas<\/span><\/strong><\/span><\/td>\n<td style=\"width: 77.3204%; height: 33px;\"><span style=\"font-family: arial, helvetica, sans-serif; font-size: 12pt;\">Corte e vinco, selagem t\u00e9rmica, <strong>Sacos \u00e0 prova de odores<\/strong><\/span><\/td>\n<\/tr>\n<tr style=\"height: 40px; background-color: #99ccff;\">\n<td style=\"width: 22.6796%; height: 30px;\"><span style=\"font-size: 12pt;\"><strong><span style=\"font-family: arial, helvetica, sans-serif;\">Recurso<\/span><\/strong><\/span><\/td>\n<td style=\"width: 77.3204%; height: 30px;\"><span style=\"font-family: arial, helvetica, sans-serif; font-size: 12pt;\">\u00c0 prova de odores\/\u00c0 prova de umidade\/Isolamento de oxig\u00eanio\/Prote\u00e7\u00e3o contra sombreamento\/Resist\u00eancia a altas temperaturas\/Material de qualidade alimentar<\/span><\/td>\n<\/tr>\n<tr style=\"height: 40px; background-color: #ebebeb;\">\n<td style=\"width: 22.6796%; height: 24px;\"><span style=\"font-size: 12pt;\"><strong><span style=\"font-family: arial, helvetica, sans-serif;\">Tempo de resposta<\/span><\/strong><\/span><\/td>\n<td style=\"width: 77.3204%; height: 24px;\"><span style=\"font-family: arial, helvetica, sans-serif; font-size: 12pt;\">7 a 15 dias \u00fateis, RUSH<\/span><\/td>\n<\/tr>\n<tr style=\"height: 40px; background-color: #99ccff;\">\n<td style=\"width: 22.6796%; height: 24px;\"><span style=\"font-size: 12pt;\"><strong><span style=\"font-family: arial, helvetica, sans-serif;\">Envio<\/span><\/strong><\/span><\/td>\n<td style=\"width: 77.3204%; height: 24px;\"><span style=\"font-family: arial, helvetica, sans-serif; font-size: 12pt;\">A\u00e9reo, Mar\u00edtimo, Expresso<\/span><\/td>\n<\/tr>\n<\/tbody>\n<\/table>","protected":false},"featured_media":5836,"comment_status":"open","ping_status":"closed","template":"","meta":[],"product_brand":[],"product_cat":[26,28,35,18],"product_tag":[],"class_list":{"0":"post-5842","1":"product","2":"type-product","3":"status-publish","4":"has-post-thumbnail","6":"product_cat-food-packaging","7":"product_cat-cbd-packaging","8":"product_cat-mylar-bags","9":"product_cat-zipper-bags","11":"first","12":"instock","13":"shipping-taxable","14":"purchasable","15":"product-type-variable"},"_links":{"self":[{"href":"https:\/\/polysmarts.com\/pt\/wp-json\/wp\/v2\/product\/5842","targetHints":{"allow":["GET"]}}],"collection":[{"href":"https:\/\/polysmarts.com\/pt\/wp-json\/wp\/v2\/product"}],"about":[{"href":"https:\/\/polysmarts.com\/pt\/wp-json\/wp\/v2\/types\/product"}],"replies":[{"embeddable":true,"href":"https:\/\/polysmarts.com\/pt\/wp-json\/wp\/v2\/comments?post=5842"}],"version-history":[{"count":2,"href":"https:\/\/polysmarts.com\/pt\/wp-json\/wp\/v2\/product\/5842\/revisions"}],"predecessor-version":[{"id":5847,"href":"https:\/\/polysmarts.com\/pt\/wp-json\/wp\/v2\/product\/5842\/revisions\/5847"}],"wp:featuredmedia":[{"embeddable":true,"href":"https:\/\/polysmarts.com\/pt\/wp-json\/wp\/v2\/media\/5836"}],"wp:attachment":[{"href":"https:\/\/polysmarts.com\/pt\/wp-json\/wp\/v2\/media?parent=5842"}],"wp:term":[{"taxonomy":"product_brand","embeddable":true,"href":"https:\/\/polysmarts.com\/pt\/wp-json\/wp\/v2\/product_brand?post=5842"},{"taxonomy":"product_cat","embeddable":true,"href":"https:\/\/polysmarts.com\/pt\/wp-json\/wp\/v2\/product_cat?post=5842"},{"taxonomy":"product_tag","embeddable":true,"href":"https:\/\/polysmarts.com\/pt\/wp-json\/wp\/v2\/product_tag?post=5842"}],"curies":[{"name":"wp","href":"https:\/\/api.w.org\/{rel}","templated":true}]}}