{"id":5830,"date":"2026-05-11T11:37:58","date_gmt":"2026-05-11T03:37:58","guid":{"rendered":"https:\/\/polysmarts.com\/?post_type=product&#038;p=5830"},"modified":"2026-05-11T12:21:22","modified_gmt":"2026-05-11T04:21:22","slug":"sacos-personalizados-para-cannabis-a-prova-de-odor-resistentes-a-criancas-embalagens-de-mylar-para-maconha","status":"publish","type":"product","link":"https:\/\/polysmarts.com\/pt\/product\/custom-cannabis-smell-proof-bags-child-resistant-mylar-weed-packaging\/","title":{"rendered":"Sacos personalizados \u00e0 prova de odores para cannabis | Embalagens de Mylar para cannabis resistentes a crian\u00e7as"},"content":{"rendered":"<h2>Personalizado <strong>Embalagem de maconha em Mylar<\/strong> (Embalagem de Mylar \u00e0 prova de crian\u00e7as)<\/h2>\n<p>A Polysmarts oferece alta qualidade <a href=\"https:\/\/polysmarts.com\/pt\/fabricante-de-solucoes-personalizadas-de-embalagens-de-cannabis-de-sacos-de-maconha-personalizados\/\"><strong>sacos \u00e0 prova de cheiro de cannabis<\/strong><\/a> Projetadas para marcas que exigem embalagens profissionais, em conformidade com as normas e visualmente atraentes. Nossas embalagens s\u00e3o feitas com filmes Mylar de alta barreira multicamadas que ret\u00eam o odor com efic\u00e1cia, preservam o frescor e protegem os produtos de cannabis da umidade, do oxig\u00eanio e da exposi\u00e7\u00e3o aos raios UV.<\/p>\n<p>Oferecemos <strong>3,5g, 7g, 14g e 28g<\/strong> Oferecemos tamanhos padr\u00e3o, bem como dimens\u00f5es totalmente personalizadas para atender \u00e0 sua linha de produtos. Para mercados que exigem maior seguran\u00e7a, tamb\u00e9m fornecemos: <strong>estruturas de z\u00edper resistentes a crian\u00e7as (CR)<\/strong> que atendam aos padr\u00f5es de conformidade norte-americanos.<\/p>\n<h3><strong>Principais caracter\u00edsticas<\/strong><\/h3>\n<ul>\n<li><strong>Tecnologia \u00e0 prova de odores<\/strong> \u2013 A pel\u00edcula de barreira multicamadas impede o vazamento de odores.<\/li>\n<li><strong>Op\u00e7\u00f5es \u00e0 prova de crian\u00e7as<\/strong> \u2013 Designs de z\u00edperes com certifica\u00e7\u00e3o CR para mercados regulamentados.<\/li>\n<li><strong>Impress\u00e3o personalizada<\/strong> \u2013 Impress\u00e3o em rotogravura de alta resolu\u00e7\u00e3o com acabamentos fosco, brilhante, met\u00e1lico ou hologr\u00e1fico.<\/li>\n<li><strong>Material Mylar dur\u00e1vel<\/strong> \u2013 Protege flores de cannabis, cigarros pr\u00e9-enrolados, comest\u00edveis e concentrados.<\/li>\n<li><strong>Fecho de correr reutiliz\u00e1vel<\/strong> \u2013 Garante frescor e conveni\u00eancia para o consumidor.<\/li>\n<li><strong>Entalhe para rasgar e selagem t\u00e9rmica<\/strong> \u2013 \u00c0 prova de adultera\u00e7\u00e3o e pronto para venda no varejo.<\/li>\n<li><strong>Baixa quantidade m\u00ednima de encomenda e produ\u00e7\u00e3o r\u00e1pida.<\/strong> \u2013 Ideal tanto para novas marcas quanto para distribuidores de grande escala.<\/li>\n<\/ul>\n<h3><strong>Aplica\u00e7\u00f5es<\/strong><\/h3>\n<ul>\n<li>Flor de cannabis (3,5g\u201328g)<\/li>\n<li>Cigarros pr\u00e9-enrolados e embalagens m\u00faltiplas<\/li>\n<li>Gomas, comest\u00edveis e lanches com infus\u00e3o de cannabis.<\/li>\n<li>Concentrados e extratos<\/li>\n<li>Linhas de produtos CBD\/THC<\/li>\n<\/ul>\n<p>Com recursos avan\u00e7ados de fabrica\u00e7\u00e3o e rigoroso controle de qualidade, a Polysmarts oferece embalagens de cannabis confi\u00e1veis e \u00e0 prova de odores, que valorizam sua marca e atendem aos padr\u00f5es da ind\u00fastria.<\/p>","protected":false},"excerpt":{"rendered":"<table style=\"height: 294px; width: 99.8505%; border-collapse: collapse;\" border=\"2\">\n<tbody>\n<tr style=\"height: 28px; background-color: #dbdbdb;\">\n<td style=\"width: 22.6796%; background-color: #ebebeb; height: 31px;\"><span style=\"font-family: arial, helvetica, sans-serif; font-size: 12pt;\"><strong>Unid<\/strong><\/span><\/td>\n<td style=\"width: 77.3204%; background-color: #ebebeb; height: 31px;\"><span style=\"font-family: arial, helvetica, sans-serif; font-size: 12pt;\"><strong><a href=\"https:\/\/polysmarts.com\/pt\/fabricante-de-solucoes-personalizadas-de-embalagens-de-cannabis-de-sacos-de-maconha-personalizados\/\">Sacos \u00e0 prova de cheiro de cannabis<\/a><\/strong><\/span><\/td>\n<\/tr>\n<tr style=\"height: 40px;\">\n<td style=\"width: 22.6796%; height: 30px; background-color: #99ccff;\"><span style=\"font-family: arial, helvetica, sans-serif; font-size: 12pt;\"><strong>Dimens\u00e3o e estilo<\/strong><\/span><\/td>\n<td style=\"width: 77.3204%; height: 30px; background-color: #99ccff;\"><span style=\"font-family: arial, helvetica, sans-serif; font-size: 12pt;\">Formas e tamanhos personalizados<\/span><\/td>\n<\/tr>\n<tr style=\"height: 40px;\">\n<td style=\"width: 22.6796%; height: 34px; background-color: #ebebeb;\"><span style=\"font-size: 12pt;\"><strong><span style=\"font-family: arial, helvetica, sans-serif;\">Quantidade m\u00ednima de pedido<\/span><\/strong><\/span><\/td>\n<td style=\"width: 77.3204%; height: 34px; background-color: #ebebeb;\"><span style=\"font-family: arial, helvetica, sans-serif; font-size: 12pt;\">100 unidades sem personaliza\u00e7\u00e3o, 10.000 unidades com personaliza\u00e7\u00e3o<\/span><\/td>\n<\/tr>\n<tr style=\"height: 40px; background-color: #99ccff;\">\n<td style=\"width: 22.6796%; height: 32px;\"><span style=\"font-size: 12pt;\"><strong><span style=\"font-family: arial, helvetica, sans-serif;\">Tipo de embalagem<\/span><\/strong><\/span><\/td>\n<td style=\"width: 77.3204%; height: 32px;\"><span style=\"font-family: arial, helvetica, sans-serif; font-size: 12pt;\"><a href=\"https:\/\/polysmarts.com\/pt\/embalagens-stand-up-pouch-personalizadas\/\"><strong>Bolsa de p\u00e9<\/strong><\/a> com z\u00edper, <a href=\"https:\/\/polysmarts.com\/pt\/categoria-de-produto-2\/por-tipo-2\/sacos-de-mylar\/\"><strong>Mylar Bags<\/strong><\/a><\/span><\/td>\n<\/tr>\n<tr style=\"height: 40px; background-color: #ebebeb;\">\n<td style=\"width: 22.6796%; height: 24px;\"><span style=\"font-size: 12pt;\"><strong><span style=\"font-family: arial, helvetica, sans-serif;\">Impress\u00e3o<\/span><\/strong><\/span><\/td>\n<td style=\"width: 77.3204%; height: 24px;\"><span style=\"font-family: arial, helvetica, sans-serif; font-size: 12pt;\">CMYK (1 \u2013 10 cores), Sem impress\u00e3o (simples), Impress\u00e3o digital<\/span><\/td>\n<\/tr>\n<tr style=\"height: 40px; background-color: #99ccff;\">\n<td style=\"width: 22.6796%; height: 32px;\"><span style=\"font-size: 12pt;\"><strong><span style=\"font-family: arial, helvetica, sans-serif;\">Material<\/span><\/strong><\/span><\/td>\n<td style=\"width: 77.3204%; height: 32px;\"><span style=\"font-family: arial, helvetica, sans-serif; font-size: 12pt;\">Material laminado, MOPP+VMPET+PE<\/span><\/td>\n<\/tr>\n<tr style=\"height: 40px; background-color: #ebebeb;\">\n<td style=\"width: 22.6796%; height: 33px;\"><span style=\"font-size: 12pt;\"><strong><span style=\"font-family: arial, helvetica, sans-serif;\">Op\u00e7\u00f5es inclu\u00eddas<\/span><\/strong><\/span><\/td>\n<td style=\"width: 77.3204%; height: 33px;\"><span style=\"font-family: arial, helvetica, sans-serif; font-size: 12pt;\">Corte e vinco, selagem t\u00e9rmica, <strong>Sacos \u00e0 prova de odores<\/strong><\/span><\/td>\n<\/tr>\n<tr style=\"height: 40px; background-color: #99ccff;\">\n<td style=\"width: 22.6796%; height: 30px;\"><span style=\"font-size: 12pt;\"><strong><span style=\"font-family: arial, helvetica, sans-serif;\">Recurso<\/span><\/strong><\/span><\/td>\n<td style=\"width: 77.3204%; height: 30px;\"><span style=\"font-family: arial, helvetica, sans-serif; font-size: 12pt;\">\u00c0 prova de odores\/\u00c0 prova de umidade\/Isolamento de oxig\u00eanio\/Prote\u00e7\u00e3o contra sombreamento\/Resist\u00eancia a altas temperaturas\/Material de qualidade alimentar<\/span><\/td>\n<\/tr>\n<tr style=\"height: 40px; background-color: #ebebeb;\">\n<td style=\"width: 22.6796%; height: 24px;\"><span style=\"font-size: 12pt;\"><strong><span style=\"font-family: arial, helvetica, sans-serif;\">Tempo de resposta<\/span><\/strong><\/span><\/td>\n<td style=\"width: 77.3204%; height: 24px;\"><span style=\"font-family: arial, helvetica, sans-serif; font-size: 12pt;\">7 a 15 dias \u00fateis, RUSH<\/span><\/td>\n<\/tr>\n<tr style=\"height: 40px; background-color: #99ccff;\">\n<td style=\"width: 22.6796%; height: 24px;\"><span style=\"font-size: 12pt;\"><strong><span style=\"font-family: arial, helvetica, sans-serif;\">Envio<\/span><\/strong><\/span><\/td>\n<td style=\"width: 77.3204%; height: 24px;\"><span style=\"font-family: arial, helvetica, sans-serif; font-size: 12pt;\">A\u00e9reo, Mar\u00edtimo, Expresso<\/span><\/td>\n<\/tr>\n<\/tbody>\n<\/table>","protected":false},"featured_media":5824,"comment_status":"open","ping_status":"closed","template":"","meta":[],"product_brand":[],"product_cat":[26,28,35,18],"product_tag":[],"class_list":{"0":"post-5830","1":"product","2":"type-product","3":"status-publish","4":"has-post-thumbnail","6":"product_cat-food-packaging","7":"product_cat-cbd-packaging","8":"product_cat-mylar-bags","9":"product_cat-zipper-bags","11":"first","12":"instock","13":"shipping-taxable","14":"purchasable","15":"product-type-variable"},"_links":{"self":[{"href":"https:\/\/polysmarts.com\/pt\/wp-json\/wp\/v2\/product\/5830","targetHints":{"allow":["GET"]}}],"collection":[{"href":"https:\/\/polysmarts.com\/pt\/wp-json\/wp\/v2\/product"}],"about":[{"href":"https:\/\/polysmarts.com\/pt\/wp-json\/wp\/v2\/types\/product"}],"replies":[{"embeddable":true,"href":"https:\/\/polysmarts.com\/pt\/wp-json\/wp\/v2\/comments?post=5830"}],"version-history":[{"count":2,"href":"https:\/\/polysmarts.com\/pt\/wp-json\/wp\/v2\/product\/5830\/revisions"}],"predecessor-version":[{"id":5835,"href":"https:\/\/polysmarts.com\/pt\/wp-json\/wp\/v2\/product\/5830\/revisions\/5835"}],"wp:featuredmedia":[{"embeddable":true,"href":"https:\/\/polysmarts.com\/pt\/wp-json\/wp\/v2\/media\/5824"}],"wp:attachment":[{"href":"https:\/\/polysmarts.com\/pt\/wp-json\/wp\/v2\/media?parent=5830"}],"wp:term":[{"taxonomy":"product_brand","embeddable":true,"href":"https:\/\/polysmarts.com\/pt\/wp-json\/wp\/v2\/product_brand?post=5830"},{"taxonomy":"product_cat","embeddable":true,"href":"https:\/\/polysmarts.com\/pt\/wp-json\/wp\/v2\/product_cat?post=5830"},{"taxonomy":"product_tag","embeddable":true,"href":"https:\/\/polysmarts.com\/pt\/wp-json\/wp\/v2\/product_tag?post=5830"}],"curies":[{"name":"wp","href":"https:\/\/api.w.org\/{rel}","templated":true}]}}