{"id":5768,"date":"2026-04-23T11:12:58","date_gmt":"2026-04-23T03:12:58","guid":{"rendered":"https:\/\/polysmarts.com\/?post_type=product&#038;p=5768"},"modified":"2026-04-23T11:27:30","modified_gmt":"2026-04-23T03:27:30","slug":"sacos-plasticos-personalizados-com-logotipo-sacos-de-polietileno-por-atacado","status":"publish","type":"product","link":"https:\/\/polysmarts.com\/pt\/product\/custom-plastic-bags-with-logo-poly-bags-wholesale\/","title":{"rendered":"Sacolas pl\u00e1sticas personalizadas com logotipo - Atacado"},"content":{"rendered":"<h2 data-path-to-node=\"4\"><span style=\"font-size: 14pt;\"><strong>D\u00ea um toque de sofistica\u00e7\u00e3o \u00e0 embalagem da sua marca com sacolas pl\u00e1sticas personalizadas com o seu logotipo.<\/strong><\/span><\/h2>\n<p data-path-to-node=\"5\">Cause uma impress\u00e3o duradoura em seus clientes com as solu\u00e7\u00f5es de embalagem premium da Polysmarts. Somos especializados na fabrica\u00e7\u00e3o de embalagens stand-up pouch de alta qualidade, projetadas para exibir seus produtos de forma elegante, mantendo-os frescos e seguros. Seja para embalar alimentos especiais, cosm\u00e9ticos ou produtos de varejo, nossas solu\u00e7\u00f5es s\u00e3o a escolha ideal. <b data-path-to-node=\"6\" data-index-in-node=\"314\">Sacos pl\u00e1sticos personalizados com logotipo<\/b> Oferecem a combina\u00e7\u00e3o perfeita de durabilidade, funcionalidade e visibilidade da marca.<\/p>\n<p data-path-to-node=\"5\"><b data-path-to-node=\"9,0,0\" data-index-in-node=\"0\">Bolsas vers\u00e1teis do tipo stand-up:<\/b> Projetadas para uma exposi\u00e7\u00e3o ideal no varejo, essas embalagens se mant\u00eam em p\u00e9 sozinhas, maximizando a visibilidade na prateleira e chamando a aten\u00e7\u00e3o do consumidor.<\/p>\n<p data-path-to-node=\"5\"><b data-path-to-node=\"9,1,0\" data-index-in-node=\"0\">Solu\u00e7\u00f5es totalmente personaliz\u00e1veis:<\/b> Embora as embalagens stand-up sejam a nossa especialidade, aceitamos e fabricamos com prazer muitos tipos diferentes de sacos pl\u00e1sticos personalizados para atender perfeitamente \u00e0s dimens\u00f5es e requisitos exclusivos do seu produto.<\/p>\n<p data-path-to-node=\"5\"><b data-path-to-node=\"9,2,0\" data-index-in-node=\"0\">Prote\u00e7\u00e3o Premium:<\/b> Fabricado com materiais dur\u00e1veis e multicamadas para proteger o conte\u00fado contra umidade, ar e luz, garantindo uma vida \u00fatil prolongada.<\/p>\n<p data-path-to-node=\"5\"><b data-path-to-node=\"9,3,0\" data-index-in-node=\"0\">M\u00e1ximo impacto da marca:<\/b> Um logotipo vibrante e impresso profissionalmente em sua embalagem garante que sua marca seja instantaneamente reconhecida, inspire confian\u00e7a e seja lembrada pelo seu p\u00fablico-alvo.<\/p>\n<p data-path-to-node=\"5\">Pronto para aprimorar a apresenta\u00e7\u00e3o do seu produto? Entre em contato com a Polysmarts hoje mesmo para criar embalagens personalizadas que transmitam a qualidade da sua marca!<\/p>","protected":false},"excerpt":{"rendered":"<table style=\"height: 294px; width: 99.8505%; border-collapse: collapse;\" border=\"2\">\n<tbody>\n<tr style=\"height: 28px; background-color: #dbdbdb;\">\n<td style=\"width: 22.6796%; background-color: #ebebeb; height: 31px;\"><span style=\"font-family: arial, helvetica, sans-serif; font-size: 12pt;\"><strong>Unid<\/strong><\/span><\/td>\n<td style=\"width: 77.3204%; background-color: #ebebeb; height: 31px;\"><span style=\"font-family: arial, helvetica, sans-serif; font-size: 12pt;\"><strong> Sacos pl\u00e1sticos personalizados com logotipo<\/strong>, <strong><a href=\"https:\/\/polysmarts.com\/pt\/categoria-de-produto-2\/por-tipo-2\/sacos-de-mylar\/\">Mylar Bags<\/a><\/strong> , Sacos Stand Up<\/span><\/td>\n<\/tr>\n<tr style=\"height: 40px;\">\n<td style=\"width: 22.6796%; height: 30px; background-color: #99ccff;\"><span style=\"font-family: arial, helvetica, sans-serif; font-size: 12pt;\"><strong>Dimens\u00e3o e estilo<\/strong><\/span><\/td>\n<td style=\"width: 77.3204%; height: 30px; background-color: #99ccff;\"><span style=\"font-family: arial, helvetica, sans-serif; font-size: 12pt;\">Formas e tamanhos personalizados<\/span><\/td>\n<\/tr>\n<tr style=\"height: 40px;\">\n<td style=\"width: 22.6796%; height: 34px; background-color: #ebebeb;\"><span style=\"font-size: 12pt;\"><strong><span style=\"font-family: arial, helvetica, sans-serif;\">Quantidade m\u00ednima de pedido<\/span><\/strong><\/span><\/td>\n<td style=\"width: 77.3204%; height: 34px; background-color: #ebebeb;\"><span style=\"font-family: arial, helvetica, sans-serif; font-size: 12pt;\">100 unidades sem personaliza\u00e7\u00e3o, 10.000 unidades com personaliza\u00e7\u00e3o<\/span><\/td>\n<\/tr>\n<tr style=\"height: 40px; background-color: #99ccff;\">\n<td style=\"width: 22.6796%; height: 32px;\"><span style=\"font-size: 12pt;\"><strong><span style=\"font-family: arial, helvetica, sans-serif;\">Tipo de embalagem<\/span><\/strong><\/span><\/td>\n<td style=\"width: 77.3204%; height: 32px;\"><span style=\"font-family: arial, helvetica, sans-serif; font-size: 12pt;\"><a href=\"https:\/\/polysmarts.com\/pt\/embalagens-stand-up-pouch-personalizadas\/\"><strong>Bolsa de p\u00e9<\/strong><\/a> com z\u00edper<\/span><\/td>\n<\/tr>\n<tr style=\"height: 40px; background-color: #ebebeb;\">\n<td style=\"width: 22.6796%; height: 24px;\"><span style=\"font-size: 12pt;\"><strong><span style=\"font-family: arial, helvetica, sans-serif;\">Impress\u00e3o<\/span><\/strong><\/span><\/td>\n<td style=\"width: 77.3204%; height: 24px;\"><span style=\"font-family: arial, helvetica, sans-serif; font-size: 12pt;\">CMYK (1 \u2013 10 cores), Sem impress\u00e3o (simples), Impress\u00e3o digital<\/span><\/td>\n<\/tr>\n<tr style=\"height: 40px; background-color: #99ccff;\">\n<td style=\"width: 22.6796%; height: 32px;\"><span style=\"font-size: 12pt;\"><strong><span style=\"font-family: arial, helvetica, sans-serif;\">Material<\/span><\/strong><\/span><\/td>\n<td style=\"width: 77.3204%; height: 32px;\"><span style=\"font-family: arial, helvetica, sans-serif; font-size: 12pt;\">Material laminado, MOPP+VMPET+PE<\/span><\/td>\n<\/tr>\n<tr style=\"height: 40px; background-color: #ebebeb;\">\n<td style=\"width: 22.6796%; height: 33px;\"><span style=\"font-size: 12pt;\"><strong><span style=\"font-family: arial, helvetica, sans-serif;\">Op\u00e7\u00f5es inclu\u00eddas<\/span><\/strong><\/span><\/td>\n<td style=\"width: 77.3204%; height: 33px;\"><span style=\"font-family: arial, helvetica, sans-serif; font-size: 12pt;\">Corte e vinco, selagem t\u00e9rmica<\/span><\/td>\n<\/tr>\n<tr style=\"height: 40px; background-color: #99ccff;\">\n<td style=\"width: 22.6796%; height: 30px;\"><span style=\"font-size: 12pt;\"><strong><span style=\"font-family: arial, helvetica, sans-serif;\">Recurso<\/span><\/strong><\/span><\/td>\n<td style=\"width: 77.3204%; height: 30px;\"><span style=\"font-family: arial, helvetica, sans-serif; font-size: 12pt;\">\u00c0 prova de odores\/\u00c0 prova de umidade\/Isolamento de oxig\u00eanio\/Prote\u00e7\u00e3o contra sombreamento\/Resist\u00eancia a altas temperaturas\/Material de qualidade alimentar<\/span><\/td>\n<\/tr>\n<tr style=\"height: 40px; background-color: #ebebeb;\">\n<td style=\"width: 22.6796%; height: 24px;\"><span style=\"font-size: 12pt;\"><strong><span style=\"font-family: arial, helvetica, sans-serif;\">Tempo de resposta<\/span><\/strong><\/span><\/td>\n<td style=\"width: 77.3204%; height: 24px;\"><span style=\"font-family: arial, helvetica, sans-serif; font-size: 12pt;\">7 a 15 dias \u00fateis, RUSH<\/span><\/td>\n<\/tr>\n<tr style=\"height: 40px; background-color: #99ccff;\">\n<td style=\"width: 22.6796%; height: 24px;\"><span style=\"font-size: 12pt;\"><strong><span style=\"font-family: arial, helvetica, sans-serif;\">Envio<\/span><\/strong><\/span><\/td>\n<td style=\"width: 77.3204%; height: 24px;\"><span style=\"font-family: arial, helvetica, sans-serif; font-size: 12pt;\">A\u00e9reo, Mar\u00edtimo, Expresso<\/span><\/td>\n<\/tr>\n<\/tbody>\n<\/table>\n<p>&nbsp;<\/p>","protected":false},"featured_media":5767,"comment_status":"open","ping_status":"closed","template":"","meta":[],"product_brand":[],"product_cat":[26,35,18],"product_tag":[],"class_list":{"0":"post-5768","1":"product","2":"type-product","3":"status-publish","4":"has-post-thumbnail","6":"product_cat-food-packaging","7":"product_cat-mylar-bags","8":"product_cat-zipper-bags","10":"first","11":"instock","12":"shipping-taxable","13":"purchasable","14":"product-type-variable"},"_links":{"self":[{"href":"https:\/\/polysmarts.com\/pt\/wp-json\/wp\/v2\/product\/5768","targetHints":{"allow":["GET"]}}],"collection":[{"href":"https:\/\/polysmarts.com\/pt\/wp-json\/wp\/v2\/product"}],"about":[{"href":"https:\/\/polysmarts.com\/pt\/wp-json\/wp\/v2\/types\/product"}],"replies":[{"embeddable":true,"href":"https:\/\/polysmarts.com\/pt\/wp-json\/wp\/v2\/comments?post=5768"}],"version-history":[{"count":2,"href":"https:\/\/polysmarts.com\/pt\/wp-json\/wp\/v2\/product\/5768\/revisions"}],"predecessor-version":[{"id":5773,"href":"https:\/\/polysmarts.com\/pt\/wp-json\/wp\/v2\/product\/5768\/revisions\/5773"}],"wp:featuredmedia":[{"embeddable":true,"href":"https:\/\/polysmarts.com\/pt\/wp-json\/wp\/v2\/media\/5767"}],"wp:attachment":[{"href":"https:\/\/polysmarts.com\/pt\/wp-json\/wp\/v2\/media?parent=5768"}],"wp:term":[{"taxonomy":"product_brand","embeddable":true,"href":"https:\/\/polysmarts.com\/pt\/wp-json\/wp\/v2\/product_brand?post=5768"},{"taxonomy":"product_cat","embeddable":true,"href":"https:\/\/polysmarts.com\/pt\/wp-json\/wp\/v2\/product_cat?post=5768"},{"taxonomy":"product_tag","embeddable":true,"href":"https:\/\/polysmarts.com\/pt\/wp-json\/wp\/v2\/product_tag?post=5768"}],"curies":[{"name":"wp","href":"https:\/\/api.w.org\/{rel}","templated":true}]}}