{"id":5717,"date":"2026-04-03T14:44:36","date_gmt":"2026-04-03T06:44:36","guid":{"rendered":"https:\/\/polysmarts.com\/?post_type=product&#038;p=5717"},"modified":"2026-04-03T14:55:53","modified_gmt":"2026-04-03T06:55:53","slug":"sacos-plasticos-personalizados-tipo-stand-up-pouch-com-baixa-quantidade-minima-de-pedido-moq-da-polysmarts","status":"publish","type":"product","link":"https:\/\/polysmarts.com\/pt\/product\/custom-poly-bags-stand-up-pouches-low-moq-polysmarts\/","title":{"rendered":"Sacos pl\u00e1sticos e embalagens stand-up personalizadas | Quantidade m\u00ednima baixa | Polysmarts"},"content":{"rendered":"<h2 data-path-to-node=\"9\"><span style=\"font-size: 14pt;\"><b data-path-to-node=\"9\" data-index-in-node=\"0\">Sacos pl\u00e1sticos personalizados de alta qualidade \u2013 Solu\u00e7\u00f5es flex\u00edveis para todas as marcas<\/b><\/span><\/h2>\n<p data-path-to-node=\"10\">Procura embalagens profissionais sem grandes compromissos? <b data-path-to-node=\"10\" data-index-in-node=\"65\">Polysmarts<\/b> oferece premium <b data-path-to-node=\"10\" data-index-in-node=\"93\">sacos pl\u00e1sticos personalizados<\/b> e <b data-path-to-node=\"10\" data-index-in-node=\"114\">bolsas de p\u00e9<\/b> Com flexibilidade l\u00edder no setor. Seja para estoque em branco para uso imediato ou embalagens totalmente personalizadas com sua marca, somos seu parceiro direto de f\u00e1brica.<\/p>\n<p data-path-to-node=\"11\"><b data-path-to-node=\"11\" data-index-in-node=\"0\">Nossas op\u00e7\u00f5es flex\u00edveis de pedido:<\/b><\/p>\n<ul data-path-to-node=\"12\">\n<li>\n<p data-path-to-node=\"12,0,0\"><b data-path-to-node=\"12,0,0\" data-index-in-node=\"0\"><a href=\"https:\/\/polysmarts.com\/pt\/categoria-de-produto-2\/bolsas-de-estoque-2\/\">Sacos pl\u00e1sticos lisos<\/a> (Quantidade m\u00ednima de encomenda: 100 unidades):<\/b> Precisa r\u00e1pido? Nosso servi\u00e7o sem impress\u00e3o <b data-path-to-node=\"12,0,0\" data-index-in-node=\"55\">sacos pl\u00e1sticos personalizados<\/b> Est\u00e3o dispon\u00edveis em tamanhos padr\u00e3o com um pedido m\u00ednimo de apenas <b data-path-to-node=\"12,0,0\" data-index-in-node=\"133\">100 pe\u00e7as<\/b>. Ideal para startups e testes em pequenos lotes.<\/p>\n<\/li>\n<li>\n<p data-path-to-node=\"12,1,0\"><b data-path-to-node=\"12,1,0\" data-index-in-node=\"0\">Sacos pl\u00e1sticos com impress\u00e3o digital (quantidade m\u00ednima de 1.000 unidades):<\/b> Obtenha personaliza\u00e7\u00e3o completa e colorida da sua marca. <b data-path-to-node=\"12,1,0\" data-index-in-node=\"66\">sacos pl\u00e1sticos personalizados<\/b> Sem custos adicionais de impress\u00e3o. Ideal para produtos sazonais e marcas com m\u00faltiplos SKUs.<\/p>\n<\/li>\n<li>\n<p data-path-to-node=\"12,2,0\"><b data-path-to-node=\"12,2,0\" data-index-in-node=\"0\">Sacos pl\u00e1sticos com impress\u00e3o em rotogravura (quantidade m\u00ednima de 10.000 unidades):<\/b> A solu\u00e7\u00e3o definitiva para redu\u00e7\u00e3o de custos em pedidos de grande volume, oferecendo a mais alta precis\u00e3o para o seu neg\u00f3cio. <b data-path-to-node=\"12,2,0\" data-index-in-node=\"133\">bolsas de p\u00e9<\/b>.<\/p>\n<\/li>\n<\/ul>\n<p data-path-to-node=\"13\"><b data-path-to-node=\"13\" data-index-in-node=\"0\">Por que Polysmarts?<\/b> Desde prote\u00e7\u00e3o de alta barreira at\u00e9 refor\u00e7os inferiores robustos, nossos <b data-path-to-node=\"13\" data-index-in-node=\"75\">sacos pl\u00e1sticos personalizados<\/b> Garanta que seus produtos permane\u00e7am frescos e com boa apresenta\u00e7\u00e3o nas prateleiras.<\/p>","protected":false},"excerpt":{"rendered":"<table style=\"height: 294px; width: 99.8505%; border-collapse: collapse;\" border=\"2\">\n<tbody>\n<tr style=\"height: 28px; background-color: #dbdbdb;\">\n<td style=\"width: 22.6796%; background-color: #ebebeb; height: 31px;\"><span style=\"font-family: arial, helvetica, sans-serif; font-size: 12pt;\"><strong>Unid<\/strong><\/span><\/td>\n<td style=\"width: 77.3204%; background-color: #ebebeb; height: 31px;\"><span style=\"font-family: arial, helvetica, sans-serif; font-size: 12pt;\"><strong><a href=\"https:\/\/polysmarts.com\/pt\/categoria-de-produto-2\/por-tipo-2\/sacos-de-mylar\/\">Sacos Mylar personalizados por atacado<\/a><\/strong> \/ Sacos pl\u00e1sticos personalizados<\/span><\/td>\n<\/tr>\n<tr style=\"height: 40px;\">\n<td style=\"width: 22.6796%; height: 30px; background-color: #99ccff;\"><span style=\"font-family: arial, helvetica, sans-serif; font-size: 12pt;\"><strong>Dimens\u00e3o e estilo<\/strong><\/span><\/td>\n<td style=\"width: 77.3204%; height: 30px; background-color: #99ccff;\"><span style=\"font-family: arial, helvetica, sans-serif; font-size: 12pt;\">Formas e tamanhos personalizados<\/span><\/td>\n<\/tr>\n<tr style=\"height: 40px;\">\n<td style=\"width: 22.6796%; height: 34px; background-color: #ebebeb;\"><span style=\"font-size: 12pt;\"><strong><span style=\"font-family: arial, helvetica, sans-serif;\">Quantidade m\u00ednima de pedido<\/span><\/strong><\/span><\/td>\n<td style=\"width: 77.3204%; height: 34px; background-color: #ebebeb;\"><span style=\"font-family: arial, helvetica, sans-serif; font-size: 12pt;\">100 unidades sem personaliza\u00e7\u00e3o, 10.000 unidades com personaliza\u00e7\u00e3o<\/span><\/td>\n<\/tr>\n<tr style=\"height: 40px; background-color: #99ccff;\">\n<td style=\"width: 22.6796%; height: 32px;\"><span style=\"font-size: 12pt;\"><strong><span style=\"font-family: arial, helvetica, sans-serif;\">Tipo de embalagem<\/span><\/strong><\/span><\/td>\n<td style=\"width: 77.3204%; height: 32px;\"><span style=\"font-family: arial, helvetica, sans-serif; font-size: 12pt;\"><a href=\"https:\/\/polysmarts.com\/pt\/embalagens-stand-up-pouch-personalizadas\/\"><strong>Bolsa de p\u00e9<\/strong><\/a> com z\u00edper<\/span><\/td>\n<\/tr>\n<tr style=\"height: 40px; background-color: #ebebeb;\">\n<td style=\"width: 22.6796%; height: 24px;\"><span style=\"font-size: 12pt;\"><strong><span style=\"font-family: arial, helvetica, sans-serif;\">Impress\u00e3o<\/span><\/strong><\/span><\/td>\n<td style=\"width: 77.3204%; height: 24px;\"><span style=\"font-family: arial, helvetica, sans-serif; font-size: 12pt;\">CMYK (1 \u2013 10 cores), Sem impress\u00e3o (simples), Impress\u00e3o digital<\/span><\/td>\n<\/tr>\n<tr style=\"height: 40px; background-color: #99ccff;\">\n<td style=\"width: 22.6796%; height: 32px;\"><span style=\"font-size: 12pt;\"><strong><span style=\"font-family: arial, helvetica, sans-serif;\">Material<\/span><\/strong><\/span><\/td>\n<td style=\"width: 77.3204%; height: 32px;\"><span style=\"font-family: arial, helvetica, sans-serif; font-size: 12pt;\">Material laminado, MOPP+VMPET+PE<\/span><\/td>\n<\/tr>\n<tr style=\"height: 40px; background-color: #ebebeb;\">\n<td style=\"width: 22.6796%; height: 33px;\"><span style=\"font-size: 12pt;\"><strong><span style=\"font-family: arial, helvetica, sans-serif;\">Op\u00e7\u00f5es inclu\u00eddas<\/span><\/strong><\/span><\/td>\n<td style=\"width: 77.3204%; height: 33px;\"><span style=\"font-family: arial, helvetica, sans-serif; font-size: 12pt;\">Corte e vinco, selagem t\u00e9rmica<\/span><\/td>\n<\/tr>\n<tr style=\"height: 40px; background-color: #99ccff;\">\n<td style=\"width: 22.6796%; height: 30px;\"><span style=\"font-size: 12pt;\"><strong><span style=\"font-family: arial, helvetica, sans-serif;\">Recurso<\/span><\/strong><\/span><\/td>\n<td style=\"width: 77.3204%; height: 30px;\"><span style=\"font-family: arial, helvetica, sans-serif; font-size: 12pt;\">\u00c0 prova de odores\/\u00c0 prova de umidade\/Isolamento de oxig\u00eanio\/Prote\u00e7\u00e3o contra sombreamento\/Resist\u00eancia a altas temperaturas\/Material de qualidade alimentar<\/span><\/td>\n<\/tr>\n<tr style=\"height: 40px; background-color: #ebebeb;\">\n<td style=\"width: 22.6796%; height: 24px;\"><span style=\"font-size: 12pt;\"><strong><span style=\"font-family: arial, helvetica, sans-serif;\">Tempo de resposta<\/span><\/strong><\/span><\/td>\n<td style=\"width: 77.3204%; height: 24px;\"><span style=\"font-family: arial, helvetica, sans-serif; font-size: 12pt;\">7 a 15 dias \u00fateis, RUSH<\/span><\/td>\n<\/tr>\n<tr style=\"height: 40px; background-color: #99ccff;\">\n<td style=\"width: 22.6796%; height: 24px;\"><span style=\"font-size: 12pt;\"><strong><span style=\"font-family: arial, helvetica, sans-serif;\">Envio<\/span><\/strong><\/span><\/td>\n<td style=\"width: 77.3204%; height: 24px;\"><span style=\"font-family: arial, helvetica, sans-serif; font-size: 12pt;\">A\u00e9reo, Mar\u00edtimo, Expresso<\/span><\/td>\n<\/tr>\n<\/tbody>\n<\/table>","protected":false},"featured_media":5716,"comment_status":"open","ping_status":"closed","template":"","meta":[],"product_brand":[],"product_cat":[26,28,35,18],"product_tag":[],"class_list":{"0":"post-5717","1":"product","2":"type-product","3":"status-publish","4":"has-post-thumbnail","6":"product_cat-food-packaging","7":"product_cat-cbd-packaging","8":"product_cat-mylar-bags","9":"product_cat-zipper-bags","11":"first","12":"instock","13":"shipping-taxable","14":"purchasable","15":"product-type-variable"},"_links":{"self":[{"href":"https:\/\/polysmarts.com\/pt\/wp-json\/wp\/v2\/product\/5717","targetHints":{"allow":["GET"]}}],"collection":[{"href":"https:\/\/polysmarts.com\/pt\/wp-json\/wp\/v2\/product"}],"about":[{"href":"https:\/\/polysmarts.com\/pt\/wp-json\/wp\/v2\/types\/product"}],"replies":[{"embeddable":true,"href":"https:\/\/polysmarts.com\/pt\/wp-json\/wp\/v2\/comments?post=5717"}],"version-history":[{"count":3,"href":"https:\/\/polysmarts.com\/pt\/wp-json\/wp\/v2\/product\/5717\/revisions"}],"predecessor-version":[{"id":5723,"href":"https:\/\/polysmarts.com\/pt\/wp-json\/wp\/v2\/product\/5717\/revisions\/5723"}],"wp:featuredmedia":[{"embeddable":true,"href":"https:\/\/polysmarts.com\/pt\/wp-json\/wp\/v2\/media\/5716"}],"wp:attachment":[{"href":"https:\/\/polysmarts.com\/pt\/wp-json\/wp\/v2\/media?parent=5717"}],"wp:term":[{"taxonomy":"product_brand","embeddable":true,"href":"https:\/\/polysmarts.com\/pt\/wp-json\/wp\/v2\/product_brand?post=5717"},{"taxonomy":"product_cat","embeddable":true,"href":"https:\/\/polysmarts.com\/pt\/wp-json\/wp\/v2\/product_cat?post=5717"},{"taxonomy":"product_tag","embeddable":true,"href":"https:\/\/polysmarts.com\/pt\/wp-json\/wp\/v2\/product_tag?post=5717"}],"curies":[{"name":"wp","href":"https:\/\/api.w.org\/{rel}","templated":true}]}}