{"id":5637,"date":"2026-02-25T13:07:12","date_gmt":"2026-02-25T05:07:12","guid":{"rendered":"https:\/\/polysmarts.com\/?post_type=product&#038;p=5637"},"modified":"2026-02-25T14:45:38","modified_gmt":"2026-02-25T06:45:38","slug":"sacos-de-mylar-transparentes-e-brancos-para-embalagens-personalizadas-no-atacado","status":"publish","type":"product","link":"https:\/\/polysmarts.com\/pt\/product\/clear-and-white-mylar-bags-custom-wholesale-packaging\/","title":{"rendered":"Sacos de Mylar transparentes e brancos | Embalagens personalizadas e para atacado"},"content":{"rendered":"<p data-start=\"1174\" data-end=\"1500\">Nosso <strong data-start=\"1178\" data-end=\"1208\">Sacos de mylar transparentes e brancos<\/strong> S\u00e3o projetadas para oferecer prote\u00e7\u00e3o superior contra umidade, oxig\u00eanio e luz, mantendo uma apar\u00eancia limpa e profissional. Combinando uma frente transparente com um verso branco s\u00f3lido (ou op\u00e7\u00e3o totalmente branca), essas embalagens de mylar s\u00e3o ideais para exibir produtos, protegendo-os da umidade, do oxig\u00eanio e da luz.<\/p>\n<p data-start=\"1502\" data-end=\"1662\">Fabricadas com materiais laminados de alta qualidade, nossas sacolas de mylar transparentes e brancas oferecem excelente durabilidade e resist\u00eancia a perfura\u00e7\u00f5es. Elas s\u00e3o amplamente utilizadas para:<\/p>\n<ul data-start=\"1664\" data-end=\"1800\">\n<li data-start=\"1664\" data-end=\"1694\">\n<p data-start=\"1666\" data-end=\"1694\">Embalagens de cannabis e CBD<\/p>\n<\/li>\n<li data-start=\"1695\" data-end=\"1722\">\n<p data-start=\"1697\" data-end=\"1722\">Armazenamento de alimentos e lanches<\/p>\n<\/li>\n<li data-start=\"1723\" data-end=\"1751\">\n<p data-start=\"1725\" data-end=\"1751\">Embalagens para caf\u00e9 e ch\u00e1<\/p>\n<\/li>\n<li data-start=\"1752\" data-end=\"1775\">\n<p data-start=\"1754\" data-end=\"1775\">Suplementos alimentares<\/p>\n<\/li>\n<li data-start=\"1776\" data-end=\"1800\">\n<p data-start=\"1778\" data-end=\"1800\">P\u00f3 e produtos secos<\/p>\n<\/li>\n<\/ul>\n<p data-start=\"1802\" data-end=\"2005\">A janela transparente aumenta a visibilidade do produto, ajudando a refor\u00e7ar a confian\u00e7a do cliente e a seguran\u00e7a na compra. O fundo branco oferece uma superf\u00edcie limpa para a marca, r\u00f3tulos de ingredientes e informa\u00e7\u00f5es de conformidade.<\/p>\n<p data-start=\"2007\" data-end=\"2053\">Oferecemos op\u00e7\u00f5es totalmente personaliz\u00e1veis, incluindo:<\/p>\n<ul data-start=\"2055\" data-end=\"2198\">\n<li data-start=\"2055\" data-end=\"2085\">\n<p data-start=\"2057\" data-end=\"2085\">Tamanhos e espessuras personalizados<\/p>\n<\/li>\n<li data-start=\"2086\" data-end=\"2112\">\n<p data-start=\"2088\" data-end=\"2112\">Acabamento fosco ou brilhante<\/p>\n<\/li>\n<li data-start=\"2113\" data-end=\"2144\">\n<p data-start=\"2115\" data-end=\"2144\">Fechos tipo ziplock reutiliz\u00e1veis<\/p>\n<\/li>\n<li data-start=\"2145\" data-end=\"2173\">\n<p data-start=\"2147\" data-end=\"2173\">Entalhe para rasgar e furo para pendurar<\/p>\n<\/li>\n<li data-start=\"2174\" data-end=\"2198\">\n<p data-start=\"2176\" data-end=\"2198\">Impress\u00e3o de logotipo personalizada<\/p>\n<\/li>\n<\/ul>\n<p data-start=\"2200\" data-end=\"2360\">Seja voc\u00ea uma marca iniciante ou um distribuidor consolidado, nossas embalagens de mylar transparentes e brancas para atacado oferecem uma solu\u00e7\u00e3o de embalagem premium e com \u00f3timo custo-benef\u00edcio.<\/p>","protected":false},"excerpt":{"rendered":"<table style=\"height: 294px; width: 99.8505%; border-collapse: collapse;\" border=\"2\">\n<tbody>\n<tr style=\"height: 28px; background-color: #dbdbdb;\">\n<td style=\"width: 22.6796%; background-color: #ebebeb; height: 31px;\"><span style=\"font-family: arial, helvetica, sans-serif; font-size: 12pt;\"><strong>Unid<\/strong><\/span><\/td>\n<td style=\"width: 77.3204%; background-color: #ebebeb; height: 31px;\"><span style=\"font-family: arial, helvetica, sans-serif; font-size: 12pt;\"><strong><a href=\"https:\/\/polysmarts.com\/pt\/categoria-de-produto-2\/por-tipo-2\/sacos-de-mylar\/\">Sacos Mylar personalizados por atacado<\/a><\/strong>\u00a0<\/span><\/td>\n<\/tr>\n<tr style=\"height: 40px;\">\n<td style=\"width: 22.6796%; height: 30px; background-color: #99ccff;\"><span style=\"font-family: arial, helvetica, sans-serif; font-size: 12pt;\"><strong>Dimens\u00e3o e estilo<\/strong><\/span><\/td>\n<td style=\"width: 77.3204%; height: 30px; background-color: #99ccff;\"><span style=\"font-family: arial, helvetica, sans-serif; font-size: 12pt;\">Formas e tamanhos personalizados<\/span><\/td>\n<\/tr>\n<tr style=\"height: 40px;\">\n<td style=\"width: 22.6796%; height: 34px; background-color: #ebebeb;\"><span style=\"font-size: 12pt;\"><strong><span style=\"font-family: arial, helvetica, sans-serif;\">Quantidade m\u00ednima de pedido<\/span><\/strong><\/span><\/td>\n<td style=\"width: 77.3204%; height: 34px; background-color: #ebebeb;\"><span style=\"font-family: arial, helvetica, sans-serif; font-size: 12pt;\">100 unidades sem personaliza\u00e7\u00e3o, 10.000 unidades com personaliza\u00e7\u00e3o<\/span><\/td>\n<\/tr>\n<tr style=\"height: 40px; background-color: #99ccff;\">\n<td style=\"width: 22.6796%; height: 32px;\"><span style=\"font-size: 12pt;\"><strong><span style=\"font-family: arial, helvetica, sans-serif;\">Tipo de embalagem<\/span><\/strong><\/span><\/td>\n<td style=\"width: 77.3204%; height: 32px;\"><span style=\"font-family: arial, helvetica, sans-serif; font-size: 12pt;\"><a href=\"https:\/\/polysmarts.com\/pt\/embalagens-stand-up-pouch-personalizadas\/\"><strong>Bolsa de p\u00e9<\/strong><\/a> com z\u00edper<\/span><\/td>\n<\/tr>\n<tr style=\"height: 40px; background-color: #ebebeb;\">\n<td style=\"width: 22.6796%; height: 24px;\"><span style=\"font-size: 12pt;\"><strong><span style=\"font-family: arial, helvetica, sans-serif;\">Impress\u00e3o<\/span><\/strong><\/span><\/td>\n<td style=\"width: 77.3204%; height: 24px;\"><span style=\"font-family: arial, helvetica, sans-serif; font-size: 12pt;\">CMYK (1 \u2013 10 cores), Sem impress\u00e3o (simples), Impress\u00e3o digital<\/span><\/td>\n<\/tr>\n<tr style=\"height: 40px; background-color: #99ccff;\">\n<td style=\"width: 22.6796%; height: 32px;\"><span style=\"font-size: 12pt;\"><strong><span style=\"font-family: arial, helvetica, sans-serif;\">Material<\/span><\/strong><\/span><\/td>\n<td style=\"width: 77.3204%; height: 32px;\"><span style=\"font-family: arial, helvetica, sans-serif; font-size: 12pt;\">Material laminado, MOPP+VMPET+PE<\/span><\/td>\n<\/tr>\n<tr style=\"height: 40px; background-color: #ebebeb;\">\n<td style=\"width: 22.6796%; height: 33px;\"><span style=\"font-size: 12pt;\"><strong><span style=\"font-family: arial, helvetica, sans-serif;\">Op\u00e7\u00f5es inclu\u00eddas<\/span><\/strong><\/span><\/td>\n<td style=\"width: 77.3204%; height: 33px;\"><span style=\"font-family: arial, helvetica, sans-serif; font-size: 12pt;\">Corte e vinco, selagem t\u00e9rmica<\/span><\/td>\n<\/tr>\n<tr style=\"height: 40px; background-color: #99ccff;\">\n<td style=\"width: 22.6796%; height: 30px;\"><span style=\"font-size: 12pt;\"><strong><span style=\"font-family: arial, helvetica, sans-serif;\">Recurso<\/span><\/strong><\/span><\/td>\n<td style=\"width: 77.3204%; height: 30px;\"><span style=\"font-family: arial, helvetica, sans-serif; font-size: 12pt;\">\u00c0 prova de odores\/\u00c0 prova de umidade\/Isolamento de oxig\u00eanio\/Prote\u00e7\u00e3o contra sombreamento\/Resist\u00eancia a altas temperaturas\/Material de qualidade alimentar<\/span><\/td>\n<\/tr>\n<tr style=\"height: 40px; background-color: #ebebeb;\">\n<td style=\"width: 22.6796%; height: 24px;\"><span style=\"font-size: 12pt;\"><strong><span style=\"font-family: arial, helvetica, sans-serif;\">Tempo de resposta<\/span><\/strong><\/span><\/td>\n<td style=\"width: 77.3204%; height: 24px;\"><span style=\"font-family: arial, helvetica, sans-serif; font-size: 12pt;\">7 a 15 dias \u00fateis, RUSH<\/span><\/td>\n<\/tr>\n<tr style=\"height: 40px; background-color: #99ccff;\">\n<td style=\"width: 22.6796%; height: 24px;\"><span style=\"font-size: 12pt;\"><strong><span style=\"font-family: arial, helvetica, sans-serif;\">Envio<\/span><\/strong><\/span><\/td>\n<td style=\"width: 77.3204%; height: 24px;\"><span style=\"font-family: arial, helvetica, sans-serif; font-size: 12pt;\">A\u00e9reo, Mar\u00edtimo, Expresso<\/span><\/td>\n<\/tr>\n<\/tbody>\n<\/table>","protected":false},"featured_media":5630,"comment_status":"open","ping_status":"closed","template":"","meta":[],"product_brand":[],"product_cat":[26,28,35,18],"product_tag":[],"class_list":{"0":"post-5637","1":"product","2":"type-product","3":"status-publish","4":"has-post-thumbnail","6":"product_cat-food-packaging","7":"product_cat-cbd-packaging","8":"product_cat-mylar-bags","9":"product_cat-zipper-bags","11":"first","12":"instock","13":"shipping-taxable","14":"purchasable","15":"product-type-variable"},"_links":{"self":[{"href":"https:\/\/polysmarts.com\/pt\/wp-json\/wp\/v2\/product\/5637","targetHints":{"allow":["GET"]}}],"collection":[{"href":"https:\/\/polysmarts.com\/pt\/wp-json\/wp\/v2\/product"}],"about":[{"href":"https:\/\/polysmarts.com\/pt\/wp-json\/wp\/v2\/types\/product"}],"replies":[{"embeddable":true,"href":"https:\/\/polysmarts.com\/pt\/wp-json\/wp\/v2\/comments?post=5637"}],"version-history":[{"count":3,"href":"https:\/\/polysmarts.com\/pt\/wp-json\/wp\/v2\/product\/5637\/revisions"}],"predecessor-version":[{"id":5643,"href":"https:\/\/polysmarts.com\/pt\/wp-json\/wp\/v2\/product\/5637\/revisions\/5643"}],"wp:featuredmedia":[{"embeddable":true,"href":"https:\/\/polysmarts.com\/pt\/wp-json\/wp\/v2\/media\/5630"}],"wp:attachment":[{"href":"https:\/\/polysmarts.com\/pt\/wp-json\/wp\/v2\/media?parent=5637"}],"wp:term":[{"taxonomy":"product_brand","embeddable":true,"href":"https:\/\/polysmarts.com\/pt\/wp-json\/wp\/v2\/product_brand?post=5637"},{"taxonomy":"product_cat","embeddable":true,"href":"https:\/\/polysmarts.com\/pt\/wp-json\/wp\/v2\/product_cat?post=5637"},{"taxonomy":"product_tag","embeddable":true,"href":"https:\/\/polysmarts.com\/pt\/wp-json\/wp\/v2\/product_tag?post=5637"}],"curies":[{"name":"wp","href":"https:\/\/api.w.org\/{rel}","templated":true}]}}