{"id":5617,"date":"2026-02-06T16:05:28","date_gmt":"2026-02-06T08:05:28","guid":{"rendered":"https:\/\/polysmarts.com\/?post_type=product&#038;p=5617"},"modified":"2026-02-06T18:17:19","modified_gmt":"2026-02-06T10:17:19","slug":"sacos-de-embalagem-personalizados-para-cannabis-solucoes-duraveis-e-ecologicas-da-polysmarts","status":"publish","type":"product","link":"https:\/\/polysmarts.com\/pt\/product\/custom-cannabis-packaging-bags-polysmarts-durable-eco-friendly-solutions\/","title":{"rendered":"Sacos de embalagem personalizados para cannabis | Polysmarts \u2013 Solu\u00e7\u00f5es dur\u00e1veis e ecol\u00f3gicas"},"content":{"rendered":"<h2><strong><span style=\"font-size: 14pt;\">Embalagens personalizadas para cannabis da sua marca \u2013 dur\u00e1veis, ecol\u00f3gicas e em conformidade com as normas.<\/span><\/strong><\/h2>\n<p data-start=\"658\" data-end=\"928\">No <strong data-start=\"661\" data-end=\"675\">Polysmarts<\/strong>, Somos especializados em fabrica\u00e7\u00e3o. <strong data-start=\"708\" data-end=\"742\">embalagens personalizadas para cannabis<\/strong> que combinam durabilidade, conformidade e sustentabilidade. Nossas solu\u00e7\u00f5es de embalagem s\u00e3o projetadas para preservar o frescor de seus produtos de cannabis, estando em conformidade com os padr\u00f5es da ind\u00fastria.<\/p>\n<p data-start=\"930\" data-end=\"1268\">Seja voc\u00ea um dispens\u00e1rio, uma marca ou um produtor, nosso <strong data-start=\"983\" data-end=\"1007\">sacos personalizados para cannabis<\/strong> S\u00e3o personalizadas para atender \u00e0s suas necessidades espec\u00edficas, com uma variedade de tamanhos, materiais e op\u00e7\u00f5es de design \u00e0 sua escolha. Com \u00eanfase na sustentabilidade, nossas op\u00e7\u00f5es de embalagem n\u00e3o apenas protegem seu produto, como tamb\u00e9m est\u00e3o alinhadas ao compromisso da sua marca com a preserva\u00e7\u00e3o ambiental.<\/p>\n<p data-start=\"1270\" data-end=\"1302\">Nosso <strong data-start=\"1274\" data-end=\"1294\">embalagens personalizadas<\/strong> ofertas:<\/p>\n<ul data-start=\"1303\" data-end=\"1705\">\n<li data-start=\"1303\" data-end=\"1407\">\n<p data-start=\"1305\" data-end=\"1407\"><strong data-start=\"1305\" data-end=\"1319\">Durabilidade<\/strong>Materiais resistentes e de alta qualidade para proteger seu cannabis da umidade, luz e ar.<\/p>\n<\/li>\n<li data-start=\"1408\" data-end=\"1487\">\n<p data-start=\"1410\" data-end=\"1487\"><strong data-start=\"1410\" data-end=\"1424\">Conformidade<\/strong>Embalagem que atenda \u00e0s normas legais para produtos de cannabis.<\/p>\n<\/li>\n<li data-start=\"1488\" data-end=\"1588\">\n<p data-start=\"1490\" data-end=\"1588\"><strong data-start=\"1490\" data-end=\"1514\">Op\u00e7\u00f5es ecol\u00f3gicas<\/strong>Materiais ecologicamente corretos que minimizam sua pegada de carbono.<\/p>\n<\/li>\n<li data-start=\"1589\" data-end=\"1705\">\n<p data-start=\"1591\" data-end=\"1705\"><strong data-start=\"1591\" data-end=\"1610\">Identidade Visual Personalizada<\/strong>Crie sacolas personalizadas que reflitam a identidade \u00fanica da sua marca com nossas t\u00e9cnicas avan\u00e7adas de impress\u00e3o.<\/p>\n<\/li>\n<\/ul>\n<p data-start=\"1707\" data-end=\"1761\"><strong data-start=\"1707\" data-end=\"1761\">Por que escolher a Polysmarts para a embalagem do seu produto de cannabis?<\/strong><\/p>\n<ul data-start=\"1763\" data-end=\"2153\">\n<li data-start=\"1763\" data-end=\"1876\">\n<p data-start=\"1765\" data-end=\"1876\"><strong data-start=\"1765\" data-end=\"1796\">Embalagem confi\u00e1vel e segura<\/strong>Garantir a seguran\u00e7a e a integridade do seu produto desde a produ\u00e7\u00e3o at\u00e9 a entrega.<\/p>\n<\/li>\n<li data-start=\"1877\" data-end=\"1998\">\n<p data-start=\"1879\" data-end=\"1998\"><strong data-start=\"1879\" data-end=\"1901\">Experi\u00eancia no setor<\/strong>Anos de experi\u00eancia na ind\u00fastria de embalagens personalizadas, especialmente para produtos relacionados \u00e0 cannabis.<\/p>\n<\/li>\n<li data-start=\"1999\" data-end=\"2153\">\n<p data-start=\"2001\" data-end=\"2153\"><strong data-start=\"2001\" data-end=\"2020\">Prazo de entrega r\u00e1pido<\/strong>Entendemos a urg\u00eancia de lan\u00e7ar seu produto no mercado dentro do prazo, e nosso processo de produ\u00e7\u00e3o foi projetado para atender aos seus prazos.<\/p>\n<\/li>\n<\/ul>\n<p data-start=\"2155\" data-end=\"2459\">Se voc\u00ea deseja embalar flores, comest\u00edveis, concentrados ou qualquer outro produto de cannabis, <strong data-start=\"2252\" data-end=\"2266\">Polysmarts<\/strong> \u00e9 a sua fonte de refer\u00eancia para <strong data-start=\"2292\" data-end=\"2326\">embalagens personalizadas para cannabis<\/strong>. Confie em n\u00f3s para fornecer embalagens de alta qualidade, em conformidade com as normas e sustent\u00e1veis, que mant\u00eam seus produtos frescos e sua marca com uma \u00f3tima apar\u00eancia.<\/p>","protected":false},"excerpt":{"rendered":"<table style=\"height: 294px; width: 99.8505%; border-collapse: collapse;\" border=\"2\">\n<tbody>\n<tr style=\"height: 28px; background-color: #dbdbdb;\">\n<td style=\"width: 22.6796%; background-color: #ebebeb; height: 31px;\"><span style=\"font-family: arial, helvetica, sans-serif; font-size: 12pt;\"><strong>Unid<\/strong><\/span><\/td>\n<td style=\"width: 77.3204%; background-color: #ebebeb; height: 31px;\"><span style=\"font-family: arial, helvetica, sans-serif; font-size: 12pt;\"><strong><a href=\"https:\/\/polysmarts.com\/pt\/categoria-de-produto-2\/por-tipo-2\/sacos-de-mylar\/\">Sacos Mylar personalizados por atacado<\/a><\/strong>\u00a0<\/span><\/td>\n<\/tr>\n<tr style=\"height: 40px;\">\n<td style=\"width: 22.6796%; height: 30px; background-color: #99ccff;\"><span style=\"font-family: arial, helvetica, sans-serif; font-size: 12pt;\"><strong>Dimens\u00e3o e estilo<\/strong><\/span><\/td>\n<td style=\"width: 77.3204%; height: 30px; background-color: #99ccff;\"><span style=\"font-family: arial, helvetica, sans-serif; font-size: 12pt;\">Formas e tamanhos personalizados<\/span><\/td>\n<\/tr>\n<tr style=\"height: 40px;\">\n<td style=\"width: 22.6796%; height: 34px; background-color: #ebebeb;\"><span style=\"font-size: 12pt;\"><strong><span style=\"font-family: arial, helvetica, sans-serif;\">Quantidade m\u00ednima de pedido<\/span><\/strong><\/span><\/td>\n<td style=\"width: 77.3204%; height: 34px; background-color: #ebebeb;\"><span style=\"font-family: arial, helvetica, sans-serif; font-size: 12pt;\">100 unidades sem personaliza\u00e7\u00e3o, 10.000 unidades com personaliza\u00e7\u00e3o<\/span><\/td>\n<\/tr>\n<tr style=\"height: 40px; background-color: #99ccff;\">\n<td style=\"width: 22.6796%; height: 32px;\"><span style=\"font-size: 12pt;\"><strong><span style=\"font-family: arial, helvetica, sans-serif;\">Tipo de embalagem<\/span><\/strong><\/span><\/td>\n<td style=\"width: 77.3204%; height: 32px;\"><span style=\"font-family: arial, helvetica, sans-serif; font-size: 12pt;\"><a href=\"https:\/\/polysmarts.com\/pt\/embalagens-stand-up-pouch-personalizadas\/\"><strong>Bolsa de p\u00e9<\/strong><\/a> com z\u00edper<\/span><\/td>\n<\/tr>\n<tr style=\"height: 40px; background-color: #ebebeb;\">\n<td style=\"width: 22.6796%; height: 24px;\"><span style=\"font-size: 12pt;\"><strong><span style=\"font-family: arial, helvetica, sans-serif;\">Impress\u00e3o<\/span><\/strong><\/span><\/td>\n<td style=\"width: 77.3204%; height: 24px;\"><span style=\"font-family: arial, helvetica, sans-serif; font-size: 12pt;\">CMYK (1 \u2013 10 cores), Sem impress\u00e3o (simples), Impress\u00e3o digital<\/span><\/td>\n<\/tr>\n<tr style=\"height: 40px; background-color: #99ccff;\">\n<td style=\"width: 22.6796%; height: 32px;\"><span style=\"font-size: 12pt;\"><strong><span style=\"font-family: arial, helvetica, sans-serif;\">Material<\/span><\/strong><\/span><\/td>\n<td style=\"width: 77.3204%; height: 32px;\"><span style=\"font-family: arial, helvetica, sans-serif; font-size: 12pt;\">Material laminado, MOPP+VMPET+PE<\/span><\/td>\n<\/tr>\n<tr style=\"height: 40px; background-color: #ebebeb;\">\n<td style=\"width: 22.6796%; height: 33px;\"><span style=\"font-size: 12pt;\"><strong><span style=\"font-family: arial, helvetica, sans-serif;\">Op\u00e7\u00f5es inclu\u00eddas<\/span><\/strong><\/span><\/td>\n<td style=\"width: 77.3204%; height: 33px;\"><span style=\"font-family: arial, helvetica, sans-serif; font-size: 12pt;\">Corte e vinco, selagem t\u00e9rmica<\/span><\/td>\n<\/tr>\n<tr style=\"height: 40px; background-color: #99ccff;\">\n<td style=\"width: 22.6796%; height: 30px;\"><span style=\"font-size: 12pt;\"><strong><span style=\"font-family: arial, helvetica, sans-serif;\">Recurso<\/span><\/strong><\/span><\/td>\n<td style=\"width: 77.3204%; height: 30px;\"><span style=\"font-family: arial, helvetica, sans-serif; font-size: 12pt;\">\u00c0 prova de odores\/\u00c0 prova de umidade\/Isolamento de oxig\u00eanio\/Prote\u00e7\u00e3o contra sombreamento\/Resist\u00eancia a altas temperaturas\/Material de qualidade alimentar<\/span><\/td>\n<\/tr>\n<tr style=\"height: 40px; background-color: #ebebeb;\">\n<td style=\"width: 22.6796%; height: 24px;\"><span style=\"font-size: 12pt;\"><strong><span style=\"font-family: arial, helvetica, sans-serif;\">Tempo de resposta<\/span><\/strong><\/span><\/td>\n<td style=\"width: 77.3204%; height: 24px;\"><span style=\"font-family: arial, helvetica, sans-serif; font-size: 12pt;\">7 a 15 dias \u00fateis, RUSH<\/span><\/td>\n<\/tr>\n<tr style=\"height: 40px; background-color: #99ccff;\">\n<td style=\"width: 22.6796%; height: 24px;\"><span style=\"font-size: 12pt;\"><strong><span style=\"font-family: arial, helvetica, sans-serif;\">Envio<\/span><\/strong><\/span><\/td>\n<td style=\"width: 77.3204%; height: 24px;\"><span style=\"font-family: arial, helvetica, sans-serif; font-size: 12pt;\">A\u00e9reo, Mar\u00edtimo, Expresso<\/span><\/td>\n<\/tr>\n<\/tbody>\n<\/table>\n<p>\u00a0<\/p>","protected":false},"featured_media":5621,"comment_status":"open","ping_status":"closed","template":"","meta":[],"product_brand":[],"product_cat":[26,28,35,18],"product_tag":[],"class_list":{"0":"post-5617","1":"product","2":"type-product","3":"status-publish","4":"has-post-thumbnail","6":"product_cat-food-packaging","7":"product_cat-cbd-packaging","8":"product_cat-mylar-bags","9":"product_cat-zipper-bags","11":"first","12":"instock","13":"shipping-taxable","14":"purchasable","15":"product-type-variable"},"_links":{"self":[{"href":"https:\/\/polysmarts.com\/pt\/wp-json\/wp\/v2\/product\/5617","targetHints":{"allow":["GET"]}}],"collection":[{"href":"https:\/\/polysmarts.com\/pt\/wp-json\/wp\/v2\/product"}],"about":[{"href":"https:\/\/polysmarts.com\/pt\/wp-json\/wp\/v2\/types\/product"}],"replies":[{"embeddable":true,"href":"https:\/\/polysmarts.com\/pt\/wp-json\/wp\/v2\/comments?post=5617"}],"version-history":[{"count":1,"href":"https:\/\/polysmarts.com\/pt\/wp-json\/wp\/v2\/product\/5617\/revisions"}],"predecessor-version":[{"id":5627,"href":"https:\/\/polysmarts.com\/pt\/wp-json\/wp\/v2\/product\/5617\/revisions\/5627"}],"wp:featuredmedia":[{"embeddable":true,"href":"https:\/\/polysmarts.com\/pt\/wp-json\/wp\/v2\/media\/5621"}],"wp:attachment":[{"href":"https:\/\/polysmarts.com\/pt\/wp-json\/wp\/v2\/media?parent=5617"}],"wp:term":[{"taxonomy":"product_brand","embeddable":true,"href":"https:\/\/polysmarts.com\/pt\/wp-json\/wp\/v2\/product_brand?post=5617"},{"taxonomy":"product_cat","embeddable":true,"href":"https:\/\/polysmarts.com\/pt\/wp-json\/wp\/v2\/product_cat?post=5617"},{"taxonomy":"product_tag","embeddable":true,"href":"https:\/\/polysmarts.com\/pt\/wp-json\/wp\/v2\/product_tag?post=5617"}],"curies":[{"name":"wp","href":"https:\/\/api.w.org\/{rel}","templated":true}]}}