{"id":5610,"date":"2026-02-03T14:30:38","date_gmt":"2026-02-03T06:30:38","guid":{"rendered":"https:\/\/polysmarts.com\/?post_type=product&#038;p=5610"},"modified":"2026-02-03T14:35:42","modified_gmt":"2026-02-03T06:35:42","slug":"fabricante-atacadista-de-sacos-de-mylar-personalizados","status":"publish","type":"product","link":"https:\/\/polysmarts.com\/pt\/product\/custom-mylar-bags-wholesale-manufacturer-factory\/","title":{"rendered":"Sacos Mylar personalizados por atacado | Fabricante e f\u00e1brica"},"content":{"rendered":"<p data-start=\"517\" data-end=\"811\">A Polysmarts \u00e9 uma empresa profissional. <strong data-start=\"546\" data-end=\"584\">fabricante de sacos de embalagem personalizados<\/strong>, especializada em <strong data-start=\"602\" data-end=\"633\">Sacos de mylar personalizados por atacado<\/strong> Para marcas, distribuidores e empresas em todo o mundo. Oferecemos pre\u00e7os direto da f\u00e1brica, capacidade de produ\u00e7\u00e3o est\u00e1vel e solu\u00e7\u00f5es totalmente personalizadas, adaptadas \u00e0s suas necessidades de embalagem.<\/p>\n<p data-start=\"813\" data-end=\"1103\">Nossas embalagens personalizadas de mylar s\u00e3o amplamente utilizadas para cannabis, alimentos, suplementos, cosm\u00e9ticos e produtos de varejo. Fabricadas com materiais multicamadas de alta qualidade, elas oferecem excelente prote\u00e7\u00e3o contra umidade, oxig\u00eanio, luz e odores, mantendo os produtos frescos, seguros e visualmente atraentes.<\/p>\n<p><strong><span style=\"font-size: 14pt;\">Por que escolher a Polysmarts para sacos de Mylar personalizados no atacado?<\/span><\/strong><\/p>\n<ul data-start=\"1165\" data-end=\"1888\">\n<li data-start=\"1165\" data-end=\"1321\">\n<p data-start=\"1167\" data-end=\"1321\"><strong data-start=\"1167\" data-end=\"1203\">Pre\u00e7os de atacado direto da f\u00e1brica<\/strong><br data-start=\"1203\" data-end=\"1206\" \/>Como fabricantes, eliminamos os intermedi\u00e1rios para oferecer pre\u00e7os de atacado competitivos e controle de qualidade consistente.<\/p>\n<\/li>\n<li data-start=\"1323\" data-end=\"1486\">\n<p data-start=\"1325\" data-end=\"1486\"><strong data-start=\"1325\" data-end=\"1355\">Op\u00e7\u00f5es de personaliza\u00e7\u00e3o completas<\/strong><br data-start=\"1355\" data-end=\"1358\" \/>Personalize o tamanho, a espessura, a estrutura do material, os acabamentos (fosco, brilhante, toque suave), os tipos de z\u00edper, os entalhes para abertura f\u00e1cil e a impress\u00e3o.<\/p>\n<\/li>\n<li data-start=\"1488\" data-end=\"1623\">\n<p data-start=\"1490\" data-end=\"1623\"><strong data-start=\"1490\" data-end=\"1522\">Tecnologia de impress\u00e3o avan\u00e7ada<\/strong><br data-start=\"1522\" data-end=\"1525\" \/>A impress\u00e3o de alta resolu\u00e7\u00e3o garante gr\u00e1ficos n\u00edtidos, cores vibrantes e uma apar\u00eancia de marca premium.<\/p>\n<\/li>\n<li data-start=\"1625\" data-end=\"1765\">\n<p data-start=\"1627\" data-end=\"1765\"><strong data-start=\"1627\" data-end=\"1661\">Materiais dur\u00e1veis e \u00e0 prova de odores<\/strong><br data-start=\"1661\" data-end=\"1664\" \/>Nossos sacos de mylar s\u00e3o projetados com forte capacidade de veda\u00e7\u00e3o e excelentes propriedades de bloqueio de odores.<\/p>\n<\/li>\n<li data-start=\"1767\" data-end=\"1888\">\n<p data-start=\"1769\" data-end=\"1888\"><strong data-start=\"1769\" data-end=\"1798\">Baixa quantidade m\u00ednima de encomenda e produ\u00e7\u00e3o r\u00e1pida.<\/strong><br data-start=\"1798\" data-end=\"1801\" \/>Quantidades m\u00ednimas de pedido flex\u00edveis ajudam startups e marcas em crescimento a escalar de forma eficiente.<\/p>\n<\/li>\n<\/ul>\n<h3 data-start=\"1890\" data-end=\"1931\"><span style=\"font-size: 14pt;\"><strong>Aplica\u00e7\u00f5es de nossas embalagens Mylar personalizadas<\/strong><\/span><\/h3>\n<ul data-start=\"1933\" data-end=\"2087\">\n<li data-start=\"1933\" data-end=\"1961\">\n<p data-start=\"1935\" data-end=\"1961\">Produtos de cannabis e c\u00e2nhamo<\/p>\n<\/li>\n<li data-start=\"1962\" data-end=\"1990\">\n<p data-start=\"1964\" data-end=\"1990\">Alimentos e embalagens de alimentos<\/p>\n<\/li>\n<li data-start=\"1991\" data-end=\"2015\">\n<p data-start=\"1993\" data-end=\"2015\">Caf\u00e9, ch\u00e1 e lanches<\/p>\n<\/li>\n<li data-start=\"2016\" data-end=\"2048\">\n<p data-start=\"2018\" data-end=\"2048\">Suplementos e nutrac\u00eauticos<\/p>\n<\/li>\n<li data-start=\"2049\" data-end=\"2087\">\n<p data-start=\"2051\" data-end=\"2087\">Cosm\u00e9ticos e produtos de higiene pessoal<\/p>\n<\/li>\n<\/ul>\n<p data-start=\"2089\" data-end=\"2283\">Seja para lan\u00e7ar uma nova marca ou expandir seu neg\u00f3cio, a Polysmarts oferece solu\u00e7\u00f5es confi\u00e1veis. <strong data-start=\"2181\" data-end=\"2212\">Sacos de mylar personalizados por atacado<\/strong> Solu\u00e7\u00f5es que combinam funcionalidade, est\u00e9tica e custo-benef\u00edcio.<\/p>\n<p data-start=\"2089\" data-end=\"2283\"><a href=\"https:\/\/polysmarts.com\/pt\/contate-nos\/\"><strong data-start=\"2288\" data-end=\"2316\">Entre em contato com a Polysmarts hoje mesmo.<\/strong><\/a> Para obter um or\u00e7amento personalizado e iniciar seu projeto de sacos de mylar no atacado com um fabricante de embalagens confi\u00e1vel.<\/p>","protected":false},"excerpt":{"rendered":"<table style=\"height: 294px; width: 99.8505%; border-collapse: collapse;\" border=\"2\">\n<tbody>\n<tr style=\"height: 28px; background-color: #dbdbdb;\">\n<td style=\"width: 22.6796%; background-color: #ebebeb; height: 31px;\"><span style=\"font-family: arial, helvetica, sans-serif; font-size: 12pt;\"><strong>Unid<\/strong><\/span><\/td>\n<td style=\"width: 77.3204%; background-color: #ebebeb; height: 31px;\"><span style=\"font-family: arial, helvetica, sans-serif; font-size: 12pt;\"><strong><a href=\"https:\/\/polysmarts.com\/pt\/categoria-de-produto-2\/por-tipo-2\/sacos-de-mylar\/\">Sacos Mylar personalizados por atacado<\/a><\/strong>\u00a0<\/span><\/td>\n<\/tr>\n<tr style=\"height: 40px;\">\n<td style=\"width: 22.6796%; height: 30px; background-color: #99ccff;\"><span style=\"font-family: arial, helvetica, sans-serif; font-size: 12pt;\"><strong>Dimens\u00e3o e estilo<\/strong><\/span><\/td>\n<td style=\"width: 77.3204%; height: 30px; background-color: #99ccff;\"><span style=\"font-family: arial, helvetica, sans-serif; font-size: 12pt;\">Formas e tamanhos personalizados<\/span><\/td>\n<\/tr>\n<tr style=\"height: 40px;\">\n<td style=\"width: 22.6796%; height: 34px; background-color: #ebebeb;\"><span style=\"font-size: 12pt;\"><strong><span style=\"font-family: arial, helvetica, sans-serif;\">Quantidade m\u00ednima de pedido<\/span><\/strong><\/span><\/td>\n<td style=\"width: 77.3204%; height: 34px; background-color: #ebebeb;\"><span style=\"font-family: arial, helvetica, sans-serif; font-size: 12pt;\">100 unidades sem personaliza\u00e7\u00e3o, 10.000 unidades com personaliza\u00e7\u00e3o<\/span><\/td>\n<\/tr>\n<tr style=\"height: 40px; background-color: #99ccff;\">\n<td style=\"width: 22.6796%; height: 32px;\"><span style=\"font-size: 12pt;\"><strong><span style=\"font-family: arial, helvetica, sans-serif;\">Tipo de embalagem<\/span><\/strong><\/span><\/td>\n<td style=\"width: 77.3204%; height: 32px;\"><span style=\"font-family: arial, helvetica, sans-serif; font-size: 12pt;\"><a href=\"https:\/\/polysmarts.com\/pt\/embalagens-stand-up-pouch-personalizadas\/\"><strong>Bolsa de p\u00e9<\/strong><\/a> com z\u00edper<\/span><\/td>\n<\/tr>\n<tr style=\"height: 40px; background-color: #ebebeb;\">\n<td style=\"width: 22.6796%; height: 24px;\"><span style=\"font-size: 12pt;\"><strong><span style=\"font-family: arial, helvetica, sans-serif;\">Impress\u00e3o<\/span><\/strong><\/span><\/td>\n<td style=\"width: 77.3204%; height: 24px;\"><span style=\"font-family: arial, helvetica, sans-serif; font-size: 12pt;\">CMYK (1 \u2013 10 cores), Sem impress\u00e3o (simples), Impress\u00e3o digital<\/span><\/td>\n<\/tr>\n<tr style=\"height: 40px; background-color: #99ccff;\">\n<td style=\"width: 22.6796%; height: 32px;\"><span style=\"font-size: 12pt;\"><strong><span style=\"font-family: arial, helvetica, sans-serif;\">Material<\/span><\/strong><\/span><\/td>\n<td style=\"width: 77.3204%; height: 32px;\"><span style=\"font-family: arial, helvetica, sans-serif; font-size: 12pt;\">Material laminado, MOPP+VMPET+PE<\/span><\/td>\n<\/tr>\n<tr style=\"height: 40px; background-color: #ebebeb;\">\n<td style=\"width: 22.6796%; height: 33px;\"><span style=\"font-size: 12pt;\"><strong><span style=\"font-family: arial, helvetica, sans-serif;\">Op\u00e7\u00f5es inclu\u00eddas<\/span><\/strong><\/span><\/td>\n<td style=\"width: 77.3204%; height: 33px;\"><span style=\"font-family: arial, helvetica, sans-serif; font-size: 12pt;\">Corte e vinco, selagem t\u00e9rmica<\/span><\/td>\n<\/tr>\n<tr style=\"height: 40px; background-color: #99ccff;\">\n<td style=\"width: 22.6796%; height: 30px;\"><span style=\"font-size: 12pt;\"><strong><span style=\"font-family: arial, helvetica, sans-serif;\">Recurso<\/span><\/strong><\/span><\/td>\n<td style=\"width: 77.3204%; height: 30px;\"><span style=\"font-family: arial, helvetica, sans-serif; font-size: 12pt;\">\u00c0 prova de odores\/\u00c0 prova de umidade\/Isolamento de oxig\u00eanio\/Prote\u00e7\u00e3o contra sombreamento\/Resist\u00eancia a altas temperaturas\/Material de qualidade alimentar<\/span><\/td>\n<\/tr>\n<tr style=\"height: 40px; background-color: #ebebeb;\">\n<td style=\"width: 22.6796%; height: 24px;\"><span style=\"font-size: 12pt;\"><strong><span style=\"font-family: arial, helvetica, sans-serif;\">Tempo de resposta<\/span><\/strong><\/span><\/td>\n<td style=\"width: 77.3204%; height: 24px;\"><span style=\"font-family: arial, helvetica, sans-serif; font-size: 12pt;\">7 a 15 dias \u00fateis, RUSH<\/span><\/td>\n<\/tr>\n<tr style=\"height: 40px; background-color: #99ccff;\">\n<td style=\"width: 22.6796%; height: 24px;\"><span style=\"font-size: 12pt;\"><strong><span style=\"font-family: arial, helvetica, sans-serif;\">Envio<\/span><\/strong><\/span><\/td>\n<td style=\"width: 77.3204%; height: 24px;\"><span style=\"font-family: arial, helvetica, sans-serif; font-size: 12pt;\">A\u00e9reo, Mar\u00edtimo, Expresso<\/span><\/td>\n<\/tr>\n<\/tbody>\n<\/table>\n<p>&nbsp;<\/p>","protected":false},"featured_media":5604,"comment_status":"open","ping_status":"closed","template":"","meta":[],"product_brand":[],"product_cat":[26,28,35,18],"product_tag":[],"class_list":{"0":"post-5610","1":"product","2":"type-product","3":"status-publish","4":"has-post-thumbnail","6":"product_cat-food-packaging","7":"product_cat-cbd-packaging","8":"product_cat-mylar-bags","9":"product_cat-zipper-bags","11":"first","12":"instock","13":"shipping-taxable","14":"purchasable","15":"product-type-variable"},"_links":{"self":[{"href":"https:\/\/polysmarts.com\/pt\/wp-json\/wp\/v2\/product\/5610","targetHints":{"allow":["GET"]}}],"collection":[{"href":"https:\/\/polysmarts.com\/pt\/wp-json\/wp\/v2\/product"}],"about":[{"href":"https:\/\/polysmarts.com\/pt\/wp-json\/wp\/v2\/types\/product"}],"replies":[{"embeddable":true,"href":"https:\/\/polysmarts.com\/pt\/wp-json\/wp\/v2\/comments?post=5610"}],"version-history":[{"count":2,"href":"https:\/\/polysmarts.com\/pt\/wp-json\/wp\/v2\/product\/5610\/revisions"}],"predecessor-version":[{"id":5615,"href":"https:\/\/polysmarts.com\/pt\/wp-json\/wp\/v2\/product\/5610\/revisions\/5615"}],"wp:featuredmedia":[{"embeddable":true,"href":"https:\/\/polysmarts.com\/pt\/wp-json\/wp\/v2\/media\/5604"}],"wp:attachment":[{"href":"https:\/\/polysmarts.com\/pt\/wp-json\/wp\/v2\/media?parent=5610"}],"wp:term":[{"taxonomy":"product_brand","embeddable":true,"href":"https:\/\/polysmarts.com\/pt\/wp-json\/wp\/v2\/product_brand?post=5610"},{"taxonomy":"product_cat","embeddable":true,"href":"https:\/\/polysmarts.com\/pt\/wp-json\/wp\/v2\/product_cat?post=5610"},{"taxonomy":"product_tag","embeddable":true,"href":"https:\/\/polysmarts.com\/pt\/wp-json\/wp\/v2\/product_tag?post=5610"}],"curies":[{"name":"wp","href":"https:\/\/api.w.org\/{rel}","templated":true}]}}