{"id":5589,"date":"2026-02-03T12:26:51","date_gmt":"2026-02-03T04:26:51","guid":{"rendered":"https:\/\/polysmarts.com\/?post_type=product&#038;p=5589"},"modified":"2026-02-03T12:36:47","modified_gmt":"2026-02-03T04:36:47","slug":"sacos-premium-a-prova-de-odores-para-ervas-daninhas-embalagens-personalizadas-da-polysmarts","status":"publish","type":"product","link":"https:\/\/polysmarts.com\/pt\/product\/premium-smell-proof-weed-bags-custom-packaging-by-polysmarts\/","title":{"rendered":"Sacos Premium \u00e0 Prova de Odores para Erva Daninha | Embalagens Personalizadas da Polysmarts"},"content":{"rendered":"<p data-start=\"383\" data-end=\"784\">Na Polysmarts, somos especializados na cria\u00e7\u00e3o de solu\u00e7\u00f5es de embalagens personalizadas e de alta qualidade para a ind\u00fastria da cannabis. <strong data-start=\"523\" data-end=\"548\">sacos de maconha \u00e0 prova de cheiro<\/strong> S\u00e3o projetadas para oferecer controle ideal de odores, mantendo a durabilidade e a discri\u00e7\u00e3o. Seja para uso pessoal ou para grandes encomendas, nossas embalagens \u00e0 prova de odores oferecem uma solu\u00e7\u00e3o confi\u00e1vel para manter seus produtos frescos e seguros.<\/p>\n<p data-start=\"786\" data-end=\"1055\">Fabricadas com materiais de alta qualidade, nossas embalagens \u00e0 prova de odores contam com tecnologia de ponta que veda eficazmente os odores e protege seus produtos de cannabis. Dispon\u00edveis em diversos tamanhos e estilos, nossas op\u00e7\u00f5es de embalagens personalizadas podem ser adaptadas \u00e0s necessidades espec\u00edficas da sua marca.<\/p>\n<p data-start=\"1057\" data-end=\"1102\">Por que escolher os sacos para ervas daninhas \u00e0 prova de odores da Polysmarts?<\/p>\n<ul data-start=\"1104\" data-end=\"1510\">\n<li data-start=\"1104\" data-end=\"1190\">\n<p data-start=\"1106\" data-end=\"1190\"><strong data-start=\"1106\" data-end=\"1126\">Prote\u00e7\u00e3o contra odores:<\/strong> Tecnologia avan\u00e7ada de bloqueio de odores que garante que nenhum cheiro escape.<\/p>\n<\/li>\n<li data-start=\"1191\" data-end=\"1299\">\n<p data-start=\"1193\" data-end=\"1299\"><strong data-start=\"1193\" data-end=\"1218\">Designs personaliz\u00e1veis:<\/strong> Totalmente personaliz\u00e1vel para combinar com a sua marca, com uma variedade de materiais e tamanhos.<\/p>\n<\/li>\n<li data-start=\"1300\" data-end=\"1400\">\n<p data-start=\"1302\" data-end=\"1400\"><strong data-start=\"1302\" data-end=\"1327\">Op\u00e7\u00f5es ecol\u00f3gicas:<\/strong> Oferecemos op\u00e7\u00f5es de embalagens sustent\u00e1veis que respeitam o meio ambiente.<\/p>\n<\/li>\n<li data-start=\"1401\" data-end=\"1510\">\n<p data-start=\"1403\" data-end=\"1510\"><strong data-start=\"1403\" data-end=\"1430\">Materiais de alta qualidade:<\/strong> Dur\u00e1vel, com fecho herm\u00e9tico e \u00e0 prova de vazamentos para garantir o m\u00e1ximo frescor e prote\u00e7\u00e3o.<\/p>\n<\/li>\n<\/ul>\n<p data-start=\"1512\" data-end=\"1721\">Seja voc\u00ea um dispens\u00e1rio, produtor ou consumidor, confie na Polysmarts para fornecer as melhores embalagens \u00e0 prova de odores para cannabis, atendendo \u00e0s suas necessidades. Proteja seus produtos e fortale\u00e7a sua marca com nossas solu\u00e7\u00f5es de embalagem premium.<\/p>","protected":false},"excerpt":{"rendered":"<table style=\"height: 294px; width: 99.8505%; border-collapse: collapse;\" border=\"2\">\n<tbody>\n<tr style=\"height: 28px; background-color: #dbdbdb;\">\n<td style=\"width: 22.6796%; background-color: #ebebeb; height: 31px;\"><span style=\"font-family: arial, helvetica, sans-serif; font-size: 12pt;\"><strong>Unid<\/strong><\/span><\/td>\n<td style=\"width: 77.3204%; background-color: #ebebeb; height: 31px;\"><span style=\"font-family: arial, helvetica, sans-serif; font-size: 12pt;\"><strong><a href=\"https:\/\/polysmarts.com\/pt\/categoria-de-produto-2\/por-mercados-2\/embalagem-de-cbd\/\">Sacos de CBD <\/a><\/strong>, <strong><a href=\"https:\/\/polysmarts.com\/pt\/categoria-de-produto-2\/por-tipo-2\/sacos-de-mylar\/\">Mylar Bags<\/a><\/strong>\u00a0 Sacos para ervas daninhas \u00e0 prova de cheiro<\/span><\/td>\n<\/tr>\n<tr style=\"height: 40px;\">\n<td style=\"width: 22.6796%; height: 30px; background-color: #99ccff;\"><span style=\"font-family: arial, helvetica, sans-serif; font-size: 12pt;\"><strong>Dimens\u00e3o e estilo<\/strong><\/span><\/td>\n<td style=\"width: 77.3204%; height: 30px; background-color: #99ccff;\"><span style=\"font-family: arial, helvetica, sans-serif; font-size: 12pt;\">Formas e tamanhos personalizados<\/span><\/td>\n<\/tr>\n<tr style=\"height: 40px;\">\n<td style=\"width: 22.6796%; height: 34px; background-color: #ebebeb;\"><span style=\"font-size: 12pt;\"><strong><span style=\"font-family: arial, helvetica, sans-serif;\">Quantidade m\u00ednima de pedido<\/span><\/strong><\/span><\/td>\n<td style=\"width: 77.3204%; height: 34px; background-color: #ebebeb;\"><span style=\"font-family: arial, helvetica, sans-serif; font-size: 12pt;\">100 unidades sem personaliza\u00e7\u00e3o, 10.000 unidades com personaliza\u00e7\u00e3o<\/span><\/td>\n<\/tr>\n<tr style=\"height: 40px; background-color: #99ccff;\">\n<td style=\"width: 22.6796%; height: 32px;\"><span style=\"font-size: 12pt;\"><strong><span style=\"font-family: arial, helvetica, sans-serif;\">Tipo de embalagem<\/span><\/strong><\/span><\/td>\n<td style=\"width: 77.3204%; height: 32px;\"><span style=\"font-family: arial, helvetica, sans-serif; font-size: 12pt;\"><a href=\"https:\/\/polysmarts.com\/pt\/embalagens-stand-up-pouch-personalizadas\/\"><strong>Bolsa de p\u00e9<\/strong><\/a> com z\u00edper<\/span><\/td>\n<\/tr>\n<tr style=\"height: 40px; background-color: #ebebeb;\">\n<td style=\"width: 22.6796%; height: 24px;\"><span style=\"font-size: 12pt;\"><strong><span style=\"font-family: arial, helvetica, sans-serif;\">Impress\u00e3o<\/span><\/strong><\/span><\/td>\n<td style=\"width: 77.3204%; height: 24px;\"><span style=\"font-family: arial, helvetica, sans-serif; font-size: 12pt;\">CMYK (1 \u2013 10 cores), Sem impress\u00e3o (simples), Impress\u00e3o digital<\/span><\/td>\n<\/tr>\n<tr style=\"height: 40px; background-color: #99ccff;\">\n<td style=\"width: 22.6796%; height: 32px;\"><span style=\"font-size: 12pt;\"><strong><span style=\"font-family: arial, helvetica, sans-serif;\">Material<\/span><\/strong><\/span><\/td>\n<td style=\"width: 77.3204%; height: 32px;\"><span style=\"font-family: arial, helvetica, sans-serif; font-size: 12pt;\">Material laminado, MOPP+VMPET+PE<\/span><\/td>\n<\/tr>\n<tr style=\"height: 40px; background-color: #ebebeb;\">\n<td style=\"width: 22.6796%; height: 33px;\"><span style=\"font-size: 12pt;\"><strong><span style=\"font-family: arial, helvetica, sans-serif;\">Op\u00e7\u00f5es inclu\u00eddas<\/span><\/strong><\/span><\/td>\n<td style=\"width: 77.3204%; height: 33px;\"><span style=\"font-family: arial, helvetica, sans-serif; font-size: 12pt;\">Corte e vinco, selagem t\u00e9rmica<\/span><\/td>\n<\/tr>\n<tr style=\"height: 40px; background-color: #99ccff;\">\n<td style=\"width: 22.6796%; height: 30px;\"><span style=\"font-size: 12pt;\"><strong><span style=\"font-family: arial, helvetica, sans-serif;\">Recurso<\/span><\/strong><\/span><\/td>\n<td style=\"width: 77.3204%; height: 30px;\"><span style=\"font-family: arial, helvetica, sans-serif; font-size: 12pt;\">\u00c0 prova de odores\/\u00c0 prova de umidade\/Isolamento de oxig\u00eanio\/Prote\u00e7\u00e3o contra sombreamento\/Resist\u00eancia a altas temperaturas\/Material de qualidade alimentar<\/span><\/td>\n<\/tr>\n<tr style=\"height: 40px; background-color: #ebebeb;\">\n<td style=\"width: 22.6796%; height: 24px;\"><span style=\"font-size: 12pt;\"><strong><span style=\"font-family: arial, helvetica, sans-serif;\">Tempo de resposta<\/span><\/strong><\/span><\/td>\n<td style=\"width: 77.3204%; height: 24px;\"><span style=\"font-family: arial, helvetica, sans-serif; font-size: 12pt;\">7 a 15 dias \u00fateis, RUSH<\/span><\/td>\n<\/tr>\n<tr style=\"height: 40px; background-color: #99ccff;\">\n<td style=\"width: 22.6796%; height: 24px;\"><span style=\"font-size: 12pt;\"><strong><span style=\"font-family: arial, helvetica, sans-serif;\">Envio<\/span><\/strong><\/span><\/td>\n<td style=\"width: 77.3204%; height: 24px;\"><span style=\"font-family: arial, helvetica, sans-serif; font-size: 12pt;\">A\u00e9reo, Mar\u00edtimo, Expresso<\/span><\/td>\n<\/tr>\n<\/tbody>\n<\/table>\n<p>&nbsp;<\/p>","protected":false},"featured_media":5583,"comment_status":"open","ping_status":"closed","template":"","meta":[],"product_brand":[],"product_cat":[26,28,35,18],"product_tag":[],"class_list":{"0":"post-5589","1":"product","2":"type-product","3":"status-publish","4":"has-post-thumbnail","6":"product_cat-food-packaging","7":"product_cat-cbd-packaging","8":"product_cat-mylar-bags","9":"product_cat-zipper-bags","11":"first","12":"instock","13":"shipping-taxable","14":"purchasable","15":"product-type-variable"},"_links":{"self":[{"href":"https:\/\/polysmarts.com\/pt\/wp-json\/wp\/v2\/product\/5589","targetHints":{"allow":["GET"]}}],"collection":[{"href":"https:\/\/polysmarts.com\/pt\/wp-json\/wp\/v2\/product"}],"about":[{"href":"https:\/\/polysmarts.com\/pt\/wp-json\/wp\/v2\/types\/product"}],"replies":[{"embeddable":true,"href":"https:\/\/polysmarts.com\/pt\/wp-json\/wp\/v2\/comments?post=5589"}],"version-history":[{"count":1,"href":"https:\/\/polysmarts.com\/pt\/wp-json\/wp\/v2\/product\/5589\/revisions"}],"predecessor-version":[{"id":5593,"href":"https:\/\/polysmarts.com\/pt\/wp-json\/wp\/v2\/product\/5589\/revisions\/5593"}],"wp:featuredmedia":[{"embeddable":true,"href":"https:\/\/polysmarts.com\/pt\/wp-json\/wp\/v2\/media\/5583"}],"wp:attachment":[{"href":"https:\/\/polysmarts.com\/pt\/wp-json\/wp\/v2\/media?parent=5589"}],"wp:term":[{"taxonomy":"product_brand","embeddable":true,"href":"https:\/\/polysmarts.com\/pt\/wp-json\/wp\/v2\/product_brand?post=5589"},{"taxonomy":"product_cat","embeddable":true,"href":"https:\/\/polysmarts.com\/pt\/wp-json\/wp\/v2\/product_cat?post=5589"},{"taxonomy":"product_tag","embeddable":true,"href":"https:\/\/polysmarts.com\/pt\/wp-json\/wp\/v2\/product_tag?post=5589"}],"curies":[{"name":"wp","href":"https:\/\/api.w.org\/{rel}","templated":true}]}}