{"id":5576,"date":"2026-02-02T17:38:57","date_gmt":"2026-02-02T09:38:57","guid":{"rendered":"https:\/\/polysmarts.com\/?post_type=product&#038;p=5576"},"modified":"2026-02-02T17:47:11","modified_gmt":"2026-02-02T09:47:11","slug":"sacos-de-embalagem-de-maconha-personalizados-solucoes-de-mylar-de-alta-qualidade","status":"publish","type":"product","link":"https:\/\/polysmarts.com\/pt\/product\/custom-marijuana-packaging-bags-high-quality-mylar-solutions\/","title":{"rendered":"Sacos de embalagem personalizados para maconha | Solu\u00e7\u00f5es de Mylar de alta qualidade"},"content":{"rendered":"<h3 data-start=\"558\" data-end=\"613\"><span style=\"font-size: 14pt;\">Sacos personalizados para embalagem de maconha com material Mylar.<\/span><\/h3>\n<p data-start=\"615\" data-end=\"1057\">Quando se trata de embalagens para cannabis, voc\u00ea precisa de solu\u00e7\u00f5es que garantam frescor, seguran\u00e7a e conformidade com as regulamenta\u00e7\u00f5es. Nossas embalagens personalizadas para cannabis s\u00e3o feitas com Mylar de alta qualidade, oferecendo uma solu\u00e7\u00e3o confi\u00e1vel e econ\u00f4mica para seus produtos. Projetadas para prote\u00e7\u00e3o ideal, essas embalagens preservam a pot\u00eancia, o aroma e a qualidade dos seus produtos, al\u00e9m de oferecerem durabilidade e inviolabilidade.<\/p>\n<p data-start=\"1059\" data-end=\"1401\">Nossa embalagem de Mylar para cannabis \u00e9 perfeita para todos os tipos de cannabis, incluindo flores, comest\u00edveis e concentrados. A resist\u00eancia do material \u00e0 umidade, luz e ar o torna a escolha ideal para manter seus produtos frescos por mais tempo. Escolha entre uma ampla variedade de tamanhos e designs personaliz\u00e1veis para atender \u00e0s necessidades da sua marca e do seu produto.<\/p>\n<h4 data-start=\"1403\" data-end=\"1449\"><span style=\"font-size: 12pt;\">Por que escolher a embalagem personalizada para maconha da Polysmarts?<\/span><\/h4>\n<ul data-start=\"1450\" data-end=\"1982\">\n<li data-start=\"1450\" data-end=\"1588\">\n<p data-start=\"1452\" data-end=\"1588\"><strong data-start=\"1452\" data-end=\"1476\">Prote\u00e7\u00e3o superior:<\/strong> A durabilidade do Mylar garante que seus produtos de cannabis permane\u00e7am frescos, seguros e protegidos de fatores ambientais.<\/p>\n<\/li>\n<li data-start=\"1589\" data-end=\"1721\">\n<p data-start=\"1591\" data-end=\"1721\"><strong data-start=\"1591\" data-end=\"1612\">Pronto para conformidade:<\/strong> Projetadas para atender aos padr\u00f5es da ind\u00fastria, nossas sacolas est\u00e3o em conformidade com as regulamenta\u00e7\u00f5es de embalagem em diversos estados e regi\u00f5es.<\/p>\n<\/li>\n<li data-start=\"1722\" data-end=\"1860\">\n<p data-start=\"1724\" data-end=\"1860\"><strong data-start=\"1724\" data-end=\"1748\">Design personaliz\u00e1vel:<\/strong> Aumente a visibilidade da sua marca com designs, logotipos e textos personalizados. Oferecemos op\u00e7\u00f5es de impress\u00e3o para todas as necessidades.<\/p>\n<\/li>\n<li data-start=\"1861\" data-end=\"1982\">\n<p data-start=\"1863\" data-end=\"1982\"><strong data-start=\"1863\" data-end=\"1880\">Ecol\u00f3gico:<\/strong> Oferecemos solu\u00e7\u00f5es de embalagens sustent\u00e1veis que s\u00e3o n\u00e3o apenas eficazes, mas tamb\u00e9m ambientalmente respons\u00e1veis.<\/p>\n<\/li>\n<\/ul>\n<p data-start=\"1984\" data-end=\"2208\">Seja voc\u00ea um dispens\u00e1rio, produtor ou distribuidor, nossas solu\u00e7\u00f5es personalizadas de embalagens para cannabis s\u00e3o a escolha perfeita para proteger seus produtos. Fa\u00e7a seu pedido hoje mesmo e aprimore a embalagem da sua marca e a experi\u00eancia do cliente!<\/p>","protected":false},"excerpt":{"rendered":"<table style=\"height: 294px; width: 99.8505%; border-collapse: collapse;\" border=\"2\">\n<tbody>\n<tr style=\"height: 28px; background-color: #dbdbdb;\">\n<td style=\"width: 22.6796%; background-color: #ebebeb; height: 31px;\"><span style=\"font-family: arial, helvetica, sans-serif; font-size: 12pt;\"><strong>Unid<\/strong><\/span><\/td>\n<td style=\"width: 77.3204%; background-color: #ebebeb; height: 31px;\"><span style=\"font-family: arial, helvetica, sans-serif; font-size: 12pt;\"><strong><a href=\"https:\/\/polysmarts.com\/pt\/categoria-de-produto-2\/por-mercados-2\/embalagem-de-cbd\/\">Sacos de CBD <\/a><\/strong>, <strong><a href=\"https:\/\/polysmarts.com\/pt\/categoria-de-produto-2\/por-tipo-2\/sacos-de-mylar\/\">Mylar Bags<\/a><\/strong> para embalagens de maconha<\/span><\/td>\n<\/tr>\n<tr style=\"height: 40px;\">\n<td style=\"width: 22.6796%; height: 30px; background-color: #99ccff;\"><span style=\"font-family: arial, helvetica, sans-serif; font-size: 12pt;\"><strong>Dimens\u00e3o e estilo<\/strong><\/span><\/td>\n<td style=\"width: 77.3204%; height: 30px; background-color: #99ccff;\"><span style=\"font-family: arial, helvetica, sans-serif; font-size: 12pt;\">Formas e tamanhos personalizados<\/span><\/td>\n<\/tr>\n<tr style=\"height: 40px;\">\n<td style=\"width: 22.6796%; height: 34px; background-color: #ebebeb;\"><span style=\"font-size: 12pt;\"><strong><span style=\"font-family: arial, helvetica, sans-serif;\">Quantidade m\u00ednima de pedido<\/span><\/strong><\/span><\/td>\n<td style=\"width: 77.3204%; height: 34px; background-color: #ebebeb;\"><span style=\"font-family: arial, helvetica, sans-serif; font-size: 12pt;\">100 unidades sem personaliza\u00e7\u00e3o, 10.000 unidades com personaliza\u00e7\u00e3o<\/span><\/td>\n<\/tr>\n<tr style=\"height: 40px; background-color: #99ccff;\">\n<td style=\"width: 22.6796%; height: 32px;\"><span style=\"font-size: 12pt;\"><strong><span style=\"font-family: arial, helvetica, sans-serif;\">Tipo de embalagem<\/span><\/strong><\/span><\/td>\n<td style=\"width: 77.3204%; height: 32px;\"><span style=\"font-family: arial, helvetica, sans-serif; font-size: 12pt;\"><a href=\"https:\/\/polysmarts.com\/pt\/embalagens-stand-up-pouch-personalizadas\/\"><strong>Bolsa de p\u00e9<\/strong><\/a> com z\u00edper<\/span><\/td>\n<\/tr>\n<tr style=\"height: 40px; background-color: #ebebeb;\">\n<td style=\"width: 22.6796%; height: 24px;\"><span style=\"font-size: 12pt;\"><strong><span style=\"font-family: arial, helvetica, sans-serif;\">Impress\u00e3o<\/span><\/strong><\/span><\/td>\n<td style=\"width: 77.3204%; height: 24px;\"><span style=\"font-family: arial, helvetica, sans-serif; font-size: 12pt;\">CMYK (1 \u2013 10 cores), Sem impress\u00e3o (simples), Impress\u00e3o digital<\/span><\/td>\n<\/tr>\n<tr style=\"height: 40px; background-color: #99ccff;\">\n<td style=\"width: 22.6796%; height: 32px;\"><span style=\"font-size: 12pt;\"><strong><span style=\"font-family: arial, helvetica, sans-serif;\">Material<\/span><\/strong><\/span><\/td>\n<td style=\"width: 77.3204%; height: 32px;\"><span style=\"font-family: arial, helvetica, sans-serif; font-size: 12pt;\">Material laminado, MOPP+VMPET+PE<\/span><\/td>\n<\/tr>\n<tr style=\"height: 40px; background-color: #ebebeb;\">\n<td style=\"width: 22.6796%; height: 33px;\"><span style=\"font-size: 12pt;\"><strong><span style=\"font-family: arial, helvetica, sans-serif;\">Op\u00e7\u00f5es inclu\u00eddas<\/span><\/strong><\/span><\/td>\n<td style=\"width: 77.3204%; height: 33px;\"><span style=\"font-family: arial, helvetica, sans-serif; font-size: 12pt;\">Corte e vinco, selagem t\u00e9rmica<\/span><\/td>\n<\/tr>\n<tr style=\"height: 40px; background-color: #99ccff;\">\n<td style=\"width: 22.6796%; height: 30px;\"><span style=\"font-size: 12pt;\"><strong><span style=\"font-family: arial, helvetica, sans-serif;\">Recurso<\/span><\/strong><\/span><\/td>\n<td style=\"width: 77.3204%; height: 30px;\"><span style=\"font-family: arial, helvetica, sans-serif; font-size: 12pt;\">\u00c0 prova de umidade\/isolamento de oxig\u00eanio\/sombreamento\/resist\u00eancia a altas temperaturas\/material de qualidade alimentar<\/span><\/td>\n<\/tr>\n<tr style=\"height: 40px; background-color: #ebebeb;\">\n<td style=\"width: 22.6796%; height: 24px;\"><span style=\"font-size: 12pt;\"><strong><span style=\"font-family: arial, helvetica, sans-serif;\">Tempo de resposta<\/span><\/strong><\/span><\/td>\n<td style=\"width: 77.3204%; height: 24px;\"><span style=\"font-family: arial, helvetica, sans-serif; font-size: 12pt;\">7 a 15 dias \u00fateis, RUSH<\/span><\/td>\n<\/tr>\n<tr style=\"height: 40px; background-color: #99ccff;\">\n<td style=\"width: 22.6796%; height: 24px;\"><span style=\"font-size: 12pt;\"><strong><span style=\"font-family: arial, helvetica, sans-serif;\">Envio<\/span><\/strong><\/span><\/td>\n<td style=\"width: 77.3204%; height: 24px;\"><span style=\"font-family: arial, helvetica, sans-serif; font-size: 12pt;\">A\u00e9reo, Mar\u00edtimo, Expresso<\/span><\/td>\n<\/tr>\n<\/tbody>\n<\/table>\n<p>&nbsp;<\/p>","protected":false},"featured_media":5575,"comment_status":"open","ping_status":"closed","template":"","meta":[],"product_brand":[],"product_cat":[26,28,35,18],"product_tag":[],"class_list":{"0":"post-5576","1":"product","2":"type-product","3":"status-publish","4":"has-post-thumbnail","6":"product_cat-food-packaging","7":"product_cat-cbd-packaging","8":"product_cat-mylar-bags","9":"product_cat-zipper-bags","11":"first","12":"instock","13":"shipping-taxable","14":"purchasable","15":"product-type-variable"},"_links":{"self":[{"href":"https:\/\/polysmarts.com\/pt\/wp-json\/wp\/v2\/product\/5576","targetHints":{"allow":["GET"]}}],"collection":[{"href":"https:\/\/polysmarts.com\/pt\/wp-json\/wp\/v2\/product"}],"about":[{"href":"https:\/\/polysmarts.com\/pt\/wp-json\/wp\/v2\/types\/product"}],"replies":[{"embeddable":true,"href":"https:\/\/polysmarts.com\/pt\/wp-json\/wp\/v2\/comments?post=5576"}],"version-history":[{"count":3,"href":"https:\/\/polysmarts.com\/pt\/wp-json\/wp\/v2\/product\/5576\/revisions"}],"predecessor-version":[{"id":5582,"href":"https:\/\/polysmarts.com\/pt\/wp-json\/wp\/v2\/product\/5576\/revisions\/5582"}],"wp:featuredmedia":[{"embeddable":true,"href":"https:\/\/polysmarts.com\/pt\/wp-json\/wp\/v2\/media\/5575"}],"wp:attachment":[{"href":"https:\/\/polysmarts.com\/pt\/wp-json\/wp\/v2\/media?parent=5576"}],"wp:term":[{"taxonomy":"product_brand","embeddable":true,"href":"https:\/\/polysmarts.com\/pt\/wp-json\/wp\/v2\/product_brand?post=5576"},{"taxonomy":"product_cat","embeddable":true,"href":"https:\/\/polysmarts.com\/pt\/wp-json\/wp\/v2\/product_cat?post=5576"},{"taxonomy":"product_tag","embeddable":true,"href":"https:\/\/polysmarts.com\/pt\/wp-json\/wp\/v2\/product_tag?post=5576"}],"curies":[{"name":"wp","href":"https:\/\/api.w.org\/{rel}","templated":true}]}}