{"id":5555,"date":"2026-01-09T17:58:47","date_gmt":"2026-01-09T09:58:47","guid":{"rendered":"https:\/\/polysmarts.com\/?post_type=product&#038;p=5555"},"modified":"2026-01-11T17:41:37","modified_gmt":"2026-01-11T09:41:37","slug":"sacos-personalizados-para-maconha-embalagens-de-cannabis-em-mylar-com-a-marca-da-empresa","status":"publish","type":"product","link":"https:\/\/polysmarts.com\/pt\/product\/custom-weed-bags-branded-mylar-cannabis-packaging\/","title":{"rendered":"Sacos personalizados para cannabis | Embalagens de Mylar personalizadas para cannabis"},"content":{"rendered":"<h3><span style=\"font-size: 14pt;\"><strong>Fabricante de embalagens personalizadas para cannabis, oferecendo embalagens impressas em mylar, materiais com barreira de odor, fechos zip reutiliz\u00e1veis, acabamentos premium e solu\u00e7\u00f5es opcionais \u00e0 prova de crian\u00e7as.<\/strong><\/span><\/h3>\n<p>A Plysmarts fabrica <strong>sacos de maconha personalizados<\/strong> Para marcas de cannabis, dispens\u00e1rios e produtos de marca pr\u00f3pria. Produzimos. <strong>sacos de embalagem de cannabis de alta barreira<\/strong> Projetado para ajudar a proteger o frescor, reduzir a libera\u00e7\u00e3o de odores e conferir \u00e0 sua marca uma apar\u00eancia premium nas prateleiras. <strong>sacos de maconha de mylar personalizados impressos<\/strong> Desde embalagens com fecho zip reutiliz\u00e1vel at\u00e9 acabamentos especiais, oferecemos solu\u00e7\u00f5es de embalagem flex\u00edveis para diferentes tipos de produtos e necessidades de conformidade.<\/p>\n<p>Nossas op\u00e7\u00f5es personalizadas incluem <strong>Personaliza\u00e7\u00e3o de tamanho, impress\u00e3o de arte personalizada, acabamentos fosco ou brilhante, lamina\u00e7\u00e3o soft touch, verniz UV localizado, efeitos met\u00e1licos, janelas, entalhes para rasgar, furos para pendurar e diversos estilos de z\u00edper.<\/strong>. Para marcas que exigem padr\u00f5es de seguran\u00e7a mais elevados, podemos fornecer <strong>op\u00e7\u00f5es de fecho \u00e0 prova de crian\u00e7as (CR)<\/strong> Quando aplic\u00e1vel, al\u00e9m de pel\u00edculas de barreira resistentes para ajudar a proteger contra umidade e oxig\u00eanio.<\/p>\n<p>Seja para lan\u00e7ar um novo SKU ou atualizar uma embalagem existente, nossa equipe oferece suporte ao seu projeto desde o in\u00edcio. <strong>Recomenda\u00e7\u00f5es para sele\u00e7\u00e3o de materiais e estrutura<\/strong> para <strong>provas de pr\u00e9-produ\u00e7\u00e3o e fabrica\u00e7\u00e3o em massa<\/strong>. Entre em contato conosco informando o tamanho, a quantidade e os requisitos de design da sua bolsa \u2014 a Plysmarts ajudar\u00e1 voc\u00ea a produzir bolsas confi\u00e1veis e de alta qualidade. <strong>sacos de maconha personalizados<\/strong> Pre\u00e7os diretamente da f\u00e1brica.<\/p>\n<h3><span style=\"font-size: 14pt;\"><strong>FAQ<\/strong><\/span><\/h3>\n<p><strong>P1: Quais materiais s\u00e3o usados para fazer sacos para ervas daninhas?<\/strong><br \/>\nA: A maioria dos sacos para ervas daninhas utiliza filmes de barreira laminados (geralmente estruturas do tipo mylar) para ajudar a bloquear a umidade, o oxig\u00eanio e o odor, al\u00e9m de melhorar a durabilidade.<\/p>\n<p><strong>Q2: Voc\u00eas conseguem imprimir meu logotipo e a arte completa nas sacolas?<\/strong><br \/>\nR: Sim, oferecemos impress\u00e3o personalizada, incluindo identidade visual colorida, estampas e informa\u00e7\u00f5es do produto com base em seus arquivos de design.<\/p>\n<p><strong>P3: Voc\u00eas oferecem sacos para ervas daninhas \u00e0 prova de cheiro?<\/strong><br \/>\nA: Podemos recomendar estruturas de pel\u00edcula de alta barreira, projetadas para reduzir a transmiss\u00e3o de odores e proteger o frescor do produto.<\/p>\n<p><strong>Q4: Voc\u00eas oferecem sacos para ervas daninhas \u00e0 prova de crian\u00e7as?<\/strong><br \/>\nA: Podemos fornecer op\u00e7\u00f5es de fechamento \u00e0 prova de crian\u00e7as, quando necess\u00e1rio. Compartilhe as necessidades do seu mercado e proporemos estruturas adequadas.<\/p>\n<p><strong>Q5: Qual \u00e9 a sua quantidade m\u00ednima de encomenda (MOQ) e o prazo de entrega?<\/strong><br \/>\nA: A quantidade m\u00ednima de encomenda e o prazo de entrega dependem do tamanho da embalagem, da estrutura do material e do m\u00e9todo de impress\u00e3o. Envie-nos as suas especifica\u00e7\u00f5es para obter um or\u00e7amento exato.<\/p>","protected":false},"excerpt":{"rendered":"<table style=\"height: 294px; width: 99.8505%; border-collapse: collapse;\" border=\"2\">\n<tbody>\n<tr style=\"height: 28px; background-color: #dbdbdb;\">\n<td style=\"width: 22.6796%; background-color: #ebebeb; height: 31px;\"><span style=\"font-family: arial, helvetica, sans-serif; font-size: 12pt;\"><strong>Unid<\/strong><\/span><\/td>\n<td style=\"width: 77.3204%; background-color: #ebebeb; height: 31px;\"><span style=\"font-family: arial, helvetica, sans-serif; font-size: 12pt;\"><strong><a href=\"https:\/\/polysmarts.com\/pt\/categoria-de-produto-2\/por-mercados-2\/embalagem-de-cbd\/\">Sacos de CBD personalizados<\/a><\/strong>, <strong><a href=\"https:\/\/polysmarts.com\/pt\/categoria-de-produto-2\/por-tipo-2\/sacos-de-mylar\/\">Mylar Bags<\/a><\/strong> para embalagens de sacos de maconha<\/span><\/td>\n<\/tr>\n<tr style=\"height: 40px;\">\n<td style=\"width: 22.6796%; height: 30px; background-color: #99ccff;\"><span style=\"font-family: arial, helvetica, sans-serif; font-size: 12pt;\"><strong>Dimens\u00e3o e estilo<\/strong><\/span><\/td>\n<td style=\"width: 77.3204%; height: 30px; background-color: #99ccff;\"><span style=\"font-family: arial, helvetica, sans-serif; font-size: 12pt;\">Formas e tamanhos personalizados<\/span><\/td>\n<\/tr>\n<tr style=\"height: 40px;\">\n<td style=\"width: 22.6796%; height: 34px; background-color: #ebebeb;\"><span style=\"font-size: 12pt;\"><strong><span style=\"font-family: arial, helvetica, sans-serif;\">Quantidade m\u00ednima de pedido<\/span><\/strong><\/span><\/td>\n<td style=\"width: 77.3204%; height: 34px; background-color: #ebebeb;\"><span style=\"font-family: arial, helvetica, sans-serif; font-size: 12pt;\">100 pe\u00e7as sem personaliza\u00e7\u00e3o, 5000 pe\u00e7as para personaliza\u00e7\u00e3o<\/span><\/td>\n<\/tr>\n<tr style=\"height: 40px; background-color: #99ccff;\">\n<td style=\"width: 22.6796%; height: 32px;\"><span style=\"font-size: 12pt;\"><strong><span style=\"font-family: arial, helvetica, sans-serif;\">Tipo de embalagem<\/span><\/strong><\/span><\/td>\n<td style=\"width: 77.3204%; height: 32px;\"><span style=\"font-family: arial, helvetica, sans-serif; font-size: 12pt;\"><a href=\"https:\/\/polysmarts.com\/pt\/embalagens-stand-up-pouch-personalizadas\/\"><strong>Bolsa de p\u00e9<\/strong><\/a> com z\u00edper<\/span><\/td>\n<\/tr>\n<tr style=\"height: 40px; background-color: #ebebeb;\">\n<td style=\"width: 22.6796%; height: 24px;\"><span style=\"font-size: 12pt;\"><strong><span style=\"font-family: arial, helvetica, sans-serif;\">Impress\u00e3o<\/span><\/strong><\/span><\/td>\n<td style=\"width: 77.3204%; height: 24px;\"><span style=\"font-family: arial, helvetica, sans-serif; font-size: 12pt;\">CMYK (1 \u2013 10 cores), Sem impress\u00e3o (simples), Impress\u00e3o digital<\/span><\/td>\n<\/tr>\n<tr style=\"height: 40px; background-color: #99ccff;\">\n<td style=\"width: 22.6796%; height: 32px;\"><span style=\"font-size: 12pt;\"><strong><span style=\"font-family: arial, helvetica, sans-serif;\">Material<\/span><\/strong><\/span><\/td>\n<td style=\"width: 77.3204%; height: 32px;\"><span style=\"font-family: arial, helvetica, sans-serif; font-size: 12pt;\">Material laminado, MOPP+VMPET+PE<\/span><\/td>\n<\/tr>\n<tr style=\"height: 40px; background-color: #ebebeb;\">\n<td style=\"width: 22.6796%; height: 33px;\"><span style=\"font-size: 12pt;\"><strong><span style=\"font-family: arial, helvetica, sans-serif;\">Op\u00e7\u00f5es inclu\u00eddas<\/span><\/strong><\/span><\/td>\n<td style=\"width: 77.3204%; height: 33px;\"><span style=\"font-family: arial, helvetica, sans-serif; font-size: 12pt;\">Corte e vinco, selagem t\u00e9rmica<\/span><\/td>\n<\/tr>\n<tr style=\"height: 40px; background-color: #99ccff;\">\n<td style=\"width: 22.6796%; height: 30px;\"><span style=\"font-size: 12pt;\"><strong><span style=\"font-family: arial, helvetica, sans-serif;\">Recurso<\/span><\/strong><\/span><\/td>\n<td style=\"width: 77.3204%; height: 30px;\"><span style=\"font-family: arial, helvetica, sans-serif; font-size: 12pt;\">\u00c0 prova de umidade\/isolamento de oxig\u00eanio\/sombreamento\/resist\u00eancia a altas temperaturas\/material de qualidade alimentar<\/span><\/td>\n<\/tr>\n<tr style=\"height: 40px; background-color: #ebebeb;\">\n<td style=\"width: 22.6796%; height: 24px;\"><span style=\"font-size: 12pt;\"><strong><span style=\"font-family: arial, helvetica, sans-serif;\">Tempo de resposta<\/span><\/strong><\/span><\/td>\n<td style=\"width: 77.3204%; height: 24px;\"><span style=\"font-family: arial, helvetica, sans-serif; font-size: 12pt;\">7 a 15 dias \u00fateis, RUSH<\/span><\/td>\n<\/tr>\n<tr style=\"height: 40px; background-color: #99ccff;\">\n<td style=\"width: 22.6796%; height: 24px;\"><span style=\"font-size: 12pt;\"><strong><span style=\"font-family: arial, helvetica, sans-serif;\">Envio<\/span><\/strong><\/span><\/td>\n<td style=\"width: 77.3204%; height: 24px;\"><span style=\"font-family: arial, helvetica, sans-serif; font-size: 12pt;\">A\u00e9reo, Mar\u00edtimo, Expresso<\/span><\/td>\n<\/tr>\n<\/tbody>\n<\/table>\n<p>&nbsp;<\/p>","protected":false},"featured_media":5554,"comment_status":"open","ping_status":"closed","template":"","meta":[],"product_brand":[],"product_cat":[26,35,18],"product_tag":[],"class_list":{"0":"post-5555","1":"product","2":"type-product","3":"status-publish","4":"has-post-thumbnail","6":"product_cat-food-packaging","7":"product_cat-mylar-bags","8":"product_cat-zipper-bags","10":"first","11":"instock","12":"shipping-taxable","13":"purchasable","14":"product-type-variable"},"_links":{"self":[{"href":"https:\/\/polysmarts.com\/pt\/wp-json\/wp\/v2\/product\/5555","targetHints":{"allow":["GET"]}}],"collection":[{"href":"https:\/\/polysmarts.com\/pt\/wp-json\/wp\/v2\/product"}],"about":[{"href":"https:\/\/polysmarts.com\/pt\/wp-json\/wp\/v2\/types\/product"}],"replies":[{"embeddable":true,"href":"https:\/\/polysmarts.com\/pt\/wp-json\/wp\/v2\/comments?post=5555"}],"version-history":[{"count":5,"href":"https:\/\/polysmarts.com\/pt\/wp-json\/wp\/v2\/product\/5555\/revisions"}],"predecessor-version":[{"id":5569,"href":"https:\/\/polysmarts.com\/pt\/wp-json\/wp\/v2\/product\/5555\/revisions\/5569"}],"wp:featuredmedia":[{"embeddable":true,"href":"https:\/\/polysmarts.com\/pt\/wp-json\/wp\/v2\/media\/5554"}],"wp:attachment":[{"href":"https:\/\/polysmarts.com\/pt\/wp-json\/wp\/v2\/media?parent=5555"}],"wp:term":[{"taxonomy":"product_brand","embeddable":true,"href":"https:\/\/polysmarts.com\/pt\/wp-json\/wp\/v2\/product_brand?post=5555"},{"taxonomy":"product_cat","embeddable":true,"href":"https:\/\/polysmarts.com\/pt\/wp-json\/wp\/v2\/product_cat?post=5555"},{"taxonomy":"product_tag","embeddable":true,"href":"https:\/\/polysmarts.com\/pt\/wp-json\/wp\/v2\/product_tag?post=5555"}],"curies":[{"name":"wp","href":"https:\/\/api.w.org\/{rel}","templated":true}]}}