{"id":5518,"date":"2025-12-23T12:56:12","date_gmt":"2025-12-23T04:56:12","guid":{"rendered":"https:\/\/polysmarts.com\/?post_type=product&#038;p=5518"},"modified":"2025-12-23T13:15:27","modified_gmt":"2025-12-23T05:15:27","slug":"embalagens-personalizadas-para-alimentos-em-folha-de-mylar-tipo-saco-ou-bolsa-com-impressao-em-relevo","status":"publish","type":"product","link":"https:\/\/polysmarts.com\/pt\/product\/custom-printed-pouch-and-bag-stand-up-mylar-foil-food-packaging\/","title":{"rendered":"Sacos e embalagens personalizadas impressas \u2013 Embalagem de alimentos em folha de Mylar com suporte para uso."},"content":{"rendered":"<p>Impress\u00e3o personalizada <strong>Bolsa e sacola<\/strong> Embalagens projetadas para marcas de alimentos modernas que precisam de forte impacto visual nas prateleiras e prote\u00e7\u00e3o confi\u00e1vel contra impactos. <strong><a href=\"https:\/\/polysmarts.com\/pt\/embalagens-stand-up-pouch-personalizadas\/\">embalagem stand-up<\/a><\/strong> O formato \u00e9 ideal para <strong>embalagens de salgadinhos, cacau em p\u00f3, doces, nozes e alimentos energ\u00e9ticos<\/strong>, ajudando os produtos a se manterem frescos e com uma apar\u00eancia premium nas prateleiras das lojas.<\/p>\n<p>Constru\u00eddo com materiais laminados dur\u00e1veis (como <strong>BOPP\/VMCPP<\/strong> estruturas) e finalizado com <strong>selagem t\u00e9rmica<\/strong>, Cada embalagem oferece fechamento seguro e desempenho confi\u00e1vel para o manuseio e envio di\u00e1rios. Escolha <strong>impress\u00e3o em rotogravura ou digital<\/strong> Para atender aos seus objetivos de marca \u2014 seja com cores vibrantes, gr\u00e1ficos detalhados ou altera\u00e7\u00f5es de design r\u00e1pidas. Adicione o seu <strong>logotipo personalizado<\/strong>, Selecione o tamanho da embalagem e personalize a apar\u00eancia e o design de acordo com o seu mercado.<\/p>\n<h3><span style=\"font-size: 14pt;\"><strong>Principais caracter\u00edsticas<\/strong><\/span><\/h3>\n<ul>\n<li><strong>Design vertical<\/strong>\u00a0Para uma apresenta\u00e7\u00e3o mais impactante nas prateleiras.<\/li>\n<li><strong>\u00c0 prova de umidade e resistente a odores.<\/strong>\u00a0prote\u00e7\u00e3o de barreira<\/li>\n<li><strong>Sel\u00e1vel a quente<\/strong>\u00a0estrutura para embalagem segura<\/li>\n<li><strong>Entalhe de l\u00e1grima<\/strong>\u00a0para facilitar a abertura<\/li>\n<li><strong>Tamanho personalizado e logotipo personalizado<\/strong>\u00a0apoiado<\/li>\n<li><strong>Op\u00e7\u00f5es de impress\u00e3o:<\/strong>\u00a0Impress\u00e3o em rotogravura ou impress\u00e3o digital<\/li>\n<li><strong>uso de embalagens de alimentos<\/strong>\u00a0(lanches, chocolate quente, doces e muito mais)<\/li>\n<li><strong>Op\u00e7\u00e3o recicl\u00e1vel dispon\u00edvel<\/strong>\u00a0(dependendo da estrutura escolhida)<\/li>\n<\/ul>\n<p>&nbsp;<\/p>\n<p>Se voc\u00ea deseja um produto de alto desempenho <strong>Bolsa e sacola<\/strong> que protege o frescor e aprimora a marca, esta embalagem stand-up pouch personalizada \u00e9 uma solu\u00e7\u00e3o confi\u00e1vel e escal\u00e1vel para empresas aliment\u00edcias em crescimento.<\/p>","protected":false},"excerpt":{"rendered":"<table style=\"height: 294px; width: 99.8505%; border-collapse: collapse;\" border=\"2\">\n<tbody>\n<tr style=\"height: 28px; background-color: #dbdbdb;\">\n<td style=\"width: 22.6796%; background-color: #ebebeb; height: 31px;\"><span style=\"font-family: arial, helvetica, sans-serif; font-size: 12pt;\"><strong>Unid<\/strong><\/span><\/td>\n<td style=\"width: 77.3204%; background-color: #ebebeb; height: 31px;\"><span style=\"font-family: arial, helvetica, sans-serif; font-size: 12pt;\">Bolsa e sacola personalizadas <strong><a href=\"https:\/\/polysmarts.com\/pt\/categoria-de-produto-2\/por-mercados-2\/embalagem-de-alimentos\/\">Food Packaging <\/a><\/strong><\/span><\/td>\n<\/tr>\n<tr style=\"height: 40px;\">\n<td style=\"width: 22.6796%; height: 30px; background-color: #99ccff;\"><span style=\"font-family: arial, helvetica, sans-serif; font-size: 12pt;\"><strong>Dimens\u00e3o e estilo<\/strong><\/span><\/td>\n<td style=\"width: 77.3204%; height: 30px; background-color: #99ccff;\"><span style=\"font-family: arial, helvetica, sans-serif; font-size: 12pt;\">Formas e tamanhos personalizados<\/span><\/td>\n<\/tr>\n<tr style=\"height: 40px;\">\n<td style=\"width: 22.6796%; height: 34px; background-color: #ebebeb;\"><span style=\"font-size: 12pt;\"><strong><span style=\"font-family: arial, helvetica, sans-serif;\">Quantidade m\u00ednima de pedido<\/span><\/strong><\/span><\/td>\n<td style=\"width: 77.3204%; height: 34px; background-color: #ebebeb;\"><span style=\"font-family: arial, helvetica, sans-serif; font-size: 12pt;\">100 pe\u00e7as sem personaliza\u00e7\u00e3o, 5000 pe\u00e7as para personaliza\u00e7\u00e3o<\/span><\/td>\n<\/tr>\n<tr style=\"height: 40px; background-color: #99ccff;\">\n<td style=\"width: 22.6796%; height: 32px;\"><span style=\"font-size: 12pt;\"><strong><span style=\"font-family: arial, helvetica, sans-serif;\">Tipo de embalagem<\/span><\/strong><\/span><\/td>\n<td style=\"width: 77.3204%; height: 32px;\"><span style=\"font-family: arial, helvetica, sans-serif; font-size: 12pt;\"><a href=\"https:\/\/polysmarts.com\/pt\/embalagens-stand-up-pouch-personalizadas\/\"><strong>Bolsa de p\u00e9<\/strong><\/a> com z\u00edper<\/span><\/td>\n<\/tr>\n<tr style=\"height: 40px; background-color: #ebebeb;\">\n<td style=\"width: 22.6796%; height: 24px;\"><span style=\"font-size: 12pt;\"><strong><span style=\"font-family: arial, helvetica, sans-serif;\">Impress\u00e3o<\/span><\/strong><\/span><\/td>\n<td style=\"width: 77.3204%; height: 24px;\"><span style=\"font-family: arial, helvetica, sans-serif; font-size: 12pt;\">CMYK (1 \u2013 10 cores), Sem impress\u00e3o (simples), Impress\u00e3o digital<\/span><\/td>\n<\/tr>\n<tr style=\"height: 40px; background-color: #99ccff;\">\n<td style=\"width: 22.6796%; height: 32px;\"><span style=\"font-size: 12pt;\"><strong><span style=\"font-family: arial, helvetica, sans-serif;\">Material<\/span><\/strong><\/span><\/td>\n<td style=\"width: 77.3204%; height: 32px;\"><span style=\"font-family: arial, helvetica, sans-serif; font-size: 12pt;\">Material laminado, MOPP+VMPET+PE<\/span><\/td>\n<\/tr>\n<tr style=\"height: 40px; background-color: #ebebeb;\">\n<td style=\"width: 22.6796%; height: 33px;\"><span style=\"font-size: 12pt;\"><strong><span style=\"font-family: arial, helvetica, sans-serif;\">Op\u00e7\u00f5es inclu\u00eddas<\/span><\/strong><\/span><\/td>\n<td style=\"width: 77.3204%; height: 33px;\"><span style=\"font-family: arial, helvetica, sans-serif; font-size: 12pt;\">Corte e vinco, selagem t\u00e9rmica<\/span><\/td>\n<\/tr>\n<tr style=\"height: 40px; background-color: #99ccff;\">\n<td style=\"width: 22.6796%; height: 30px;\"><span style=\"font-size: 12pt;\"><strong><span style=\"font-family: arial, helvetica, sans-serif;\">Recurso<\/span><\/strong><\/span><\/td>\n<td style=\"width: 77.3204%; height: 30px;\"><span style=\"font-family: arial, helvetica, sans-serif; font-size: 12pt;\">\u00c0 prova de umidade\/isolamento de oxig\u00eanio\/sombreamento\/resist\u00eancia a altas temperaturas\/material de qualidade alimentar<\/span><\/td>\n<\/tr>\n<tr style=\"height: 40px; background-color: #ebebeb;\">\n<td style=\"width: 22.6796%; height: 24px;\"><span style=\"font-size: 12pt;\"><strong><span style=\"font-family: arial, helvetica, sans-serif;\">Tempo de resposta<\/span><\/strong><\/span><\/td>\n<td style=\"width: 77.3204%; height: 24px;\"><span style=\"font-family: arial, helvetica, sans-serif; font-size: 12pt;\">7 a 15 dias \u00fateis, RUSH<\/span><\/td>\n<\/tr>\n<tr style=\"height: 40px; background-color: #99ccff;\">\n<td style=\"width: 22.6796%; height: 24px;\"><span style=\"font-size: 12pt;\"><strong><span style=\"font-family: arial, helvetica, sans-serif;\">Envio<\/span><\/strong><\/span><\/td>\n<td style=\"width: 77.3204%; height: 24px;\"><span style=\"font-family: arial, helvetica, sans-serif; font-size: 12pt;\">A\u00e9reo, Mar\u00edtimo, Expresso<\/span><\/td>\n<\/tr>\n<\/tbody>\n<\/table>\n<p>&nbsp;<\/p>","protected":false},"featured_media":5527,"comment_status":"open","ping_status":"closed","template":"","meta":[],"product_brand":[],"product_cat":[26,35,18],"product_tag":[],"class_list":{"0":"post-5518","1":"product","2":"type-product","3":"status-publish","4":"has-post-thumbnail","6":"product_cat-food-packaging","7":"product_cat-mylar-bags","8":"product_cat-zipper-bags","10":"first","11":"instock","12":"shipping-taxable","13":"purchasable","14":"product-type-variable"},"_links":{"self":[{"href":"https:\/\/polysmarts.com\/pt\/wp-json\/wp\/v2\/product\/5518","targetHints":{"allow":["GET"]}}],"collection":[{"href":"https:\/\/polysmarts.com\/pt\/wp-json\/wp\/v2\/product"}],"about":[{"href":"https:\/\/polysmarts.com\/pt\/wp-json\/wp\/v2\/types\/product"}],"replies":[{"embeddable":true,"href":"https:\/\/polysmarts.com\/pt\/wp-json\/wp\/v2\/comments?post=5518"}],"version-history":[{"count":3,"href":"https:\/\/polysmarts.com\/pt\/wp-json\/wp\/v2\/product\/5518\/revisions"}],"predecessor-version":[{"id":5530,"href":"https:\/\/polysmarts.com\/pt\/wp-json\/wp\/v2\/product\/5518\/revisions\/5530"}],"wp:featuredmedia":[{"embeddable":true,"href":"https:\/\/polysmarts.com\/pt\/wp-json\/wp\/v2\/media\/5527"}],"wp:attachment":[{"href":"https:\/\/polysmarts.com\/pt\/wp-json\/wp\/v2\/media?parent=5518"}],"wp:term":[{"taxonomy":"product_brand","embeddable":true,"href":"https:\/\/polysmarts.com\/pt\/wp-json\/wp\/v2\/product_brand?post=5518"},{"taxonomy":"product_cat","embeddable":true,"href":"https:\/\/polysmarts.com\/pt\/wp-json\/wp\/v2\/product_cat?post=5518"},{"taxonomy":"product_tag","embeddable":true,"href":"https:\/\/polysmarts.com\/pt\/wp-json\/wp\/v2\/product_tag?post=5518"}],"curies":[{"name":"wp","href":"https:\/\/api.w.org\/{rel}","templated":true}]}}