{"id":5379,"date":"2025-11-24T17:07:47","date_gmt":"2025-11-24T09:07:47","guid":{"rendered":"https:\/\/polysmarts.com\/?post_type=product&#038;p=5379"},"modified":"2025-11-24T17:31:07","modified_gmt":"2025-11-24T09:31:07","slug":"sacos-premium-a-prova-de-odores-solucoes-resistentes-a-odores","status":"publish","type":"product","link":"https:\/\/polysmarts.com\/pt\/product\/premium-smell-proof-bags-odor-resistant-solutions\/","title":{"rendered":"Sacos Premium \u00e0 Prova de Odores | Solu\u00e7\u00f5es Resistentes a Odores"},"content":{"rendered":"<h2><span style=\"font-size: 18pt;\"><strong>Sobre Sacolas Premium Personalizadas \u00e0 Prova de Odores para Atacado | Solu\u00e7\u00f5es Resistentes a Odores<\/strong><\/span><\/h2>\n<p>Os sacos anti-odor de n\u00edvel profissional da Polysmarts combinam tecnologia avan\u00e7ada de bloqueio de odores com recursos de seguran\u00e7a de n\u00edvel militar. Nossos sacos herm\u00e9ticos anti-odor mant\u00eam o odor completamente contido, oferecendo:<\/p>\n<ul>\n<li><strong>Prote\u00e7\u00e3o de barreira de 3 camadas<\/strong><br \/>\nConstru\u00e7\u00e3o multilaminada com filtro de carv\u00e3o ativado<\/li>\n<li><strong>Seguran\u00e7a de n\u00edvel militar<\/strong><br \/>\nLacres inviol\u00e1veis e material resistente a perfura\u00e7\u00f5es<\/li>\n<li><strong>Op\u00e7\u00f5es de personaliza\u00e7\u00e3o de marca<\/strong><br \/>\nSerigrafia e tamanhos personalizados dispon\u00edveis<\/li>\n<li><strong>Conformidade Universal<\/strong><br \/>\nAtende aos requisitos da TSA e da FDA para transporte seguro.<\/li>\n<\/ul>\n<h3><strong><span style=\"font-size: 14pt;\">Por que os profissionais escolhem nossas solu\u00e7\u00f5es \u00e0 prova de odores?<\/span><\/strong><\/h3>\n<ol>\n<li><strong>Prote\u00e7\u00e3o de n\u00edvel m\u00e9dico<\/strong><br \/>\nIdeal para produtos de cannabis, produtos farmac\u00eauticos e documentos confidenciais.<\/li>\n<li><strong>Design pronto para viagens<\/strong><br \/>\nEmbalagem discreta que atende \u00e0s normas das companhias a\u00e9reas.<\/li>\n<li><strong>Resist\u00eancia ambiental<\/strong><br \/>\nMateriais imperme\u00e1veis e resistentes aos raios UV<\/li>\n<li><strong>Constru\u00e7\u00e3o reutiliz\u00e1vel<\/strong><br \/>\nLav\u00e1vel e dur\u00e1vel para uso repetido.<\/li>\n<\/ol>\n<h3><strong><span style=\"font-size: 14pt;\">Especifica\u00e7\u00f5es t\u00e9cnicas<\/span><\/strong><\/h3>\n<table style=\"width: 100%;\">\n<thead>\n<tr>\n<th style=\"width: 49.4774%;\">Recurso<\/th>\n<th style=\"width: 68.6411%;\">Detalhe<\/th>\n<\/tr>\n<\/thead>\n<tbody>\n<tr>\n<td style=\"width: 49.4774%;\">Espessura do material<\/td>\n<td style=\"width: 68.6411%;\">8-12 mil<\/td>\n<\/tr>\n<tr>\n<td style=\"width: 49.4774%;\">Faixa de temperatura<\/td>\n<td style=\"width: 68.6411%;\">-40\u00b0F a 240\u00b0F<\/td>\n<\/tr>\n<tr>\n<td style=\"width: 49.4774%;\">Tamanhos dispon\u00edveis<\/td>\n<td style=\"width: 68.6411%;\">4\u2033x6\u2033 a 12\u2033x16\u2033<\/td>\n<\/tr>\n<tr>\n<td style=\"width: 49.4774%;\">Tipo de fechamento<\/td>\n<td style=\"width: 68.6411%;\">Z\u00edper com veda\u00e7\u00e3o dupla<\/td>\n<\/tr>\n<\/tbody>\n<\/table>\n<h3><span style=\"font-size: 14pt;\"><strong>Aplica\u00e7\u00f5es industriais<\/strong><\/span><\/h3>\n<ul>\n<li><strong>Assist\u00eancia m\u00e9dica<\/strong>Armazenamento seguro de medicamentos<\/li>\n<li><strong>Cannabis<\/strong>Embalagem do produto em conformidade<\/li>\n<li><strong>Servi\u00e7o de alimenta\u00e7\u00e3o<\/strong>Prepara\u00e7\u00e3o de refei\u00e7\u00f5es sem odor<\/li>\n<li><strong>Viagem<\/strong>Organiza\u00e7\u00e3o parceira da TSA<\/li>\n<\/ul>","protected":false},"excerpt":{"rendered":"<table style=\"height: 360px; width: 99.8505%; border-collapse: collapse;\" border=\"2\">\n<tbody>\n<tr style=\"height: 40px;\">\n<td style=\"width: 38.0988%; height: 30px; background-color: #99ccff;\"><span style=\"font-family: arial, helvetica, sans-serif; font-size: 12pt;\"><strong>Dimens\u00e3o e estilo<\/strong><\/span><\/td>\n<td style=\"width: 61.9012%; height: 30px; background-color: #99ccff;\"><span style=\"font-family: arial, helvetica, sans-serif; font-size: 12pt;\">100% Suporte para tamanho personalizado\u00a0<\/span><\/td>\n<\/tr>\n<tr style=\"height: 40px;\">\n<td style=\"width: 38.0988%; height: 34px; background-color: #ebebeb;\"><strong>Quantidade m\u00ednima de pedido<\/strong><\/td>\n<td style=\"width: 61.9012%; height: 34px; background-color: #ebebeb;\"><span style=\"font-family: arial, helvetica, sans-serif; font-size: 12pt;\">100 unidades sem personaliza\u00e7\u00e3o - Sacolas em estoque, 1000 unidades para impress\u00e3o digital, 10000 unidades para impress\u00e3o em rotogravura.<\/span><\/td>\n<\/tr>\n<tr style=\"height: 40px; background-color: #99ccff;\">\n<td style=\"width: 38.0988%; height: 24px;\"><span style=\"font-size: 12pt;\"><strong><span style=\"font-family: arial, helvetica, sans-serif;\">Tipo de embalagem<\/span><\/strong><\/span><\/td>\n<td style=\"width: 61.9012%; height: 24px;\"><span style=\"font-family: arial, helvetica, sans-serif; font-size: 12pt;\">Sacos \u00e0 prova de odores \/ <strong><a href=\"https:\/\/polysmarts.com\/pt\/embalagens-stand-up-pouch-personalizadas\/\">Sacos de p\u00e9<\/a><\/strong>\/ <strong><a href=\"https:\/\/polysmarts.com\/pt\/categoria-de-produto-2\/por-tipo-2\/bolsas-com-ziper\/\">Zipper Bags<\/a><\/strong><\/span><\/td>\n<\/tr>\n<tr style=\"height: 40px; background-color: #ebebeb;\">\n<td style=\"width: 38.0988%; height: 24px;\"><span style=\"font-size: 12pt;\"><strong><span style=\"font-family: arial, helvetica, sans-serif;\">Grossura<\/span><\/strong><\/span><\/td>\n<td style=\"width: 61.9012%; height: 24px;\"><span style=\"font-family: arial, helvetica, sans-serif; font-size: 12pt;\">80 m\u00edcrons \/ Espessura personalizada\u00a0<\/span><\/td>\n<\/tr>\n<tr style=\"height: 40px; background-color: #99ccff;\">\n<td style=\"width: 38.0988%; height: 24px;\"><span style=\"font-size: 12pt;\"><strong><span style=\"font-family: arial, helvetica, sans-serif;\">Impress\u00e3o\u00a0<\/span><\/strong><\/span><\/td>\n<td style=\"width: 61.9012%; height: 24px;\"><span style=\"font-family: arial, helvetica, sans-serif; font-size: 12pt;\">\u00a0Impress\u00e3o digital (quantidade m\u00ednima de 1000 unidades) \/ Impress\u00e3o em rotogravura (quantidade m\u00ednima de 10000 unidades)<\/span><\/td>\n<\/tr>\n<tr style=\"height: 40px; background-color: #ebebeb;\">\n<td style=\"width: 38.0988%; height: 24px;\"><span style=\"font-size: 12pt;\"><strong><span style=\"font-family: arial, helvetica, sans-serif;\">Material<\/span><\/strong><\/span><\/td>\n<td style=\"width: 61.9012%; height: 24px;\"><span style=\"font-family: arial, helvetica, sans-serif; font-size: 12pt;\">OPP\/VMPET\/PE \/ Material de suporte <em>Composto\u00a0\u00a0<\/em><\/span><\/td>\n<\/tr>\n<tr style=\"height: 40px; background-color: #99ccff;\">\n<td style=\"width: 38.0988%; height: 24px;\"><span style=\"font-size: 12pt;\"><strong><span style=\"font-family: arial, helvetica, sans-serif;\">Recurso<\/span><\/strong><\/span><\/td>\n<td style=\"width: 61.9012%; height: 24px;\"><span style=\"font-family: arial, helvetica, sans-serif; font-size: 12pt;\">\u00c0 prova de cheiro<\/span><\/td>\n<\/tr>\n<tr style=\"height: 40px; background-color: #ebebeb;\">\n<td style=\"width: 38.0988%; height: 24px;\"><span style=\"font-size: 12pt;\"><strong><span style=\"font-family: arial, helvetica, sans-serif;\">Prazo de entrega<\/span><\/strong><\/span><\/td>\n<td style=\"width: 61.9012%; height: 24px;\"><span style=\"font-family: arial, helvetica, sans-serif; font-size: 12pt;\">7 a 15 dias \u00fateis, RUSH<\/span><\/td>\n<\/tr>\n<tr style=\"height: 40px; background-color: #99ccff;\">\n<td style=\"width: 38.0988%; height: 24px;\"><span style=\"font-size: 12pt;\"><strong><span style=\"font-family: arial, helvetica, sans-serif;\">m\u00e9todo de envio<\/span><\/strong><\/span><\/td>\n<td style=\"width: 61.9012%; height: 24px;\"><span style=\"font-family: arial, helvetica, sans-serif; font-size: 12pt;\">Expressar<\/span><\/td>\n<\/tr>\n<\/tbody>\n<\/table>\n<p>&nbsp;<\/p>","protected":false},"featured_media":5373,"comment_status":"open","ping_status":"closed","template":"","meta":[],"product_brand":[],"product_cat":[28,26,35,18],"product_tag":[],"class_list":{"0":"post-5379","1":"product","2":"type-product","3":"status-publish","4":"has-post-thumbnail","6":"product_cat-cbd-packaging","7":"product_cat-food-packaging","8":"product_cat-mylar-bags","9":"product_cat-zipper-bags","11":"first","12":"instock","13":"shipping-taxable","14":"purchasable","15":"product-type-variable"},"_links":{"self":[{"href":"https:\/\/polysmarts.com\/pt\/wp-json\/wp\/v2\/product\/5379","targetHints":{"allow":["GET"]}}],"collection":[{"href":"https:\/\/polysmarts.com\/pt\/wp-json\/wp\/v2\/product"}],"about":[{"href":"https:\/\/polysmarts.com\/pt\/wp-json\/wp\/v2\/types\/product"}],"replies":[{"embeddable":true,"href":"https:\/\/polysmarts.com\/pt\/wp-json\/wp\/v2\/comments?post=5379"}],"version-history":[{"count":1,"href":"https:\/\/polysmarts.com\/pt\/wp-json\/wp\/v2\/product\/5379\/revisions"}],"predecessor-version":[{"id":5382,"href":"https:\/\/polysmarts.com\/pt\/wp-json\/wp\/v2\/product\/5379\/revisions\/5382"}],"wp:featuredmedia":[{"embeddable":true,"href":"https:\/\/polysmarts.com\/pt\/wp-json\/wp\/v2\/media\/5373"}],"wp:attachment":[{"href":"https:\/\/polysmarts.com\/pt\/wp-json\/wp\/v2\/media?parent=5379"}],"wp:term":[{"taxonomy":"product_brand","embeddable":true,"href":"https:\/\/polysmarts.com\/pt\/wp-json\/wp\/v2\/product_brand?post=5379"},{"taxonomy":"product_cat","embeddable":true,"href":"https:\/\/polysmarts.com\/pt\/wp-json\/wp\/v2\/product_cat?post=5379"},{"taxonomy":"product_tag","embeddable":true,"href":"https:\/\/polysmarts.com\/pt\/wp-json\/wp\/v2\/product_tag?post=5379"}],"curies":[{"name":"wp","href":"https:\/\/api.w.org\/{rel}","templated":true}]}}