{"id":51,"date":"2023-09-15T09:00:00","date_gmt":"2023-09-15T09:00:00","guid":{"rendered":"https:\/\/polysmarts.com\/?post_type=product&#038;p=51"},"modified":"2023-11-16T08:12:25","modified_gmt":"2023-11-16T08:12:25","slug":"bolsa-de-papel-kraft-stand-up-para-alimentos-no-atacado-com-janela","status":"publish","type":"product","link":"https:\/\/polysmarts.com\/pt\/product\/wholesale-food-stand-up-kraft-paper-pouch-with-window\/","title":{"rendered":"Bolsa de papel Kraft para alimentos no atacado com janela"},"content":{"rendered":"<p>Estes vers\u00e1teis sacos de papel Kraft marrom com janela foram projetados para elevar suas necessidades de armazenamento e oferecer in\u00fameros benef\u00edcios para a organiza\u00e7\u00e3o da sua cozinha e casa.<\/p>\n<p><strong>Detalhes do produto:<\/strong><\/p>\n<p>Materiais: Temos orgulho em usar materiais de fibra vegetal ecologicamente corretos para fabricar nossos produtos. O padr\u00e3o tridimensional exclusivo adiciona um toque de sofistica\u00e7\u00e3o a essas bolsas de armazenamento retangulares.<br \/>\nEspa\u00e7o Aplic\u00e1vel: Ideais para uso em sua cozinha ou despensa, essas sacolas tridimensionais de papel Kraft s\u00e3o origin\u00e1rias de Guangdong, China.<\/p>\n<p><strong>Raz\u00f5es para comprar:<\/strong><\/p>\n<p><strong>Sacos de armazenamento de gr\u00e3os de caf\u00e9 Kraft Food:<\/strong><\/p>\n<p>Nossas sacolas de papel Kraft s\u00e3o fabricadas com materiais biodegrad\u00e1veis da mais alta qualidade. Eles fornecem uma camada adicional de calor e prote\u00e7\u00e3o para seus gr\u00e3os de caf\u00e9.<\/p>\n<p><strong>Bolsas de caf\u00e9 stand-up:<\/strong><\/p>\n<p>Essas bolsas de caf\u00e9 verticais s\u00e3o perfeitas para armazenar ch\u00e1, caf\u00e9, ervas, especiarias e muito mais. Eles tamb\u00e9m podem servir como sacos vers\u00e1teis de armazenamento para lanches e outros itens pequenos.<\/p>\n<p><strong>Bolsas Kraft Zip Lock: <\/strong><\/p>\n<p>Fabricadas em papel Kraft dur\u00e1vel e resistente a rasgos, nossas bolsas com z\u00edper apresentam um z\u00edper em toda a extens\u00e3o para f\u00e1cil acesso e fechamento seguro.<\/p>\n<p><strong>Armazenamento multifuncional: <\/strong><\/p>\n<p>Esses sacos de papel Kraft n\u00e3o se limitam apenas aos gr\u00e3os de caf\u00e9. S\u00e3o perfeitos para organizar diversos itens como ch\u00e1, a\u00e7\u00facar, farinha, gr\u00e3os, salgadinhos e muito mais, ajudando voc\u00ea a manter a casa limpa e arrumada.<\/p>\n<p><strong>Manuten\u00e7\u00e3o f\u00e1cil: <\/strong><\/p>\n<p>Limpar e manter esses sacos de papel Kraft \u00e9 muito f\u00e1cil. Basta limp\u00e1-los com um pano \u00famido ou lav\u00e1-los \u00e0 m\u00e3o, garantindo que permane\u00e7am em perfeitas condi\u00e7\u00f5es.<\/p>\n<p><strong>Embalagem elegante para presente: <\/strong><\/p>\n<p>Nossas sacolas de papel Kraft v\u00eam lindamente embaladas em uma caixa de presente, o que as torna uma excelente op\u00e7\u00e3o para presentear sua fam\u00edlia e amigos.<\/p>\n<p>Atualize suas solu\u00e7\u00f5es de armazenamento com essas bolsas Kraft Stand-Up Zip Lock - uma mistura de sustentabilidade, funcionalidade e estilo.<\/p>","protected":false},"excerpt":{"rendered":"<table style=\"height: 360px; width: 99.8505%; border-collapse: collapse;\" border=\"2\">\n<tbody>\n<tr style=\"height: 40px;\">\n<td style=\"width: 22.6796%; height: 30px; background-color: #99ccff;\"><span style=\"font-family: arial, helvetica, sans-serif; font-size: 12pt;\"><strong>Dimens\u00e3o e estilo<\/strong><\/span><\/td>\n<td style=\"width: 77.3204%; height: 30px; background-color: #99ccff;\"><span style=\"font-family: arial, helvetica, sans-serif; font-size: 12pt;\">Formas e tamanhos personalizados<\/span><\/td>\n<\/tr>\n<tr style=\"height: 40px;\">\n<td style=\"width: 22.6796%; height: 34px; background-color: #ebebeb;\"><span style=\"font-size: 12pt;\"><strong><span style=\"font-family: arial, helvetica, sans-serif;\">Quantidade m\u00ednima de pedido<\/span><\/strong><\/span><\/td>\n<td style=\"width: 77.3204%; height: 34px; background-color: #ebebeb;\"><span style=\"font-family: arial, helvetica, sans-serif; font-size: 12pt;\">1000pcs sem personaliza\u00e7\u00e3o, 10000pcs para personaliza\u00e7\u00e3o<\/span><\/td>\n<\/tr>\n<tr style=\"height: 40px; background-color: #99ccff;\">\n<td style=\"width: 22.6796%; height: 24px;\"><span style=\"font-size: 12pt;\"><strong><span style=\"font-family: arial, helvetica, sans-serif;\">Tipo de embalagem<\/span><\/strong><\/span><\/td>\n<td style=\"width: 77.3204%; height: 24px;\"><span style=\"font-family: arial, helvetica, sans-serif; font-size: 12pt;\">Sacos de papel Kraft de p\u00e9<\/span><\/td>\n<\/tr>\n<tr style=\"height: 40px; background-color: #ebebeb;\">\n<td style=\"width: 22.6796%; height: 24px;\"><span style=\"font-size: 12pt;\"><strong><span style=\"font-family: arial, helvetica, sans-serif;\">Impress\u00e3o<\/span><\/strong><\/span><\/td>\n<td style=\"width: 77.3204%; height: 24px;\"><span style=\"font-family: arial, helvetica, sans-serif; font-size: 12pt;\">CMYK (1 \u2013 8 cores), sem impress\u00e3o (normal)<\/span><\/td>\n<\/tr>\n<tr style=\"height: 40px; background-color: #99ccff;\">\n<td style=\"width: 22.6796%; height: 24px;\"><span style=\"font-size: 12pt;\"><strong><span style=\"font-family: arial, helvetica, sans-serif;\">Acabamento<\/span><\/strong><\/span><\/td>\n<td style=\"width: 77.3204%; height: 24px;\"><span style=\"font-family: arial, helvetica, sans-serif; font-size: 12pt;\">Lamina\u00e7\u00e3o brilhante\/fosca, revestimento aquoso, verniz localizado, revestimento UV, grava\u00e7\u00e3o em relevo, grava\u00e7\u00e3o em relevo, impress\u00e3o em folha<\/span><\/td>\n<\/tr>\n<tr style=\"height: 40px; background-color: #ebebeb;\">\n<td style=\"width: 22.6796%; height: 24px;\"><span style=\"font-size: 12pt;\"><strong><span style=\"font-family: arial, helvetica, sans-serif;\">Op\u00e7\u00f5es inclu\u00eddas<\/span><\/strong><\/span><\/td>\n<td style=\"width: 77.3204%; height: 24px;\"><span style=\"font-family: arial, helvetica, sans-serif; font-size: 12pt;\">Corte e vinco<\/span><\/td>\n<\/tr>\n<tr style=\"height: 40px; background-color: #99ccff;\">\n<td style=\"width: 22.6796%; height: 24px;\"><span style=\"font-size: 12pt;\"><strong><span style=\"font-family: arial, helvetica, sans-serif;\">Prova<\/span><\/strong><\/span><\/td>\n<td style=\"width: 77.3204%; height: 24px;\"><span style=\"font-family: arial, helvetica, sans-serif; font-size: 12pt;\">Provas Eletr\u00f4nicas (visualiza\u00e7\u00e3o plana\/maquete 3D), Provas Impressas Digitalmente (sem grandes efeitos de acabamento), Amostragem F\u00edsica (sob consulta)<\/span><\/td>\n<\/tr>\n<tr style=\"height: 40px; background-color: #ebebeb;\">\n<td style=\"width: 22.6796%; height: 24px;\"><span style=\"font-size: 12pt;\"><strong><span style=\"font-family: arial, helvetica, sans-serif;\">Tempo de resposta<\/span><\/strong><\/span><\/td>\n<td style=\"width: 77.3204%; height: 24px;\"><span style=\"font-family: arial, helvetica, sans-serif; font-size: 12pt;\">7 a 15 dias \u00fateis, RUSH<\/span><\/td>\n<\/tr>\n<tr style=\"height: 40px; background-color: #99ccff;\">\n<td style=\"width: 22.6796%; height: 24px;\"><span style=\"font-size: 12pt;\"><strong><span style=\"font-family: arial, helvetica, sans-serif;\">Envio<\/span><\/strong><\/span><\/td>\n<td style=\"width: 77.3204%; height: 24px;\"><span style=\"font-family: arial, helvetica, sans-serif; font-size: 12pt;\">A\u00e9reo, Mar\u00edtimo, Expresso<\/span><\/td>\n<\/tr>\n<\/tbody>\n<\/table>\n<p>&nbsp;<\/p>","protected":false},"featured_media":52,"comment_status":"open","ping_status":"closed","template":"","meta":[],"product_brand":[],"product_cat":[26,20],"product_tag":[],"class_list":{"0":"post-51","1":"product","2":"type-product","3":"status-publish","4":"has-post-thumbnail","6":"product_cat-food-packaging","7":"product_cat-kraft-paper-bag","9":"first","10":"instock","11":"shipping-taxable","12":"product-type-simple"},"_links":{"self":[{"href":"https:\/\/polysmarts.com\/pt\/wp-json\/wp\/v2\/product\/51","targetHints":{"allow":["GET"]}}],"collection":[{"href":"https:\/\/polysmarts.com\/pt\/wp-json\/wp\/v2\/product"}],"about":[{"href":"https:\/\/polysmarts.com\/pt\/wp-json\/wp\/v2\/types\/product"}],"replies":[{"embeddable":true,"href":"https:\/\/polysmarts.com\/pt\/wp-json\/wp\/v2\/comments?post=51"}],"version-history":[{"count":5,"href":"https:\/\/polysmarts.com\/pt\/wp-json\/wp\/v2\/product\/51\/revisions"}],"predecessor-version":[{"id":746,"href":"https:\/\/polysmarts.com\/pt\/wp-json\/wp\/v2\/product\/51\/revisions\/746"}],"wp:featuredmedia":[{"embeddable":true,"href":"https:\/\/polysmarts.com\/pt\/wp-json\/wp\/v2\/media\/52"}],"wp:attachment":[{"href":"https:\/\/polysmarts.com\/pt\/wp-json\/wp\/v2\/media?parent=51"}],"wp:term":[{"taxonomy":"product_brand","embeddable":true,"href":"https:\/\/polysmarts.com\/pt\/wp-json\/wp\/v2\/product_brand?post=51"},{"taxonomy":"product_cat","embeddable":true,"href":"https:\/\/polysmarts.com\/pt\/wp-json\/wp\/v2\/product_cat?post=51"},{"taxonomy":"product_tag","embeddable":true,"href":"https:\/\/polysmarts.com\/pt\/wp-json\/wp\/v2\/product_tag?post=51"}],"curies":[{"name":"wp","href":"https:\/\/api.w.org\/{rel}","templated":true}]}}