{"id":5056,"date":"2025-09-09T16:29:19","date_gmt":"2025-09-09T08:29:19","guid":{"rendered":"https:\/\/polysmarts.com\/?post_type=product&#038;p=5056"},"modified":"2025-09-09T16:53:30","modified_gmt":"2025-09-09T08:53:30","slug":"solucoes-de-embalagem-de-leite-em-po-filme-laminado-para-embalagem","status":"publish","type":"product","link":"https:\/\/polysmarts.com\/pt\/product\/milk-powder-pack-solutions-laminated-foil-packaging-film\/","title":{"rendered":"Solu\u00e7\u00f5es de embalagem para leite em p\u00f3 | Filme laminado para embalagem"},"content":{"rendered":"<p>Eleve a qualidade da sua embalagem de latic\u00ednios com nossas Solu\u00e7\u00f5es para Embalagens de Leite em P\u00f3 | Filme Laminado para Embalagens. Projetada para processadores de latic\u00ednios, marcas de f\u00f3rmulas infantis e fabricantes de p\u00f3s nutricionais, esta embalagem inovadora oferece uma solu\u00e7\u00e3o de impress\u00e3o personalizada e completa para todos os volumes de leite em p\u00f3 desidratado ou l\u00edquido. Escolha entre diversas op\u00e7\u00f5es, incluindo filmes de selagem a frio, filmes de selagem a quente e filmes de alta barreira, garantindo a prote\u00e7\u00e3o ideal para seus produtos.<\/p>\n<p>Com larguras de filme personalizadas de at\u00e9 1200 mm, voc\u00ea pode personalizar sua embalagem para atender a necessidades espec\u00edficas. Nossos produtos contam com materiais, espessuras e designs personalizados, proporcionando prote\u00e7\u00e3o contra umidade, oxig\u00eanio, aroma e luz para aumentar a seguran\u00e7a do produto. Cada rolo ou embalagem pr\u00e9-formada possui veda\u00e7\u00e3o precisa e rotogravura ou impress\u00e3o digital v\u00edvida, elevando o apelo da sua marca e mantendo a qualidade do seu leite em p\u00f3.<\/p>\n<p>Transforme seu processo de embalagem com nossas Solu\u00e7\u00f5es de Embalagem para Leite em P\u00f3, que unem seguran\u00e7a e est\u00e9tica para produtos de n\u00edvel de exporta\u00e7\u00e3o. Experimente a diferen\u00e7a em qualidade e desempenho com embalagens que realmente refletem o compromisso da sua marca com a excel\u00eancia.<\/p>","protected":false},"excerpt":{"rendered":"<table style=\"height: 360px; width: 99.8505%; border-collapse: collapse;\" border=\"2\">\n<tbody>\n<tr style=\"height: 40px;\">\n<td style=\"width: 22.6796%; height: 30px; background-color: #99ccff;\"><span style=\"font-family: arial, helvetica, sans-serif; font-size: 12pt;\"><strong>Dimens\u00e3o e estilo<\/strong><\/span><\/td>\n<td style=\"width: 77.3204%; height: 30px; background-color: #99ccff;\"><span style=\"font-family: arial, helvetica, sans-serif; font-size: 12pt;\">Formas e tamanhos personalizados<\/span><\/td>\n<\/tr>\n<tr style=\"height: 40px;\">\n<td style=\"width: 22.6796%; height: 34px; background-color: #ebebeb;\"><span style=\"font-size: 12pt;\"><strong><span style=\"font-family: arial, helvetica, sans-serif;\">Quantidade m\u00ednima de pedido<\/span><\/strong><\/span><\/td>\n<td style=\"width: 77.3204%; height: 34px; background-color: #ebebeb;\"><span style=\"font-family: arial, helvetica, sans-serif; font-size: 12pt;\">200 quilogramas<\/span><\/td>\n<\/tr>\n<tr style=\"height: 40px; background-color: #99ccff;\">\n<td style=\"width: 22.6796%; height: 24px;\"><span style=\"font-size: 12pt;\"><strong><span style=\"font-family: arial, helvetica, sans-serif;\">Tipo de embalagem<\/span><\/strong><\/span><\/td>\n<td style=\"width: 77.3204%; height: 24px;\"><span style=\"font-family: arial, helvetica, sans-serif; font-size: 12pt;\">Rolo de filme para embalagem de leite em p\u00f3 personalizado <\/span><\/td>\n<\/tr>\n<tr style=\"height: 40px; background-color: #ebebeb;\">\n<td style=\"width: 22.6796%; height: 24px;\"><span style=\"font-size: 12pt;\"><strong><span style=\"font-family: arial, helvetica, sans-serif;\">Impress\u00e3o<\/span><\/strong><\/span><\/td>\n<td style=\"width: 77.3204%; height: 24px;\"><span style=\"font-family: arial, helvetica, sans-serif; font-size: 12pt;\">Rotogravura, conforme arte, at\u00e9 12 cores<\/span><\/td>\n<\/tr>\n<tr style=\"height: 40px; background-color: #99ccff;\">\n<td style=\"width: 22.6796%; height: 24px;\"><span style=\"font-size: 12pt;\"><strong><span style=\"font-family: arial, helvetica, sans-serif;\">Tamanho e espessura<\/span><\/strong><\/span><\/td>\n<td style=\"width: 77.3204%; height: 24px;\"><span style=\"font-family: arial, helvetica, sans-serif; font-size: 12pt;\">V\u00e1rios tamanhos e espessuras dispon\u00edveis<\/span><\/td>\n<\/tr>\n<tr style=\"height: 40px; background-color: #ebebeb;\">\n<td style=\"width: 22.6796%; height: 24px;\"><span style=\"font-size: 12pt;\"><strong><span style=\"font-family: arial, helvetica, sans-serif;\">Material<\/span><\/strong><\/span><\/td>\n<td style=\"width: 77.3204%; height: 24px;\"><span style=\"font-family: arial, helvetica, sans-serif; font-size: 12pt;\">PET\/VMPET\/PE, PET\/AL\/PE, OPP\/VMPET\/PE, OPP\/AL\/PE, ect.<\/span><\/td>\n<\/tr>\n<tr style=\"height: 40px; background-color: #99ccff;\">\n<td style=\"width: 22.6796%; height: 24px;\"><span style=\"font-size: 12pt;\"><strong><span style=\"font-family: arial, helvetica, sans-serif;\">Aplicativo<\/span><\/strong><\/span><\/td>\n<td style=\"width: 77.3204%; height: 24px;\"><span style=\"font-family: arial, helvetica, sans-serif; font-size: 12pt;\">Batatas fritas\/ch\u00e1\/caf\u00e9 em gr\u00e3o\/leite em p\u00f3\/caf\u00e9 mo\u00eddo\/batatas fritas, etc.<\/span><\/td>\n<\/tr>\n<tr style=\"height: 40px; background-color: #ebebeb;\">\n<td style=\"width: 22.6796%; height: 24px;\"><span style=\"font-size: 12pt;\"><strong><span style=\"font-family: arial, helvetica, sans-serif;\">Tempo de resposta<\/span><\/strong><\/span><\/td>\n<td style=\"width: 77.3204%; height: 24px;\"><span style=\"font-family: arial, helvetica, sans-serif; font-size: 12pt;\">7 a 15 dias \u00fateis, RUSH<\/span><\/td>\n<\/tr>\n<tr style=\"height: 40px; background-color: #99ccff;\">\n<td style=\"width: 22.6796%; height: 24px;\"><span style=\"font-size: 12pt;\"><strong><span style=\"font-family: arial, helvetica, sans-serif;\">Envio<\/span><\/strong><\/span><\/td>\n<td style=\"width: 77.3204%; height: 24px;\"><span style=\"font-family: arial, helvetica, sans-serif; font-size: 12pt;\">A\u00e9reo, Mar\u00edtimo, Expresso<\/span><\/td>\n<\/tr>\n<\/tbody>\n<\/table>\n<p>&nbsp;<\/p>","protected":false},"featured_media":5053,"comment_status":"open","ping_status":"closed","template":"","meta":[],"product_brand":[],"product_cat":[23],"product_tag":[],"class_list":{"0":"post-5056","1":"product","2":"type-product","3":"status-publish","4":"has-post-thumbnail","6":"product_cat-film-rolls","8":"first","9":"instock","10":"shipping-taxable","11":"product-type-simple"},"_links":{"self":[{"href":"https:\/\/polysmarts.com\/pt\/wp-json\/wp\/v2\/product\/5056","targetHints":{"allow":["GET"]}}],"collection":[{"href":"https:\/\/polysmarts.com\/pt\/wp-json\/wp\/v2\/product"}],"about":[{"href":"https:\/\/polysmarts.com\/pt\/wp-json\/wp\/v2\/types\/product"}],"replies":[{"embeddable":true,"href":"https:\/\/polysmarts.com\/pt\/wp-json\/wp\/v2\/comments?post=5056"}],"version-history":[{"count":1,"href":"https:\/\/polysmarts.com\/pt\/wp-json\/wp\/v2\/product\/5056\/revisions"}],"predecessor-version":[{"id":5057,"href":"https:\/\/polysmarts.com\/pt\/wp-json\/wp\/v2\/product\/5056\/revisions\/5057"}],"wp:featuredmedia":[{"embeddable":true,"href":"https:\/\/polysmarts.com\/pt\/wp-json\/wp\/v2\/media\/5053"}],"wp:attachment":[{"href":"https:\/\/polysmarts.com\/pt\/wp-json\/wp\/v2\/media?parent=5056"}],"wp:term":[{"taxonomy":"product_brand","embeddable":true,"href":"https:\/\/polysmarts.com\/pt\/wp-json\/wp\/v2\/product_brand?post=5056"},{"taxonomy":"product_cat","embeddable":true,"href":"https:\/\/polysmarts.com\/pt\/wp-json\/wp\/v2\/product_cat?post=5056"},{"taxonomy":"product_tag","embeddable":true,"href":"https:\/\/polysmarts.com\/pt\/wp-json\/wp\/v2\/product_tag?post=5056"}],"curies":[{"name":"wp","href":"https:\/\/api.w.org\/{rel}","templated":true}]}}