{"id":5035,"date":"2025-09-08T19:49:30","date_gmt":"2025-09-08T11:49:30","guid":{"rendered":"https:\/\/polysmarts.com\/?post_type=product&#038;p=5035"},"modified":"2025-09-08T20:18:44","modified_gmt":"2025-09-08T12:18:44","slug":"sacos-de-mylar-personalizados-de-3-a-5-com-embalagem-em-caixa","status":"publish","type":"product","link":"https:\/\/polysmarts.com\/pt\/product\/custom-3-5-mylar-bags-with-box-packaging\/","title":{"rendered":"Sacos de Mylar 3,5 personalizados com embalagem em caixa"},"content":{"rendered":"<div style=\"width: 800px;\" class=\"wp-video\"><video class=\"wp-video-shortcode\" id=\"video-5035-1\" width=\"800\" height=\"800\" preload=\"metadata\" controls=\"controls\"><source type=\"video\/mp4\" src=\"https:\/\/polysmarts.com\/wp-content\/uploads\/2025\/09\/0908.mp4?_=1\" \/><a href=\"https:\/\/polysmarts.com\/wp-content\/uploads\/2025\/09\/0908.mp4\">https:\/\/polysmarts.com\/wp-content\/uploads\/2025\/09\/0908.mp4<\/a><\/video><\/div>\n<p><strong>Sacos de Mylar 3,5 personalizados com embalagem em caixa da Polysmarts<\/strong><\/p>\n<table>\n<tbody>\n<tr>\n<td>Descri\u00e7\u00e3o do produto<\/td>\n<td>Sacos de Mylar Hologr\u00e1ficos Personalizados de 3,5g, \u00e0 Prova de Cheiro, Recortados em Pl\u00e1stico com Formato Especial<\/td>\n<\/tr>\n<tr>\n<td>Tamanho<\/td>\n<td>1g 3,5g 7g 28g 1LB e personalizado<\/td>\n<\/tr>\n<tr>\n<td>M\u00e9todo de impress\u00e3o<\/td>\n<td>Impress\u00e3o em rotogravura (pequenas quantidades podem ser impressas digitalmente)<\/td>\n<\/tr>\n<tr>\n<td>Estrutura Material<\/td>\n<td>Material da primeira camada: PA, PET, BOPP, MATT<br \/>\nMaterial intermedi\u00e1rio OPP: PET, PA, VMPET, AL, PAPEL KRAFT<br \/>\nMaterial da \u00faltima camada: PE, CPP, RCPP<\/td>\n<\/tr>\n<tr>\n<td>Acabamento de superf\u00edcie<\/td>\n<td>Brilhante, fosco, UV, estampagem em folha<\/td>\n<\/tr>\n<tr>\n<td>Janela de bolsa<\/td>\n<td>redondo, quadrado, quadrado, oval, tipo livre<\/td>\n<\/tr>\n<tr>\n<td>Cores<\/td>\n<td>impress\u00e3o personalizada em at\u00e9 10 cores<\/td>\n<\/tr>\n<tr>\n<td>Tamanho<\/td>\n<td>Suporte para tamanho personalizado<\/td>\n<\/tr>\n<tr>\n<td>Grossura<\/td>\n<td>personalizado<\/td>\n<\/tr>\n<tr>\n<td>Quantidade m\u00ednima<\/td>\n<td>sacos de estoque 500 unidades, personalizados 10000 unidades<\/td>\n<\/tr>\n<tr>\n<td>Aplicativo<\/td>\n<td>comida, flores secas, balas de goma, lanche, biscoito, caf\u00e9, energia, nozes, etc.<\/td>\n<\/tr>\n<tr>\n<td>Estilo de bolsa<\/td>\n<td>bolsas stand up, sacos de fundo plano, sacos de papel kraft, sacos com bico, sacos de papel alum\u00ednio, sacos com fecho zip lock, sacos com selagem central, sacos com selagem em tr\u00eas lados, sacos de caf\u00e9 e ch\u00e1, sacos para embalagem de commodities, etc.<\/td>\n<\/tr>\n<tr>\n<td>Uso industrial<\/td>\n<td>Caf\u00e9, ch\u00e1, prote\u00edna de soro de leite em p\u00f3, comida para c\u00e3es, iscas de pesca, iscas artificiais, sementes de chia, especiarias, sais de banho, castanha de caju, frutas secas, batatas fritas, pipoca, granola, doces, sorvetes, picol\u00e9s, sucos, bebidas energ\u00e9ticas, carne seca e assim por diante<\/td>\n<\/tr>\n<tr>\n<td>Formato de arte<\/td>\n<td>Gr\u00e1fico vetorial AI\/EPS\/CDR<\/td>\n<\/tr>\n<\/tbody>\n<\/table>\n<p>Transforme suas embalagens com nossos sacos de Mylar 3,5 personalizados com embalagem em caixa. Projetados para versatilidade e qualidade, esses sacos de Mylar s\u00e3o sel\u00e1veis a quente e v\u00eam equipados com um pr\u00e1tico entalhe para f\u00e1cil acesso. Feitos em vinil de alta qualidade, eles oferecem uma apresenta\u00e7\u00e3o deslumbrante com op\u00e7\u00f5es de janela vis\u00edvel, permitindo que seu produto se destaque.<\/p>\n<p>O design inovador apresenta uma barreira contra oxig\u00eanio e umidade, garantindo que seus produtos secos, comest\u00edveis e flores permane\u00e7am frescos e protegidos das intemp\u00e9ries. Com tamanho perfeito e embalagem elegante, nossos sacos de mylar com caixa n\u00e3o s\u00f3 real\u00e7am o apelo do seu produto, como tamb\u00e9m oferecem a durabilidade e a funcionalidade necess\u00e1rias para um armazenamento ideal. Eleve sua marca e mantenha seus itens seguros com nossos sacos de mylar personalizados de 3,5 polegadas com caixa hoje mesmo!<\/p>","protected":false},"excerpt":{"rendered":"<table style=\"height: 294px; width: 99.8505%; border-collapse: collapse;\" border=\"2\">\n<tbody>\n<tr style=\"height: 28px; background-color: #dbdbdb;\">\n<td style=\"width: 22.6796%; background-color: #ebebeb; height: 31px;\"><span style=\"font-family: arial, helvetica, sans-serif; font-size: 12pt;\"><strong>Unid<\/strong><\/span><\/td>\n<td style=\"width: 77.3204%; background-color: #ebebeb; height: 31px;\"><span style=\"font-family: arial, helvetica, sans-serif; font-size: 12pt;\">Sacos Mylar personalizados com caixa<\/span><\/td>\n<\/tr>\n<tr style=\"height: 40px;\">\n<td style=\"width: 22.6796%; height: 30px; background-color: #99ccff;\"><span style=\"font-family: arial, helvetica, sans-serif; font-size: 12pt;\"><strong>Dimens\u00e3o e estilo<\/strong><\/span><\/td>\n<td style=\"width: 77.3204%; height: 30px; background-color: #99ccff;\"><span style=\"font-family: arial, helvetica, sans-serif; font-size: 12pt;\">Formas e tamanhos personalizados<\/span><\/td>\n<\/tr>\n<tr style=\"height: 40px;\">\n<td style=\"width: 22.6796%; height: 34px; background-color: #ebebeb;\"><span style=\"font-size: 12pt;\"><strong><span style=\"font-family: arial, helvetica, sans-serif;\">Quantidade m\u00ednima de pedido<\/span><\/strong><\/span><\/td>\n<td style=\"width: 77.3204%; height: 34px; background-color: #ebebeb;\"><span style=\"font-family: arial, helvetica, sans-serif; font-size: 12pt;\">500 pe\u00e7as sem personaliza\u00e7\u00e3o, 10.000 pe\u00e7as para personaliza\u00e7\u00e3o<\/span><\/td>\n<\/tr>\n<tr style=\"height: 40px; background-color: #99ccff;\">\n<td style=\"width: 22.6796%; height: 32px;\"><span style=\"font-size: 12pt;\"><strong><span style=\"font-family: arial, helvetica, sans-serif;\">Tipo de embalagem<\/span><\/strong><\/span><\/td>\n<td style=\"width: 77.3204%; height: 32px;\"><span style=\"font-family: arial, helvetica, sans-serif; font-size: 12pt;\"><a href=\"https:\/\/polysmarts.com\/pt\/embalagens-stand-up-pouch-personalizadas\/\"><strong>Bolsa de p\u00e9<\/strong><\/a> com z\u00edper<\/span><\/td>\n<\/tr>\n<tr style=\"height: 40px; background-color: #ebebeb;\">\n<td style=\"width: 22.6796%; height: 24px;\"><span style=\"font-size: 12pt;\"><strong><span style=\"font-family: arial, helvetica, sans-serif;\">Impress\u00e3o<\/span><\/strong><\/span><\/td>\n<td style=\"width: 77.3204%; height: 24px;\"><span style=\"font-family: arial, helvetica, sans-serif; font-size: 12pt;\">CMYK (1 \u2013 10 cores), Sem impress\u00e3o (simples), Impress\u00e3o digital<\/span><\/td>\n<\/tr>\n<tr style=\"height: 40px; background-color: #99ccff;\">\n<td style=\"width: 22.6796%; height: 32px;\"><span style=\"font-size: 12pt;\"><strong><span style=\"font-family: arial, helvetica, sans-serif;\">Material<\/span><\/strong><\/span><\/td>\n<td style=\"width: 77.3204%; height: 32px;\"><span style=\"font-family: arial, helvetica, sans-serif; font-size: 12pt;\">Material laminado, MOPP+VMPET+PE<\/span><\/td>\n<\/tr>\n<tr style=\"height: 40px; background-color: #ebebeb;\">\n<td style=\"width: 22.6796%; height: 33px;\"><span style=\"font-size: 12pt;\"><strong><span style=\"font-family: arial, helvetica, sans-serif;\">Op\u00e7\u00f5es inclu\u00eddas<\/span><\/strong><\/span><\/td>\n<td style=\"width: 77.3204%; height: 33px;\"><span style=\"font-family: arial, helvetica, sans-serif; font-size: 12pt;\">Corte e vinco, selagem t\u00e9rmica<\/span><\/td>\n<\/tr>\n<tr style=\"height: 40px; background-color: #99ccff;\">\n<td style=\"width: 22.6796%; height: 30px;\"><span style=\"font-size: 12pt;\"><strong><span style=\"font-family: arial, helvetica, sans-serif;\">Recurso<\/span><\/strong><\/span><\/td>\n<td style=\"width: 77.3204%; height: 30px;\"><span style=\"font-family: arial, helvetica, sans-serif; font-size: 12pt;\">\u00c0 prova de umidade\/isolamento de oxig\u00eanio\/sombreamento\/resist\u00eancia a altas temperaturas\/material de qualidade alimentar<\/span><\/td>\n<\/tr>\n<tr style=\"height: 40px; background-color: #ebebeb;\">\n<td style=\"width: 22.6796%; height: 24px;\"><span style=\"font-size: 12pt;\"><strong><span style=\"font-family: arial, helvetica, sans-serif;\">Tempo de resposta<\/span><\/strong><\/span><\/td>\n<td style=\"width: 77.3204%; height: 24px;\"><span style=\"font-family: arial, helvetica, sans-serif; font-size: 12pt;\">7 a 15 dias \u00fateis, RUSH<\/span><\/td>\n<\/tr>\n<tr style=\"height: 40px; background-color: #99ccff;\">\n<td style=\"width: 22.6796%; height: 24px;\"><span style=\"font-size: 12pt;\"><strong><span style=\"font-family: arial, helvetica, sans-serif;\">Envio<\/span><\/strong><\/span><\/td>\n<td style=\"width: 77.3204%; height: 24px;\"><span style=\"font-family: arial, helvetica, sans-serif; font-size: 12pt;\">A\u00e9reo, Mar\u00edtimo, Expresso<\/span><\/td>\n<\/tr>\n<\/tbody>\n<\/table>\n<p>&nbsp;<\/p>","protected":false},"featured_media":5044,"comment_status":"open","ping_status":"closed","template":"","meta":[],"product_brand":[],"product_cat":[26,35,18],"product_tag":[],"class_list":{"0":"post-5035","1":"product","2":"type-product","3":"status-publish","4":"has-post-thumbnail","6":"product_cat-food-packaging","7":"product_cat-mylar-bags","8":"product_cat-zipper-bags","10":"first","11":"instock","12":"shipping-taxable","13":"purchasable","14":"product-type-variable"},"_links":{"self":[{"href":"https:\/\/polysmarts.com\/pt\/wp-json\/wp\/v2\/product\/5035","targetHints":{"allow":["GET"]}}],"collection":[{"href":"https:\/\/polysmarts.com\/pt\/wp-json\/wp\/v2\/product"}],"about":[{"href":"https:\/\/polysmarts.com\/pt\/wp-json\/wp\/v2\/types\/product"}],"replies":[{"embeddable":true,"href":"https:\/\/polysmarts.com\/pt\/wp-json\/wp\/v2\/comments?post=5035"}],"version-history":[{"count":4,"href":"https:\/\/polysmarts.com\/pt\/wp-json\/wp\/v2\/product\/5035\/revisions"}],"predecessor-version":[{"id":5049,"href":"https:\/\/polysmarts.com\/pt\/wp-json\/wp\/v2\/product\/5035\/revisions\/5049"}],"wp:featuredmedia":[{"embeddable":true,"href":"https:\/\/polysmarts.com\/pt\/wp-json\/wp\/v2\/media\/5044"}],"wp:attachment":[{"href":"https:\/\/polysmarts.com\/pt\/wp-json\/wp\/v2\/media?parent=5035"}],"wp:term":[{"taxonomy":"product_brand","embeddable":true,"href":"https:\/\/polysmarts.com\/pt\/wp-json\/wp\/v2\/product_brand?post=5035"},{"taxonomy":"product_cat","embeddable":true,"href":"https:\/\/polysmarts.com\/pt\/wp-json\/wp\/v2\/product_cat?post=5035"},{"taxonomy":"product_tag","embeddable":true,"href":"https:\/\/polysmarts.com\/pt\/wp-json\/wp\/v2\/product_tag?post=5035"}],"curies":[{"name":"wp","href":"https:\/\/api.w.org\/{rel}","templated":true}]}}