{"id":5016,"date":"2025-09-05T12:34:53","date_gmt":"2025-09-05T04:34:53","guid":{"rendered":"https:\/\/polysmarts.com\/?post_type=product&#038;p=5016"},"modified":"2025-09-05T13:05:09","modified_gmt":"2025-09-05T05:05:09","slug":"embalagem-de-alimentos-em-bolsa-de-retorta-personalizada-polysmarts","status":"publish","type":"product","link":"https:\/\/polysmarts.com\/pt\/product\/custom-retort-pouch-food-packaging-polysmarts\/","title":{"rendered":"Embalagem de Alimentos em Saco Retort Personalizado | Polysmarts"},"content":{"rendered":"<p><strong><iframe title=\"YouTube video player\" src=\"\/\/www.youtube.com\/embed\/mWSqfe5prg8?si=sEzaz--t1LH9m3dD\" width=\"560\" height=\"450\" frameborder=\"0\" allowfullscreen=\"allowfullscreen\"><\/iframe><\/strong><\/p>\n<p><strong>Embalagem de alimentos em sach\u00eas retort personalizados da Polysmarts<\/strong><\/p>\n<p>Na Polysmarts, somos especializados na cria\u00e7\u00e3o de embalagens personalizadas de alta qualidade para embalagens retort, que atendem \u00e0s diversas necessidades da ind\u00fastria aliment\u00edcia. Nossas embalagens retort s\u00e3o projetadas para proporcionar o m\u00e1ximo de frescor e seguran\u00e7a aos seus produtos, garantindo que cheguem aos seus clientes em perfeitas condi\u00e7\u00f5es.<\/p>\n<h4><strong><span style=\"font-size: 12pt;\">Caracter\u00edsticas principais:<\/span><\/strong><\/h4>\n<ul>\n<li><strong>Durabilidade:<\/strong>\u00a0Nossas bolsas de retorta s\u00e3o feitas de materiais robustos que suportam altas temperaturas e press\u00e3o durante o processo de esteriliza\u00e7\u00e3o.<\/li>\n<li><strong>Versatilidade:<\/strong>\u00a0Ideal para uma ampla variedade de produtos aliment\u00edcios, incluindo sopas, molhos, refei\u00e7\u00f5es prontas para consumo e muito mais.<\/li>\n<li><strong>Projetos personalizados:<\/strong>\u00a0Adapte sua embalagem para refletir a identidade da sua marca com tamanhos, cores e op\u00e7\u00f5es de impress\u00e3o personaliz\u00e1veis.<\/li>\n<li><strong>Op\u00e7\u00f5es ecol\u00f3gicas:<\/strong>\u00a0Escolha entre materiais sustent\u00e1veis que reduzem o impacto ambiental sem comprometer a qualidade.<\/li>\n<\/ul>\n<h4><strong><span style=\"font-size: 12pt;\">Benef\u00edcios:<\/span><\/strong><\/h4>\n<ul>\n<li><strong>Vida \u00fatil estendida:<\/strong>\u00a0Nosso <strong><a href=\"https:\/\/polysmarts.com\/pt\/\">solu\u00e7\u00f5es de embalagem<\/a><\/strong> ajuda a preservar o sabor e o valor nutricional dos seus produtos aliment\u00edcios.<\/li>\n<li><strong>Conveni\u00eancia:<\/strong>\u00a0F\u00e1ceis de armazenar e usar, nossas bolsas retortas s\u00e3o perfeitas para refei\u00e7\u00f5es r\u00e1pidas.<\/li>\n<li><strong>Custo-benef\u00edcio:<\/strong>\u00a0Reduza o desperd\u00edcio de embalagens e os custos de envio com designs leves e compactos.<\/li>\n<\/ul>\n<p>Eleve a apresenta\u00e7\u00e3o do seu produto e garanta a mais alta qualidade com a embalagem personalizada em sach\u00ea retort da Polysmarts. Entre em contato conosco hoje mesmo para um or\u00e7amento personalizado e deixe-nos ajud\u00e1-lo a se destacar no competitivo mercado aliment\u00edcio!<\/p>","protected":false},"excerpt":{"rendered":"<table style=\"height: 294px; width: 99.8505%; border-collapse: collapse;\" border=\"2\">\n<tbody>\n<tr style=\"height: 28px; background-color: #dbdbdb;\">\n<td style=\"width: 22.6796%; background-color: #ebebeb; height: 31px;\"><span style=\"font-family: arial, helvetica, sans-serif; font-size: 12pt;\"><strong>Unid<\/strong><\/span><\/td>\n<td style=\"width: 77.3204%; background-color: #ebebeb; height: 31px;\"><span style=\"font-family: arial, helvetica, sans-serif; font-size: 12pt;\">Bolsa de Retorta Personalizada <strong><a href=\"https:\/\/polysmarts.com\/pt\/categoria-de-produto-2\/por-mercados-2\/embalagem-de-alimentos\/\">Food Packaging <\/a><\/strong><\/span><\/td>\n<\/tr>\n<tr style=\"height: 40px;\">\n<td style=\"width: 22.6796%; height: 30px; background-color: #99ccff;\"><span style=\"font-family: arial, helvetica, sans-serif; font-size: 12pt;\"><strong>Dimens\u00e3o e estilo<\/strong><\/span><\/td>\n<td style=\"width: 77.3204%; height: 30px; background-color: #99ccff;\"><span style=\"font-family: arial, helvetica, sans-serif; font-size: 12pt;\">Formas e tamanhos personalizados<\/span><\/td>\n<\/tr>\n<tr style=\"height: 40px;\">\n<td style=\"width: 22.6796%; height: 34px; background-color: #ebebeb;\"><span style=\"font-size: 12pt;\"><strong><span style=\"font-family: arial, helvetica, sans-serif;\">Quantidade m\u00ednima de pedido<\/span><\/strong><\/span><\/td>\n<td style=\"width: 77.3204%; height: 34px; background-color: #ebebeb;\"><span style=\"font-family: arial, helvetica, sans-serif; font-size: 12pt;\">100 pe\u00e7as sem personaliza\u00e7\u00e3o, 5000 pe\u00e7as para personaliza\u00e7\u00e3o<\/span><\/td>\n<\/tr>\n<tr style=\"height: 40px; background-color: #99ccff;\">\n<td style=\"width: 22.6796%; height: 32px;\"><span style=\"font-size: 12pt;\"><strong><span style=\"font-family: arial, helvetica, sans-serif;\">Tipo de embalagem<\/span><\/strong><\/span><\/td>\n<td style=\"width: 77.3204%; height: 32px;\"><span style=\"font-family: arial, helvetica, sans-serif; font-size: 12pt;\"><a href=\"https:\/\/polysmarts.com\/pt\/embalagens-stand-up-pouch-personalizadas\/\"><strong>Bolsa de p\u00e9<\/strong><\/a> com z\u00edper<\/span><\/td>\n<\/tr>\n<tr style=\"height: 40px; background-color: #ebebeb;\">\n<td style=\"width: 22.6796%; height: 24px;\"><span style=\"font-size: 12pt;\"><strong><span style=\"font-family: arial, helvetica, sans-serif;\">Impress\u00e3o<\/span><\/strong><\/span><\/td>\n<td style=\"width: 77.3204%; height: 24px;\"><span style=\"font-family: arial, helvetica, sans-serif; font-size: 12pt;\">CMYK (1 \u2013 10 cores), Sem impress\u00e3o (simples), Impress\u00e3o digital<\/span><\/td>\n<\/tr>\n<tr style=\"height: 40px; background-color: #99ccff;\">\n<td style=\"width: 22.6796%; height: 32px;\"><span style=\"font-size: 12pt;\"><strong><span style=\"font-family: arial, helvetica, sans-serif;\">Material<\/span><\/strong><\/span><\/td>\n<td style=\"width: 77.3204%; height: 32px;\"><span style=\"font-family: arial, helvetica, sans-serif; font-size: 12pt;\">Material laminado, MOPP+VMPET+PE<\/span><\/td>\n<\/tr>\n<tr style=\"height: 40px; background-color: #ebebeb;\">\n<td style=\"width: 22.6796%; height: 33px;\"><span style=\"font-size: 12pt;\"><strong><span style=\"font-family: arial, helvetica, sans-serif;\">Op\u00e7\u00f5es inclu\u00eddas<\/span><\/strong><\/span><\/td>\n<td style=\"width: 77.3204%; height: 33px;\"><span style=\"font-family: arial, helvetica, sans-serif; font-size: 12pt;\">Corte e vinco, selagem t\u00e9rmica<\/span><\/td>\n<\/tr>\n<tr style=\"height: 40px; background-color: #99ccff;\">\n<td style=\"width: 22.6796%; height: 30px;\"><span style=\"font-size: 12pt;\"><strong><span style=\"font-family: arial, helvetica, sans-serif;\">Recurso<\/span><\/strong><\/span><\/td>\n<td style=\"width: 77.3204%; height: 30px;\"><span style=\"font-family: arial, helvetica, sans-serif; font-size: 12pt;\">\u00c0 prova de umidade\/isolamento de oxig\u00eanio\/sombreamento\/resist\u00eancia a altas temperaturas\/material de qualidade alimentar<\/span><\/td>\n<\/tr>\n<tr style=\"height: 40px; background-color: #ebebeb;\">\n<td style=\"width: 22.6796%; height: 24px;\"><span style=\"font-size: 12pt;\"><strong><span style=\"font-family: arial, helvetica, sans-serif;\">Tempo de resposta<\/span><\/strong><\/span><\/td>\n<td style=\"width: 77.3204%; height: 24px;\"><span style=\"font-family: arial, helvetica, sans-serif; font-size: 12pt;\">7 a 15 dias \u00fateis, RUSH<\/span><\/td>\n<\/tr>\n<tr style=\"height: 40px; background-color: #99ccff;\">\n<td style=\"width: 22.6796%; height: 24px;\"><span style=\"font-size: 12pt;\"><strong><span style=\"font-family: arial, helvetica, sans-serif;\">Envio<\/span><\/strong><\/span><\/td>\n<td style=\"width: 77.3204%; height: 24px;\"><span style=\"font-family: arial, helvetica, sans-serif; font-size: 12pt;\">A\u00e9reo, Mar\u00edtimo, Expresso<\/span><\/td>\n<\/tr>\n<\/tbody>\n<\/table>\n<p>&nbsp;<\/p>","protected":false},"featured_media":5013,"comment_status":"open","ping_status":"closed","template":"","meta":[],"product_brand":[],"product_cat":[26,35,18],"product_tag":[],"class_list":{"0":"post-5016","1":"product","2":"type-product","3":"status-publish","4":"has-post-thumbnail","6":"product_cat-food-packaging","7":"product_cat-mylar-bags","8":"product_cat-zipper-bags","10":"first","11":"instock","12":"shipping-taxable","13":"purchasable","14":"product-type-variable"},"_links":{"self":[{"href":"https:\/\/polysmarts.com\/pt\/wp-json\/wp\/v2\/product\/5016","targetHints":{"allow":["GET"]}}],"collection":[{"href":"https:\/\/polysmarts.com\/pt\/wp-json\/wp\/v2\/product"}],"about":[{"href":"https:\/\/polysmarts.com\/pt\/wp-json\/wp\/v2\/types\/product"}],"replies":[{"embeddable":true,"href":"https:\/\/polysmarts.com\/pt\/wp-json\/wp\/v2\/comments?post=5016"}],"version-history":[{"count":6,"href":"https:\/\/polysmarts.com\/pt\/wp-json\/wp\/v2\/product\/5016\/revisions"}],"predecessor-version":[{"id":5025,"href":"https:\/\/polysmarts.com\/pt\/wp-json\/wp\/v2\/product\/5016\/revisions\/5025"}],"wp:featuredmedia":[{"embeddable":true,"href":"https:\/\/polysmarts.com\/pt\/wp-json\/wp\/v2\/media\/5013"}],"wp:attachment":[{"href":"https:\/\/polysmarts.com\/pt\/wp-json\/wp\/v2\/media?parent=5016"}],"wp:term":[{"taxonomy":"product_brand","embeddable":true,"href":"https:\/\/polysmarts.com\/pt\/wp-json\/wp\/v2\/product_brand?post=5016"},{"taxonomy":"product_cat","embeddable":true,"href":"https:\/\/polysmarts.com\/pt\/wp-json\/wp\/v2\/product_cat?post=5016"},{"taxonomy":"product_tag","embeddable":true,"href":"https:\/\/polysmarts.com\/pt\/wp-json\/wp\/v2\/product_tag?post=5016"}],"curies":[{"name":"wp","href":"https:\/\/api.w.org\/{rel}","templated":true}]}}