{"id":4801,"date":"2025-07-21T19:21:15","date_gmt":"2025-07-21T11:21:15","guid":{"rendered":"https:\/\/polysmarts.com\/?post_type=product&#038;p=4801"},"modified":"2025-07-21T19:44:23","modified_gmt":"2025-07-21T11:44:23","slug":"sacos-de-embalagem-de-picole-personalizados-com-material-de-qualidade-alimentar","status":"publish","type":"product","link":"https:\/\/polysmarts.com\/pt\/product\/custom-popsicle-packaging-bags-with-food-grade-material\/","title":{"rendered":"Sacos de embalagem para picol\u00e9 personalizados com material de qualidade alimentar"},"content":{"rendered":"<p><span style=\"font-family: arial, helvetica, sans-serif;\">No<span style=\"color: #00ccff;\"><strong><a style=\"color: #00ccff;\" href=\"https:\/\/polysmarts.com\/pt\/\"> Polysmarts<\/a><\/strong><\/span>, nos especializamos em fornecer solu\u00e7\u00f5es inovadoras <strong>embalagem personalizada para picol\u00e9<\/strong> Solu\u00e7\u00f5es que n\u00e3o s\u00f3 protegem seus picol\u00e9s, como tamb\u00e9m aumentam a visibilidade da sua marca. Seja para lan\u00e7ar um novo produto, organizar um evento corporativo ou celebrar uma ocasi\u00e3o particular, nossas embalagens personalizadas garantem que seus picol\u00e9s causem uma impress\u00e3o duradoura.<\/span><\/p>\n<h2><strong><span style=\"font-family: arial, helvetica, sans-serif; font-size: 14pt;\">Por que escolher embalagens personalizadas para picol\u00e9s?<\/span><\/strong><\/h2>\n<p><span style=\"font-family: arial, helvetica, sans-serif;\">Embalagens personalizadas para picol\u00e9s s\u00e3o mais do que apenas uma embalagem \u2014 s\u00e3o uma poderosa ferramenta de branding. Com a Polysmarts, voc\u00ea pode transformar embalagens comuns de picol\u00e9 em uma obra-prima de marketing alinhada \u00e0 identidade da sua marca. De designs atraentes a recursos funcionais, nossas solu\u00e7\u00f5es de embalagem ajudam voc\u00ea a se destacar em um mercado competitivo.<\/span><\/p>\n<h3><strong><span style=\"font-family: arial, helvetica, sans-serif; font-size: 14pt;\">Caracter\u00edsticas da nossa embalagem personalizada para picol\u00e9:<\/span><\/strong><\/h3>\n<ol>\n<li><span style=\"font-family: arial, helvetica, sans-serif;\"><strong>Designs totalmente personaliz\u00e1veis<\/strong><\/span><br \/>\n<span style=\"font-family: arial, helvetica, sans-serif;\">Apresente sua marca com designs personalizados que incluem seu logotipo, slogan, cores e arte exclusiva. Nossa equipe trabalha com voc\u00ea para criar embalagens que reflitam a personalidade da sua marca.<\/span><\/li>\n<li><span style=\"font-family: arial, helvetica, sans-serif;\"><strong>Materiais de qualidade premium<\/strong><\/span><br \/>\n<span style=\"font-family: arial, helvetica, sans-serif;\">Utilizamos materiais dur\u00e1veis, ecol\u00f3gicos e seguros para alimentos para garantir que seus picol\u00e9s permane\u00e7am frescos e visualmente atraentes. Nossa embalagem \u00e9 projetada para suportar baixas temperaturas, mantendo sua integridade.<\/span><\/li>\n<li><span style=\"font-family: arial, helvetica, sans-serif;\"><strong>Op\u00e7\u00f5es de impress\u00e3o inovadoras<\/strong><\/span><br \/>\n<span style=\"font-family: arial, helvetica, sans-serif;\">Com tecnologia de impress\u00e3o de alta resolu\u00e7\u00e3o, entregamos designs vibrantes e detalhados que chamam a aten\u00e7\u00e3o. Seja para gr\u00e1ficos ousados ou eleg\u00e2ncia minimalista, nossos recursos de impress\u00e3o d\u00e3o vida \u00e0 sua vis\u00e3o.<\/span><\/li>\n<li><span style=\"font-family: arial, helvetica, sans-serif;\"><strong>Tamanhos e formas personalizados<\/strong><\/span><br \/>\n<span style=\"font-family: arial, helvetica, sans-serif;\">N\u00e3o importa o tamanho ou o formato dos seus picol\u00e9s, oferecemos solu\u00e7\u00f5es de embalagem personalizadas que se encaixam perfeitamente. De op\u00e7\u00f5es individuais a embalagens m\u00faltiplas, temos tudo o que voc\u00ea precisa.<\/span><\/li>\n<li><span style=\"font-family: arial, helvetica, sans-serif;\"><strong>Solu\u00e7\u00f5es Ecol\u00f3gicas<\/strong><\/span><br \/>\n<span style=\"font-family: arial, helvetica, sans-serif;\">Alinhe sua marca com a sustentabilidade escolhendo nossas op\u00e7\u00f5es de embalagens ecol\u00f3gicas. Oferecemos materiais biodegrad\u00e1veis e recicl\u00e1veis para minimizar o impacto ambiental, mantendo a qualidade premium.<\/span><\/li>\n<\/ol>\n<hr \/>\n<h2><strong><span style=\"font-family: arial, helvetica, sans-serif; font-size: 14pt;\">Benef\u00edcios da embalagem personalizada para picol\u00e9s para sua marca<\/span><\/strong><\/h2>\n<p><span style=\"font-family: arial, helvetica, sans-serif;\">Investindo em <strong>embalagem personalizada para picol\u00e9<\/strong> oferece v\u00e1rios benef\u00edcios para o seu neg\u00f3cio:<\/span><\/p>\n<ul>\n<li><span style=\"font-family: arial, helvetica, sans-serif;\"><strong>Aumento do reconhecimento da marca<\/strong>: A embalagem da marca garante que seus picol\u00e9s sejam imediatamente reconhec\u00edveis, ajudando sua empresa a se destacar em um mercado concorrido.<\/span><\/li>\n<li><span style=\"font-family: arial, helvetica, sans-serif;\"><strong>Experi\u00eancia aprimorada do cliente<\/strong>: Embalagens exclusivas e visualmente atraentes criam uma experi\u00eancia memor\u00e1vel para seus clientes, incentivando compras repetidas.<\/span><\/li>\n<li><span style=\"font-family: arial, helvetica, sans-serif;\"><strong>Ferramenta de Marketing Eficaz<\/strong>:Cada picol\u00e9 se torna um mini outdoor da sua marca, espalhando sua mensagem para um p\u00fablico maior.<\/span><\/li>\n<li><span style=\"font-family: arial, helvetica, sans-serif;\"><strong>Apresenta\u00e7\u00e3o Profissional<\/strong>:Uma embalagem de alta qualidade eleva o valor percebido do seu produto, tornando-o mais atraente para os clientes.<\/span><\/li>\n<\/ul>\n<hr \/>\n<h2><strong><span style=\"font-family: arial, helvetica, sans-serif; font-size: 14pt;\">Perfeito para todas as ocasi\u00f5es<\/span><\/strong><\/h2>\n<p><span style=\"font-family: arial, helvetica, sans-serif;\">Seja voc\u00ea dono de uma sorveteria, organizador de eventos ou empreendedor, a Polysmarts oferece <strong>embalagem personalizada para picol\u00e9<\/strong> Solu\u00e7\u00f5es personalizadas para suas necessidades. Aqui est\u00e3o alguns casos de uso populares:<\/span><\/p>\n<ul>\n<li><span style=\"font-family: arial, helvetica, sans-serif;\"><strong>Eventos Corporativos<\/strong>: Distribua picol\u00e9s de marca em feiras, confer\u00eancias ou comemora\u00e7\u00f5es da empresa para deixar uma impress\u00e3o duradoura.<\/span><\/li>\n<li><span style=\"font-family: arial, helvetica, sans-serif;\"><strong>Lan\u00e7amentos de produtos<\/strong>: Fa\u00e7a uma declara\u00e7\u00e3o embalando seus novos sabores de picol\u00e9 em embalagens chamativas e de marca.<\/span><\/li>\n<li><span style=\"font-family: arial, helvetica, sans-serif;\"><strong>Casamentos e Festas<\/strong>: Adicione um toque pessoal ao seu dia especial com embalagens de picol\u00e9 personalizadas com nomes, datas ou designs tem\u00e1ticos.<\/span><\/li>\n<li><span style=\"font-family: arial, helvetica, sans-serif;\"><strong>Varejo e atacado<\/strong>: Aumente a atratividade do seu produto nas prateleiras com uma embalagem profissional e de marca que atraia clientes.<\/span><\/li>\n<\/ul>","protected":false},"excerpt":{"rendered":"<table style=\"height: 360px; width: 99.8505%; border-collapse: collapse;\" border=\"2\">\n<tbody>\n<tr style=\"height: 40px;\">\n<td style=\"width: 22.6796%; height: 30px; background-color: #99ccff;\"><span style=\"font-family: arial, helvetica, sans-serif; font-size: 12pt;\"><strong>Dimens\u00e3o e estilo<\/strong><\/span><\/td>\n<td style=\"width: 77.3204%; height: 30px; background-color: #99ccff;\"><span style=\"font-family: arial, helvetica, sans-serif; font-size: 12pt;\">Formas e tamanhos personalizados<\/span><\/td>\n<\/tr>\n<tr style=\"height: 40px;\">\n<td style=\"width: 22.6796%; height: 34px; background-color: #ebebeb;\"><span style=\"font-size: 12pt;\"><strong><span style=\"font-family: arial, helvetica, sans-serif;\">Quantidade m\u00ednima de pedido<\/span><\/strong><\/span><\/td>\n<td style=\"width: 77.3204%; height: 34px; background-color: #ebebeb;\"><span style=\"font-family: arial, helvetica, sans-serif; font-size: 12pt;\">100 pe\u00e7as sem personaliza\u00e7\u00e3o, 1000 para impress\u00e3o digital \/ 10000 pe\u00e7as para impress\u00e3o em rotogravura<\/span><\/td>\n<\/tr>\n<tr style=\"height: 40px; background-color: #99ccff;\">\n<td style=\"width: 22.6796%; height: 24px;\"><span style=\"font-size: 12pt;\"><strong><span style=\"font-family: arial, helvetica, sans-serif;\">Tipo de embalagem<\/span><\/strong><\/span><\/td>\n<td style=\"width: 77.3204%; height: 24px;\"><span style=\"font-family: arial, helvetica, sans-serif; font-size: 12pt;\">Sacos de almofada\/Sacos com fecho traseiro\/Embalagens para picol\u00e9<\/span><\/td>\n<\/tr>\n<tr style=\"height: 40px; background-color: #ebebeb;\">\n<td style=\"width: 22.6796%; height: 24px;\"><span style=\"font-size: 12pt;\"><strong><span style=\"font-family: arial, helvetica, sans-serif;\">Impress\u00e3o<\/span><\/strong><\/span><\/td>\n<td style=\"width: 77.3204%; height: 24px;\"><span style=\"font-family: arial, helvetica, sans-serif; font-size: 12pt;\">CMYK (1 - 10 cores conforme sua necessidade), sem impress\u00e3o (normal)<\/span><\/td>\n<\/tr>\n<tr style=\"height: 40px; background-color: #99ccff;\">\n<td style=\"width: 22.6796%; height: 24px;\"><span style=\"font-size: 12pt;\"><strong><span style=\"font-family: arial, helvetica, sans-serif;\">Acabamento<\/span><\/strong><\/span><\/td>\n<td style=\"width: 77.3204%; height: 24px;\"><span style=\"font-family: arial, helvetica, sans-serif; font-size: 12pt;\">Lamina\u00e7\u00e3o brilhante, impress\u00e3o offset<\/span><\/td>\n<\/tr>\n<tr style=\"height: 40px; background-color: #ebebeb;\">\n<td style=\"width: 22.6796%; height: 24px;\"><span style=\"font-size: 12pt;\"><strong><span style=\"font-family: arial, helvetica, sans-serif;\">Material<\/span><\/strong><\/span><\/td>\n<td style=\"width: 77.3204%; height: 24px;\"><span style=\"font-family: arial, helvetica, sans-serif; font-size: 12pt;\">PET\/CPP\/PE<\/span><\/td>\n<\/tr>\n<tr style=\"height: 40px; background-color: #99ccff;\">\n<td style=\"width: 22.6796%; height: 24px;\"><span style=\"font-size: 12pt;\"><strong><span style=\"font-family: arial, helvetica, sans-serif;\">Recurso<\/span><\/strong><\/span><\/td>\n<td style=\"width: 77.3204%; height: 24px;\"><span style=\"font-family: arial, helvetica, sans-serif; font-size: 12pt;\">\u00c0 prova d&#039;\u00e1gua \/ \u00e0 prova de odores<\/span><\/td>\n<\/tr>\n<tr style=\"height: 40px; background-color: #ebebeb;\">\n<td style=\"width: 22.6796%; height: 24px;\"><span style=\"font-size: 12pt;\"><strong><span style=\"font-family: arial, helvetica, sans-serif;\">Tempo de resposta<\/span><\/strong><\/span><\/td>\n<td style=\"width: 77.3204%; height: 24px;\"><span style=\"font-family: arial, helvetica, sans-serif; font-size: 12pt;\">7 a 15 dias \u00fateis, RUSH<\/span><\/td>\n<\/tr>\n<tr style=\"height: 40px; background-color: #99ccff;\">\n<td style=\"width: 22.6796%; height: 24px;\"><span style=\"font-size: 12pt;\"><strong><span style=\"font-family: arial, helvetica, sans-serif;\">Envio<\/span><\/strong><\/span><\/td>\n<td style=\"width: 77.3204%; height: 24px;\"><span style=\"font-family: arial, helvetica, sans-serif; font-size: 12pt;\">A\u00e9reo, Mar\u00edtimo, Expresso<\/span><\/td>\n<\/tr>\n<\/tbody>\n<\/table>\n<p>&nbsp;<\/p>","protected":false},"featured_media":4808,"comment_status":"open","ping_status":"closed","template":"","meta":[],"product_brand":[],"product_cat":[26,19],"product_tag":[],"class_list":{"0":"post-4801","1":"product","2":"type-product","3":"status-publish","4":"has-post-thumbnail","6":"product_cat-food-packaging","7":"product_cat-heat-sealing-bag","9":"first","10":"instock","11":"shipping-taxable","12":"product-type-simple"},"_links":{"self":[{"href":"https:\/\/polysmarts.com\/pt\/wp-json\/wp\/v2\/product\/4801","targetHints":{"allow":["GET"]}}],"collection":[{"href":"https:\/\/polysmarts.com\/pt\/wp-json\/wp\/v2\/product"}],"about":[{"href":"https:\/\/polysmarts.com\/pt\/wp-json\/wp\/v2\/types\/product"}],"replies":[{"embeddable":true,"href":"https:\/\/polysmarts.com\/pt\/wp-json\/wp\/v2\/comments?post=4801"}],"version-history":[{"count":3,"href":"https:\/\/polysmarts.com\/pt\/wp-json\/wp\/v2\/product\/4801\/revisions"}],"predecessor-version":[{"id":4811,"href":"https:\/\/polysmarts.com\/pt\/wp-json\/wp\/v2\/product\/4801\/revisions\/4811"}],"wp:featuredmedia":[{"embeddable":true,"href":"https:\/\/polysmarts.com\/pt\/wp-json\/wp\/v2\/media\/4808"}],"wp:attachment":[{"href":"https:\/\/polysmarts.com\/pt\/wp-json\/wp\/v2\/media?parent=4801"}],"wp:term":[{"taxonomy":"product_brand","embeddable":true,"href":"https:\/\/polysmarts.com\/pt\/wp-json\/wp\/v2\/product_brand?post=4801"},{"taxonomy":"product_cat","embeddable":true,"href":"https:\/\/polysmarts.com\/pt\/wp-json\/wp\/v2\/product_cat?post=4801"},{"taxonomy":"product_tag","embeddable":true,"href":"https:\/\/polysmarts.com\/pt\/wp-json\/wp\/v2\/product_tag?post=4801"}],"curies":[{"name":"wp","href":"https:\/\/api.w.org\/{rel}","templated":true}]}}