{"id":4730,"date":"2025-06-27T15:38:41","date_gmt":"2025-06-27T07:38:41","guid":{"rendered":"https:\/\/polysmarts.com\/?post_type=product&#038;p=4730"},"modified":"2025-06-27T15:55:55","modified_gmt":"2025-06-27T07:55:55","slug":"os-sacos-selados-a-vacuo-preservam-o-frescor-com-sacos-seladores-a-vacuo-de-alta-qualidade","status":"publish","type":"product","link":"https:\/\/polysmarts.com\/pt\/product\/vacuum-seal-bags-preserve-freshness-with-high-quality-vacuum-sealer-bags\/","title":{"rendered":"Sacos selados a v\u00e1cuo \u2013 Preserve o frescor com sacos selados a v\u00e1cuo de alta qualidade"},"content":{"rendered":"<h1><span style=\"font-size: 14pt;\">Sacos de selagem a v\u00e1cuo Polysmarts: a solu\u00e7\u00e3o definitiva para a preserva\u00e7\u00e3o de alimentos<\/span><\/h1>\n<p>Os sacos selados a v\u00e1cuo Polysmarts s\u00e3o a solu\u00e7\u00e3o definitiva para preservar o frescor e prolongar a vida \u00fatil dos seus alimentos. Fabricados com materiais dur\u00e1veis e de alta conformidade, estes sacos selados a v\u00e1cuo garantem uma veda\u00e7\u00e3o herm\u00e9tica que mant\u00e9m suas refei\u00e7\u00f5es protegidas contra queimaduras de congelamento e deteriora\u00e7\u00e3o. Dispon\u00edveis em tamanhos padr\u00e3o ou totalmente personaliz\u00e1veis. <span style=\"color: #000000;\"><strong><a style=\"color: #000000;\" href=\"https:\/\/polysmarts.com\/pt\/embalagem-personalizada-para-alimentos-congelados\/\">Embalagem para alimentos congelados.<\/a><\/strong><\/span>, voc\u00ea pode facilmente encontrar o ajuste perfeito para todas as suas necessidades de armazenamento.<\/p>\n<p>Adote a sustentabilidade com nossas op\u00e7\u00f5es ecol\u00f3gicas, projetadas para serem recicl\u00e1veis e compost\u00e1veis, para que voc\u00ea possa proteger seus alimentos e o meio ambiente simultaneamente.<\/p>\n<p>Economize bastante comprando a granel, o que torna estes sacos selados a v\u00e1cuo uma op\u00e7\u00e3o econ\u00f4mica para cozinheiros dom\u00e9sticos, restaurantes e ind\u00fastrias de embalagens de alimentos. Seu design transparente permite a identifica\u00e7\u00e3o f\u00e1cil do produto, garantindo que voc\u00ea sempre saiba o que tem em m\u00e3os.<\/p>\n<p>Seja para armazenar carne, vegetais, salgadinhos ou qualquer outro item perec\u00edvel, os sacos selados a v\u00e1cuo Polysmarts mant\u00eam o sabor e o frescor, reduzem o desperd\u00edcio de alimentos e mant\u00eam sua cozinha organizada. Eleve seu armazenamento de alimentos hoje mesmo com os sacos selados a v\u00e1cuo Polysmarts!<\/p>","protected":false},"excerpt":{"rendered":"<table style=\"height: 360px; width: 99.8505%; border-collapse: collapse;\" border=\"2\">\n<tbody>\n<tr style=\"height: 40px;\">\n<td style=\"width: 22.6796%; height: 30px; background-color: #99ccff;\"><span style=\"font-family: arial, helvetica, sans-serif; font-size: 12pt;\"><strong>Dimens\u00e3o e estilo<\/strong><\/span><\/td>\n<td style=\"width: 77.3204%; height: 30px; background-color: #99ccff;\"><span style=\"font-family: arial, helvetica, sans-serif; font-size: 12pt;\">Formas e tamanhos personalizados<\/span><\/td>\n<\/tr>\n<tr style=\"height: 40px;\">\n<td style=\"width: 22.6796%; height: 34px; background-color: #ebebeb;\"><span style=\"font-size: 12pt;\"><strong><span style=\"font-family: arial, helvetica, sans-serif;\">Quantidade m\u00ednima de pedido<\/span><\/strong><\/span><\/td>\n<td style=\"width: 77.3204%; height: 34px; background-color: #ebebeb;\"><span style=\"font-family: arial, helvetica, sans-serif; font-size: 12pt;\">1000pcs sem personaliza\u00e7\u00e3o, 10000pcs para personaliza\u00e7\u00e3o<\/span><\/td>\n<\/tr>\n<tr style=\"height: 40px; background-color: #99ccff;\">\n<td style=\"width: 22.6796%; height: 24px;\"><span style=\"font-size: 12pt;\"><strong><span style=\"font-family: arial, helvetica, sans-serif;\">Tipo de embalagem<\/span><\/strong><\/span><\/td>\n<td style=\"width: 77.3204%; height: 24px;\"><span style=\"font-family: arial, helvetica, sans-serif; font-size: 12pt;\">Sacos de nylon para selagem a v\u00e1cuo \/<strong><a href=\"https:\/\/polysmarts.com\/pt\/categoria-de-produto-2\/por-mercados-2\/embalagem-de-alimentos\/\">Food Packaging Bags<\/a><\/strong><\/span><\/td>\n<\/tr>\n<tr style=\"height: 40px; background-color: #ebebeb;\">\n<td style=\"width: 22.6796%; height: 24px;\"><span style=\"font-size: 12pt;\"><strong><span style=\"font-family: arial, helvetica, sans-serif;\">Material<\/span><\/strong><\/span><\/td>\n<td style=\"width: 77.3204%; height: 24px;\"><span style=\"font-family: arial, helvetica, sans-serif; font-size: 12pt;\">Camada externa: BOPP, Matt+OPP,Matt+PET,PET,VMPET,PA. Camada intermedi\u00e1ria: PET, VMPET, AL, VMCPP, PA, papel, BOPP perolizado dentro<br \/>\nCamada: CPP, VMCPP, RCPP, PE, Leite Branco PE<\/span><\/td>\n<\/tr>\n<tr style=\"height: 40px; background-color: #99ccff;\">\n<td style=\"width: 22.6796%; height: 24px;\"><span style=\"font-size: 12pt;\"><strong><span style=\"font-family: arial, helvetica, sans-serif;\">Acabamento<\/span><\/strong><\/span><\/td>\n<td style=\"width: 77.3204%; height: 24px;\"><span style=\"font-family: arial, helvetica, sans-serif; font-size: 12pt;\">Em relevo<\/span><\/td>\n<\/tr>\n<tr style=\"height: 40px; background-color: #ebebeb;\">\n<td style=\"width: 22.6796%; height: 24px;\"><span style=\"font-size: 12pt;\"><strong><span style=\"font-family: arial, helvetica, sans-serif;\">Faixa de temperatura<\/span><\/strong><\/span><\/td>\n<td style=\"width: 77.3204%; height: 24px;\"><span style=\"font-family: arial, helvetica, sans-serif; font-size: 12pt;\">-40\u00baC a 121\u00baC <span style=\"font-size: 12pt;\"><strong><span style=\"font-family: arial, helvetica, sans-serif;\">\u00a0<\/span><\/strong><\/span><\/span><\/td>\n<\/tr>\n<tr style=\"height: 40px; background-color: #99ccff;\">\n<td style=\"width: 22.6796%; height: 24px;\"><span style=\"font-size: 12pt;\"><strong><span style=\"font-family: arial, helvetica, sans-serif;\">Grossura<\/span><\/strong><\/span><\/td>\n<td style=\"width: 77.3204%; height: 24px;\"><span style=\"font-family: arial, helvetica, sans-serif; font-size: 12pt;\">20-300 m\u00edcrons<\/span><\/td>\n<\/tr>\n<tr style=\"height: 40px; background-color: #ebebeb;\">\n<td style=\"width: 22.6796%; height: 24px;\"><span style=\"font-size: 12pt;\"><strong><span style=\"font-family: arial, helvetica, sans-serif;\">Tempo de resposta<\/span><\/strong><\/span><\/td>\n<td style=\"width: 77.3204%; height: 24px;\"><span style=\"font-family: arial, helvetica, sans-serif; font-size: 12pt;\">7 a 15 dias \u00fateis, RUSH<\/span><\/td>\n<\/tr>\n<tr style=\"height: 40px; background-color: #99ccff;\">\n<td style=\"width: 22.6796%; height: 24px;\"><span style=\"font-size: 12pt;\"><strong><span style=\"font-family: arial, helvetica, sans-serif;\">Recurso<\/span><\/strong><\/span><\/td>\n<td style=\"width: 77.3204%; height: 24px;\"><span style=\"font-family: arial, helvetica, sans-serif; font-size: 12pt;\"><span style=\"font-family: arial, helvetica, sans-serif; font-size: 12pt;\"><span class=\"magic-21\" style=\"color: #000000;\" data-spm-anchor-id=\"a2700.details.0.i97.68762ee9C6INGa\">\u2022Excelente barreira contra umidade, alta barreira de oxig\u00eanio e luz, boa resist\u00eancia a baixas temperaturas.\u00a0<\/span><\/span><\/span><\/p>\n<p><span class=\"magic-21\" style=\"color: #000000;\">\u2022 Forte resist\u00eancia \u00e0 veda\u00e7\u00e3o; for\u00e7a de liga\u00e7\u00e3o e excelente resist\u00eancia \u00e0 compress\u00e3o.<\/span><\/p>\n<div data-spm-anchor-id=\"a2700.pc-decorate.0.i48.6a1533339opQdV\"><span class=\"magic-21\" style=\"color: #000000;\">\u2022 N\u00e3o quebra, n\u00e3o vazamento, n\u00e3o delamina\u00e7\u00e3o.\u00a0<\/span><\/div>\n<div data-spm-anchor-id=\"a2700.pc-decorate.0.i48.6a1533339opQdV\"><span class=\"magic-21\" style=\"color: #000000;\">\u2022 Efeito de impress\u00e3o n\u00edtido e v\u00edvido, display de prateleira de primeira qualidade.<\/span><\/div>\n<div data-spm-anchor-id=\"a2700.pc-decorate.0.i48.6a1533339opQdV\"><span class=\"magic-21\" style=\"color: #000000;\">\u2022Amplamente aplicado em embalagens.<\/span><\/div>\n<\/td>\n<\/tr>\n<\/tbody>\n<\/table>\n<p>&nbsp;<\/p>","protected":false},"featured_media":4737,"comment_status":"open","ping_status":"closed","template":"","meta":[],"product_brand":[],"product_cat":[26,19],"product_tag":[],"class_list":{"0":"post-4730","1":"product","2":"type-product","3":"status-publish","4":"has-post-thumbnail","6":"product_cat-food-packaging","7":"product_cat-heat-sealing-bag","9":"first","10":"instock","11":"shipping-taxable","12":"product-type-simple"},"_links":{"self":[{"href":"https:\/\/polysmarts.com\/pt\/wp-json\/wp\/v2\/product\/4730","targetHints":{"allow":["GET"]}}],"collection":[{"href":"https:\/\/polysmarts.com\/pt\/wp-json\/wp\/v2\/product"}],"about":[{"href":"https:\/\/polysmarts.com\/pt\/wp-json\/wp\/v2\/types\/product"}],"replies":[{"embeddable":true,"href":"https:\/\/polysmarts.com\/pt\/wp-json\/wp\/v2\/comments?post=4730"}],"version-history":[{"count":2,"href":"https:\/\/polysmarts.com\/pt\/wp-json\/wp\/v2\/product\/4730\/revisions"}],"predecessor-version":[{"id":4744,"href":"https:\/\/polysmarts.com\/pt\/wp-json\/wp\/v2\/product\/4730\/revisions\/4744"}],"wp:featuredmedia":[{"embeddable":true,"href":"https:\/\/polysmarts.com\/pt\/wp-json\/wp\/v2\/media\/4737"}],"wp:attachment":[{"href":"https:\/\/polysmarts.com\/pt\/wp-json\/wp\/v2\/media?parent=4730"}],"wp:term":[{"taxonomy":"product_brand","embeddable":true,"href":"https:\/\/polysmarts.com\/pt\/wp-json\/wp\/v2\/product_brand?post=4730"},{"taxonomy":"product_cat","embeddable":true,"href":"https:\/\/polysmarts.com\/pt\/wp-json\/wp\/v2\/product_cat?post=4730"},{"taxonomy":"product_tag","embeddable":true,"href":"https:\/\/polysmarts.com\/pt\/wp-json\/wp\/v2\/product_tag?post=4730"}],"curies":[{"name":"wp","href":"https:\/\/api.w.org\/{rel}","templated":true}]}}