{"id":4654,"date":"2025-06-16T14:30:34","date_gmt":"2025-06-16T06:30:34","guid":{"rendered":"https:\/\/polysmarts.com\/?post_type=product&#038;p=4654"},"modified":"2025-06-16T14:47:49","modified_gmt":"2025-06-16T06:47:49","slug":"sacos-de-embalagem-personalizados-para-suplementos-vitaminicos-impressos","status":"publish","type":"product","link":"https:\/\/polysmarts.com\/pt\/product\/custom-printed-vitamins-supplements-packaging-bags\/","title":{"rendered":"Sacos de embalagem personalizados para vitaminas e suplementos impressos"},"content":{"rendered":"<p>Eleve sua marca com embalagens personalizadas para vitaminas e suplementos da Polysmarts. Nossas solu\u00e7\u00f5es de embalagem premium s\u00e3o projetadas n\u00e3o apenas para aumentar a seguran\u00e7a e o frescor dos produtos, mas tamb\u00e9m para aumentar a visibilidade e o reconhecimento da sua marca em um mercado competitivo.<\/p>\n<p>Escolha entre uma ampla variedade de sach\u00eas, sacolas e recipientes, especialmente desenvolvidos para suplementos nutricionais. Cada op\u00e7\u00e3o de embalagem conta com caracter\u00edsticas essenciais, como fechos resistentes a crian\u00e7as e barreiras \u00e0 prova de umidade, garantindo a seguran\u00e7a e a efic\u00e1cia dos seus produtos. Com designs personaliz\u00e1veis dispon\u00edveis, voc\u00ea pode destacar sua marca \u00fanica e, ao mesmo tempo, atender \u00e0s necessidades espec\u00edficas dos seus clientes.<\/p>\n<p>Dispon\u00edveis em diversos tamanhos e materiais, as embalagens para suplementos da Polysmarts s\u00e3o perfeitas para empresas de todos os portes \u2014 desde startups inovadoras at\u00e9 marcas consolidadas que buscam renovar suas embalagens. Destaque-se na prateleira e ofere\u00e7a tranquilidade aos seus clientes com nossas solu\u00e7\u00f5es de impress\u00e3o personalizadas que priorizam estilo e funcionalidade.<\/p>","protected":false},"excerpt":{"rendered":"<table style=\"height: 280px; width: 99.8505%; border-collapse: collapse;\" border=\"2\">\n<tbody>\n<tr style=\"height: 28px; background-color: #dbdbdb;\">\n<td style=\"width: 22.6796%; background-color: #ebebeb; height: 28px;\"><span style=\"font-family: arial, helvetica, sans-serif; font-size: 12pt;\"><strong>Unid<\/strong><\/span><\/td>\n<td style=\"width: 77.3204%; background-color: #ebebeb; height: 28px;\"><span style=\"font-family: arial, helvetica, sans-serif; font-size: 12pt;\">Embalagens personalizadas para suplementos impressos<\/span><\/td>\n<\/tr>\n<tr style=\"height: 40px;\">\n<td style=\"width: 22.6796%; height: 30px; background-color: #99ccff;\"><span style=\"font-family: arial, helvetica, sans-serif; font-size: 12pt;\"><strong>Dimens\u00e3o e estilo<\/strong><\/span><\/td>\n<td style=\"width: 77.3204%; height: 30px; background-color: #99ccff;\"><span style=\"font-family: arial, helvetica, sans-serif; font-size: 12pt;\">Formas e tamanhos personalizados<\/span><\/td>\n<\/tr>\n<tr style=\"height: 40px;\">\n<td style=\"width: 22.6796%; height: 34px; background-color: #ebebeb;\"><span style=\"font-size: 12pt;\"><strong><span style=\"font-family: arial, helvetica, sans-serif;\">Quantidade m\u00ednima de pedido<\/span><\/strong><\/span><\/td>\n<td style=\"width: 77.3204%; height: 34px; background-color: #ebebeb;\"><span style=\"font-family: arial, helvetica, sans-serif; font-size: 12pt;\">100 pe\u00e7as sem personaliza\u00e7\u00e3o, 5000 pe\u00e7as para personaliza\u00e7\u00e3o<\/span><\/td>\n<\/tr>\n<tr style=\"height: 40px; background-color: #99ccff;\">\n<td style=\"width: 22.6796%; height: 24px;\"><span style=\"font-size: 12pt;\"><strong><span style=\"font-family: arial, helvetica, sans-serif;\">Tipo de embalagem<\/span><\/strong><\/span><\/td>\n<td style=\"width: 77.3204%; height: 24px;\"><span style=\"font-family: arial, helvetica, sans-serif; font-size: 12pt;\">Bolsa stand up com z\u00edper \/ Bolsas de fundo plano<\/span><\/td>\n<\/tr>\n<tr style=\"height: 40px; background-color: #ebebeb;\">\n<td style=\"width: 22.6796%; height: 24px;\"><span style=\"font-size: 12pt;\"><strong><span style=\"font-family: arial, helvetica, sans-serif;\">Impress\u00e3o<\/span><\/strong><\/span><\/td>\n<td style=\"width: 77.3204%; height: 24px;\"><span style=\"font-family: arial, helvetica, sans-serif; font-size: 12pt;\">CMYK (1 \u2013 10 cores), Sem impress\u00e3o (simples), Impress\u00e3o digital<\/span><\/td>\n<\/tr>\n<tr style=\"height: 40px; background-color: #99ccff;\">\n<td style=\"width: 22.6796%; height: 24px;\"><span style=\"font-size: 12pt;\"><strong><span style=\"font-family: arial, helvetica, sans-serif;\">Material<\/span><\/strong><\/span><\/td>\n<td style=\"width: 77.3204%; height: 24px;\"><span style=\"font-family: arial, helvetica, sans-serif; font-size: 12pt;\">Material laminado, MOPP+VMPET+PE<\/span><\/td>\n<\/tr>\n<tr style=\"height: 40px; background-color: #ebebeb;\">\n<td style=\"width: 22.6796%; height: 24px;\"><span style=\"font-size: 12pt;\"><strong><span style=\"font-family: arial, helvetica, sans-serif;\">Op\u00e7\u00f5es inclu\u00eddas<\/span><\/strong><\/span><\/td>\n<td style=\"width: 77.3204%; height: 24px;\"><span style=\"font-family: arial, helvetica, sans-serif; font-size: 12pt;\">Corte e vinco, selagem t\u00e9rmica<\/span><\/td>\n<\/tr>\n<tr style=\"height: 40px; background-color: #99ccff;\">\n<td style=\"width: 22.6796%; height: 24px;\"><span style=\"font-size: 12pt;\"><strong><span style=\"font-family: arial, helvetica, sans-serif;\">Recurso<\/span><\/strong><\/span><\/td>\n<td style=\"width: 77.3204%; height: 24px;\"><span style=\"font-family: arial, helvetica, sans-serif; font-size: 12pt;\">\u00c0 prova de umidade\/isolamento de oxig\u00eanio\/sombreamento\/boa posi\u00e7\u00e3o\/parte superior com z\u00edper<\/span><\/td>\n<\/tr>\n<tr style=\"height: 40px; background-color: #ebebeb;\">\n<td style=\"width: 22.6796%; height: 24px;\"><span style=\"font-size: 12pt;\"><strong><span style=\"font-family: arial, helvetica, sans-serif;\">Tempo de resposta<\/span><\/strong><\/span><\/td>\n<td style=\"width: 77.3204%; height: 24px;\"><span style=\"font-family: arial, helvetica, sans-serif; font-size: 12pt;\">7 a 15 dias \u00fateis, RUSH<\/span><\/td>\n<\/tr>\n<tr style=\"height: 40px; background-color: #99ccff;\">\n<td style=\"width: 22.6796%; height: 24px;\"><span style=\"font-size: 12pt;\"><strong><span style=\"font-family: arial, helvetica, sans-serif;\">Envio<\/span><\/strong><\/span><\/td>\n<td style=\"width: 77.3204%; height: 24px;\"><span style=\"font-family: arial, helvetica, sans-serif; font-size: 12pt;\">A\u00e9reo, Mar\u00edtimo, Expresso<\/span><\/td>\n<\/tr>\n<\/tbody>\n<\/table>\n<p>&nbsp;<\/p>","protected":false},"featured_media":4663,"comment_status":"open","ping_status":"closed","template":"","meta":[],"product_brand":[],"product_cat":[26,35,18],"product_tag":[],"class_list":{"0":"post-4654","1":"product","2":"type-product","3":"status-publish","4":"has-post-thumbnail","6":"product_cat-food-packaging","7":"product_cat-mylar-bags","8":"product_cat-zipper-bags","10":"first","11":"instock","12":"shipping-taxable","13":"purchasable","14":"product-type-variable"},"_links":{"self":[{"href":"https:\/\/polysmarts.com\/pt\/wp-json\/wp\/v2\/product\/4654","targetHints":{"allow":["GET"]}}],"collection":[{"href":"https:\/\/polysmarts.com\/pt\/wp-json\/wp\/v2\/product"}],"about":[{"href":"https:\/\/polysmarts.com\/pt\/wp-json\/wp\/v2\/types\/product"}],"replies":[{"embeddable":true,"href":"https:\/\/polysmarts.com\/pt\/wp-json\/wp\/v2\/comments?post=4654"}],"version-history":[{"count":2,"href":"https:\/\/polysmarts.com\/pt\/wp-json\/wp\/v2\/product\/4654\/revisions"}],"predecessor-version":[{"id":4665,"href":"https:\/\/polysmarts.com\/pt\/wp-json\/wp\/v2\/product\/4654\/revisions\/4665"}],"wp:featuredmedia":[{"embeddable":true,"href":"https:\/\/polysmarts.com\/pt\/wp-json\/wp\/v2\/media\/4663"}],"wp:attachment":[{"href":"https:\/\/polysmarts.com\/pt\/wp-json\/wp\/v2\/media?parent=4654"}],"wp:term":[{"taxonomy":"product_brand","embeddable":true,"href":"https:\/\/polysmarts.com\/pt\/wp-json\/wp\/v2\/product_brand?post=4654"},{"taxonomy":"product_cat","embeddable":true,"href":"https:\/\/polysmarts.com\/pt\/wp-json\/wp\/v2\/product_cat?post=4654"},{"taxonomy":"product_tag","embeddable":true,"href":"https:\/\/polysmarts.com\/pt\/wp-json\/wp\/v2\/product_tag?post=4654"}],"curies":[{"name":"wp","href":"https:\/\/api.w.org\/{rel}","templated":true}]}}