{"id":4580,"date":"2025-06-05T11:58:47","date_gmt":"2025-06-05T03:58:47","guid":{"rendered":"https:\/\/polysmarts.com\/?post_type=product&#038;p=4580"},"modified":"2025-06-05T14:30:06","modified_gmt":"2025-06-05T06:30:06","slug":"saco-de-embalagem-de-cartao-de-cabecalho-impresso-personalizado-com-autoadesivo","status":"publish","type":"product","link":"https:\/\/polysmarts.com\/pt\/product\/custom-printed-header-card-packaging-bag-with-self-adhesive\/","title":{"rendered":"Saco de embalagem para cart\u00e3o de cabe\u00e7alho impresso personalizado com autoadesivo"},"content":{"rendered":"<p>Apresentamos nossa Embalagem para Cart\u00f5es de Cabe\u00e7alho Personalizados com Impress\u00e3o Autoadesiva, a solu\u00e7\u00e3o perfeita para destacar seus produtos e, ao mesmo tempo, aprimorar a identidade da sua marca. Com impress\u00e3o vibrante e colorida em cart\u00f5es de cabe\u00e7alho de alta qualidade, essas embalagens foram projetadas para destacar seus itens nas prateleiras. O verso autoadesivo garante uma aplica\u00e7\u00e3o sem complica\u00e7\u00f5es \u2014 basta destacar e colar para fixar suas embalagens sem esfor\u00e7o.<\/p>\n<p>Feito com Polysmarts premium, nosso material dur\u00e1vel oferece prote\u00e7\u00e3o duradoura e resistente a rasgos para seus produtos. Com op\u00e7\u00f5es vers\u00e1teis de tamanho, voc\u00ea pode personaliz\u00e1-las para atender a qualquer necessidade, de cosm\u00e9ticos a eletr\u00f4nicos, garantindo um ajuste perfeito sempre. Al\u00e9m disso, oferecemos op\u00e7\u00f5es ecol\u00f3gicas, permitindo que voc\u00ea escolha materiais recicl\u00e1veis ou biodegrad\u00e1veis para uma solu\u00e7\u00e3o de embalagem sustent\u00e1vel.<\/p>\n<p>A Header Card Packaging \u00e9 uma solu\u00e7\u00e3o de embalagem inovadora que n\u00e3o s\u00f3 protege seus produtos durante o transporte, como tamb\u00e9m os transforma em poderosas ferramentas de marketing. Os designs vibrantes e os logotipos personalizados aumentam a visibilidade da marca, garantindo que seus produtos se destaquem nas prateleiras e chamem a aten\u00e7\u00e3o de potenciais clientes.<\/p>\n<p>Projetado com a praticidade em mente, o recurso autoadesivo agiliza seu processo de embalagem, reduzindo significativamente o tempo de montagem e os custos de m\u00e3o de obra. Cada cart\u00e3o de cabe\u00e7alho adiciona um toque de luxo e profissionalismo, aprimorando a experi\u00eancia de desembalar para seus clientes e refor\u00e7ando a credibilidade da sua marca.<\/p>\n<p>Com uma estrutura robusta, estas embalagens para cart\u00f5es de cabe\u00e7alho protegem seus produtos contra danos, tornando-as ideais para diversos itens. Escolha nossa embalagem personalizada para cart\u00f5es de cabe\u00e7alho para causar uma impress\u00e3o duradoura e impulsionar as vendas.<\/p>","protected":false},"excerpt":{"rendered":"<table style=\"height: 360px; width: 100.741%; border-collapse: collapse; background-color: #ebebeb;\" border=\"2\">\n<tbody>\n<tr style=\"height: 40px;\">\n<td style=\"width: 22.6796%; height: 30px; background-color: #99ccff;\"><span style=\"font-family: arial, helvetica, sans-serif; font-size: 12pt;\"><strong>Dimens\u00e3o e estilo<\/strong><\/span><\/td>\n<td style=\"width: 78.2121%; height: 30px; background-color: #99ccff;\"><span style=\"font-family: arial, helvetica, sans-serif; font-size: 12pt;\">Formas e tamanhos personalizados<\/span><\/td>\n<\/tr>\n<tr style=\"height: 40px;\">\n<td style=\"width: 22.6796%; height: 34px; background-color: #ebebeb;\"><span style=\"font-size: 12pt;\"><strong><span style=\"font-family: arial, helvetica, sans-serif;\">Quantidade m\u00ednima de pedido<\/span><\/strong><\/span><\/td>\n<td style=\"width: 78.2121%; height: 34px; background-color: #ebebeb;\"><span style=\"font-family: arial, helvetica, sans-serif; font-size: 12pt;\">1000pcs sem personaliza\u00e7\u00e3o, 10000pcs para personaliza\u00e7\u00e3o<\/span><\/td>\n<\/tr>\n<tr style=\"height: 40px; background-color: #99ccff;\">\n<td style=\"width: 22.6796%; height: 24px;\"><span style=\"font-size: 12pt;\"><strong><span style=\"font-family: arial, helvetica, sans-serif;\">Tipo de embalagem<\/span><\/strong><\/span><\/td>\n<td style=\"width: 78.2121%; height: 24px;\"><span style=\"font-family: arial, helvetica, sans-serif; font-size: 12pt;\">Embalagem de cart\u00e3o de cabe\u00e7alho OPP com autoadesivo<\/span><\/td>\n<\/tr>\n<tr style=\"height: 40px; background-color: #ebebeb;\">\n<td style=\"width: 22.6796%; height: 24px;\"><span style=\"font-size: 12pt;\"><strong><span style=\"font-family: arial, helvetica, sans-serif;\">Impress\u00e3o<\/span><\/strong><\/span><\/td>\n<td style=\"width: 78.2121%; height: 24px;\"><span style=\"font-family: arial, helvetica, sans-serif; font-size: 12pt;\">CMYK (1 \u2013 10 cores), sem impress\u00e3o (normal)<\/span><\/td>\n<\/tr>\n<tr style=\"height: 40px; background-color: #99ccff;\">\n<td style=\"width: 22.6796%; height: 24px;\"><span style=\"font-size: 12pt;\"><strong><span style=\"font-family: arial, helvetica, sans-serif;\">Manuseio de Superf\u00edcie<\/span><\/strong><\/span><\/td>\n<td style=\"width: 78.2121%; height: 24px;\"><span style=\"font-family: arial, helvetica, sans-serif; font-size: 12pt;\">Impress\u00e3o offset ou impress\u00e3o digital<\/span><\/td>\n<\/tr>\n<tr style=\"height: 40px; background-color: #ebebeb;\">\n<td style=\"width: 22.6796%; height: 24px;\"><span style=\"font-size: 12pt;\"><strong><span style=\"font-family: arial, helvetica, sans-serif;\">Material<\/span><\/strong><\/span><\/td>\n<td style=\"width: 78.2121%; height: 24px;\"><span style=\"font-family: arial, helvetica, sans-serif; font-size: 12pt;\">OPP<\/span><\/td>\n<\/tr>\n<tr style=\"height: 40px; background-color: #99ccff;\">\n<td style=\"width: 22.6796%; height: 24px;\"><span style=\"font-size: 12pt;\"><strong><span style=\"font-family: arial, helvetica, sans-serif;\">Tamanho<\/span><\/strong><\/span><\/td>\n<td style=\"width: 78.2121%; height: 24px;\"><span style=\"font-family: arial, helvetica, sans-serif; font-size: 12pt;\">Consulte a folha de tamanho de estoque ou personalizada<\/span><\/td>\n<\/tr>\n<tr style=\"height: 40px; background-color: #ebebeb;\">\n<td style=\"width: 22.6796%; height: 24px;\"><span style=\"font-size: 12pt;\"><strong><span style=\"font-family: arial, helvetica, sans-serif;\">Grossura<\/span><\/strong><\/span><\/td>\n<td style=\"width: 78.2121%; height: 24px;\"><span style=\"font-family: arial, helvetica, sans-serif; font-size: 12pt;\">60 m\u00edcrons para lados duplos, espessura personalizada Accpet<\/span><\/td>\n<\/tr>\n<tr style=\"height: 40px; background-color: #99ccff;\">\n<td style=\"width: 22.6796%; height: 24px;\"><span style=\"font-size: 12pt;\"><strong><span style=\"font-family: arial, helvetica, sans-serif;\">Envio<\/span><\/strong><\/span><\/td>\n<td style=\"width: 78.2121%; height: 24px;\"><span style=\"font-family: arial, helvetica, sans-serif; font-size: 12pt;\">A\u00e9reo, Mar\u00edtimo, Expresso<\/span><\/td>\n<\/tr>\n<tr style=\"height: 40px; background-color: #ebebeb;\">\n<td style=\"width: 22.6796%; height: 24px;\"><span style=\"font-size: 12pt;\"><strong><span style=\"font-family: arial, helvetica, sans-serif;\">Tempo de resposta<\/span><\/strong><\/span><\/td>\n<td style=\"width: 78.2121%; height: 24px;\"><span style=\"font-family: arial, helvetica, sans-serif; font-size: 12pt;\">7 a 15 dias \u00fateis, RUSH<\/span><\/td>\n<\/tr>\n<\/tbody>\n<\/table>\n<p>&nbsp;<\/p>","protected":false},"featured_media":4581,"comment_status":"open","ping_status":"closed","template":"","meta":[],"product_brand":[],"product_cat":[21,32],"product_tag":[],"class_list":{"0":"post-4580","1":"product","2":"type-product","3":"status-publish","4":"has-post-thumbnail","6":"product_cat-opp-cpp-pe-cpe-single-material-bag","7":"product_cat-3c-packaging","9":"first","10":"instock","11":"shipping-taxable","12":"product-type-simple"},"_links":{"self":[{"href":"https:\/\/polysmarts.com\/pt\/wp-json\/wp\/v2\/product\/4580","targetHints":{"allow":["GET"]}}],"collection":[{"href":"https:\/\/polysmarts.com\/pt\/wp-json\/wp\/v2\/product"}],"about":[{"href":"https:\/\/polysmarts.com\/pt\/wp-json\/wp\/v2\/types\/product"}],"replies":[{"embeddable":true,"href":"https:\/\/polysmarts.com\/pt\/wp-json\/wp\/v2\/comments?post=4580"}],"version-history":[{"count":2,"href":"https:\/\/polysmarts.com\/pt\/wp-json\/wp\/v2\/product\/4580\/revisions"}],"predecessor-version":[{"id":4600,"href":"https:\/\/polysmarts.com\/pt\/wp-json\/wp\/v2\/product\/4580\/revisions\/4600"}],"wp:featuredmedia":[{"embeddable":true,"href":"https:\/\/polysmarts.com\/pt\/wp-json\/wp\/v2\/media\/4581"}],"wp:attachment":[{"href":"https:\/\/polysmarts.com\/pt\/wp-json\/wp\/v2\/media?parent=4580"}],"wp:term":[{"taxonomy":"product_brand","embeddable":true,"href":"https:\/\/polysmarts.com\/pt\/wp-json\/wp\/v2\/product_brand?post=4580"},{"taxonomy":"product_cat","embeddable":true,"href":"https:\/\/polysmarts.com\/pt\/wp-json\/wp\/v2\/product_cat?post=4580"},{"taxonomy":"product_tag","embeddable":true,"href":"https:\/\/polysmarts.com\/pt\/wp-json\/wp\/v2\/product_tag?post=4580"}],"curies":[{"name":"wp","href":"https:\/\/api.w.org\/{rel}","templated":true}]}}