{"id":4454,"date":"2025-05-26T15:15:10","date_gmt":"2025-05-26T07:15:10","guid":{"rendered":"https:\/\/polysmarts.com\/?post_type=product&#038;p=4454"},"modified":"2025-05-26T16:51:04","modified_gmt":"2025-05-26T08:51:04","slug":"embalagens-de-sabao-sustentaveis-solucoes-personalizadas-e-ecologicamente-corretas","status":"publish","type":"product","link":"https:\/\/polysmarts.com\/pt\/product\/sustainable-soap-packaging-eco-friendly-custom-solutions\/","title":{"rendered":"Embalagens de Sabonete Sustent\u00e1veis | Solu\u00e7\u00f5es Personalizadas Ecol\u00f3gicas"},"content":{"rendered":"<p>No mercado atual, com sua consci\u00eancia ambiental, embalagens sustent\u00e1veis para sabonetes tornaram-se uma quest\u00e3o crucial para empresas que buscam reduzir sua pegada ecol\u00f3gica e, ao mesmo tempo, atender \u00e0s demandas dos consumidores. Solu\u00e7\u00f5es de embalagens sustent\u00e1veis n\u00e3o apenas ajudam a proteger o nosso planeta, mas tamb\u00e9m conquistam consumidores ecoconscientes que priorizam marcas com iniciativas sustent\u00e1veis.<\/p>\n<h2><span style=\"font-size: 14pt;\"><strong>O que torna a embalagem de sab\u00e3o sustent\u00e1vel?<\/strong><\/span><\/h2>\n<p>Embalagens de sab\u00e3o sustent\u00e1veis geralmente atendem a v\u00e1rios crit\u00e9rios importantes:<\/p>\n<ul>\n<li>Utiliza materiais reciclados ou biodegrad\u00e1veis<\/li>\n<li>Minimiza o desperd\u00edcio por meio de design eficiente<\/li>\n<li>Emprega energia renov\u00e1vel nos processos de produ\u00e7\u00e3o<\/li>\n<li>Reduz a pegada de carbono em toda a cadeia de suprimentos<\/li>\n<li>Oferece solu\u00e7\u00f5es de fim de vida, como reciclabilidade ou compostabilidade<\/li>\n<\/ul>\n<h2><strong><span style=\"font-size: 14pt;\">Op\u00e7\u00f5es de embalagens de sabonete sustent\u00e1veis da Polysmarts<\/span><\/strong><\/h2>\n<p>A Polysmarts oferece solu\u00e7\u00f5es de embalagens personalizadas, projetadas especificamente para sabonetes e detergentes l\u00edquidos, com a garantia do menor pre\u00e7o. Suas op\u00e7\u00f5es sustent\u00e1veis oferecem o equil\u00edbrio perfeito entre funcionalidade, responsabilidade ambiental e apresenta\u00e7\u00e3o da marca.<\/p>\n<h3><strong><span style=\"font-size: 14pt;\">Caracter\u00edsticas principais:<\/span><\/strong><\/h3>\n<ol>\n<li><strong>Sacos Ressel\u00e1veis Personalizados<\/strong>: Especialmente projetados para produtos l\u00edquidos de sab\u00e3o e detergente, esses sacos mant\u00eam o frescor do produto e reduzem o desperd\u00edcio de material.<\/li>\n<li><strong>Op\u00e7\u00f5es compost\u00e1veis e biodegrad\u00e1veis<\/strong>: A Polysmarts fornece alternativas de sacolas pl\u00e1sticas compost\u00e1veis e biodegrad\u00e1veis de \u00faltima gera\u00e7\u00e3o que se decomp\u00f5em naturalmente ap\u00f3s o uso.<\/li>\n<li><strong>Materiais Recicl\u00e1veis<\/strong>: Suas op\u00e7\u00f5es de embalagens recicl\u00e1veis garantem que os materiais possam ser reaproveitados ap\u00f3s o uso, reduzindo o desperd\u00edcio em aterros sanit\u00e1rios e apoiando os princ\u00edpios da economia circular.<\/li>\n<li><strong>Eco-materiais inovadores<\/strong>:A Polysmarts incorpora novos materiais sustent\u00e1veis, como amido de milho e embalagens \u00e0 base de cogumelos, representando os mais recentes avan\u00e7os em solu\u00e7\u00f5es de embalagens ecologicamente corretas.<\/li>\n<\/ol>\n<h2><span style=\"font-size: 18pt;\"><strong>Benef\u00edcios da embalagem sustent\u00e1vel de sabonete<\/strong><\/span><\/h2>\n<h3><span style=\"font-size: 14pt;\"><strong>Benef\u00edcios ambientais:<\/strong><\/span><\/h3>\n<ul>\n<li>Redu\u00e7\u00e3o da polui\u00e7\u00e3o e do desperd\u00edcio de pl\u00e1stico<\/li>\n<li>Menores emiss\u00f5es de carbono<\/li>\n<li>Conserva\u00e7\u00e3o dos recursos naturais<\/li>\n<li>Apoio aos princ\u00edpios da economia circular<\/li>\n<\/ul>\n<h3><strong>Benef\u00edcios comerciais:<\/strong><\/h3>\n<ul>\n<li>Melhoria da imagem da marca e fideliza\u00e7\u00e3o do cliente<\/li>\n<li>Conformidade com as regulamenta\u00e7\u00f5es ambientais em evolu\u00e7\u00e3o<\/li>\n<li>Potencial de economia de custos por meio do uso eficiente de materiais<\/li>\n<li>Vantagem competitiva em um mercado ecoconsciente<\/li>\n<\/ul>\n<h2><span style=\"font-size: 18pt;\"><strong>Fazendo a transi\u00e7\u00e3o para embalagens sustent\u00e1veis<\/strong><\/span><\/h2>\n<p>Ao fazer a transi\u00e7\u00e3o para embalagens de sab\u00e3o sustent\u00e1veis, considere:<\/p>\n<ol>\n<li>Avaliando o impacto ambiental da sua embalagem atual<\/li>\n<li>Identificar alternativas ecol\u00f3gicas adequadas que mantenham a integridade do produto<\/li>\n<li>Equilibrando objetivos de sustentabilidade com considera\u00e7\u00f5es pr\u00e1ticas, como prote\u00e7\u00e3o contra umidade<\/li>\n<li>Comunicar seus esfor\u00e7os de sustentabilidade aos consumidores por meio de rotulagem e marketing claros<\/li>\n<\/ol>\n<h2><span style=\"font-size: 18pt;\"><strong>Conclus\u00e3o<\/strong><\/span><\/h2>\n<p>Embalagens de sabonete sustent\u00e1veis representam uma oportunidade significativa para as marcas demonstrarem responsabilidade ambiental e, ao mesmo tempo, atenderem \u00e0s expectativas dos consumidores. Com a gama de op\u00e7\u00f5es ecol\u00f3gicas da Polysmart \u2014 de materiais recicl\u00e1veis a solu\u00e7\u00f5es compost\u00e1veis inovadoras \u2014, as empresas podem encontrar a embalagem perfeita que se alinha tanto com seus objetivos de sustentabilidade quanto com os requisitos do produto.<\/p>\n<p>Ao investir em solu\u00e7\u00f5es de embalagens sustent\u00e1veis, os fabricantes de sab\u00e3o podem contribuir para a preserva\u00e7\u00e3o ambiental e, ao mesmo tempo, fortalecer sua posi\u00e7\u00e3o de mercado entre consumidores cada vez mais conscientes com o meio ambiente.<\/p>","protected":false},"excerpt":{"rendered":"<table style=\"height: 280px; width: 99.8505%; border-collapse: collapse;\" border=\"2\">\n<tbody>\n<tr style=\"height: 28px; background-color: #dbdbdb;\">\n<td style=\"width: 22.6796%; background-color: #ebebeb; height: 28px;\"><span style=\"font-family: arial, helvetica, sans-serif; font-size: 12pt;\"><strong>Unid<\/strong><\/span><\/td>\n<td style=\"width: 77.3204%; background-color: #ebebeb; height: 28px;\"><span style=\"font-family: arial, helvetica, sans-serif; font-size: 12pt;\">Embalagem de sabonete sustent\u00e1vel personalizada<\/span><\/td>\n<\/tr>\n<tr style=\"height: 40px;\">\n<td style=\"width: 22.6796%; height: 30px; background-color: #99ccff;\"><span style=\"font-family: arial, helvetica, sans-serif; font-size: 12pt;\"><strong>Dimens\u00e3o e estilo<\/strong><\/span><\/td>\n<td style=\"width: 77.3204%; height: 30px; background-color: #99ccff;\"><span style=\"font-family: arial, helvetica, sans-serif; font-size: 12pt;\">Formas e tamanhos personalizados<\/span><\/td>\n<\/tr>\n<tr style=\"height: 40px;\">\n<td style=\"width: 22.6796%; height: 34px; background-color: #ebebeb;\"><span style=\"font-size: 12pt;\"><strong><span style=\"font-family: arial, helvetica, sans-serif;\">Quantidade m\u00ednima de pedido<\/span><\/strong><\/span><\/td>\n<td style=\"width: 77.3204%; height: 34px; background-color: #ebebeb;\"><span style=\"font-family: arial, helvetica, sans-serif; font-size: 12pt;\">100 pe\u00e7as sem personaliza\u00e7\u00e3o, 5000 pe\u00e7as para personaliza\u00e7\u00e3o - Impress\u00e3o digital: 1000 pe\u00e7as<\/span><\/td>\n<\/tr>\n<tr style=\"height: 40px; background-color: #99ccff;\">\n<td style=\"width: 22.6796%; height: 24px;\"><span style=\"font-size: 12pt;\"><strong><span style=\"font-family: arial, helvetica, sans-serif;\">Tipo de embalagem<\/span><\/strong><\/span><\/td>\n<td style=\"width: 77.3204%; height: 24px;\"><span style=\"color: #000000;\"><a style=\"color: #000000;\" href=\"https:\/\/polysmarts.com\/pt\/embalagem-de-liquido-com-bico-personalizado\/\"><strong><span style=\"font-family: arial, helvetica, sans-serif; font-size: 12pt;\">Saco de suporte para l\u00edquidos<\/span><\/strong><\/a><\/span><\/td>\n<\/tr>\n<tr style=\"height: 40px; background-color: #ebebeb;\">\n<td style=\"width: 22.6796%; height: 24px;\"><span style=\"font-size: 12pt;\"><strong><span style=\"font-family: arial, helvetica, sans-serif;\">Impress\u00e3o<\/span><\/strong><\/span><\/td>\n<td style=\"width: 77.3204%; height: 24px;\"><span style=\"font-family: arial, helvetica, sans-serif; font-size: 12pt;\">CMYK (1 \u2013 10 cores), Sem impress\u00e3o (simples), Impress\u00e3o digital<\/span><\/td>\n<\/tr>\n<tr style=\"height: 40px; background-color: #99ccff;\">\n<td style=\"width: 22.6796%; height: 24px;\"><span style=\"font-size: 12pt;\"><strong><span style=\"font-family: arial, helvetica, sans-serif;\">Material<\/span><\/strong><\/span><\/td>\n<td style=\"width: 77.3204%; height: 24px;\"><span style=\"font-family: arial, helvetica, sans-serif; font-size: 12pt;\">Material laminado, MOPP+VMPET+PE<\/span><\/td>\n<\/tr>\n<tr style=\"height: 40px; background-color: #ebebeb;\">\n<td style=\"width: 22.6796%; height: 24px;\"><span style=\"font-size: 12pt;\"><strong><span style=\"font-family: arial, helvetica, sans-serif;\"><b data-spm-anchor-id=\"a2700.details-description.0.i12.24d0Kvu6Kvu6rh\">Capacidade<\/b><\/span><\/strong><\/span><\/td>\n<td style=\"width: 77.3204%; height: 24px;\"><span style=\"font-family: arial, helvetica, sans-serif; font-size: 12pt;\">100g,200g,300g,400g,800g,1kg,2kg,3kg\/100ml,200ml,300ml,500ml,800ml,1L,2L,3L ou personalizado<\/span><\/td>\n<\/tr>\n<tr style=\"height: 40px; background-color: #99ccff;\">\n<td style=\"width: 22.6796%; height: 24px;\"><span style=\"font-size: 12pt;\"><strong><span style=\"font-family: arial, helvetica, sans-serif;\">Recurso<\/span><\/strong><\/span><\/td>\n<td style=\"width: 77.3204%; height: 24px;\"><span style=\"font-family: arial, helvetica, sans-serif; font-size: 12pt;\">1. Bom desempenho de resist\u00eancia \u00e0 umidade e ao oxig\u00eanio;<br \/>\n2. Alta temperatura;<br \/>\n3. Boa veda\u00e7\u00e3o, impress\u00e3o de alta qualidade;<br \/>\n4. Material de qualidade alimentar, n\u00e3o t\u00f3xico, sem cheiro, sem gosto, barreira contra umidade e oxig\u00eanio, excelente desempenho de barreira.<br \/>\n5. F\u00e1cil de transportar;<\/span><\/td>\n<\/tr>\n<tr style=\"height: 40px; background-color: #ebebeb;\">\n<td style=\"width: 22.6796%; height: 24px;\"><span style=\"font-size: 12pt;\"><strong><span style=\"font-family: arial, helvetica, sans-serif;\">Tempo de resposta<\/span><\/strong><\/span><\/td>\n<td style=\"width: 77.3204%; height: 24px;\"><span style=\"font-family: arial, helvetica, sans-serif; font-size: 12pt;\">7 a 15 dias \u00fateis, RUSH<\/span><\/td>\n<\/tr>\n<tr style=\"height: 40px; background-color: #99ccff;\">\n<td style=\"width: 22.6796%; height: 24px;\"><span style=\"font-size: 12pt;\"><strong><span style=\"font-family: arial, helvetica, sans-serif;\">Envio<\/span><\/strong><\/span><\/td>\n<td style=\"width: 77.3204%; height: 24px;\"><span style=\"font-family: arial, helvetica, sans-serif; font-size: 12pt;\">A\u00e9reo, Mar\u00edtimo, Expresso<\/span><\/td>\n<\/tr>\n<\/tbody>\n<\/table>\n<p>&nbsp;<\/p>","protected":false},"featured_media":4460,"comment_status":"open","ping_status":"closed","template":"","meta":[],"product_brand":[],"product_cat":[35],"product_tag":[],"class_list":{"0":"post-4454","1":"product","2":"type-product","3":"status-publish","4":"has-post-thumbnail","6":"product_cat-mylar-bags","8":"first","9":"instock","10":"shipping-taxable","11":"purchasable","12":"product-type-variable"},"_links":{"self":[{"href":"https:\/\/polysmarts.com\/pt\/wp-json\/wp\/v2\/product\/4454","targetHints":{"allow":["GET"]}}],"collection":[{"href":"https:\/\/polysmarts.com\/pt\/wp-json\/wp\/v2\/product"}],"about":[{"href":"https:\/\/polysmarts.com\/pt\/wp-json\/wp\/v2\/types\/product"}],"replies":[{"embeddable":true,"href":"https:\/\/polysmarts.com\/pt\/wp-json\/wp\/v2\/comments?post=4454"}],"version-history":[{"count":4,"href":"https:\/\/polysmarts.com\/pt\/wp-json\/wp\/v2\/product\/4454\/revisions"}],"predecessor-version":[{"id":4477,"href":"https:\/\/polysmarts.com\/pt\/wp-json\/wp\/v2\/product\/4454\/revisions\/4477"}],"wp:featuredmedia":[{"embeddable":true,"href":"https:\/\/polysmarts.com\/pt\/wp-json\/wp\/v2\/media\/4460"}],"wp:attachment":[{"href":"https:\/\/polysmarts.com\/pt\/wp-json\/wp\/v2\/media?parent=4454"}],"wp:term":[{"taxonomy":"product_brand","embeddable":true,"href":"https:\/\/polysmarts.com\/pt\/wp-json\/wp\/v2\/product_brand?post=4454"},{"taxonomy":"product_cat","embeddable":true,"href":"https:\/\/polysmarts.com\/pt\/wp-json\/wp\/v2\/product_cat?post=4454"},{"taxonomy":"product_tag","embeddable":true,"href":"https:\/\/polysmarts.com\/pt\/wp-json\/wp\/v2\/product_tag?post=4454"}],"curies":[{"name":"wp","href":"https:\/\/api.w.org\/{rel}","templated":true}]}}