{"id":4438,"date":"2025-05-26T13:50:14","date_gmt":"2025-05-26T05:50:14","guid":{"rendered":"https:\/\/polysmarts.com\/?post_type=product&#038;p=4438"},"modified":"2025-05-26T14:23:13","modified_gmt":"2025-05-26T06:23:13","slug":"embalagens-de-musgo-marinho-de-barreira-premium-bolsas-ecologicas-e-reutilizaveis","status":"publish","type":"product","link":"https:\/\/polysmarts.com\/pt\/product\/premium-barrier-sea-moss-packaging-eco-friendly-resealable-pouches\/","title":{"rendered":"Embalagem Premium Barrier Sea Moss \u2013 Sacos Ecol\u00f3gicos Ressel\u00e1veis"},"content":{"rendered":"<div style=\"width: 800px;\" class=\"wp-video\"><video class=\"wp-video-shortcode\" id=\"video-4438-1\" width=\"800\" height=\"454\" preload=\"metadata\" controls=\"controls\"><source type=\"video\/mp4\" src=\"https:\/\/polysmarts.com\/wp-content\/uploads\/2025\/05\/sea-moss-packaging-.mp4?_=1\" \/><a href=\"https:\/\/polysmarts.com\/wp-content\/uploads\/2025\/05\/sea-moss-packaging-.mp4\">https:\/\/polysmarts.com\/wp-content\/uploads\/2025\/05\/sea-moss-packaging-.mp4<\/a><\/video><\/div>\n<h1><strong><span style=\"font-size: 18pt;\">Solu\u00e7\u00f5es de embalagem premium de musgo marinho: preserve o frescor e maximize o apelo na prateleira<\/span><\/strong><\/h1>\n<p>Nossas solu\u00e7\u00f5es personalizadas de embalagem para musgo marinho s\u00e3o projetadas especificamente para preservar os nutrientes vitais dos seus produtos premium de musgo marinho, ao mesmo tempo em que aumentam a atratividade nas prateleiras. Dispon\u00edveis em diversas configura\u00e7\u00f5es, incluindo embalagens stand-up, embalagens planas e op\u00e7\u00f5es de bico para formula\u00e7\u00f5es em gel, nossas embalagens atendem \u00e0s necessidades exclusivas de todas as variedades de musgo marinho.<\/p>\n<h3><strong><span style=\"font-size: 14pt;\">Principais caracter\u00edsticas da embalagem do musgo marinho:<\/span><\/strong><\/h3>\n<ul>\n<li><strong>Prote\u00e7\u00e3o de barreira superior<\/strong>: Nossas bolsas flex\u00edveis utilizam materiais de barreira avan\u00e7ados que protegem o musgo marinho da umidade, oxig\u00eanio e exposi\u00e7\u00e3o \u00e0 luz, preservando nutrientes essenciais como vitamina B12, c\u00e1lcio, zinco e iodo.<\/li>\n<li><strong>Op\u00e7\u00f5es convenientes de resselagem<\/strong>: Escolha entre tampas com z\u00edper, fechos reutiliz\u00e1veis e op\u00e7\u00f5es de bico para formula\u00e7\u00f5es em gel, permitindo que os clientes mantenham o frescor enquanto usam pequenas quantidades ao longo do tempo.<\/li>\n<li><strong>Leve e econ\u00f4mico<\/strong>: Nossas embalagens pesam significativamente menos do que potes de vidro ou potes de pl\u00e1stico, reduzindo os custos de envio e mantendo a integridade do produto.<\/li>\n<li><strong>Design personaliz\u00e1vel<\/strong>: Destaque-se no competitivo setor de sa\u00fade e bem-estar, avaliado em $4,2 trilh\u00f5es, com op\u00e7\u00f5es de impress\u00e3o totalmente personaliz\u00e1veis, incluindo t\u00e9cnicas digitais, rotogravura e flexogr\u00e1fica, com v\u00e1rios acabamentos (fosco, brilhante, toque suave, efeitos met\u00e1licos).<\/li>\n<li><strong>Op\u00e7\u00f5es ecol\u00f3gicas<\/strong>: Escolha entre nossas linhas de embalagens sustent\u00e1veis, incluindo materiais compost\u00e1veis, biodegrad\u00e1veis, recicl\u00e1veis e livres de PFAS, que atraem consumidores ecologicamente conscientes.<\/li>\n<\/ul>\n<h3><strong><span style=\"font-size: 14pt;\">Perfeito para todas as formas de musgo marinho:<\/span><\/strong><\/h3>\n<ul>\n<li><strong>Musgo marinho seco<\/strong>: Manter n\u00edveis \u00f3timos de umidade e evitar contamina\u00e7\u00e3o<\/li>\n<li><strong>Gel de musgo marinho<\/strong>:Sacos \u00e0 prova de vazamentos com bicos opcionais para f\u00e1cil distribui\u00e7\u00e3o<\/li>\n<li><strong>P\u00f3s de musgo marinho<\/strong>: Prote\u00e7\u00e3o de barreira contra umidade e aglomera\u00e7\u00e3o<\/li>\n<li><strong>Produtos com infus\u00e3o de musgo marinho<\/strong>:Embalagem vers\u00e1til para diversas formula\u00e7\u00f5es<\/li>\n<\/ul>\n<p>Nossas solu\u00e7\u00f5es de embalagem ajudam a preservar os mais de 92 minerais encontrados em produtos de musgo marinho de qualidade, garantindo que seus clientes recebam todos os benef\u00edcios \u00e0 sa\u00fade deste superalimento rico em nutrientes.<\/p>\n<h3><strong><span style=\"font-size: 14pt;\">Perguntas frequentes sobre embalagens de musgo marinho<\/span><\/strong><\/h3>\n<ol>\n<li><strong>O que torna a embalagem flex\u00edvel melhor para produtos de musgo marinho?<\/strong><br \/>\nA embalagem flex\u00edvel oferece prote\u00e7\u00e3o de barreira superior contra umidade, oxig\u00eanio e luz, preservando os nutrientes vitais do musgo marinho, ao mesmo tempo em que \u00e9 leve e econ\u00f4mica em compara\u00e7\u00e3o aos recipientes de vidro ou pl\u00e1stico r\u00edgido.<\/li>\n<li><strong>Existem op\u00e7\u00f5es ecol\u00f3gicas para embalagens de musgo marinho?<br \/>\n<\/strong> Sim, oferecemos op\u00e7\u00f5es de embalagens compost\u00e1veis, biodegrad\u00e1veis, recicl\u00e1veis e livres de PFAS que mant\u00eam a integridade do produto e, ao mesmo tempo, atraem consumidores ecologicamente conscientes.<\/li>\n<li><strong>Qual \u00e9 a melhor embalagem para produtos de gel de musgo marinho?<\/strong><br \/>\nPara produtos de gel de musgo marinho, recomendamos sach\u00eas com bico ou ressel\u00e1veis <span style=\"color: #0000ff;\"><strong><a style=\"color: #0000ff;\" href=\"https:\/\/polysmarts.com\/pt\/embalagens-stand-up-pouch-personalizadas\/\">bolsas stand-up<\/a><\/strong><\/span> que evitam vazamentos durante o transporte, ao mesmo tempo que permitem distribui\u00e7\u00e3o e armazenamento convenientes.<\/li>\n<li><strong>Como a embalagem pode ajudar meu produto de musgo marinho a se destacar?<\/strong><br \/>\nNossas op\u00e7\u00f5es de impress\u00e3o personalizada, incluindo t\u00e9cnicas digitais, rotogravura e flexogr\u00e1ficas com v\u00e1rios acabamentos (fosco, brilhante, toque suave, efeitos met\u00e1licos), ajudam seu produto a chamar a aten\u00e7\u00e3o do consumidor no competitivo mercado de suplementos de sa\u00fade.<\/li>\n<li><strong>A embalagem pode ajudar a preservar o valor nutricional do musgo marinho?<\/strong><br \/>\nSim, nossa embalagem de barreira protege o musgo marinho de fatores ambientais que degradam os nutrientes, ajudando a preservar seu valioso conte\u00fado de iodo, vitaminas B, c\u00e1lcio, zinco e outros minerais essenciais.<\/li>\n<\/ol>","protected":false},"excerpt":{"rendered":"<table style=\"height: 280px; width: 99.8505%; border-collapse: collapse;\" border=\"2\">\n<tbody>\n<tr style=\"height: 28px; background-color: #dbdbdb;\">\n<td style=\"width: 22.6796%; background-color: #ebebeb; height: 28px;\"><span style=\"font-family: arial, helvetica, sans-serif; font-size: 12pt;\"><strong>Unid<\/strong><\/span><\/td>\n<td style=\"width: 77.3204%; background-color: #ebebeb; height: 28px;\"><span style=\"font-family: arial, helvetica, sans-serif; font-size: 12pt;\">Solu\u00e7\u00f5es personalizadas de embalagem premium de musgo marinho<\/span><\/td>\n<\/tr>\n<tr style=\"height: 40px;\">\n<td style=\"width: 22.6796%; height: 30px; background-color: #99ccff;\"><span style=\"font-family: arial, helvetica, sans-serif; font-size: 12pt;\"><strong>Dimens\u00e3o e estilo<\/strong><\/span><\/td>\n<td style=\"width: 77.3204%; height: 30px; background-color: #99ccff;\"><span style=\"font-family: arial, helvetica, sans-serif; font-size: 12pt;\">Formas e tamanhos personalizados<\/span><\/td>\n<\/tr>\n<tr style=\"height: 40px;\">\n<td style=\"width: 22.6796%; height: 34px; background-color: #ebebeb;\"><span style=\"font-size: 12pt;\"><strong><span style=\"font-family: arial, helvetica, sans-serif;\">Quantidade m\u00ednima de pedido<\/span><\/strong><\/span><\/td>\n<td style=\"width: 77.3204%; height: 34px; background-color: #ebebeb;\"><span style=\"font-family: arial, helvetica, sans-serif; font-size: 12pt;\">100 pe\u00e7as sem personaliza\u00e7\u00e3o, 5000 pe\u00e7as para personaliza\u00e7\u00e3o - Impress\u00e3o digital: 1000 pe\u00e7as<\/span><\/td>\n<\/tr>\n<tr style=\"height: 40px; background-color: #99ccff;\">\n<td style=\"width: 22.6796%; height: 24px;\"><span style=\"font-size: 12pt;\"><strong><span style=\"font-family: arial, helvetica, sans-serif;\">Tipo de embalagem<\/span><\/strong><\/span><\/td>\n<td style=\"width: 77.3204%; height: 24px;\"><span style=\"font-family: arial, helvetica, sans-serif; font-size: 12pt;\">Stand up pouch com vitrine<\/span><\/td>\n<\/tr>\n<tr style=\"height: 40px; background-color: #ebebeb;\">\n<td style=\"width: 22.6796%; height: 24px;\"><span style=\"font-size: 12pt;\"><strong><span style=\"font-family: arial, helvetica, sans-serif;\">Impress\u00e3o<\/span><\/strong><\/span><\/td>\n<td style=\"width: 77.3204%; height: 24px;\"><span style=\"font-family: arial, helvetica, sans-serif; font-size: 12pt;\">CMYK (1 \u2013 10 cores), Sem impress\u00e3o (simples), Impress\u00e3o digital<\/span><\/td>\n<\/tr>\n<tr style=\"height: 40px; background-color: #99ccff;\">\n<td style=\"width: 22.6796%; height: 24px;\"><span style=\"font-size: 12pt;\"><strong><span style=\"font-family: arial, helvetica, sans-serif;\">Material<\/span><\/strong><\/span><\/td>\n<td style=\"width: 77.3204%; height: 24px;\"><span style=\"font-family: arial, helvetica, sans-serif; font-size: 12pt;\">Material laminado, MOPP+VMPET+PE<\/span><\/td>\n<\/tr>\n<tr style=\"height: 40px; background-color: #ebebeb;\">\n<td style=\"width: 22.6796%; height: 24px;\"><span style=\"font-size: 12pt;\"><strong><span style=\"font-family: arial, helvetica, sans-serif;\">Op\u00e7\u00f5es inclu\u00eddas<\/span><\/strong><\/span><\/td>\n<td style=\"width: 77.3204%; height: 24px;\"><span style=\"font-family: arial, helvetica, sans-serif; font-size: 12pt;\">Corte e vinco, selagem t\u00e9rmica<\/span><\/td>\n<\/tr>\n<tr style=\"height: 40px; background-color: #99ccff;\">\n<td style=\"width: 22.6796%; height: 24px;\"><span style=\"font-size: 12pt;\"><strong><span style=\"font-family: arial, helvetica, sans-serif;\">Recurso<\/span><\/strong><\/span><\/td>\n<td style=\"width: 77.3204%; height: 24px;\"><span style=\"font-family: arial, helvetica, sans-serif; font-size: 12pt;\">\u00c0 prova de umidade\/Grau aliment\u00edcio\/\u00c0 prova d&#039;\u00e1gua<\/span><\/td>\n<\/tr>\n<tr style=\"height: 40px; background-color: #ebebeb;\">\n<td style=\"width: 22.6796%; height: 24px;\"><span style=\"font-size: 12pt;\"><strong><span style=\"font-family: arial, helvetica, sans-serif;\">Tempo de resposta<\/span><\/strong><\/span><\/td>\n<td style=\"width: 77.3204%; height: 24px;\"><span style=\"font-family: arial, helvetica, sans-serif; font-size: 12pt;\">7 a 15 dias \u00fateis, RUSH<\/span><\/td>\n<\/tr>\n<tr style=\"height: 40px; background-color: #99ccff;\">\n<td style=\"width: 22.6796%; height: 24px;\"><span style=\"font-size: 12pt;\"><strong><span style=\"font-family: arial, helvetica, sans-serif;\">Envio<\/span><\/strong><\/span><\/td>\n<td style=\"width: 77.3204%; height: 24px;\"><span style=\"font-family: arial, helvetica, sans-serif; font-size: 12pt;\">A\u00e9reo, Mar\u00edtimo, Expresso<\/span><\/td>\n<\/tr>\n<\/tbody>\n<\/table>\n<p>&nbsp;<\/p>","protected":false},"featured_media":4431,"comment_status":"open","ping_status":"closed","template":"","meta":[],"product_brand":[],"product_cat":[26,35,18],"product_tag":[],"class_list":{"0":"post-4438","1":"product","2":"type-product","3":"status-publish","4":"has-post-thumbnail","6":"product_cat-food-packaging","7":"product_cat-mylar-bags","8":"product_cat-zipper-bags","10":"first","11":"instock","12":"shipping-taxable","13":"purchasable","14":"product-type-variable"},"_links":{"self":[{"href":"https:\/\/polysmarts.com\/pt\/wp-json\/wp\/v2\/product\/4438","targetHints":{"allow":["GET"]}}],"collection":[{"href":"https:\/\/polysmarts.com\/pt\/wp-json\/wp\/v2\/product"}],"about":[{"href":"https:\/\/polysmarts.com\/pt\/wp-json\/wp\/v2\/types\/product"}],"replies":[{"embeddable":true,"href":"https:\/\/polysmarts.com\/pt\/wp-json\/wp\/v2\/comments?post=4438"}],"version-history":[{"count":6,"href":"https:\/\/polysmarts.com\/pt\/wp-json\/wp\/v2\/product\/4438\/revisions"}],"predecessor-version":[{"id":4453,"href":"https:\/\/polysmarts.com\/pt\/wp-json\/wp\/v2\/product\/4438\/revisions\/4453"}],"wp:featuredmedia":[{"embeddable":true,"href":"https:\/\/polysmarts.com\/pt\/wp-json\/wp\/v2\/media\/4431"}],"wp:attachment":[{"href":"https:\/\/polysmarts.com\/pt\/wp-json\/wp\/v2\/media?parent=4438"}],"wp:term":[{"taxonomy":"product_brand","embeddable":true,"href":"https:\/\/polysmarts.com\/pt\/wp-json\/wp\/v2\/product_brand?post=4438"},{"taxonomy":"product_cat","embeddable":true,"href":"https:\/\/polysmarts.com\/pt\/wp-json\/wp\/v2\/product_cat?post=4438"},{"taxonomy":"product_tag","embeddable":true,"href":"https:\/\/polysmarts.com\/pt\/wp-json\/wp\/v2\/product_tag?post=4438"}],"curies":[{"name":"wp","href":"https:\/\/api.w.org\/{rel}","templated":true}]}}