{"id":4422,"date":"2025-05-22T14:27:46","date_gmt":"2025-05-22T06:27:46","guid":{"rendered":"https:\/\/polysmarts.com\/?post_type=product&#038;p=4422"},"modified":"2025-05-22T15:42:16","modified_gmt":"2025-05-22T07:42:16","slug":"embalagens-personalizadas-para-mascaras-faciais-solucoes-de-embalagem-premium-para-mascaras-faciais","status":"publish","type":"product","link":"https:\/\/polysmarts.com\/pt\/product\/custom-face-mask-packaging-premium-packaging-solutions-for-facial-masks\/","title":{"rendered":"Embalagens personalizadas para m\u00e1scaras faciais | Solu\u00e7\u00f5es de embalagem premium para m\u00e1scaras faciais"},"content":{"rendered":"<p><img fetchpriority=\"high\" decoding=\"async\" class=\"wp-image-4413 size-full alignleft\" src=\"https:\/\/polysmarts.com\/wp-content\/uploads\/2025\/05\/Facial-Mask-packaging-6.png\" alt=\"embalagem de m\u00e1scara facial\" width=\"800\" height=\"800\" srcset=\"\/\/polysmarts.com\/wp-content\/uploads\/2025\/05\/Facial-Mask-packaging-6.png 800w, \/\/polysmarts.com\/wp-content\/uploads\/2025\/05\/Facial-Mask-packaging-6-600x600.png 600w, \/\/polysmarts.com\/wp-content\/uploads\/2025\/05\/Facial-Mask-packaging-6-768x768.png 768w, \/\/polysmarts.com\/wp-content\/uploads\/2025\/05\/Facial-Mask-packaging-6-12x12.png 12w, \/\/polysmarts.com\/wp-content\/uploads\/2025\/05\/Facial-Mask-packaging-6-300x300.png 300w, \/\/polysmarts.com\/wp-content\/uploads\/2025\/05\/Facial-Mask-packaging-6-100x100.png 100w\" sizes=\"(max-width: 800px) 100vw, 800px\" \/><\/p>\n<p>Apresentamos a Embalagem Personalizada para M\u00e1scaras Faciais, a sua solu\u00e7\u00e3o ideal para embalagens premium para m\u00e1scaras faciais. Feita com materiais de barreira de mylar da Polysmarts, esta op\u00e7\u00e3o de embalagem oferece prote\u00e7\u00e3o superior contra umidade, superando as alternativas convencionais de pl\u00e1stico ou papel. Os materiais transparentes com revestimento EVOH e PVDC garantem que seus produtos sejam exibidos com beleza, mantendo-os protegidos de elementos externos.<\/p>\n<p>Aproveite pre\u00e7os acess\u00edveis com a garantia de pre\u00e7o igualado da 5%, facilitando mais do que nunca a divulga\u00e7\u00e3o da sua marca sem gastar muito. Com prazos de entrega r\u00e1pidos de apenas 7 a 15 dias para impress\u00e3o digital e em chapa, suas sacolas personalizadas estar\u00e3o prontas quando voc\u00ea precisar.<\/p>\n<p>Escolha entre uma variedade de op\u00e7\u00f5es de tamanhos personalizados e beneficie-se de quantidades m\u00ednimas de pedido reduzidas a partir de apenas 5.000 sacos. Nossas op\u00e7\u00f5es de z\u00edper reutiliz\u00e1vel oferecem conveni\u00eancia para seus clientes, enquanto os designs de bolsa plana melhoram a visibilidade na prateleira, destacando seus produtos de m\u00e1scaras faciais cosm\u00e9ticas.<\/p>\n<p>Experimente o excepcional atendimento ao cliente dos EUA e melhore a embalagem da sua m\u00e1scara facial com nossa embalagem plana para m\u00e1scaras cosm\u00e9ticas com veda\u00e7\u00e3o em 3 lados hoje mesmo!<\/p>","protected":false},"excerpt":{"rendered":"<table style=\"height: 360px; width: 99.8505%; border-collapse: collapse;\" border=\"2\">\n<tbody>\n<tr style=\"height: 40px;\">\n<td style=\"width: 22.6796%; height: 30px; background-color: #99ccff;\"><span style=\"font-family: arial, helvetica, sans-serif; font-size: 12pt;\"><strong>Dimens\u00e3o e estilo<\/strong><\/span><\/td>\n<td style=\"width: 77.3204%; height: 30px; background-color: #99ccff;\"><span style=\"font-family: arial, helvetica, sans-serif; font-size: 12pt;\">Formas e tamanhos personalizados<\/span><\/td>\n<\/tr>\n<tr style=\"height: 40px;\">\n<td style=\"width: 22.6796%; height: 34px; background-color: #ebebeb;\"><span style=\"font-size: 12pt;\"><strong><span style=\"font-family: arial, helvetica, sans-serif;\">Quantidade m\u00ednima de pedido<\/span><\/strong><\/span><\/td>\n<td style=\"width: 77.3204%; height: 34px; background-color: #ebebeb;\"><span style=\"font-family: arial, helvetica, sans-serif; font-size: 12pt;\">1000pcs sem personaliza\u00e7\u00e3o, 10000pcs para personaliza\u00e7\u00e3o<\/span><\/td>\n<\/tr>\n<tr style=\"height: 40px; background-color: #99ccff;\">\n<td style=\"width: 22.6796%; height: 24px;\"><span style=\"font-size: 12pt;\"><strong><span style=\"font-family: arial, helvetica, sans-serif;\">Tipo de embalagem<\/span><\/strong><\/span><\/td>\n<td style=\"width: 77.3204%; height: 24px;\"><span style=\"font-family: arial, helvetica, sans-serif; font-size: 12pt;\">Saco plano com veda\u00e7\u00e3o de 3 lados<\/span><\/td>\n<\/tr>\n<tr style=\"height: 40px; background-color: #ebebeb;\">\n<td style=\"width: 22.6796%; height: 24px;\"><span style=\"font-size: 12pt;\"><strong><span style=\"font-family: arial, helvetica, sans-serif;\">Impress\u00e3o<\/span><\/strong><\/span><\/td>\n<td style=\"width: 77.3204%; height: 24px;\"><span style=\"font-family: arial, helvetica, sans-serif; font-size: 12pt;\">CMYK (1 - 10 cores conforme sua necessidade), sem impress\u00e3o (normal)<\/span><\/td>\n<\/tr>\n<tr style=\"height: 40px; background-color: #99ccff;\">\n<td style=\"width: 22.6796%; height: 24px;\"><span style=\"font-size: 12pt;\"><strong><span style=\"font-family: arial, helvetica, sans-serif;\">Acabamento<\/span><\/strong><\/span><\/td>\n<td style=\"width: 77.3204%; height: 24px;\"><span style=\"font-family: arial, helvetica, sans-serif; font-size: 12pt;\">Lamina\u00e7\u00e3o brilhante, impress\u00e3o offset<\/span><\/td>\n<\/tr>\n<tr style=\"height: 40px; background-color: #ebebeb;\">\n<td style=\"width: 22.6796%; height: 24px;\"><span style=\"font-size: 12pt;\"><strong><span style=\"font-family: arial, helvetica, sans-serif;\">Material<\/span><\/strong><\/span><\/td>\n<td style=\"width: 77.3204%; height: 24px;\"><span style=\"font-family: arial, helvetica, sans-serif; font-size: 12pt;\">OPP\/PET\/CPP<\/span><\/td>\n<\/tr>\n<tr style=\"height: 40px; background-color: #99ccff;\">\n<td style=\"width: 22.6796%; height: 24px;\"><span style=\"font-size: 12pt;\"><strong><span style=\"font-family: arial, helvetica, sans-serif;\">Recurso<\/span><\/strong><\/span><\/td>\n<td style=\"width: 77.3204%; height: 24px;\"><span style=\"font-family: arial, helvetica, sans-serif; font-size: 12pt;\">\u00c0 prova d&#039;\u00e1gua, \u00e0 prova de odores<\/span><\/td>\n<\/tr>\n<tr style=\"height: 40px; background-color: #ebebeb;\">\n<td style=\"width: 22.6796%; height: 24px;\"><span style=\"font-size: 12pt;\"><strong><span style=\"font-family: arial, helvetica, sans-serif;\">Tempo de resposta<\/span><\/strong><\/span><\/td>\n<td style=\"width: 77.3204%; height: 24px;\"><span style=\"font-family: arial, helvetica, sans-serif; font-size: 12pt;\">7 a 15 dias \u00fateis, RUSH<\/span><\/td>\n<\/tr>\n<tr style=\"height: 40px; background-color: #99ccff;\">\n<td style=\"width: 22.6796%; height: 24px;\"><span style=\"font-size: 12pt;\"><strong><span style=\"font-family: arial, helvetica, sans-serif;\">Envio<\/span><\/strong><\/span><\/td>\n<td style=\"width: 77.3204%; height: 24px;\"><span style=\"font-family: arial, helvetica, sans-serif; font-size: 12pt;\">A\u00e9reo, Mar\u00edtimo, Expresso<\/span><\/td>\n<\/tr>\n<\/tbody>\n<\/table>\n<p>&nbsp;<\/p>","protected":false},"featured_media":4419,"comment_status":"open","ping_status":"closed","template":"","meta":[],"product_brand":[],"product_cat":[30,19,35],"product_tag":[],"class_list":{"0":"post-4422","1":"product","2":"type-product","3":"status-publish","4":"has-post-thumbnail","6":"product_cat-cosmetics-packaging","7":"product_cat-heat-sealing-bag","8":"product_cat-mylar-bags","10":"first","11":"instock","12":"shipping-taxable","13":"product-type-simple"},"_links":{"self":[{"href":"https:\/\/polysmarts.com\/pt\/wp-json\/wp\/v2\/product\/4422","targetHints":{"allow":["GET"]}}],"collection":[{"href":"https:\/\/polysmarts.com\/pt\/wp-json\/wp\/v2\/product"}],"about":[{"href":"https:\/\/polysmarts.com\/pt\/wp-json\/wp\/v2\/types\/product"}],"replies":[{"embeddable":true,"href":"https:\/\/polysmarts.com\/pt\/wp-json\/wp\/v2\/comments?post=4422"}],"version-history":[{"count":5,"href":"https:\/\/polysmarts.com\/pt\/wp-json\/wp\/v2\/product\/4422\/revisions"}],"predecessor-version":[{"id":4430,"href":"https:\/\/polysmarts.com\/pt\/wp-json\/wp\/v2\/product\/4422\/revisions\/4430"}],"wp:featuredmedia":[{"embeddable":true,"href":"https:\/\/polysmarts.com\/pt\/wp-json\/wp\/v2\/media\/4419"}],"wp:attachment":[{"href":"https:\/\/polysmarts.com\/pt\/wp-json\/wp\/v2\/media?parent=4422"}],"wp:term":[{"taxonomy":"product_brand","embeddable":true,"href":"https:\/\/polysmarts.com\/pt\/wp-json\/wp\/v2\/product_brand?post=4422"},{"taxonomy":"product_cat","embeddable":true,"href":"https:\/\/polysmarts.com\/pt\/wp-json\/wp\/v2\/product_cat?post=4422"},{"taxonomy":"product_tag","embeddable":true,"href":"https:\/\/polysmarts.com\/pt\/wp-json\/wp\/v2\/product_tag?post=4422"}],"curies":[{"name":"wp","href":"https:\/\/api.w.org\/{rel}","templated":true}]}}