{"id":4359,"date":"2025-05-05T17:38:53","date_gmt":"2025-05-05T09:38:53","guid":{"rendered":"https:\/\/polysmarts.com\/?post_type=product&#038;p=4359"},"modified":"2025-05-05T18:14:46","modified_gmt":"2025-05-05T10:14:46","slug":"sacos-de-embalagem-de-sal-de-banho-ecologicos-impressos-personalizados","status":"publish","type":"product","link":"https:\/\/polysmarts.com\/pt\/product\/custom-printed-eco-friendly-bath-salt-packaging-bags\/","title":{"rendered":"Sacos de embalagem de sal de banho ecol\u00f3gicos impressos personalizados"},"content":{"rendered":"<p><strong>Embalagens personalizadas premium para sais de banho para marcas que brilham<\/strong><\/p>\n<p>Eleve sua marca de sais de banho com embalagens personaliz\u00e1veis e ecol\u00f3gicas, projetadas para impressionar. Na Polysmarts, somos especialistas em criar embalagens que protegem seu produto e refletem o compromisso da sua marca com a qualidade e a sustentabilidade. Seja voc\u00ea um spa boutique, um varejista de bem-estar ou uma marca artesanal, nossas solu\u00e7\u00f5es s\u00e3o personalizadas para atender \u00e0s suas necessidades espec\u00edficas.<\/p>\n<p>Caracter\u00edsticas principais:<\/p>\n<p>\u2705 Dur\u00e1vel e \u00e0 prova de vazamentos: mantenha os sais de banho frescos com fecho reutiliz\u00e1vel <strong><a href=\"https:\/\/polysmarts.com\/pt\/embalagens-stand-up-pouch-personalizadas\/\">bolsa stand-up<\/a><\/strong>s, <strong><a href=\"https:\/\/polysmarts.com\/pt\/categoria-de-produto-2\/por-tipo-2\/bolsas-com-ziper\/\">sacos com fecho zip<\/a><\/strong>, ou <strong><a href=\"https:\/\/polysmarts.com\/pt\/categoria-de-produto-2\/por-tipo-2\/saco-de-papel-kraft\/\">sacos de papel kraft.<\/a><\/strong><\/p>\n<p>\u2705 100% Personaliz\u00e1vel: Escolha tamanhos (1 oz a 5 lbs), materiais (kraft recicl\u00e1vel, pl\u00e1stico biodegrad\u00e1vel) e acabamentos (fosco, brilhante, met\u00e1lico).<\/p>\n<p>\u2705 Op\u00e7\u00f5es ecologicamente corretas: papel kraft sustent\u00e1vel, filmes compost\u00e1veis e tintas \u00e0 base de soja para marcas ecologicamente corretas.<\/p>\n<p>\u2705 Prazo de entrega r\u00e1pido: MOQs baixos (mais de 1.000 unidades) e produ\u00e7\u00e3o de 7 a 15 dias para necessidades urgentes.<\/p>\n<p>\u2705 Descontos em grandes quantidades: economize at\u00e9 30% em pedidos grandes.<\/p>\n<h2><span style=\"font-size: 12pt;\">Por que escolher a Polysmarts para <strong>Embalagem de sais de banho<\/strong>?<\/span><\/h2>\n<p>\u2728 Materiais em conformidade com a FDA: seguros para contato direto com sais de banho e \u00f3leos essenciais.<\/p>\n<p>\u2728 Suporte de design gratuito: nossa equipe ajuda voc\u00ea a criar r\u00f3tulos e marcas atraentes.<\/p>\n<p>\u2728 Envio global: entrega confi\u00e1vel nos EUA, Canad\u00e1 e Europa.<\/p>","protected":false},"excerpt":{"rendered":"<table style=\"height: 280px; width: 99.8505%; border-collapse: collapse;\" border=\"2\">\n<tbody>\n<tr style=\"height: 28px; background-color: #dbdbdb;\">\n<td style=\"width: 22.6796%; background-color: #ebebeb; height: 28px;\"><span style=\"font-family: arial, helvetica, sans-serif; font-size: 12pt;\"><strong>Unid<\/strong><\/span><\/td>\n<td style=\"width: 77.3204%; background-color: #ebebeb; height: 28px;\"><span style=\"font-family: arial, helvetica, sans-serif; font-size: 12pt;\">Sacos de embalagem de sal de banho ecol\u00f3gicos impressos personalizados<\/span><\/td>\n<\/tr>\n<tr style=\"height: 40px;\">\n<td style=\"width: 22.6796%; height: 30px; background-color: #99ccff;\"><span style=\"font-family: arial, helvetica, sans-serif; font-size: 12pt;\"><strong>Dimens\u00e3o e estilo<\/strong><\/span><\/td>\n<td style=\"width: 77.3204%; height: 30px; background-color: #99ccff;\"><span style=\"font-family: arial, helvetica, sans-serif; font-size: 12pt;\">Formas e tamanhos personalizados<\/span><\/td>\n<\/tr>\n<tr style=\"height: 40px;\">\n<td style=\"width: 22.6796%; height: 34px; background-color: #ebebeb;\"><span style=\"font-size: 12pt;\"><strong><span style=\"font-family: arial, helvetica, sans-serif;\">Quantidade m\u00ednima de pedido<\/span><\/strong><\/span><\/td>\n<td style=\"width: 77.3204%; height: 34px; background-color: #ebebeb;\"><span style=\"font-family: arial, helvetica, sans-serif; font-size: 12pt;\">100 pe\u00e7as sem personaliza\u00e7\u00e3o, 5000 pe\u00e7as para personaliza\u00e7\u00e3o<\/span><\/td>\n<\/tr>\n<tr style=\"height: 40px; background-color: #99ccff;\">\n<td style=\"width: 22.6796%; height: 24px;\"><span style=\"font-size: 12pt;\"><strong><span style=\"font-family: arial, helvetica, sans-serif;\">Tipo de embalagem<\/span><\/strong><\/span><\/td>\n<td style=\"width: 77.3204%; height: 24px;\"><span style=\"font-family: arial, helvetica, sans-serif; font-size: 12pt;\">Bolsa stand up com z\u00edper<\/span><\/td>\n<\/tr>\n<tr style=\"height: 40px; background-color: #ebebeb;\">\n<td style=\"width: 22.6796%; height: 24px;\"><span style=\"font-size: 12pt;\"><strong><span style=\"font-family: arial, helvetica, sans-serif;\">Impress\u00e3o<\/span><\/strong><\/span><\/td>\n<td style=\"width: 77.3204%; height: 24px;\"><span style=\"font-family: arial, helvetica, sans-serif; font-size: 12pt;\">CMYK (1 \u2013 10 cores), Sem impress\u00e3o (simples), Impress\u00e3o digital<\/span><\/td>\n<\/tr>\n<tr style=\"height: 40px; background-color: #99ccff;\">\n<td style=\"width: 22.6796%; height: 24px;\"><span style=\"font-size: 12pt;\"><strong><span style=\"font-family: arial, helvetica, sans-serif;\">Material<\/span><\/strong><\/span><\/td>\n<td style=\"width: 77.3204%; height: 24px;\"><span style=\"font-family: arial, helvetica, sans-serif; font-size: 12pt;\">Material laminado, MOPP+VMPET+PE<\/span><\/td>\n<\/tr>\n<tr style=\"height: 40px; background-color: #ebebeb;\">\n<td style=\"width: 22.6796%; height: 24px;\"><span style=\"font-size: 12pt;\"><strong><span style=\"font-family: arial, helvetica, sans-serif;\">Op\u00e7\u00f5es inclu\u00eddas<\/span><\/strong><\/span><\/td>\n<td style=\"width: 77.3204%; height: 24px;\"><span style=\"font-family: arial, helvetica, sans-serif; font-size: 12pt;\">Corte e vinco, selagem t\u00e9rmica<\/span><\/td>\n<\/tr>\n<tr style=\"height: 40px; background-color: #99ccff;\">\n<td style=\"width: 22.6796%; height: 24px;\"><span style=\"font-size: 12pt;\"><strong><span style=\"font-family: arial, helvetica, sans-serif;\">Recurso<\/span><\/strong><\/span><\/td>\n<td style=\"width: 77.3204%; height: 24px;\"><span style=\"font-family: arial, helvetica, sans-serif; font-size: 12pt;\">\u00c0 prova de umidade\/isolamento de oxig\u00eanio\/sombreamento\/boa posi\u00e7\u00e3o\/parte superior com z\u00edper<\/span><\/td>\n<\/tr>\n<tr style=\"height: 40px; background-color: #ebebeb;\">\n<td style=\"width: 22.6796%; height: 24px;\"><span style=\"font-size: 12pt;\"><strong><span style=\"font-family: arial, helvetica, sans-serif;\">Tempo de resposta<\/span><\/strong><\/span><\/td>\n<td style=\"width: 77.3204%; height: 24px;\"><span style=\"font-family: arial, helvetica, sans-serif; font-size: 12pt;\">7 a 15 dias \u00fateis, RUSH<\/span><\/td>\n<\/tr>\n<tr style=\"height: 40px; background-color: #99ccff;\">\n<td style=\"width: 22.6796%; height: 24px;\"><span style=\"font-size: 12pt;\"><strong><span style=\"font-family: arial, helvetica, sans-serif;\">Envio<\/span><\/strong><\/span><\/td>\n<td style=\"width: 77.3204%; height: 24px;\"><span style=\"font-family: arial, helvetica, sans-serif; font-size: 12pt;\">A\u00e9reo, Mar\u00edtimo, Expresso<\/span><\/td>\n<\/tr>\n<\/tbody>\n<\/table>\n<p>&nbsp;<\/p>","protected":false},"featured_media":4357,"comment_status":"open","ping_status":"closed","template":"","meta":[],"product_brand":[],"product_cat":[26,35,18],"product_tag":[],"class_list":{"0":"post-4359","1":"product","2":"type-product","3":"status-publish","4":"has-post-thumbnail","6":"product_cat-food-packaging","7":"product_cat-mylar-bags","8":"product_cat-zipper-bags","10":"first","11":"instock","12":"shipping-taxable","13":"purchasable","14":"product-type-variable"},"_links":{"self":[{"href":"https:\/\/polysmarts.com\/pt\/wp-json\/wp\/v2\/product\/4359","targetHints":{"allow":["GET"]}}],"collection":[{"href":"https:\/\/polysmarts.com\/pt\/wp-json\/wp\/v2\/product"}],"about":[{"href":"https:\/\/polysmarts.com\/pt\/wp-json\/wp\/v2\/types\/product"}],"replies":[{"embeddable":true,"href":"https:\/\/polysmarts.com\/pt\/wp-json\/wp\/v2\/comments?post=4359"}],"version-history":[{"count":1,"href":"https:\/\/polysmarts.com\/pt\/wp-json\/wp\/v2\/product\/4359\/revisions"}],"predecessor-version":[{"id":4363,"href":"https:\/\/polysmarts.com\/pt\/wp-json\/wp\/v2\/product\/4359\/revisions\/4363"}],"wp:featuredmedia":[{"embeddable":true,"href":"https:\/\/polysmarts.com\/pt\/wp-json\/wp\/v2\/media\/4357"}],"wp:attachment":[{"href":"https:\/\/polysmarts.com\/pt\/wp-json\/wp\/v2\/media?parent=4359"}],"wp:term":[{"taxonomy":"product_brand","embeddable":true,"href":"https:\/\/polysmarts.com\/pt\/wp-json\/wp\/v2\/product_brand?post=4359"},{"taxonomy":"product_cat","embeddable":true,"href":"https:\/\/polysmarts.com\/pt\/wp-json\/wp\/v2\/product_cat?post=4359"},{"taxonomy":"product_tag","embeddable":true,"href":"https:\/\/polysmarts.com\/pt\/wp-json\/wp\/v2\/product_tag?post=4359"}],"curies":[{"name":"wp","href":"https:\/\/api.w.org\/{rel}","templated":true}]}}