{"id":4253,"date":"2025-03-12T00:02:47","date_gmt":"2025-03-11T16:02:47","guid":{"rendered":"https:\/\/polysmarts.com\/?post_type=product&#038;p=4253"},"modified":"2025-03-13T12:02:30","modified_gmt":"2025-03-13T04:02:30","slug":"embalagens-personalizadas-sacos-de-cafe-com-valvula","status":"publish","type":"product","link":"https:\/\/polysmarts.com\/pt\/product\/custom-packaging-coffee-bags-with-valve\/","title":{"rendered":"Sacos de caf\u00e9 de embalagem personalizada com v\u00e1lvula"},"content":{"rendered":"<h3><span style=\"font-family: arial, helvetica, sans-serif; font-size: 12pt;\"><strong>Os 3 tipos mais populares de <a href=\"https:\/\/polysmarts.com\/pt\/fabricante-lider-de-sacos-de-cafe-personalizados\/\">Embalagem de sach\u00eas de caf\u00e9<\/a><\/strong><\/span><\/h3>\n<p><strong>1. <a href=\"https:\/\/polysmarts.com\/pt\/embalagens-stand-up-pouch-personalizadas\/\">Bolsa de p\u00e9<\/a> Embalagem de caf\u00e9<\/strong><\/p>\n<p>A bolsa stand up pouch \u00e9 o estilo de bolsa mais escolhido e popular do mundo, escolh\u00ea-la nunca \u00e9 uma escolha errada. Ela pode ser feita em v\u00e1rios acabamentos e formatos para se adequar a voc\u00ea.<\/p>\n<p><strong>2. Sacos de caf\u00e9 com fundo plano e v\u00e1lvula<\/strong><\/p>\n<p>Se voc\u00ea quer construir uma marca de caf\u00e9 fino, a bolsa de fundo plano \u00e9 a escolha mais adequada. O status de p\u00e9 sempre remete \u00e0 qualidade, sabor e eleg\u00e2ncia.<\/p>\n<p><strong>3. Embalagem de sach\u00eas de caf\u00e9 com fole e v\u00e1lvula<\/strong><\/p>\n<p>A bolsa com fole \u00e9 um dos estilos de bolsa mais bem-vindos para caf\u00e9, especialmente em cafeterias. Voc\u00ea pode v\u00ea-la em todos os lugares, seja em bistr\u00f4s ou redes de cafeterias.<\/p>\n<p><strong>Qual \u00e9 a vantagem da v\u00e1lvula?<\/strong><\/p>\n<table style=\"border-style: solid; border-color: #000000;\" border=\"1\">\n<thead>\n<tr>\n<th>Recurso<\/th>\n<th>Com v\u00e1lvula<\/th>\n<th>Sem v\u00e1lvula<\/th>\n<\/tr>\n<\/thead>\n<tbody>\n<tr>\n<td>Per\u00edodo de Frescor<\/td>\n<td>4-6 semanas<\/td>\n<td>7 a 10 dias<\/td>\n<\/tr>\n<tr>\n<td>Reten\u00e7\u00e3o de aroma<\/td>\n<td>92% ap\u00f3s 4 semanas<\/td>\n<td>58% ap\u00f3s 1 semana<\/td>\n<\/tr>\n<tr>\n<td>Integridade do pacote<\/td>\n<td>Sem incha\u00e7o\/vazamentos<\/td>\n<td>Risco de ruptura de costuras<\/td>\n<\/tr>\n<\/tbody>\n<\/table>\n<p>&nbsp;<\/p>\n<p><img fetchpriority=\"high\" decoding=\"async\" class=\"alignleft wp-image-4251 size-thumbnail\" src=\"https:\/\/polysmarts.com\/wp-content\/uploads\/2025\/03\/Main-07-600x600.jpg\" alt=\"Tipo de sach\u00eas de caf\u00e9\" width=\"600\" height=\"600\" srcset=\"\/\/polysmarts.com\/wp-content\/uploads\/2025\/03\/Main-07-600x600.jpg 600w, \/\/polysmarts.com\/wp-content\/uploads\/2025\/03\/Main-07-768x768.jpg 768w, \/\/polysmarts.com\/wp-content\/uploads\/2025\/03\/Main-07-12x12.jpg 12w, \/\/polysmarts.com\/wp-content\/uploads\/2025\/03\/Main-07-300x300.jpg 300w, \/\/polysmarts.com\/wp-content\/uploads\/2025\/03\/Main-07-100x100.jpg 100w, \/\/polysmarts.com\/wp-content\/uploads\/2025\/03\/Main-07.jpg 800w\" sizes=\"(max-width: 600px) 100vw, 600px\" \/><\/p>\n<p>&nbsp;<\/p>\n<p>&nbsp;<\/p>\n<p>&nbsp;<\/p>\n<p>&nbsp;<\/p>\n<p>&nbsp;<\/p>\n<p><img decoding=\"async\" class=\"alignleft size-thumbnail wp-image-4249\" src=\"https:\/\/polysmarts.com\/wp-content\/uploads\/2025\/03\/Main-05-600x600.jpg\" alt=\"Tipo de sach\u00eas de caf\u00e9\" width=\"600\" height=\"600\" srcset=\"\/\/polysmarts.com\/wp-content\/uploads\/2025\/03\/Main-05-600x600.jpg 600w, \/\/polysmarts.com\/wp-content\/uploads\/2025\/03\/Main-05-768x768.jpg 768w, \/\/polysmarts.com\/wp-content\/uploads\/2025\/03\/Main-05-12x12.jpg 12w, \/\/polysmarts.com\/wp-content\/uploads\/2025\/03\/Main-05-300x300.jpg 300w, \/\/polysmarts.com\/wp-content\/uploads\/2025\/03\/Main-05-100x100.jpg 100w, \/\/polysmarts.com\/wp-content\/uploads\/2025\/03\/Main-05.jpg 800w\" sizes=\"(max-width: 600px) 100vw, 600px\" \/><img decoding=\"async\" class=\"alignleft size-thumbnail wp-image-4250\" src=\"https:\/\/polysmarts.com\/wp-content\/uploads\/2025\/03\/Main-06-600x600.jpg\" alt=\"Tipo de sach\u00eas de caf\u00e9\" width=\"600\" height=\"600\" srcset=\"\/\/polysmarts.com\/wp-content\/uploads\/2025\/03\/Main-06-600x600.jpg 600w, \/\/polysmarts.com\/wp-content\/uploads\/2025\/03\/Main-06-768x768.jpg 768w, \/\/polysmarts.com\/wp-content\/uploads\/2025\/03\/Main-06-12x12.jpg 12w, \/\/polysmarts.com\/wp-content\/uploads\/2025\/03\/Main-06-300x300.jpg 300w, \/\/polysmarts.com\/wp-content\/uploads\/2025\/03\/Main-06-100x100.jpg 100w, \/\/polysmarts.com\/wp-content\/uploads\/2025\/03\/Main-06.jpg 800w\" sizes=\"(max-width: 600px) 100vw, 600px\" \/><\/p>\n<p>&nbsp;<\/p>\n<p>&nbsp;<\/p>\n<p>&nbsp;<\/p>\n<p>&nbsp;<\/p>\n<p>&nbsp;<\/p>","protected":false},"excerpt":{"rendered":"<table style=\"height: 360px; width: 99.8505%; border-collapse: collapse;\" border=\"2\">\n<tbody>\n<tr style=\"height: 40px;\">\n<td style=\"width: 22.6796%; height: 30px; background-color: #99ccff;\"><span style=\"font-family: arial, helvetica, sans-serif; font-size: 12pt;\"><strong>Dimens\u00e3o e estilo<\/strong><\/span><\/td>\n<td style=\"width: 77.3204%; height: 30px; background-color: #99ccff;\"><span style=\"font-family: arial, helvetica, sans-serif; font-size: 12pt;\">Formas e tamanhos personalizados<\/span><\/td>\n<\/tr>\n<tr style=\"height: 40px;\">\n<td style=\"width: 22.6796%; height: 34px; background-color: #ebebeb;\"><span style=\"font-size: 12pt;\"><strong><span style=\"font-family: arial, helvetica, sans-serif;\">Quantidade m\u00ednima de pedido<\/span><\/strong><\/span><\/td>\n<td style=\"width: 77.3204%; height: 34px; background-color: #ebebeb;\"><span style=\"font-family: arial, helvetica, sans-serif; font-size: 12pt;\">100 pe\u00e7as sem personaliza\u00e7\u00e3o, 10.000 pe\u00e7as para personaliza\u00e7\u00e3o<\/span><\/td>\n<\/tr>\n<tr style=\"height: 40px; background-color: #99ccff;\">\n<td style=\"width: 22.6796%; height: 24px;\"><span style=\"font-size: 12pt;\"><strong><span style=\"font-family: arial, helvetica, sans-serif;\">Tipo de embalagem<\/span><\/strong><\/span><\/td>\n<td style=\"width: 77.3204%; height: 24px;\"><span style=\"font-family: arial, helvetica, sans-serif; font-size: 12pt;\">Sacos de caf\u00e9 com v\u00e1lvula\/saco de veda\u00e7\u00e3o qu\u00e1drupla<\/span><\/td>\n<\/tr>\n<tr style=\"height: 40px; background-color: #ebebeb;\">\n<td style=\"width: 22.6796%; height: 24px;\"><span style=\"font-size: 12pt;\"><strong><span style=\"font-family: arial, helvetica, sans-serif;\">Impress\u00e3o<\/span><\/strong><\/span><\/td>\n<td style=\"width: 77.3204%; height: 24px;\"><span style=\"font-family: arial, helvetica, sans-serif; font-size: 12pt;\">CMYK (1 \u2013 10 cores), Sem impress\u00e3o (simples), Impress\u00e3o digital<\/span><\/td>\n<\/tr>\n<tr style=\"height: 40px; background-color: #99ccff;\">\n<td style=\"width: 22.6796%; height: 24px;\"><span style=\"font-size: 12pt;\"><strong><span style=\"font-family: arial, helvetica, sans-serif;\">Acabamento<\/span><\/strong><\/span><\/td>\n<td style=\"width: 77.3204%; height: 24px;\"><span style=\"font-family: arial, helvetica, sans-serif; font-size: 12pt;\">Lamina\u00e7\u00e3o brilhante\/fosca, impress\u00e3o offset<\/span><\/td>\n<\/tr>\n<tr style=\"height: 40px; background-color: #ebebeb;\">\n<td style=\"width: 22.6796%; height: 24px;\"><span style=\"font-size: 12pt;\"><strong><span style=\"font-family: arial, helvetica, sans-serif;\">Op\u00e7\u00f5es inclu\u00eddas<\/span><\/strong><\/span><\/td>\n<td style=\"width: 77.3204%; height: 24px;\"><span style=\"font-family: arial, helvetica, sans-serif; font-size: 12pt;\">Corte e vinco, selagem t\u00e9rmica<\/span><\/td>\n<\/tr>\n<tr style=\"height: 40px; background-color: #99ccff;\">\n<td style=\"width: 22.6796%; height: 24px;\"><span style=\"font-size: 12pt;\"><strong><span style=\"font-family: arial, helvetica, sans-serif;\">Prova<\/span><\/strong><\/span><\/td>\n<td style=\"width: 77.3204%; height: 24px;\"><span style=\"font-family: arial, helvetica, sans-serif; font-size: 12pt;\">\u00c0 prova de cheiros e umidade<\/span><\/td>\n<\/tr>\n<tr style=\"height: 40px; background-color: #ebebeb;\">\n<td style=\"width: 22.6796%; height: 24px;\"><span style=\"font-size: 12pt;\"><strong><span style=\"font-family: arial, helvetica, sans-serif;\">Tempo de resposta<\/span><\/strong><\/span><\/td>\n<td style=\"width: 77.3204%; height: 24px;\"><span style=\"font-family: arial, helvetica, sans-serif; font-size: 12pt;\">7 a 15 dias \u00fateis, RUSH<\/span><\/td>\n<\/tr>\n<tr style=\"height: 40px; background-color: #99ccff;\">\n<td style=\"width: 22.6796%; height: 24px;\"><span style=\"font-size: 12pt;\"><strong><span style=\"font-family: arial, helvetica, sans-serif;\">Envio<\/span><\/strong><\/span><\/td>\n<td style=\"width: 77.3204%; height: 24px;\"><span style=\"font-family: arial, helvetica, sans-serif; font-size: 12pt;\">A\u00e9reo, Mar\u00edtimo, Expresso<\/span><\/td>\n<\/tr>\n<\/tbody>\n<\/table>\n<p>&nbsp;<\/p>","protected":false},"featured_media":4242,"comment_status":"open","ping_status":"closed","template":"","meta":[],"product_brand":[],"product_cat":[26,27,18],"product_tag":[],"class_list":{"0":"post-4253","1":"product","2":"type-product","3":"status-publish","4":"has-post-thumbnail","6":"product_cat-food-packaging","7":"product_cat-coffee-and-tea-packaging","8":"product_cat-zipper-bags","10":"first","11":"instock","12":"shipping-taxable","13":"product-type-simple"},"_links":{"self":[{"href":"https:\/\/polysmarts.com\/pt\/wp-json\/wp\/v2\/product\/4253","targetHints":{"allow":["GET"]}}],"collection":[{"href":"https:\/\/polysmarts.com\/pt\/wp-json\/wp\/v2\/product"}],"about":[{"href":"https:\/\/polysmarts.com\/pt\/wp-json\/wp\/v2\/types\/product"}],"replies":[{"embeddable":true,"href":"https:\/\/polysmarts.com\/pt\/wp-json\/wp\/v2\/comments?post=4253"}],"version-history":[{"count":7,"href":"https:\/\/polysmarts.com\/pt\/wp-json\/wp\/v2\/product\/4253\/revisions"}],"predecessor-version":[{"id":4270,"href":"https:\/\/polysmarts.com\/pt\/wp-json\/wp\/v2\/product\/4253\/revisions\/4270"}],"wp:featuredmedia":[{"embeddable":true,"href":"https:\/\/polysmarts.com\/pt\/wp-json\/wp\/v2\/media\/4242"}],"wp:attachment":[{"href":"https:\/\/polysmarts.com\/pt\/wp-json\/wp\/v2\/media?parent=4253"}],"wp:term":[{"taxonomy":"product_brand","embeddable":true,"href":"https:\/\/polysmarts.com\/pt\/wp-json\/wp\/v2\/product_brand?post=4253"},{"taxonomy":"product_cat","embeddable":true,"href":"https:\/\/polysmarts.com\/pt\/wp-json\/wp\/v2\/product_cat?post=4253"},{"taxonomy":"product_tag","embeddable":true,"href":"https:\/\/polysmarts.com\/pt\/wp-json\/wp\/v2\/product_tag?post=4253"}],"curies":[{"name":"wp","href":"https:\/\/api.w.org\/{rel}","templated":true}]}}