{"id":409,"date":"2023-10-31T10:13:33","date_gmt":"2023-10-31T10:13:33","guid":{"rendered":"https:\/\/polysmarts.com\/?post_type=product&#038;p=409"},"modified":"2023-10-31T10:13:34","modified_gmt":"2023-10-31T10:13:34","slug":"cafe-stand-up-sacos-de-embalagem-mylar-com-ziper","status":"publish","type":"product","link":"https:\/\/polysmarts.com\/pt\/product\/coffee-stand-up-zipper-mylar-packaging-bags\/","title":{"rendered":"Sacos de embalagem Mylar com z\u00edper de p\u00e9 para caf\u00e9"},"content":{"rendered":"<ul class=\"a-unordered-list a-vertical a-spacing-mini\">\n<li class=\"a-spacing-mini\"><span class=\"a-list-item\">VOLUME: A lata cont\u00e9m 250g de frutas secas e at\u00e9 350 gramas de subst\u00e2ncias em p\u00f3. Com base no tamanho da bolsa do produto, a capacidade pode variar. Tem 13 cm de largura e 18 cm de comprimento. Tem 115 m\u00edcrons de espessura<\/span><\/li>\n<li class=\"a-spacing-mini\"><span class=\"a-list-item\">EMBALAGEM E ARMAZENAMENTO NA COZINHA (S\u00d3LIDO e L\u00cdQUIDO) - A bolsa Ziplock \u00e9 usada para embalar especiarias, picles, leguminosas, massa dosa, vegetais frescos, cereais, nozes, masala em p\u00f3, frutas secas, chocolates, doces, ch\u00e1, caf\u00e9, cascas, ervas , joias, prote\u00ednas em p\u00f3 e armazenamento na geladeira. Tamb\u00e9m pode armazenar itens de molho e l\u00edquidos.<\/span><\/li>\n<li class=\"a-spacing-mini\"><span class=\"a-list-item\">QUALIDADE PREMIUM \u2013 Estas bolsas com z\u00edper Stand-up Premium s\u00e3o feitas de material de alta qualidade, o que aumenta sua resist\u00eancia e transpar\u00eancia. Ambos os lados desta bolsa s\u00e3o transparentes, que vem com z\u00edper para que possa ser reaproveitada<\/span><\/li>\n<li class=\"a-spacing-mini\"><span class=\"a-list-item\">BOLSA AIR TIGHT DE LONGA DURA\u00c7\u00c3O - Fabricada em material de alta qualidade e por isso possui alta resist\u00eancia. Isso garante uma embalagem segura e mant\u00e9m o item em sua condi\u00e7\u00e3o original por muito tempo, o que os torna amplamente procurados nas ind\u00fastrias aliment\u00edcia e qu\u00edmica.<\/span><\/li>\n<li class=\"a-spacing-mini\"><span class=\"a-list-item\">COR \u2013 Frente e verso transparentes, cor transparente para que voc\u00ea possa ver o que est\u00e1 embalado dentro do pacote. Voc\u00ea pode facilmente colar sua etiqueta personalizada no topo da embalagem se quiser vender seus produtos de marca<\/span><\/li>\n<\/ul>\n<p><img fetchpriority=\"high\" decoding=\"async\" class=\"alignnone wp-image-415 size-full\" src=\"https:\/\/polysmarts.com\/wp-content\/uploads\/2023\/10\/Detail-05.jpg\" alt=\"\" width=\"750\" height=\"211\" srcset=\"\/\/polysmarts.com\/wp-content\/uploads\/2023\/10\/Detail-05.jpg 750w, \/\/polysmarts.com\/wp-content\/uploads\/2023\/10\/Detail-05-600x169.jpg 600w, \/\/polysmarts.com\/wp-content\/uploads\/2023\/10\/Detail-05-300x84.jpg 300w\" sizes=\"(max-width: 750px) 100vw, 750px\" \/><\/p>\n<p><img decoding=\"async\" class=\"alignnone wp-image-416 size-full\" src=\"https:\/\/polysmarts.com\/wp-content\/uploads\/2023\/10\/Detail-06.jpg\" alt=\"\" width=\"750\" height=\"224\" srcset=\"\/\/polysmarts.com\/wp-content\/uploads\/2023\/10\/Detail-06.jpg 750w, \/\/polysmarts.com\/wp-content\/uploads\/2023\/10\/Detail-06-600x179.jpg 600w, \/\/polysmarts.com\/wp-content\/uploads\/2023\/10\/Detail-06-300x90.jpg 300w\" sizes=\"(max-width: 750px) 100vw, 750px\" \/><\/p>\n<p><img decoding=\"async\" class=\"alignnone wp-image-417 size-full\" src=\"https:\/\/polysmarts.com\/wp-content\/uploads\/2023\/10\/Detail-07.jpg\" alt=\"\" width=\"750\" height=\"219\" srcset=\"\/\/polysmarts.com\/wp-content\/uploads\/2023\/10\/Detail-07.jpg 750w, \/\/polysmarts.com\/wp-content\/uploads\/2023\/10\/Detail-07-600x175.jpg 600w, \/\/polysmarts.com\/wp-content\/uploads\/2023\/10\/Detail-07-300x88.jpg 300w\" sizes=\"(max-width: 750px) 100vw, 750px\" \/><\/p>\n<p><img loading=\"lazy\" decoding=\"async\" class=\"alignnone wp-image-418 size-full\" src=\"https:\/\/polysmarts.com\/wp-content\/uploads\/2023\/10\/Detail-08.jpg\" alt=\"\" width=\"750\" height=\"225\" srcset=\"\/\/polysmarts.com\/wp-content\/uploads\/2023\/10\/Detail-08.jpg 750w, \/\/polysmarts.com\/wp-content\/uploads\/2023\/10\/Detail-08-600x180.jpg 600w, \/\/polysmarts.com\/wp-content\/uploads\/2023\/10\/Detail-08-300x90.jpg 300w\" sizes=\"(max-width: 750px) 100vw, 750px\" \/><\/p>\n<p><img loading=\"lazy\" decoding=\"async\" class=\"alignnone wp-image-419 size-full\" src=\"https:\/\/polysmarts.com\/wp-content\/uploads\/2023\/10\/Detail-09.jpg\" alt=\"\" width=\"750\" height=\"320\" srcset=\"\/\/polysmarts.com\/wp-content\/uploads\/2023\/10\/Detail-09.jpg 750w, \/\/polysmarts.com\/wp-content\/uploads\/2023\/10\/Detail-09-600x256.jpg 600w, \/\/polysmarts.com\/wp-content\/uploads\/2023\/10\/Detail-09-300x128.jpg 300w\" sizes=\"(max-width: 750px) 100vw, 750px\" \/><\/p>\n<p style=\"text-align: left;\"><span style=\"font-family: arial, helvetica, sans-serif; font-size: 18pt;\">Uso do produto<\/span><br \/>\nPara Doces Para Ch\u00e1 de Flores<br \/>\nPor comida \/<br \/>\nPara produtos eletr\u00f4nicos<br \/>\nPara nozes<br \/>\nPara arroz<\/p>\n<p><img loading=\"lazy\" decoding=\"async\" class=\"alignnone size-full wp-image-423\" src=\"https:\/\/polysmarts.com\/wp-content\/uploads\/2023\/10\/Detail-13.jpg\" alt=\"Sacos com z\u00edper em p\u00e9\" width=\"750\" height=\"858\" srcset=\"\/\/polysmarts.com\/wp-content\/uploads\/2023\/10\/Detail-13.jpg 750w, \/\/polysmarts.com\/wp-content\/uploads\/2023\/10\/Detail-13-600x686.jpg 600w, \/\/polysmarts.com\/wp-content\/uploads\/2023\/10\/Detail-13-262x300.jpg 262w\" sizes=\"(max-width: 750px) 100vw, 750px\" \/><\/p>","protected":false},"excerpt":{"rendered":"<table style=\"height: 360px; width: 99.8505%; border-collapse: collapse;\" border=\"2\">\n<tbody>\n<tr style=\"height: 40px;\">\n<td style=\"width: 22.6796%; height: 30px; background-color: #99ccff;\"><span style=\"font-family: arial, helvetica, sans-serif; font-size: 12pt;\"><strong>Dimens\u00e3o e estilo<\/strong><\/span><\/td>\n<td style=\"width: 77.3204%; height: 30px; background-color: #99ccff;\"><span style=\"font-family: arial, helvetica, sans-serif; font-size: 12pt;\">Formas e tamanhos personalizados<\/span><\/td>\n<\/tr>\n<tr style=\"height: 40px;\">\n<td style=\"width: 22.6796%; height: 34px; background-color: #ebebeb;\"><span style=\"font-size: 12pt;\"><strong><span style=\"font-family: arial, helvetica, sans-serif;\">Quantidade m\u00ednima de pedido<\/span><\/strong><\/span><\/td>\n<td style=\"width: 77.3204%; height: 34px; background-color: #ebebeb;\"><span style=\"font-family: arial, helvetica, sans-serif; font-size: 12pt;\">1000pcs sem personaliza\u00e7\u00e3o, 10000pcs para personaliza\u00e7\u00e3o<\/span><\/td>\n<\/tr>\n<tr style=\"height: 40px; background-color: #99ccff;\">\n<td style=\"width: 22.6796%; height: 24px;\"><span style=\"font-size: 12pt;\"><strong><span style=\"font-family: arial, helvetica, sans-serif;\">Tipo de embalagem<\/span><\/strong><\/span><\/td>\n<td style=\"width: 77.3204%; height: 24px;\"><span style=\"font-family: arial, helvetica, sans-serif; font-size: 12pt;\">Sacos de papel Kraft de p\u00e9<\/span><\/td>\n<\/tr>\n<tr style=\"height: 40px; background-color: #ebebeb;\">\n<td style=\"width: 22.6796%; height: 24px;\"><span style=\"font-size: 12pt;\"><strong><span style=\"font-family: arial, helvetica, sans-serif;\">Impress\u00e3o<\/span><\/strong><\/span><\/td>\n<td style=\"width: 77.3204%; height: 24px;\"><span style=\"font-family: arial, helvetica, sans-serif; font-size: 12pt;\">CMYK (1 \u2013 4 cores), PMS, CMYK+PMS, sem impress\u00e3o (normal)<\/span><\/td>\n<\/tr>\n<tr style=\"height: 40px; background-color: #99ccff;\">\n<td style=\"width: 22.6796%; height: 24px;\"><span style=\"font-size: 12pt;\"><strong><span style=\"font-family: arial, helvetica, sans-serif;\">Acabamento<\/span><\/strong><\/span><\/td>\n<td style=\"width: 77.3204%; height: 24px;\"><span style=\"font-family: arial, helvetica, sans-serif; font-size: 12pt;\">Lamina\u00e7\u00e3o brilhante\/fosca, revestimento aquoso, verniz localizado, revestimento UV, grava\u00e7\u00e3o em relevo, grava\u00e7\u00e3o em relevo, impress\u00e3o em folha<\/span><\/td>\n<\/tr>\n<tr style=\"height: 40px; background-color: #ebebeb;\">\n<td style=\"width: 22.6796%; height: 24px;\"><span style=\"font-size: 12pt;\"><strong><span style=\"font-family: arial, helvetica, sans-serif;\">Op\u00e7\u00f5es inclu\u00eddas<\/span><\/strong><\/span><\/td>\n<td style=\"width: 77.3204%; height: 24px;\"><span style=\"font-family: arial, helvetica, sans-serif; font-size: 12pt;\">Corte e vinco, perfura\u00e7\u00e3o, ranhura, colagem<\/span><\/td>\n<\/tr>\n<tr style=\"height: 40px; background-color: #99ccff;\">\n<td style=\"width: 22.6796%; height: 24px;\"><span style=\"font-size: 12pt;\"><strong><span style=\"font-family: arial, helvetica, sans-serif;\">Prova<\/span><\/strong><\/span><\/td>\n<td style=\"width: 77.3204%; height: 24px;\"><span style=\"font-family: arial, helvetica, sans-serif; font-size: 12pt;\">Provas Eletr\u00f4nicas (visualiza\u00e7\u00e3o plana\/maquete 3D), Provas Impressas Digitalmente (sem grandes efeitos de acabamento), Amostragem F\u00edsica (sob consulta)<\/span><\/td>\n<\/tr>\n<tr style=\"height: 40px; background-color: #ebebeb;\">\n<td style=\"width: 22.6796%; height: 24px;\"><span style=\"font-size: 12pt;\"><strong><span style=\"font-family: arial, helvetica, sans-serif;\">Tempo de resposta<\/span><\/strong><\/span><\/td>\n<td style=\"width: 77.3204%; height: 24px;\"><span style=\"font-family: arial, helvetica, sans-serif; font-size: 12pt;\">6 a 8 dias \u00fateis, RUSH<\/span><\/td>\n<\/tr>\n<tr style=\"height: 40px; background-color: #99ccff;\">\n<td style=\"width: 22.6796%; height: 24px;\"><span style=\"font-size: 12pt;\"><strong><span style=\"font-family: arial, helvetica, sans-serif;\">Envio<\/span><\/strong><\/span><\/td>\n<td style=\"width: 77.3204%; height: 24px;\"><span style=\"font-family: arial, helvetica, sans-serif; font-size: 12pt;\">A\u00e9reo, Mar\u00edtimo, Expresso<\/span><\/td>\n<\/tr>\n<\/tbody>\n<\/table>\n<p>&nbsp;<\/p>","protected":false},"featured_media":437,"comment_status":"open","ping_status":"closed","template":"","meta":[],"product_brand":[],"product_cat":[18],"product_tag":[],"class_list":{"0":"post-409","1":"product","2":"type-product","3":"status-publish","4":"has-post-thumbnail","6":"product_cat-zipper-bags","8":"first","9":"instock","10":"shipping-taxable","11":"product-type-simple"},"_links":{"self":[{"href":"https:\/\/polysmarts.com\/pt\/wp-json\/wp\/v2\/product\/409","targetHints":{"allow":["GET"]}}],"collection":[{"href":"https:\/\/polysmarts.com\/pt\/wp-json\/wp\/v2\/product"}],"about":[{"href":"https:\/\/polysmarts.com\/pt\/wp-json\/wp\/v2\/types\/product"}],"replies":[{"embeddable":true,"href":"https:\/\/polysmarts.com\/pt\/wp-json\/wp\/v2\/comments?post=409"}],"version-history":[{"count":2,"href":"https:\/\/polysmarts.com\/pt\/wp-json\/wp\/v2\/product\/409\/revisions"}],"predecessor-version":[{"id":440,"href":"https:\/\/polysmarts.com\/pt\/wp-json\/wp\/v2\/product\/409\/revisions\/440"}],"wp:featuredmedia":[{"embeddable":true,"href":"https:\/\/polysmarts.com\/pt\/wp-json\/wp\/v2\/media\/437"}],"wp:attachment":[{"href":"https:\/\/polysmarts.com\/pt\/wp-json\/wp\/v2\/media?parent=409"}],"wp:term":[{"taxonomy":"product_brand","embeddable":true,"href":"https:\/\/polysmarts.com\/pt\/wp-json\/wp\/v2\/product_brand?post=409"},{"taxonomy":"product_cat","embeddable":true,"href":"https:\/\/polysmarts.com\/pt\/wp-json\/wp\/v2\/product_cat?post=409"},{"taxonomy":"product_tag","embeddable":true,"href":"https:\/\/polysmarts.com\/pt\/wp-json\/wp\/v2\/product_tag?post=409"}],"curies":[{"name":"wp","href":"https:\/\/api.w.org\/{rel}","templated":true}]}}