{"id":3656,"date":"2024-07-30T15:27:18","date_gmt":"2024-07-30T07:27:18","guid":{"rendered":"https:\/\/polysmarts.com\/?post_type=product&#038;p=3656"},"modified":"2024-10-04T02:39:47","modified_gmt":"2024-10-03T18:39:47","slug":"sacos-de-graos-de-cafe-com-fundo-plano-e-valvula-3","status":"publish","type":"product","link":"https:\/\/polysmarts.com\/pt\/product\/double-ziplock-coffee-food-packaging-bags\/","title":{"rendered":"Sacos duplos Ziplock para embalagens de alimentos para caf\u00e9"},"content":{"rendered":"<p><strong>Sacos Ziplock duplos para embalagem de alimentos para caf\u00e9 com recursos:<\/strong><\/p>\n<p><strong>Caf\u00e9 Frescor:<\/strong> Mantenha os seus gr\u00e3os de caf\u00e9 secos e saborosos por per\u00edodos mais longos com os nossos sacos de caf\u00e9 especialmente concebidos. Apresentando uma v\u00e1lvula unidirecional, esses sacos de gr\u00e3os de caf\u00e9 liberam o excesso de g\u00e1s enquanto mant\u00eam a umidade do lado de fora, garantindo que seu caf\u00e9 permane\u00e7a fresco e arom\u00e1tico.<\/p>\n<p><strong>Solu\u00e7\u00e3o ecol\u00f3gica:<\/strong> Junte-se ao movimento de sustentabilidade com os nossos sacos de gr\u00e3os de caf\u00e9 reutiliz\u00e1veis, oferecendo uma alternativa ecol\u00f3gica \u00e0s embalagens pl\u00e1sticas descart\u00e1veis. Perfeitos para os amantes do caf\u00e9 com consci\u00eancia ambiental, estes sacos ajudam a reduzir o desperd\u00edcio enquanto preservam as suas cervejas favoritas.<\/p>\n<p><strong>Seguro e dur\u00e1vel:<\/strong> Fabricadas com materiais de qualidade, incluindo BOPP fosco, folha de alum\u00ednio PET e PE de qualidade alimentar, nossas bolsas com z\u00edper oferecem durabilidade e prote\u00e7\u00e3o excepcionais. Eles s\u00e3o sel\u00e1veis a quente e protegem efetivamente o caf\u00e9 da luz, do ar e da umidade, mantendo sua qualidade ao longo do tempo.<\/p>\n<p><strong>Veda\u00e7\u00e3o herm\u00e9tica:<\/strong> Experimente o m\u00e1ximo frescor com o design de z\u00edper lateral e o recurso de veda\u00e7\u00e3o t\u00e9rmica de nossas bolsas, garantindo uma veda\u00e7\u00e3o herm\u00e9tica que preserva o sabor e o aroma de seus gr\u00e3os de caf\u00e9. Este selo tamb\u00e9m evita a transfer\u00eancia de odores e sabores, garantindo uma experi\u00eancia de caf\u00e9 puro em cada preparo.<\/p>\n<p><strong>Saco de caf\u00e9 vers\u00e1til:<\/strong> Al\u00e9m do armazenamento de gr\u00e3os de caf\u00e9, nossos sacos s\u00e3o vers\u00e1teis o suficiente para armazenar outros itens pequenos, como ervas, temperos e salgadinhos. Seja para cafeterias, torrefadoras ou uso dom\u00e9stico, essas sacolas oferecem praticidade e comodidade para diversas necessidades de armazenamento.<\/p>\n<p>Eleve a sua experi\u00eancia de armazenamento de caf\u00e9 com nossos sacos de gr\u00e3os de caf\u00e9 de fundo plano com v\u00e1lvula. Da preserva\u00e7\u00e3o do frescor \u00e0 consci\u00eancia ecol\u00f3gica e versatilidade, essas sacolas oferecem tudo que voc\u00ea precisa para uma deliciosa experi\u00eancia de caf\u00e9.<\/p>","protected":false},"excerpt":{"rendered":"<table style=\"height: 360px; width: 99.8505%; border-collapse: collapse;\" border=\"2\">\n<tbody>\n<tr style=\"height: 40px;\">\n<td style=\"width: 22.6796%; height: 30px; background-color: #99ccff;\"><span style=\"font-family: arial, helvetica, sans-serif; font-size: 12pt;\"><strong>Dimens\u00e3o e estilo<\/strong><\/span><\/td>\n<td style=\"width: 77.3204%; height: 30px; background-color: #99ccff;\"><span style=\"font-family: arial, helvetica, sans-serif; font-size: 12pt;\">Formas e tamanhos personalizados<\/span><\/td>\n<\/tr>\n<tr style=\"height: 40px;\">\n<td style=\"width: 22.6796%; height: 34px; background-color: #ebebeb;\"><span style=\"font-size: 12pt;\"><strong><span style=\"font-family: arial, helvetica, sans-serif;\">Quantidade m\u00ednima de pedido<\/span><\/strong><\/span><\/td>\n<td style=\"width: 77.3204%; height: 34px; background-color: #ebebeb;\"><span style=\"font-family: arial, helvetica, sans-serif; font-size: 12pt;\">1000pcs sem personaliza\u00e7\u00e3o, 10000pcs para personaliza\u00e7\u00e3o<\/span><\/td>\n<\/tr>\n<tr style=\"height: 40px; background-color: #99ccff;\">\n<td style=\"width: 22.6796%; height: 24px;\"><span style=\"font-size: 12pt;\"><strong><span style=\"font-family: arial, helvetica, sans-serif;\">Tipo de embalagem<\/span><\/strong><\/span><\/td>\n<td style=\"width: 77.3204%; height: 24px;\"><span style=\"font-family: arial, helvetica, sans-serif; font-size: 12pt;\">Sacos de gr\u00e3os de caf\u00e9<\/span><\/td>\n<\/tr>\n<tr style=\"height: 40px; background-color: #ebebeb;\">\n<td style=\"width: 22.6796%; height: 24px;\"><span style=\"font-size: 12pt;\"><strong><span style=\"font-family: arial, helvetica, sans-serif;\">Impress\u00e3o<\/span><\/strong><\/span><\/td>\n<td style=\"width: 77.3204%; height: 24px;\"><span style=\"font-family: arial, helvetica, sans-serif; font-size: 12pt;\">CMYK (1 \u2013 10 cores), sem impress\u00e3o (normal)<\/span><\/td>\n<\/tr>\n<tr style=\"height: 40px; background-color: #99ccff;\">\n<td style=\"width: 22.6796%; height: 24px;\"><span style=\"font-size: 12pt;\"><strong><span style=\"font-family: arial, helvetica, sans-serif;\">Acabamento<\/span><\/strong><\/span><\/td>\n<td style=\"width: 77.3204%; height: 24px;\"><span style=\"font-family: arial, helvetica, sans-serif; font-size: 12pt;\">Lamina\u00e7\u00e3o brilhante\/fosca, impress\u00e3o offset<\/span><\/td>\n<\/tr>\n<tr style=\"height: 40px; background-color: #ebebeb;\">\n<td style=\"width: 22.6796%; height: 24px;\"><span style=\"font-size: 12pt;\"><strong><span style=\"font-family: arial, helvetica, sans-serif;\">Op\u00e7\u00f5es inclu\u00eddas<\/span><\/strong><\/span><\/td>\n<td style=\"width: 77.3204%; height: 24px;\"><span style=\"font-family: arial, helvetica, sans-serif; font-size: 12pt;\">Corte e vinco, selagem t\u00e9rmica<\/span><\/td>\n<\/tr>\n<tr style=\"height: 40px; background-color: #99ccff;\">\n<td style=\"width: 22.6796%; height: 24px;\"><span style=\"font-size: 12pt;\"><strong><span style=\"font-family: arial, helvetica, sans-serif;\">Prova<\/span><\/strong><\/span><\/td>\n<td style=\"width: 77.3204%; height: 24px;\"><span style=\"font-family: arial, helvetica, sans-serif; font-size: 12pt;\">Provas de cheiro\u00a0<\/span><\/td>\n<\/tr>\n<tr style=\"height: 40px; background-color: #ebebeb;\">\n<td style=\"width: 22.6796%; height: 24px;\"><span style=\"font-size: 12pt;\"><strong><span style=\"font-family: arial, helvetica, sans-serif;\">Tempo de resposta<\/span><\/strong><\/span><\/td>\n<td style=\"width: 77.3204%; height: 24px;\"><span style=\"font-family: arial, helvetica, sans-serif; font-size: 12pt;\">7 a 15 dias \u00fateis, RUSH<\/span><\/td>\n<\/tr>\n<tr style=\"height: 40px; background-color: #99ccff;\">\n<td style=\"width: 22.6796%; height: 24px;\"><span style=\"font-size: 12pt;\"><strong><span style=\"font-family: arial, helvetica, sans-serif;\">Envio<\/span><\/strong><\/span><\/td>\n<td style=\"width: 77.3204%; height: 24px;\"><span style=\"font-family: arial, helvetica, sans-serif; font-size: 12pt;\">A\u00e9reo, Mar\u00edtimo, Expresso<\/span><\/td>\n<\/tr>\n<\/tbody>\n<\/table>\n<p>&nbsp;<\/p>","protected":false},"featured_media":3661,"comment_status":"open","ping_status":"closed","template":"","meta":[],"product_brand":[],"product_cat":[26,27,18],"product_tag":[],"class_list":{"0":"post-3656","1":"product","2":"type-product","3":"status-publish","4":"has-post-thumbnail","6":"product_cat-food-packaging","7":"product_cat-coffee-and-tea-packaging","8":"product_cat-zipper-bags","10":"first","11":"instock","12":"shipping-taxable","13":"product-type-simple"},"_links":{"self":[{"href":"https:\/\/polysmarts.com\/pt\/wp-json\/wp\/v2\/product\/3656","targetHints":{"allow":["GET"]}}],"collection":[{"href":"https:\/\/polysmarts.com\/pt\/wp-json\/wp\/v2\/product"}],"about":[{"href":"https:\/\/polysmarts.com\/pt\/wp-json\/wp\/v2\/types\/product"}],"replies":[{"embeddable":true,"href":"https:\/\/polysmarts.com\/pt\/wp-json\/wp\/v2\/comments?post=3656"}],"version-history":[{"count":1,"href":"https:\/\/polysmarts.com\/pt\/wp-json\/wp\/v2\/product\/3656\/revisions"}],"predecessor-version":[{"id":3662,"href":"https:\/\/polysmarts.com\/pt\/wp-json\/wp\/v2\/product\/3656\/revisions\/3662"}],"wp:featuredmedia":[{"embeddable":true,"href":"https:\/\/polysmarts.com\/pt\/wp-json\/wp\/v2\/media\/3661"}],"wp:attachment":[{"href":"https:\/\/polysmarts.com\/pt\/wp-json\/wp\/v2\/media?parent=3656"}],"wp:term":[{"taxonomy":"product_brand","embeddable":true,"href":"https:\/\/polysmarts.com\/pt\/wp-json\/wp\/v2\/product_brand?post=3656"},{"taxonomy":"product_cat","embeddable":true,"href":"https:\/\/polysmarts.com\/pt\/wp-json\/wp\/v2\/product_cat?post=3656"},{"taxonomy":"product_tag","embeddable":true,"href":"https:\/\/polysmarts.com\/pt\/wp-json\/wp\/v2\/product_tag?post=3656"}],"curies":[{"name":"wp","href":"https:\/\/api.w.org\/{rel}","templated":true}]}}