{"id":3640,"date":"2024-07-30T14:56:52","date_gmt":"2024-07-30T06:56:52","guid":{"rendered":"https:\/\/polysmarts.com\/?post_type=product&#038;p=3640"},"modified":"2024-10-04T02:39:48","modified_gmt":"2024-10-03T18:39:48","slug":"bolsas-stand-up-mylar-metalicas-douradas","status":"publish","type":"product","link":"https:\/\/polysmarts.com\/pt\/product\/gold-metallic-mylar-stand-up-pouches\/","title":{"rendered":"Bolsas de p\u00e9 Mylar met\u00e1licas douradas"},"content":{"rendered":"<p>Descubra a solu\u00e7\u00e3o perfeita para seus Stand Up Pouches Mylar Met\u00e1licos Dourados e sacos zip lock de alta qualidade. Projetados para diversas finalidades, esses sacos oferecem prote\u00e7\u00e3o \u00e0 prova de cheiros quando fechados com seguran\u00e7a, tornando-os ideais para uma ampla gama de aplica\u00e7\u00f5es.<\/p>\n<p>Ampla gama de aplica\u00e7\u00f5es: Nossos sacos zip lock n\u00e3o s\u00e3o apenas para embalagens de ch\u00e1 - eles s\u00e3o perfeitos para doces, joias, biscoitos, recipientes \u00e0 prova de cheiro, armazenamento de sandu\u00edches, itens de dispens\u00e1rio, lanches, produtos frescos, armazenamento de amostras e muito mais. Com seu design vers\u00e1til, essas bolsas oferecem prote\u00e7\u00e3o confi\u00e1vel para todos os seus produtos.<\/p>\n<p>Sacos \u00e0 prova de cheiro de qualidade premium: Fabricados em folha de alum\u00ednio de alta qualidade, nossos sacos garantem resist\u00eancia e resist\u00eancia excepcionais, mantendo sua forma mesmo ap\u00f3s uso repetido. Eles apresentam excelente resist\u00eancia ao rasgo, resist\u00eancia \u00e0 perfura\u00e7\u00e3o, resist\u00eancia \u00e0 \u00e1gua e estabilidade geral, garantindo armazenamento a longo prazo para o seu ch\u00e1 e outros produtos.<\/p>\n<p>F\u00e1cil de usar e recicl\u00e1vel: Nossos sacos \u00e0 prova de odores n\u00e3o s\u00e3o apenas f\u00e1ceis de usar, mas tamb\u00e9m recicl\u00e1veis, permitindo o uso repetido e minimizando o impacto ambiental. A veda\u00e7\u00e3o herm\u00e9tica garante durabilidade e evita vazamentos, enquanto a janela vis\u00edvel fosca no meio permite identificar o conte\u00fado sem comprometer a veda\u00e7\u00e3o. Basta abrir e selar a parte do z\u00edper com facilidade, garantindo frescor e evitando vazamentos.<\/p>\n<p>Sacos Zip Lock ressel\u00e1veis: Equipados com uma tira de veda\u00e7\u00e3o, nossos sacos ressel\u00e1veis facilitam a abertura e o fechamento, proporcionando maior comodidade para o uso di\u00e1rio. Perfeitos para proteger itens usados com frequ\u00eancia contra insetos, odores, umidade e muito mais, esses sacos s\u00e3o ideais para armazenar especiarias, nozes, biscoitos, cereais, gr\u00e3os de caf\u00e9, guloseimas para animais de estima\u00e7\u00e3o e muito mais.<\/p>\n<p>Em resumo, nossa embalagem de ch\u00e1 personalizada e ecol\u00f3gica oferece a combina\u00e7\u00e3o perfeita de versatilidade, durabilidade e sustentabilidade. Eleve sua marca e forne\u00e7a prote\u00e7\u00e3o confi\u00e1vel para seu ch\u00e1 e outros produtos com esses sacos zip lock de alta qualidade, garantindo frescor e conveni\u00eancia em cada uso.<\/p>","protected":false},"excerpt":{"rendered":"<table style=\"height: 360px; width: 99.8505%; border-collapse: collapse;\" border=\"2\">\n<tbody>\n<tr style=\"height: 40px;\">\n<td style=\"width: 22.6796%; height: 30px; background-color: #99ccff;\"><span style=\"font-family: arial, helvetica, sans-serif; font-size: 12pt;\"><strong>Dimens\u00e3o e estilo<\/strong><\/span><\/td>\n<td style=\"width: 77.3204%; height: 30px; background-color: #99ccff;\"><span style=\"font-family: arial, helvetica, sans-serif; font-size: 12pt;\">Formas e tamanhos personalizados<\/span><\/td>\n<\/tr>\n<tr style=\"height: 40px;\">\n<td style=\"width: 22.6796%; height: 34px; background-color: #ebebeb;\"><span style=\"font-size: 12pt;\"><strong><span style=\"font-family: arial, helvetica, sans-serif;\">Quantidade m\u00ednima de pedido<\/span><\/strong><\/span><\/td>\n<td style=\"width: 77.3204%; height: 34px; background-color: #ebebeb;\"><span style=\"font-family: arial, helvetica, sans-serif; font-size: 12pt;\">1000pcs sem personaliza\u00e7\u00e3o, 10000pcs para personaliza\u00e7\u00e3o<\/span><\/td>\n<\/tr>\n<tr style=\"height: 40px; background-color: #99ccff;\">\n<td style=\"width: 22.6796%; height: 24px;\"><span style=\"font-size: 12pt;\"><strong><span style=\"font-family: arial, helvetica, sans-serif;\">Tipo de embalagem<\/span><\/strong><\/span><\/td>\n<td style=\"width: 77.3204%; height: 24px;\"><span style=\"font-family: arial, helvetica, sans-serif; font-size: 12pt;\">Bolsa de p\u00e9<\/span><\/td>\n<\/tr>\n<tr style=\"height: 40px; background-color: #ebebeb;\">\n<td style=\"width: 22.6796%; height: 24px;\"><span style=\"font-size: 12pt;\"><strong><span style=\"font-family: arial, helvetica, sans-serif;\">Impress\u00e3o<\/span><\/strong><\/span><\/td>\n<td style=\"width: 77.3204%; height: 24px;\"><span style=\"font-family: arial, helvetica, sans-serif; font-size: 12pt;\">CMYK (1 \u2013 10 cores), sem impress\u00e3o (normal)<\/span><\/td>\n<\/tr>\n<tr style=\"height: 40px; background-color: #99ccff;\">\n<td style=\"width: 22.6796%; height: 24px;\"><span style=\"font-size: 12pt;\"><strong><span style=\"font-family: arial, helvetica, sans-serif;\">Acabamento<\/span><\/strong><\/span><\/td>\n<td style=\"width: 77.3204%; height: 24px;\"><span style=\"font-family: arial, helvetica, sans-serif; font-size: 12pt;\">Lamina\u00e7\u00e3o brilhante\/fosca, impress\u00e3o offset<\/span><\/td>\n<\/tr>\n<tr style=\"height: 40px; background-color: #ebebeb;\">\n<td style=\"width: 22.6796%; height: 24px;\"><span style=\"font-size: 12pt;\"><strong><span style=\"font-family: arial, helvetica, sans-serif;\">Op\u00e7\u00f5es inclu\u00eddas<\/span><\/strong><\/span><\/td>\n<td style=\"width: 77.3204%; height: 24px;\"><span style=\"font-family: arial, helvetica, sans-serif; font-size: 12pt;\">Corte e vinco, selagem t\u00e9rmica<\/span><\/td>\n<\/tr>\n<tr style=\"height: 40px; background-color: #99ccff;\">\n<td style=\"width: 22.6796%; height: 24px;\"><span style=\"font-size: 12pt;\"><strong><span style=\"font-family: arial, helvetica, sans-serif;\">Prova<\/span><\/strong><\/span><\/td>\n<td style=\"width: 77.3204%; height: 24px;\"><span style=\"font-family: arial, helvetica, sans-serif; font-size: 12pt;\">Provas de cheiro\u00a0<\/span><\/td>\n<\/tr>\n<tr style=\"height: 40px; background-color: #ebebeb;\">\n<td style=\"width: 22.6796%; height: 24px;\"><span style=\"font-size: 12pt;\"><strong><span style=\"font-family: arial, helvetica, sans-serif;\">Tempo de resposta<\/span><\/strong><\/span><\/td>\n<td style=\"width: 77.3204%; height: 24px;\"><span style=\"font-family: arial, helvetica, sans-serif; font-size: 12pt;\">7 a 15 dias \u00fateis, RUSH<\/span><\/td>\n<\/tr>\n<tr style=\"height: 40px; background-color: #99ccff;\">\n<td style=\"width: 22.6796%; height: 24px;\"><span style=\"font-size: 12pt;\"><strong><span style=\"font-family: arial, helvetica, sans-serif;\">Envio<\/span><\/strong><\/span><\/td>\n<td style=\"width: 77.3204%; height: 24px;\"><span style=\"font-family: arial, helvetica, sans-serif; font-size: 12pt;\">A\u00e9reo, Mar\u00edtimo, Expresso<\/span><\/td>\n<\/tr>\n<\/tbody>\n<\/table>\n<p>&nbsp;<\/p>","protected":false},"featured_media":3641,"comment_status":"open","ping_status":"closed","template":"","meta":[],"product_brand":[],"product_cat":[26,35,18],"product_tag":[],"class_list":{"0":"post-3640","1":"product","2":"type-product","3":"status-publish","4":"has-post-thumbnail","6":"product_cat-food-packaging","7":"product_cat-mylar-bags","8":"product_cat-zipper-bags","10":"first","11":"instock","12":"shipping-taxable","13":"product-type-simple"},"_links":{"self":[{"href":"https:\/\/polysmarts.com\/pt\/wp-json\/wp\/v2\/product\/3640","targetHints":{"allow":["GET"]}}],"collection":[{"href":"https:\/\/polysmarts.com\/pt\/wp-json\/wp\/v2\/product"}],"about":[{"href":"https:\/\/polysmarts.com\/pt\/wp-json\/wp\/v2\/types\/product"}],"replies":[{"embeddable":true,"href":"https:\/\/polysmarts.com\/pt\/wp-json\/wp\/v2\/comments?post=3640"}],"version-history":[{"count":2,"href":"https:\/\/polysmarts.com\/pt\/wp-json\/wp\/v2\/product\/3640\/revisions"}],"predecessor-version":[{"id":3646,"href":"https:\/\/polysmarts.com\/pt\/wp-json\/wp\/v2\/product\/3640\/revisions\/3646"}],"wp:featuredmedia":[{"embeddable":true,"href":"https:\/\/polysmarts.com\/pt\/wp-json\/wp\/v2\/media\/3641"}],"wp:attachment":[{"href":"https:\/\/polysmarts.com\/pt\/wp-json\/wp\/v2\/media?parent=3640"}],"wp:term":[{"taxonomy":"product_brand","embeddable":true,"href":"https:\/\/polysmarts.com\/pt\/wp-json\/wp\/v2\/product_brand?post=3640"},{"taxonomy":"product_cat","embeddable":true,"href":"https:\/\/polysmarts.com\/pt\/wp-json\/wp\/v2\/product_cat?post=3640"},{"taxonomy":"product_tag","embeddable":true,"href":"https:\/\/polysmarts.com\/pt\/wp-json\/wp\/v2\/product_tag?post=3640"}],"curies":[{"name":"wp","href":"https:\/\/api.w.org\/{rel}","templated":true}]}}