{"id":3527,"date":"2024-07-15T11:40:28","date_gmt":"2024-07-15T03:40:28","guid":{"rendered":"https:\/\/polysmarts.com\/?post_type=product&#038;p=3527"},"modified":"2024-10-04T02:39:48","modified_gmt":"2024-10-03T18:39:48","slug":"sacos-zip-lock-brancos-transparentes-para-celular-com-furo-para-pendurar-9","status":"publish","type":"product","link":"https:\/\/polysmarts.com\/pt\/product\/3c-phone-case-bags-usb-cable-packaging\/","title":{"rendered":"a caixa do telefone 3c ensaca o empacotamento do cabo USB"},"content":{"rendered":"<h3><strong>A caixa customiz\u00e1vel do telefone 3c ensaca o empacotamento do cabo USB<\/strong><\/h3>\n<p class=\"whitespace-pre-wrap break-words\"><strong>Proteja e organize seus acess\u00f3rios eletr\u00f4nicos 3C com nossas embalagens vers\u00e1teis e de alta qualidade:<\/strong><\/p>\n<ol class=\"-mt-1 list-decimal space-y-2 pl-8\">\n<li class=\"whitespace-normal break-words\">Op\u00e7\u00f5es de veda\u00e7\u00e3o dupla:\n<ul class=\"-mt-1 list-disc space-y-2 pl-8\">\n<li class=\"whitespace-normal break-words\">Fecho manual com z\u00edper para acesso r\u00e1pido<\/li>\n<li class=\"whitespace-normal break-words\">Se\u00e7\u00e3o superior sel\u00e1vel a quente para maior seguran\u00e7a<\/li>\n<\/ul>\n<\/li>\n<li class=\"whitespace-normal break-words\">Design amig\u00e1vel:\n<ul class=\"-mt-1 list-disc space-y-2 pl-8\">\n<li class=\"whitespace-normal break-words\">Mecanismo f\u00e1cil de abrir e fechar<\/li>\n<li class=\"whitespace-normal break-words\">Janela transparente para visibilidade imediata do conte\u00fado<\/li>\n<li class=\"whitespace-normal break-words\">A veda\u00e7\u00e3o com z\u00edper resistente evita vazamentos e preserva o conte\u00fado<\/li>\n<\/ul>\n<\/li>\n<li class=\"whitespace-normal break-words\">Materiais premium:\n<ul class=\"-mt-1 list-disc space-y-2 pl-8\">\n<li class=\"whitespace-normal break-words\">Constru\u00e7\u00e3o dur\u00e1vel em polietileno de qualidade alimentar<\/li>\n<li class=\"whitespace-normal break-words\">N\u00e3o t\u00f3xico e seguro para armazenar v\u00e1rios itens<\/li>\n<\/ul>\n<\/li>\n<li class=\"whitespace-normal break-words\">Personaliza\u00e7\u00e3o dispon\u00edvel:\n<ul class=\"-mt-1 list-disc space-y-2 pl-8\">\n<li class=\"whitespace-normal break-words\">Op\u00e7\u00f5es de tamanho flex\u00edveis para atender \u00e0s suas necessidades<\/li>\n<li class=\"whitespace-normal break-words\">Impress\u00e3o de logotipo para representa\u00e7\u00e3o da marca<\/li>\n<\/ul>\n<\/li>\n<li class=\"whitespace-normal break-words\">Ideal para eletr\u00f4nicos 3C:\n<ul class=\"-mt-1 list-disc space-y-2 pl-8\">\n<li class=\"whitespace-normal break-words\">Perfeito para fones de ouvido, cabos de dados, unidades USB e muito mais<\/li>\n<\/ul>\n<\/li>\n<\/ol>\n<p class=\"whitespace-pre-wrap break-words\">Contate-nos hoje para discutir seus requisitos de tamanho personalizado e op\u00e7\u00f5es de marca. Eleve a embalagem de seus acess\u00f3rios eletr\u00f4nicos com nossas sacolas confi\u00e1veis e reutiliz\u00e1veis.\u201d<\/p>\n<p class=\"whitespace-pre-wrap break-words\">Esta vers\u00e3o revisada tem como objetivo:<\/p>\n<ul class=\"-mt-1 list-disc space-y-2 pl-8\">\n<li class=\"whitespace-normal break-words\">Destaque os principais recursos do produto com mais clareza<\/li>\n<li class=\"whitespace-normal break-words\">Use uma linguagem mais profissional e envolvente<\/li>\n<li class=\"whitespace-normal break-words\">Organize as informa\u00e7\u00f5es em um formato mais leg\u00edvel<\/li>\n<li class=\"whitespace-normal break-words\">Foco nos benef\u00edcios para o cliente<\/li>\n<\/ul>","protected":false},"excerpt":{"rendered":"<table style=\"height: 360px; width: 99.8505%; border-collapse: collapse;\" border=\"2\">\n<tbody>\n<tr style=\"height: 40px;\">\n<td style=\"width: 22.6796%; height: 30px; background-color: #99ccff;\"><span style=\"font-family: arial, helvetica, sans-serif; font-size: 12pt;\"><strong>Dimens\u00e3o e estilo<\/strong><\/span><\/td>\n<td style=\"width: 77.3204%; height: 30px; background-color: #99ccff;\"><span style=\"font-family: arial, helvetica, sans-serif; font-size: 12pt;\">Formas e tamanhos personalizados<\/span><\/td>\n<\/tr>\n<tr style=\"height: 40px;\">\n<td style=\"width: 22.6796%; height: 34px; background-color: #ebebeb;\"><span style=\"font-size: 12pt;\"><strong><span style=\"font-family: arial, helvetica, sans-serif;\">Quantidade m\u00ednima de pedido<\/span><\/strong><\/span><\/td>\n<td style=\"width: 77.3204%; height: 34px; background-color: #ebebeb;\"><span style=\"font-family: arial, helvetica, sans-serif; font-size: 12pt;\">1000pcs sem personaliza\u00e7\u00e3o, 10000pcs para personaliza\u00e7\u00e3o<\/span><\/td>\n<\/tr>\n<tr style=\"height: 40px; background-color: #99ccff;\">\n<td style=\"width: 22.6796%; height: 24px;\"><span style=\"font-size: 12pt;\"><strong><span style=\"font-family: arial, helvetica, sans-serif;\">Tipo de embalagem<\/span><\/strong><\/span><\/td>\n<td style=\"width: 77.3204%; height: 24px;\"><span style=\"font-family: arial, helvetica, sans-serif; font-size: 12pt;\">3C Packaging Bags<\/span><\/td>\n<\/tr>\n<tr style=\"height: 40px; background-color: #ebebeb;\">\n<td style=\"width: 22.6796%; height: 24px;\"><span style=\"font-size: 12pt;\"><strong><span style=\"font-family: arial, helvetica, sans-serif;\">Impress\u00e3o<\/span><\/strong><\/span><\/td>\n<td style=\"width: 77.3204%; height: 24px;\"><span style=\"font-family: arial, helvetica, sans-serif; font-size: 12pt;\">CMYK (1 - 10 cores conforme sua necessidade), sem impress\u00e3o (normal)<\/span><\/td>\n<\/tr>\n<tr style=\"height: 40px; background-color: #99ccff;\">\n<td style=\"width: 22.6796%; height: 24px;\"><span style=\"font-size: 12pt;\"><strong><span style=\"font-family: arial, helvetica, sans-serif;\">Acabamento<\/span><\/strong><\/span><\/td>\n<td style=\"width: 77.3204%; height: 24px;\"><span style=\"font-family: arial, helvetica, sans-serif; font-size: 12pt;\">Lamina\u00e7\u00e3o brilhante, impress\u00e3o offset<\/span><\/td>\n<\/tr>\n<tr style=\"height: 40px; background-color: #ebebeb;\">\n<td style=\"width: 22.6796%; height: 24px;\"><span style=\"font-size: 12pt;\"><strong><span style=\"font-family: arial, helvetica, sans-serif;\">Material<\/span><\/strong><\/span><\/td>\n<td style=\"width: 77.3204%; height: 24px;\"><span style=\"font-family: arial, helvetica, sans-serif; font-size: 12pt;\">OPP\/VMPET\/CPP<\/span><\/td>\n<\/tr>\n<tr style=\"height: 40px; background-color: #99ccff;\">\n<td style=\"width: 22.6796%; height: 24px;\"><span style=\"font-size: 12pt;\"><strong><span style=\"font-family: arial, helvetica, sans-serif;\">Recurso<\/span><\/strong><\/span><\/td>\n<td style=\"width: 77.3204%; height: 24px;\"><span style=\"font-family: arial, helvetica, sans-serif; font-size: 12pt;\">\u00c0 prova d\u2019\u00e1gua e ressel\u00e1vel<\/span><\/td>\n<\/tr>\n<tr style=\"height: 40px; background-color: #ebebeb;\">\n<td style=\"width: 22.6796%; height: 24px;\"><span style=\"font-size: 12pt;\"><strong><span style=\"font-family: arial, helvetica, sans-serif;\">Tempo de resposta<\/span><\/strong><\/span><\/td>\n<td style=\"width: 77.3204%; height: 24px;\"><span style=\"font-family: arial, helvetica, sans-serif; font-size: 12pt;\">7 a 15 dias \u00fateis, RUSH<\/span><\/td>\n<\/tr>\n<tr style=\"height: 40px; background-color: #99ccff;\">\n<td style=\"width: 22.6796%; height: 24px;\"><span style=\"font-size: 12pt;\"><strong><span style=\"font-family: arial, helvetica, sans-serif;\">Envio<\/span><\/strong><\/span><\/td>\n<td style=\"width: 77.3204%; height: 24px;\"><span style=\"font-family: arial, helvetica, sans-serif; font-size: 12pt;\">A\u00e9reo, Mar\u00edtimo, Expresso<\/span><\/td>\n<\/tr>\n<\/tbody>\n<\/table>\n<p>&nbsp;<\/p>","protected":false},"featured_media":3531,"comment_status":"open","ping_status":"closed","template":"","meta":[],"product_brand":[],"product_cat":[32,18],"product_tag":[],"class_list":{"0":"post-3527","1":"product","2":"type-product","3":"status-publish","4":"has-post-thumbnail","6":"product_cat-3c-packaging","7":"product_cat-zipper-bags","9":"first","10":"instock","11":"shipping-taxable","12":"product-type-simple"},"_links":{"self":[{"href":"https:\/\/polysmarts.com\/pt\/wp-json\/wp\/v2\/product\/3527","targetHints":{"allow":["GET"]}}],"collection":[{"href":"https:\/\/polysmarts.com\/pt\/wp-json\/wp\/v2\/product"}],"about":[{"href":"https:\/\/polysmarts.com\/pt\/wp-json\/wp\/v2\/types\/product"}],"replies":[{"embeddable":true,"href":"https:\/\/polysmarts.com\/pt\/wp-json\/wp\/v2\/comments?post=3527"}],"version-history":[{"count":2,"href":"https:\/\/polysmarts.com\/pt\/wp-json\/wp\/v2\/product\/3527\/revisions"}],"predecessor-version":[{"id":3535,"href":"https:\/\/polysmarts.com\/pt\/wp-json\/wp\/v2\/product\/3527\/revisions\/3535"}],"wp:featuredmedia":[{"embeddable":true,"href":"https:\/\/polysmarts.com\/pt\/wp-json\/wp\/v2\/media\/3531"}],"wp:attachment":[{"href":"https:\/\/polysmarts.com\/pt\/wp-json\/wp\/v2\/media?parent=3527"}],"wp:term":[{"taxonomy":"product_brand","embeddable":true,"href":"https:\/\/polysmarts.com\/pt\/wp-json\/wp\/v2\/product_brand?post=3527"},{"taxonomy":"product_cat","embeddable":true,"href":"https:\/\/polysmarts.com\/pt\/wp-json\/wp\/v2\/product_cat?post=3527"},{"taxonomy":"product_tag","embeddable":true,"href":"https:\/\/polysmarts.com\/pt\/wp-json\/wp\/v2\/product_tag?post=3527"}],"curies":[{"name":"wp","href":"https:\/\/api.w.org\/{rel}","templated":true}]}}