{"id":3418,"date":"2024-06-24T14:52:02","date_gmt":"2024-06-24T06:52:02","guid":{"rendered":"https:\/\/polysmarts.com\/?post_type=product&#038;p=3418"},"modified":"2024-10-04T02:39:49","modified_gmt":"2024-10-03T18:39:49","slug":"sacos-de-embalagem-de-cartoes-colecionaveis-de-pokemon-personalizados-5","status":"publish","type":"product","link":"https:\/\/polysmarts.com\/pt\/product\/custom-three-side-sealed-cards-sleeves\/","title":{"rendered":"Capas personalizadas para cart\u00f5es selados em tr\u00eas lados"},"content":{"rendered":"<p>Eleve a apresenta\u00e7\u00e3o e embalagem das capas dos seus cart\u00f5es colecion\u00e1veis com Polysmarts, seu destino preferido para solu\u00e7\u00f5es simples, mas elegantes. Nossas sacolas para embalagens de cart\u00f5es com veda\u00e7\u00e3o t\u00e9rmica Polysmarts redefinem o padr\u00e3o, fornecendo uma excelente tela para a marca do seu neg\u00f3cio. Ideais para empresas de varejo, essas sacolas funcionam perfeitamente com len\u00e7os de papel para exibi\u00e7\u00e3o de produtos de alta qualidade.<\/p>\n<p>Se voc\u00ea est\u00e1 no mercado de caixas de armazenamento e movimenta\u00e7\u00e3o, n\u00e3o procure mais, as bolsas Polysmarts Heat Seal. Nossas op\u00e7\u00f5es dobr\u00e1veis e empilh\u00e1veis oferecem conveni\u00eancia incompar\u00e1vel, garantindo uma experi\u00eancia de armazenamento descomplicada.<\/p>\n<p>Para todas as suas necessidades de embalagem de cart\u00f5es colecion\u00e1veis, a Polysmarts est\u00e1 aqui para ajudar. Envie perguntas facilmente atrav\u00e9s de nossa fun\u00e7\u00e3o de chat ou e-mail e deixe-nos ajud\u00e1-lo a encontrar exatamente o que procura. Explore detalhes sobre pedidos em grandes quantidades e prazos de entrega e aproveite nossos pre\u00e7os baixos e entrega r\u00e1pida.<\/p>\n<p>Na Polysmarts, a personaliza\u00e7\u00e3o \u00e9 fundamental. Conecte-se com nossos fornecedores atacadistas para conhecer a infinidade de op\u00e7\u00f5es dispon\u00edveis para o seu neg\u00f3cio. Nossos produtos n\u00e3o s\u00e3o apenas acess\u00edveis, mas tamb\u00e9m ecologicamente corretos, atendendo ao consumidor moderno e consciente. Escolha entre diferentes espessuras, cores e acabamentos para encontrar a solu\u00e7\u00e3o de embalagem perfeita que se alinhe com a identidade da sua marca.<\/p>\n<p>Visite polysmarts.com para uma ampla variedade de suprimentos para embalagens de cart\u00f5es colecion\u00e1veis, cuidadosamente selecionados por nossos motivados atacadistas globais. Seja para uso comercial ou pessoal, nossos produtos oferecem versatilidade e atratividade a um pre\u00e7o competitivo. Confie na Polysmarts para atender \u00e0s suas necessidades de embalagem de cart\u00f5es colecion\u00e1veis, garantindo que seus produtos n\u00e3o sejam apenas armazenados, mas apresentados com eleg\u00e2ncia e cuidado.<\/p>","protected":false},"excerpt":{"rendered":"<table style=\"height: 360px; width: 99.8505%; border-collapse: collapse;\" border=\"2\">\n<tbody>\n<tr style=\"height: 40px;\">\n<td style=\"width: 22.6796%; height: 30px; background-color: #99ccff;\"><span style=\"font-family: arial, helvetica, sans-serif; font-size: 12pt;\"><strong>Dimens\u00e3o e estilo<\/strong><\/span><\/td>\n<td style=\"width: 77.3204%; height: 30px; background-color: #99ccff;\"><span style=\"font-family: arial, helvetica, sans-serif; font-size: 12pt;\">Formas e tamanhos personalizados<\/span><\/td>\n<\/tr>\n<tr style=\"height: 40px;\">\n<td style=\"width: 22.6796%; height: 34px; background-color: #ebebeb;\"><span style=\"font-size: 12pt;\"><strong><span style=\"font-family: arial, helvetica, sans-serif;\">Quantidade m\u00ednima de pedido<\/span><\/strong><\/span><\/td>\n<td style=\"width: 77.3204%; height: 34px; background-color: #ebebeb;\"><span style=\"font-family: arial, helvetica, sans-serif; font-size: 12pt;\">1000pcs sem personaliza\u00e7\u00e3o, 10000pcs para personaliza\u00e7\u00e3o<\/span><\/td>\n<\/tr>\n<tr style=\"height: 40px; background-color: #99ccff;\">\n<td style=\"width: 22.6796%; height: 24px;\"><span style=\"font-size: 12pt;\"><strong><span style=\"font-family: arial, helvetica, sans-serif;\">Tipo de embalagem<\/span><\/strong><\/span><\/td>\n<td style=\"width: 77.3204%; height: 24px;\"><span style=\"font-family: arial, helvetica, sans-serif; font-size: 12pt;\">Pacote de mangas de cart\u00e3o de folha de alum\u00ednio<\/span><\/td>\n<\/tr>\n<tr style=\"height: 40px; background-color: #ebebeb;\">\n<td style=\"width: 22.6796%; height: 24px;\"><span style=\"font-size: 12pt;\"><strong><span style=\"font-family: arial, helvetica, sans-serif;\">Impress\u00e3o<\/span><\/strong><\/span><\/td>\n<td style=\"width: 77.3204%; height: 24px;\"><span style=\"font-family: arial, helvetica, sans-serif; font-size: 12pt;\">CMYK (1 - 10 cores conforme sua necessidade), sem impress\u00e3o (normal)<\/span><\/td>\n<\/tr>\n<tr style=\"height: 40px; background-color: #99ccff;\">\n<td style=\"width: 22.6796%; height: 24px;\"><span style=\"font-size: 12pt;\"><strong><span style=\"font-family: arial, helvetica, sans-serif;\">Acabamento<\/span><\/strong><\/span><\/td>\n<td style=\"width: 77.3204%; height: 24px;\"><span style=\"font-family: arial, helvetica, sans-serif; font-size: 12pt;\">Lamina\u00e7\u00e3o brilhante, impress\u00e3o offset<\/span><\/td>\n<\/tr>\n<tr style=\"height: 40px; background-color: #ebebeb;\">\n<td style=\"width: 22.6796%; height: 24px;\"><span style=\"font-size: 12pt;\"><strong><span style=\"font-family: arial, helvetica, sans-serif;\">Material<\/span><\/strong><\/span><\/td>\n<td style=\"width: 77.3204%; height: 24px;\"><span style=\"font-family: arial, helvetica, sans-serif; font-size: 12pt;\">OPP\/VMPET\/CPP<\/span><\/td>\n<\/tr>\n<tr style=\"height: 40px; background-color: #99ccff;\">\n<td style=\"width: 22.6796%; height: 24px;\"><span style=\"font-size: 12pt;\"><strong><span style=\"font-family: arial, helvetica, sans-serif;\">Recurso<\/span><\/strong><\/span><\/td>\n<td style=\"width: 77.3204%; height: 24px;\"><span style=\"font-family: arial, helvetica, sans-serif; font-size: 12pt;\">\u00c0 prova d&#039;\u00e1gua<\/span><\/td>\n<\/tr>\n<tr style=\"height: 40px; background-color: #ebebeb;\">\n<td style=\"width: 22.6796%; height: 24px;\"><span style=\"font-size: 12pt;\"><strong><span style=\"font-family: arial, helvetica, sans-serif;\">Tempo de resposta<\/span><\/strong><\/span><\/td>\n<td style=\"width: 77.3204%; height: 24px;\"><span style=\"font-family: arial, helvetica, sans-serif; font-size: 12pt;\">7 a 15 dias \u00fateis, RUSH<\/span><\/td>\n<\/tr>\n<tr style=\"height: 40px; background-color: #99ccff;\">\n<td style=\"width: 22.6796%; height: 24px;\"><span style=\"font-size: 12pt;\"><strong><span style=\"font-family: arial, helvetica, sans-serif;\">Envio<\/span><\/strong><\/span><\/td>\n<td style=\"width: 77.3204%; height: 24px;\"><span style=\"font-family: arial, helvetica, sans-serif; font-size: 12pt;\">A\u00e9reo, Mar\u00edtimo, Expresso<\/span><\/td>\n<\/tr>\n<\/tbody>\n<\/table>\n<p>&nbsp;<\/p>","protected":false},"featured_media":3422,"comment_status":"open","ping_status":"closed","template":"","meta":[],"product_brand":[],"product_cat":[29,19],"product_tag":[],"class_list":{"0":"post-3418","1":"product","2":"type-product","3":"status-publish","4":"has-post-thumbnail","6":"product_cat-trading-card-packaging","7":"product_cat-heat-sealing-bag","9":"first","10":"instock","11":"shipping-taxable","12":"product-type-simple"},"_links":{"self":[{"href":"https:\/\/polysmarts.com\/pt\/wp-json\/wp\/v2\/product\/3418","targetHints":{"allow":["GET"]}}],"collection":[{"href":"https:\/\/polysmarts.com\/pt\/wp-json\/wp\/v2\/product"}],"about":[{"href":"https:\/\/polysmarts.com\/pt\/wp-json\/wp\/v2\/types\/product"}],"replies":[{"embeddable":true,"href":"https:\/\/polysmarts.com\/pt\/wp-json\/wp\/v2\/comments?post=3418"}],"version-history":[{"count":2,"href":"https:\/\/polysmarts.com\/pt\/wp-json\/wp\/v2\/product\/3418\/revisions"}],"predecessor-version":[{"id":3426,"href":"https:\/\/polysmarts.com\/pt\/wp-json\/wp\/v2\/product\/3418\/revisions\/3426"}],"wp:featuredmedia":[{"embeddable":true,"href":"https:\/\/polysmarts.com\/pt\/wp-json\/wp\/v2\/media\/3422"}],"wp:attachment":[{"href":"https:\/\/polysmarts.com\/pt\/wp-json\/wp\/v2\/media?parent=3418"}],"wp:term":[{"taxonomy":"product_brand","embeddable":true,"href":"https:\/\/polysmarts.com\/pt\/wp-json\/wp\/v2\/product_brand?post=3418"},{"taxonomy":"product_cat","embeddable":true,"href":"https:\/\/polysmarts.com\/pt\/wp-json\/wp\/v2\/product_cat?post=3418"},{"taxonomy":"product_tag","embeddable":true,"href":"https:\/\/polysmarts.com\/pt\/wp-json\/wp\/v2\/product_tag?post=3418"}],"curies":[{"name":"wp","href":"https:\/\/api.w.org\/{rel}","templated":true}]}}