{"id":3173,"date":"2024-05-11T08:20:25","date_gmt":"2024-05-11T08:20:25","guid":{"rendered":"https:\/\/polysmarts.com\/?post_type=product&#038;p=3173"},"modified":"2025-10-14T09:34:38","modified_gmt":"2025-10-14T01:34:38","slug":"saco-transparente-com-ziper-de-um-lado-para-roupas","status":"publish","type":"product","link":"https:\/\/polysmarts.com\/pt\/product\/clear-one-side-frost-zipper-bag-for-clothing\/","title":{"rendered":"Saco transparente com z\u00edper de um lado para roupas"},"content":{"rendered":"<p class=\"whitespace-pre-wrap break-words\">Eleve suas solu\u00e7\u00f5es de armazenamento e organiza\u00e7\u00e3o com nossa bolsa transparente com z\u00edper de um lado para roupas. Projetadas com materiais premium e recursos inovadores, essas bolsas oferecem uma maneira conveniente e pr\u00e1tica de proteger seus pertences, mantendo-os bem organizados.<\/p>\n<p class=\"whitespace-pre-wrap break-words\">Caracter\u00edsticas principais:<\/p>\n<ol class=\"list-decimal pl-8 space-y-2 -mt-1\">\n<li class=\"whitespace-normal break-words\">Material Premium: Fabricadas com excelente material CPE, essas bolsas Black Frost Zipper para roupas s\u00e3o macias, flex\u00edveis, ecol\u00f3gicas, leves e dur\u00e1veis para uso duradouro. O material garante que seus itens permane\u00e7am limpos e livres de poeira, proporcionando prote\u00e7\u00e3o superior.<\/li>\n<li class=\"whitespace-normal break-words\">Design com z\u00edper ressel\u00e1vel: todos os sacos ziplock para roupas apresentam z\u00edperes resistentes e reutiliz\u00e1veis que permitem f\u00e1cil acesso e fechamento seguro. Basta deslizar o z\u00edper para abrir ou selar a bolsa, garantindo que seus pertences permane\u00e7am armazenados com seguran\u00e7a. Cada saco de armazenamento ziplock tamb\u00e9m possui um design com orif\u00edcio de ventila\u00e7\u00e3o, promovendo respirabilidade e mantendo seus itens frescos.<\/li>\n<li class=\"whitespace-normal break-words\">Design Fosco: O acabamento opaco em um dos lados da bolsa permite que voc\u00ea veja facilmente o conte\u00fado de dentro, facilitando a organiza\u00e7\u00e3o de cada roupa em uma bolsa separada. Este design n\u00e3o s\u00f3 economiza espa\u00e7o na sua bagagem, mas tamb\u00e9m facilita o transporte e o armazenamento de seus itens.<\/li>\n<li class=\"whitespace-normal break-words\">Amplas aplica\u00e7\u00f5es: Nossas bolsas ziplock para roupas foscas s\u00e3o vers\u00e1teis e adequadas para armazenar uma variedade de itens de viagem, incluindo roupas \u00edntimas, toalhas, sapatos, roupas, cosm\u00e9ticos, produtos de higiene pessoal e muito mais. Quer esteja a viajar ou a organizar em casa, estes sacos com fecho para roupa s\u00e3o a solu\u00e7\u00e3o ideal para manter os seus pertences bem guardados e protegidos.<\/li>\n<li class=\"whitespace-normal break-words\">Pacote Conveniente: Voc\u00ea receber\u00e1 um total de 100 pe\u00e7as de bolsas de viagem com z\u00edper, dispon\u00edveis em duas op\u00e7\u00f5es de tamanho: 25x35cm (9,8\u2033x13,4\u2033) e 30x40cm (11,8\u2033x15,7\u2033). Esta variedade de tamanhos garante que voc\u00ea tenha a bolsa perfeita para todas as suas necessidades de armazenamento.<\/li>\n<\/ol>\n<p class=\"whitespace-pre-wrap break-words\">Experimente a conveni\u00eancia e efici\u00eancia de nossa bolsa transparente com z\u00edper de um lado para roupas. Proteja os seus pertences, mantenha-se organizado e desfrute de um ambiente organizado com estas solu\u00e7\u00f5es de armazenamento premium.<\/p>","protected":false},"excerpt":{"rendered":"<table style=\"height: 360px; width: 99.8505%; border-collapse: collapse;\" border=\"2\">\n<tbody>\n<tr style=\"height: 40px;\">\n<td style=\"width: 38.0988%; height: 30px; background-color: #99ccff;\"><span style=\"font-family: arial, helvetica, sans-serif; font-size: 12pt;\"><strong>Dimens\u00e3o e estilo<\/strong><\/span><\/td>\n<td style=\"width: 61.9012%; height: 30px; background-color: #99ccff;\"><span style=\"font-family: arial, helvetica, sans-serif; font-size: 12pt;\">25*35\/ 30*40cm<\/span><\/td>\n<\/tr>\n<tr style=\"height: 40px;\">\n<td style=\"width: 38.0988%; height: 34px; background-color: #ebebeb;\"><span style=\"font-size: 12pt;\"><strong><span style=\"font-family: arial, helvetica, sans-serif;\">Peso de 1 pacote = 100 unidades<\/span><\/strong><\/span><\/td>\n<td style=\"width: 61.9012%; height: 34px; background-color: #ebebeb;\"><span style=\"font-family: arial, helvetica, sans-serif; font-size: 12pt;\">Cerca de 1,26\/1,73kg<\/span><\/td>\n<\/tr>\n<tr style=\"height: 40px; background-color: #99ccff;\">\n<td style=\"width: 38.0988%; height: 24px;\"><span style=\"font-size: 12pt;\"><strong><span style=\"font-family: arial, helvetica, sans-serif;\">Tipo de embalagem<\/span><\/strong><\/span><\/td>\n<td style=\"width: 61.9012%; height: 24px;\"><span style=\"font-family: arial, helvetica, sans-serif; font-size: 12pt;\">Bolsa com z\u00edper para roupas<\/span><\/td>\n<\/tr>\n<tr style=\"height: 40px; background-color: #ebebeb;\">\n<td style=\"width: 38.0988%; height: 24px;\"><span style=\"font-size: 12pt;\"><strong><span style=\"font-family: arial, helvetica, sans-serif;\">Grossura<\/span><\/strong><\/span><\/td>\n<td style=\"width: 61.9012%; height: 24px;\"><span style=\"font-family: arial, helvetica, sans-serif; font-size: 12pt;\">60 m\u00edcrons<\/span><\/td>\n<\/tr>\n<tr style=\"height: 40px; background-color: #99ccff;\">\n<td style=\"width: 38.0988%; height: 24px;\"><span style=\"font-size: 12pt;\"><strong><span style=\"font-family: arial, helvetica, sans-serif;\">Acabamento<\/span><\/strong><\/span><\/td>\n<td style=\"width: 61.9012%; height: 24px;\"><span style=\"font-family: arial, helvetica, sans-serif; font-size: 12pt;\">Claro<\/span><\/td>\n<\/tr>\n<tr style=\"height: 40px; background-color: #ebebeb;\">\n<td style=\"width: 38.0988%; height: 24px;\"><span style=\"font-size: 12pt;\"><strong><span style=\"font-family: arial, helvetica, sans-serif;\">Material<\/span><\/strong><\/span><\/td>\n<td style=\"width: 61.9012%; height: 24px;\"><span style=\"font-family: arial, helvetica, sans-serif; font-size: 12pt;\">CPE<\/span><\/td>\n<\/tr>\n<tr style=\"height: 40px; background-color: #99ccff;\">\n<td style=\"width: 38.0988%; height: 24px;\"><span style=\"font-size: 12pt;\"><strong><span style=\"font-family: arial, helvetica, sans-serif;\">Prova<\/span><\/strong><\/span><\/td>\n<td style=\"width: 61.9012%; height: 24px;\"><span style=\"font-family: arial, helvetica, sans-serif; font-size: 12pt;\">\u00c0 prova de humidade<\/span><\/td>\n<\/tr>\n<tr style=\"height: 40px; background-color: #ebebeb;\">\n<td style=\"width: 38.0988%; height: 24px;\"><span style=\"font-size: 12pt;\"><strong><span style=\"font-family: arial, helvetica, sans-serif;\">Prazo de entrega<\/span><\/strong><\/span><\/td>\n<td style=\"width: 61.9012%; height: 24px;\"><span style=\"font-family: arial, helvetica, sans-serif; font-size: 12pt;\">7 a 15 dias \u00fateis, RUSH<\/span><\/td>\n<\/tr>\n<tr style=\"height: 40px; background-color: #99ccff;\">\n<td style=\"width: 38.0988%; height: 24px;\"><span style=\"font-size: 12pt;\"><strong><span style=\"font-family: arial, helvetica, sans-serif;\">m\u00e9todo de envio<\/span><\/strong><\/span><\/td>\n<td style=\"width: 61.9012%; height: 24px;\"><span style=\"font-family: arial, helvetica, sans-serif; font-size: 12pt;\">Expressar<\/span><\/td>\n<\/tr>\n<\/tbody>\n<\/table>\n<p>&nbsp;<\/p>","protected":false},"featured_media":3174,"comment_status":"open","ping_status":"closed","template":"","meta":[],"product_brand":[],"product_cat":[64],"product_tag":[],"class_list":{"0":"post-3173","1":"product","2":"type-product","3":"status-publish","4":"has-post-thumbnail","6":"product_cat-stock-pouches","8":"first","9":"instock","10":"shipping-taxable","11":"purchasable","12":"product-type-variable"},"_links":{"self":[{"href":"https:\/\/polysmarts.com\/pt\/wp-json\/wp\/v2\/product\/3173","targetHints":{"allow":["GET"]}}],"collection":[{"href":"https:\/\/polysmarts.com\/pt\/wp-json\/wp\/v2\/product"}],"about":[{"href":"https:\/\/polysmarts.com\/pt\/wp-json\/wp\/v2\/types\/product"}],"replies":[{"embeddable":true,"href":"https:\/\/polysmarts.com\/pt\/wp-json\/wp\/v2\/comments?post=3173"}],"version-history":[{"count":1,"href":"https:\/\/polysmarts.com\/pt\/wp-json\/wp\/v2\/product\/3173\/revisions"}],"predecessor-version":[{"id":3183,"href":"https:\/\/polysmarts.com\/pt\/wp-json\/wp\/v2\/product\/3173\/revisions\/3183"}],"wp:featuredmedia":[{"embeddable":true,"href":"https:\/\/polysmarts.com\/pt\/wp-json\/wp\/v2\/media\/3174"}],"wp:attachment":[{"href":"https:\/\/polysmarts.com\/pt\/wp-json\/wp\/v2\/media?parent=3173"}],"wp:term":[{"taxonomy":"product_brand","embeddable":true,"href":"https:\/\/polysmarts.com\/pt\/wp-json\/wp\/v2\/product_brand?post=3173"},{"taxonomy":"product_cat","embeddable":true,"href":"https:\/\/polysmarts.com\/pt\/wp-json\/wp\/v2\/product_cat?post=3173"},{"taxonomy":"product_tag","embeddable":true,"href":"https:\/\/polysmarts.com\/pt\/wp-json\/wp\/v2\/product_tag?post=3173"}],"curies":[{"name":"wp","href":"https:\/\/api.w.org\/{rel}","templated":true}]}}