{"id":3164,"date":"2024-05-10T08:39:48","date_gmt":"2024-05-10T08:39:48","guid":{"rendered":"https:\/\/polysmarts.com\/?post_type=product&#038;p=3164"},"modified":"2024-05-10T08:49:26","modified_gmt":"2024-05-10T08:49:26","slug":"sacola-de-compras-personalizada-saco-de-papel-envernizado-para-presente","status":"publish","type":"product","link":"https:\/\/polysmarts.com\/pt\/product\/custom-shopping-tote-gift-varnishing-paper-bag\/","title":{"rendered":"Sacola de compras personalizada para presente, saco de papel para envernizamento"},"content":{"rendered":"<p class=\"whitespace-pre-wrap break-words\">Eleve sua experi\u00eancia de marca e presentes com nossa sacola de compras personalizada para presente, sacola de papel para envernizamento. Essas sacolas de papel premium s\u00e3o projetadas para combinar estilo, funcionalidade e ecologia, tornando-as a escolha perfeita para suas necessidades comerciais ou pessoais de presentes.<\/p>\n<p class=\"whitespace-pre-wrap break-words\">Caracter\u00edsticas principais:<\/p>\n<ol class=\"list-decimal pl-8 space-y-2 -mt-1\">\n<li class=\"whitespace-normal break-words\">Materiais de alta qualidade e ecol\u00f3gicos: Nossas sacolas para presentes s\u00e3o feitas de papel natural de alta qualidade com 260 g\/m2 de espessura, garantindo durabilidade e longevidade. Al\u00e9m disso, o papel \u00e9 recicl\u00e1vel e ecol\u00f3gico, alinhando-se ao seu compromisso com a sustentabilidade.<\/li>\n<li class=\"whitespace-normal break-words\">Resistentes e Reutiliz\u00e1veis: Constru\u00eddas com materiais superiores, essas bolsas s\u00e3o resistentes e dur\u00e1veis, permitindo m\u00faltiplos usos. Seja para presentear ou fazer compras, essas sacolas podem suportar as demandas de transporte e manuseio, garantindo que seus itens cheguem em perfeitas condi\u00e7\u00f5es.<\/li>\n<li class=\"whitespace-normal break-words\">Al\u00e7a de fita e len\u00e7o de papel: Cada bolsa possui uma al\u00e7a de fita alargada, permitindo transportar objetos pesados com facilidade e conforto. Al\u00e9m disso, cada bolsa inclui dois peda\u00e7os de papel de seda \u2013 uma faixa branca e outra preta \u2013 adicionando um toque extra de eleg\u00e2ncia e garantindo que seus presentes tenham a melhor apar\u00eancia.<\/li>\n<li class=\"whitespace-normal break-words\">Op\u00e7\u00f5es de personaliza\u00e7\u00e3o: Personalize suas malas com seu pr\u00f3prio logotipo, design ou mensagem usando nossos servi\u00e7os de impress\u00e3o personalizados. Esse recurso permite que voc\u00ea crie embalagens verdadeiramente exclusivas e de marca que se alinhem com a identidade da sua marca ou tema do evento, causando uma impress\u00e3o duradoura em seus clientes ou destinat\u00e1rios.<\/li>\n<li class=\"whitespace-normal break-words\">Aplica\u00e7\u00f5es vers\u00e1teis: Essas sacolas de papel podem ser usadas para uma ampla variedade de finalidades em diversas ocasi\u00f5es, como embalar p\u00e3o, alimentos, livros ou como sacolas de presentes para roupas, brinquedos, flores e muito mais. S\u00e3o perfeitos para casamentos, festas de anivers\u00e1rio, ch\u00e1s de beb\u00ea, festas tem\u00e1ticas, pequenos neg\u00f3cios, supermercados, mercearias e muitos outros eventos e estabelecimentos.<\/li>\n<\/ol>","protected":false},"excerpt":{"rendered":"<table style=\"height: 360px; width: 99.8505%; border-collapse: collapse;\" border=\"2\">\n<tbody>\n<tr style=\"height: 40px;\">\n<td style=\"width: 22.6796%; height: 30px; background-color: #99ccff;\"><span style=\"font-family: arial, helvetica, sans-serif; font-size: 12pt;\"><strong>Dimens\u00e3o e estilo<\/strong><\/span><\/td>\n<td style=\"width: 77.3204%; height: 30px; background-color: #99ccff;\"><span style=\"font-family: arial, helvetica, sans-serif; font-size: 12pt;\">Formas e tamanhos personalizados<\/span><\/td>\n<\/tr>\n<tr style=\"height: 40px;\">\n<td style=\"width: 22.6796%; height: 34px; background-color: #ebebeb;\"><span style=\"font-size: 12pt;\"><strong><span style=\"font-family: arial, helvetica, sans-serif;\">Quantidade m\u00ednima de pedido<\/span><\/strong><\/span><\/td>\n<td style=\"width: 77.3204%; height: 34px; background-color: #ebebeb;\"><span style=\"font-family: arial, helvetica, sans-serif; font-size: 12pt;\">1000pcs sem personaliza\u00e7\u00e3o, 5000pcs para personaliza\u00e7\u00e3o<\/span><\/td>\n<\/tr>\n<tr style=\"height: 40px; background-color: #99ccff;\">\n<td style=\"width: 22.6796%; height: 24px;\"><span style=\"font-size: 12pt;\"><strong><span style=\"font-family: arial, helvetica, sans-serif;\">Tipo de embalagem<\/span><\/strong><\/span><\/td>\n<td style=\"width: 77.3204%; height: 24px;\"><span style=\"font-family: arial, helvetica, sans-serif; font-size: 12pt;\">Saco de papel para envernizamento<\/span><\/td>\n<\/tr>\n<tr style=\"height: 40px; background-color: #ebebeb;\">\n<td style=\"width: 22.6796%; height: 24px;\"><span style=\"font-size: 12pt;\"><strong><span style=\"font-family: arial, helvetica, sans-serif;\">Material<\/span><\/strong><\/span><\/td>\n<td style=\"width: 77.3204%; height: 24px;\"><span style=\"font-family: arial, helvetica, sans-serif; font-size: 12pt;\">Papel art\u00edstico, papel Kraft<\/span><\/td>\n<\/tr>\n<tr style=\"height: 40px; background-color: #99ccff;\">\n<td style=\"width: 22.6796%; height: 24px;\"><span style=\"font-size: 12pt;\"><strong><span style=\"font-family: arial, helvetica, sans-serif;\">Manuseio de Superf\u00edcie<\/span><\/strong><\/span><\/td>\n<td style=\"width: 77.3204%; height: 24px;\"><span style=\"font-family: arial, helvetica, sans-serif; font-size: 12pt;\">Impress\u00e3o flexogr\u00e1fica\/gravura\/offset, estampagem a quente, grava\u00e7\u00e3o em relevo, envernizamento, UV, etc.<\/span><\/td>\n<\/tr>\n<tr style=\"height: 40px; background-color: #ebebeb;\">\n<td style=\"width: 22.6796%; height: 24px;\"><span style=\"font-size: 12pt;\"><strong><span style=\"font-family: arial, helvetica, sans-serif;\">Recurso<\/span><\/strong><\/span><\/td>\n<td style=\"width: 77.3204%; height: 24px;\"><span style=\"font-family: arial, helvetica, sans-serif; font-size: 12pt;\">Reciclado<\/span><\/td>\n<\/tr>\n<tr style=\"height: 40px; background-color: #99ccff;\">\n<td style=\"width: 22.6796%; height: 24px;\"><span style=\"font-size: 12pt;\"><strong><span style=\"font-family: arial, helvetica, sans-serif;\">Tipo de saco de papel<\/span><\/strong><\/span><\/td>\n<td style=\"width: 77.3204%; height: 24px;\"><span style=\"font-family: arial, helvetica, sans-serif; font-size: 12pt;\">Saco de papel para presente, sacolas de compras<\/span><\/td>\n<\/tr>\n<tr style=\"height: 40px; background-color: #ebebeb;\">\n<td style=\"width: 22.6796%; height: 24px;\"><span style=\"font-size: 12pt;\"><strong><span style=\"font-family: arial, helvetica, sans-serif;\">Tempo de resposta<\/span><\/strong><\/span><\/td>\n<td style=\"width: 77.3204%; height: 24px;\"><span style=\"font-family: arial, helvetica, sans-serif; font-size: 12pt;\">7 a 15 dias \u00fateis, RUSH<\/span><\/td>\n<\/tr>\n<tr style=\"height: 40px; background-color: #99ccff;\">\n<td style=\"width: 22.6796%; height: 24px;\"><span style=\"font-size: 12pt;\"><strong><span style=\"font-family: arial, helvetica, sans-serif;\">Envio<\/span><\/strong><\/span><\/td>\n<td style=\"width: 77.3204%; height: 24px;\"><span style=\"font-family: arial, helvetica, sans-serif; font-size: 12pt;\">A\u00e9reo, Mar\u00edtimo, Expresso<\/span><\/td>\n<\/tr>\n<\/tbody>\n<\/table>\n<p>&nbsp;<\/p>","protected":false},"featured_media":3166,"comment_status":"open","ping_status":"closed","template":"","meta":[],"product_brand":[],"product_cat":[20,34],"product_tag":[],"class_list":{"0":"post-3164","1":"product","2":"type-product","3":"status-publish","4":"has-post-thumbnail","6":"product_cat-kraft-paper-bag","7":"product_cat-paper-packing","9":"first","10":"instock","11":"shipping-taxable","12":"product-type-simple"},"_links":{"self":[{"href":"https:\/\/polysmarts.com\/pt\/wp-json\/wp\/v2\/product\/3164","targetHints":{"allow":["GET"]}}],"collection":[{"href":"https:\/\/polysmarts.com\/pt\/wp-json\/wp\/v2\/product"}],"about":[{"href":"https:\/\/polysmarts.com\/pt\/wp-json\/wp\/v2\/types\/product"}],"replies":[{"embeddable":true,"href":"https:\/\/polysmarts.com\/pt\/wp-json\/wp\/v2\/comments?post=3164"}],"version-history":[{"count":2,"href":"https:\/\/polysmarts.com\/pt\/wp-json\/wp\/v2\/product\/3164\/revisions"}],"predecessor-version":[{"id":3172,"href":"https:\/\/polysmarts.com\/pt\/wp-json\/wp\/v2\/product\/3164\/revisions\/3172"}],"wp:featuredmedia":[{"embeddable":true,"href":"https:\/\/polysmarts.com\/pt\/wp-json\/wp\/v2\/media\/3166"}],"wp:attachment":[{"href":"https:\/\/polysmarts.com\/pt\/wp-json\/wp\/v2\/media?parent=3164"}],"wp:term":[{"taxonomy":"product_brand","embeddable":true,"href":"https:\/\/polysmarts.com\/pt\/wp-json\/wp\/v2\/product_brand?post=3164"},{"taxonomy":"product_cat","embeddable":true,"href":"https:\/\/polysmarts.com\/pt\/wp-json\/wp\/v2\/product_cat?post=3164"},{"taxonomy":"product_tag","embeddable":true,"href":"https:\/\/polysmarts.com\/pt\/wp-json\/wp\/v2\/product_tag?post=3164"}],"curies":[{"name":"wp","href":"https:\/\/api.w.org\/{rel}","templated":true}]}}