{"id":3154,"date":"2024-05-10T08:04:06","date_gmt":"2024-05-10T08:04:06","guid":{"rendered":"https:\/\/polysmarts.com\/?post_type=product&#038;p=3154"},"modified":"2024-05-10T08:17:43","modified_gmt":"2024-05-10T08:17:43","slug":"retire-a-fita-grande-saco-de-papel-com-alcas","status":"publish","type":"product","link":"https:\/\/polysmarts.com\/pt\/product\/take-away-ribbon-big-paper-bag-with-handles\/","title":{"rendered":"Retire o saco de papel grande com fita e al\u00e7as"},"content":{"rendered":"<p class=\"whitespace-pre-wrap break-words\">Eleve sua experi\u00eancia de embalagem e presente com nosso saco de papel grande personalizado com fita reciclada de alta qualidade e al\u00e7as. Estas bolsas elegantes e ecol\u00f3gicas foram projetadas para impressionar, combinando eleg\u00e2ncia e funcionalidade para uma experi\u00eancia verdadeiramente not\u00e1vel.<\/p>\n<p class=\"whitespace-pre-wrap break-words\">Caracter\u00edsticas principais:<\/p>\n<ol class=\"list-decimal pl-8 space-y-2 -mt-1\">\n<li class=\"whitespace-normal break-words\">Materiais reciclados de alta qualidade: Fabricadas com materiais reciclados premium, essas bolsas n\u00e3o apenas exalam luxo, mas tamb\u00e9m contribuem para um futuro mais sustent\u00e1vel. Priorizamos a responsabilidade ambiental sem comprometer a qualidade ou o estilo.<\/li>\n<li class=\"whitespace-normal break-words\">Detalhes elegantes em fita: cada bolsa \u00e9 adornada com uma fita elegante, adicionando um toque de requinte e tornando-a um prazer presentear. Esses detalhes cuidadosos elevam a apresenta\u00e7\u00e3o geral, garantindo uma experi\u00eancia verdadeiramente memor\u00e1vel para os destinat\u00e1rios.<\/li>\n<li class=\"whitespace-normal break-words\">Espa\u00e7osos e Vers\u00e1teis: Com seu tamanho generoso e constru\u00e7\u00e3o robusta, esses grandes sacos de papel com al\u00e7as podem acomodar uma ampla variedade de itens, tornando-os adequados para diversas ocasi\u00f5es de presentear, incluindo casamentos, anivers\u00e1rios, eventos corporativos e muito mais.<\/li>\n<li class=\"whitespace-normal break-words\">Op\u00e7\u00f5es de impress\u00e3o personalizadas: Personalize suas malas com seu pr\u00f3prio logotipo, design ou mensagem usando nossos servi\u00e7os de impress\u00e3o personalizados. Esse recurso permite que voc\u00ea crie embalagens verdadeiramente exclusivas e de marca que se alinhem com a identidade da sua marca ou tema do evento.<\/li>\n<li class=\"whitespace-normal break-words\">Dur\u00e1veis e reutiliz\u00e1veis: constru\u00eddas com materiais de alta qualidade, essas sacolas s\u00e3o projetadas para suportar as demandas de transporte e manuseio, garantindo que seus presentes cheguem em perfeitas condi\u00e7\u00f5es. Al\u00e9m disso, a sua natureza reutiliz\u00e1vel promove a sustentabilidade e reduz o desperd\u00edcio.<\/li>\n<\/ol>","protected":false},"excerpt":{"rendered":"<table style=\"height: 360px; width: 99.8505%; border-collapse: collapse;\" border=\"2\">\n<tbody>\n<tr style=\"height: 40px;\">\n<td style=\"width: 22.6796%; height: 30px; background-color: #99ccff;\"><span style=\"font-family: arial, helvetica, sans-serif; font-size: 12pt;\"><strong>Dimens\u00e3o e estilo<\/strong><\/span><\/td>\n<td style=\"width: 77.3204%; height: 30px; background-color: #99ccff;\"><span style=\"font-family: arial, helvetica, sans-serif; font-size: 12pt;\">Formas e tamanhos personalizados<\/span><\/td>\n<\/tr>\n<tr style=\"height: 40px;\">\n<td style=\"width: 22.6796%; height: 34px; background-color: #ebebeb;\"><span style=\"font-size: 12pt;\"><strong><span style=\"font-family: arial, helvetica, sans-serif;\">Quantidade m\u00ednima de pedido<\/span><\/strong><\/span><\/td>\n<td style=\"width: 77.3204%; height: 34px; background-color: #ebebeb;\"><span style=\"font-family: arial, helvetica, sans-serif; font-size: 12pt;\">1000pcs sem personaliza\u00e7\u00e3o, 5000pcs para personaliza\u00e7\u00e3o<\/span><\/td>\n<\/tr>\n<tr style=\"height: 40px; background-color: #99ccff;\">\n<td style=\"width: 22.6796%; height: 24px;\"><span style=\"font-size: 12pt;\"><strong><span style=\"font-family: arial, helvetica, sans-serif;\">Tipo de embalagem<\/span><\/strong><\/span><\/td>\n<td style=\"width: 77.3204%; height: 24px;\"><span style=\"font-family: arial, helvetica, sans-serif; font-size: 12pt;\">Saco de papel com al\u00e7as\u00a0<\/span><\/td>\n<\/tr>\n<tr style=\"height: 40px; background-color: #ebebeb;\">\n<td style=\"width: 22.6796%; height: 24px;\"><span style=\"font-size: 12pt;\"><strong><span style=\"font-family: arial, helvetica, sans-serif;\">Material<\/span><\/strong><\/span><\/td>\n<td style=\"width: 77.3204%; height: 24px;\"><span style=\"font-family: arial, helvetica, sans-serif; font-size: 12pt;\">Papel\u00e3o<\/span><\/td>\n<\/tr>\n<tr style=\"height: 40px; background-color: #99ccff;\">\n<td style=\"width: 22.6796%; height: 24px;\"><span style=\"font-size: 12pt;\"><strong><span style=\"font-family: arial, helvetica, sans-serif;\">Acabamento<\/span><\/strong><\/span><\/td>\n<td style=\"width: 77.3204%; height: 24px;\"><span style=\"font-family: arial, helvetica, sans-serif; font-size: 12pt;\">Impress\u00e3o de tela<\/span><\/td>\n<\/tr>\n<tr style=\"height: 40px; background-color: #ebebeb;\">\n<td style=\"width: 22.6796%; height: 24px;\"><span style=\"font-size: 12pt;\"><strong><span style=\"font-family: arial, helvetica, sans-serif;\">Recurso<\/span><\/strong><\/span><\/td>\n<td style=\"width: 77.3204%; height: 24px;\"><span style=\"font-family: arial, helvetica, sans-serif; font-size: 12pt;\">Reciclado<\/span><\/td>\n<\/tr>\n<tr style=\"height: 40px; background-color: #99ccff;\">\n<td style=\"width: 22.6796%; height: 24px;\"><span style=\"font-size: 12pt;\"><strong><span style=\"font-family: arial, helvetica, sans-serif;\">Tipo de saco de papel<\/span><\/strong><\/span><\/td>\n<td style=\"width: 77.3204%; height: 24px;\"><span style=\"font-family: arial, helvetica, sans-serif; font-size: 12pt;\">Saco de papel para presente, sacolas de compras<\/span><\/td>\n<\/tr>\n<tr style=\"height: 40px; background-color: #ebebeb;\">\n<td style=\"width: 22.6796%; height: 24px;\"><span style=\"font-size: 12pt;\"><strong><span style=\"font-family: arial, helvetica, sans-serif;\">Tempo de resposta<\/span><\/strong><\/span><\/td>\n<td style=\"width: 77.3204%; height: 24px;\"><span style=\"font-family: arial, helvetica, sans-serif; font-size: 12pt;\">7 a 15 dias \u00fateis, RUSH<\/span><\/td>\n<\/tr>\n<tr style=\"height: 40px; background-color: #99ccff;\">\n<td style=\"width: 22.6796%; height: 24px;\"><span style=\"font-size: 12pt;\"><strong><span style=\"font-family: arial, helvetica, sans-serif;\">Envio<\/span><\/strong><\/span><\/td>\n<td style=\"width: 77.3204%; height: 24px;\"><span style=\"font-family: arial, helvetica, sans-serif; font-size: 12pt;\">A\u00e9reo, Mar\u00edtimo, Expresso<\/span><\/td>\n<\/tr>\n<\/tbody>\n<\/table>\n<p>&nbsp;<\/p>","protected":false},"featured_media":3157,"comment_status":"open","ping_status":"closed","template":"","meta":[],"product_brand":[],"product_cat":[20,34],"product_tag":[],"class_list":{"0":"post-3154","1":"product","2":"type-product","3":"status-publish","4":"has-post-thumbnail","6":"product_cat-kraft-paper-bag","7":"product_cat-paper-packing","9":"first","10":"instock","11":"shipping-taxable","12":"product-type-simple"},"_links":{"self":[{"href":"https:\/\/polysmarts.com\/pt\/wp-json\/wp\/v2\/product\/3154","targetHints":{"allow":["GET"]}}],"collection":[{"href":"https:\/\/polysmarts.com\/pt\/wp-json\/wp\/v2\/product"}],"about":[{"href":"https:\/\/polysmarts.com\/pt\/wp-json\/wp\/v2\/types\/product"}],"replies":[{"embeddable":true,"href":"https:\/\/polysmarts.com\/pt\/wp-json\/wp\/v2\/comments?post=3154"}],"version-history":[{"count":2,"href":"https:\/\/polysmarts.com\/pt\/wp-json\/wp\/v2\/product\/3154\/revisions"}],"predecessor-version":[{"id":3163,"href":"https:\/\/polysmarts.com\/pt\/wp-json\/wp\/v2\/product\/3154\/revisions\/3163"}],"wp:featuredmedia":[{"embeddable":true,"href":"https:\/\/polysmarts.com\/pt\/wp-json\/wp\/v2\/media\/3157"}],"wp:attachment":[{"href":"https:\/\/polysmarts.com\/pt\/wp-json\/wp\/v2\/media?parent=3154"}],"wp:term":[{"taxonomy":"product_brand","embeddable":true,"href":"https:\/\/polysmarts.com\/pt\/wp-json\/wp\/v2\/product_brand?post=3154"},{"taxonomy":"product_cat","embeddable":true,"href":"https:\/\/polysmarts.com\/pt\/wp-json\/wp\/v2\/product_cat?post=3154"},{"taxonomy":"product_tag","embeddable":true,"href":"https:\/\/polysmarts.com\/pt\/wp-json\/wp\/v2\/product_tag?post=3154"}],"curies":[{"name":"wp","href":"https:\/\/api.w.org\/{rel}","templated":true}]}}