{"id":3144,"date":"2024-05-09T09:04:39","date_gmt":"2024-05-09T09:04:39","guid":{"rendered":"https:\/\/polysmarts.com\/?post_type=product&#038;p=3144"},"modified":"2024-05-09T09:25:27","modified_gmt":"2024-05-09T09:25:27","slug":"sacos-de-papel-de-papelao-ecologicos-com-alca","status":"publish","type":"product","link":"https:\/\/polysmarts.com\/pt\/product\/eco-friendly-cardboard-paper-bags-with-handle\/","title":{"rendered":"Sacos de papel de papel\u00e3o ecol\u00f3gicos com al\u00e7a"},"content":{"rendered":"<p class=\"whitespace-pre-wrap break-words\">Eleve seu jogo de embalagens com nossa impress\u00e3o de design personalizado de moda de luxo, sacos de papel de papel\u00e3o ecol\u00f3gicos para compras no atacado com al\u00e7a. Estas bolsas requintadas foram projetadas para impressionar, combinando eleg\u00e2ncia e funcionalidade para uma experi\u00eancia de presentear verdadeiramente not\u00e1vel.<\/p>\n<p class=\"whitespace-pre-wrap break-words\">Caracter\u00edsticas principais:<\/p>\n<p class=\"whitespace-pre-wrap break-words\">Acabamento fosco de alta qualidade: elaboradas com aten\u00e7\u00e3o meticulosa aos detalhes, essas lindas sacolas para presentes apresentam um acabamento fosco luxuoso e suave, exalando sofistica\u00e7\u00e3o e eleg\u00e2ncia. A superf\u00edcie fosca adiciona um toque de glamour discreto, tornando-os perfeitos para qualquer ocasi\u00e3o sofisticada.<\/p>\n<p class=\"whitespace-pre-wrap break-words\">Cord\u00e3o elegante e etiqueta para pendurar: cada bolsa \u00e9 adornada com um elegante cord\u00e3o torcido na cor correspondente e uma etiqueta para pendurar combinando, adicionando um toque de requinte e tornando-os um prazer de presentear. Esses detalhes cuidadosos elevam a apresenta\u00e7\u00e3o geral, garantindo uma experi\u00eancia verdadeiramente memor\u00e1vel.<\/p>\n<p class=\"whitespace-pre-wrap break-words\">Vasta sele\u00e7\u00e3o de cores e padr\u00f5es: com uma vasta gama de cores e padr\u00f5es para escolher, incluindo azul claro, bord\u00f4 rico, rosa pastel e muito mais, voc\u00ea encontrar\u00e1 o tom perfeito para complementar qualquer ocasi\u00e3o. Quer se trate de uma celebra\u00e7\u00e3o vibrante ou de um evento mais discreto, a nossa sele\u00e7\u00e3o tem algo para se adequar a cada evento.<\/p>\n<p class=\"whitespace-pre-wrap break-words\">Aplica\u00e7\u00f5es vers\u00e1teis: Estas sacolas de papel luxuosas com al\u00e7as s\u00e3o perfeitas para uma ampla variedade de ocasi\u00f5es, incluindo formaturas, ch\u00e1s de beb\u00ea, ch\u00e1s de panela, festas de anivers\u00e1rio, feriados de inverno como Natal e Hanukkah, eventos corporativos, casamentos, reuni\u00f5es familiares e muito mais. Sua versatilidade garante que sejam uma adi\u00e7\u00e3o valiosa a qualquer empreendimento de presente ou embalagem.<\/p>\n<p class=\"whitespace-pre-wrap break-words\">Ecologicamente correto e sustent\u00e1vel: N\u00f3s da Jillson &amp; Roberts estamos comprometidos em fornecer embalagens de presentes elegantes e premium, sacolas para presentes, sacolas de vinho e acess\u00f3rios de embrulho para presentes, ao mesmo tempo em que somos ecologicamente corretos e ecol\u00f3gicos. Nosso compromisso com a qualidade e a sustentabilidade se reflete em todos os produtos que oferecemos, garantindo que voc\u00ea possa desfrutar do luxo e, ao mesmo tempo, minimizar o impacto ambiental.<\/p>\n<p class=\"whitespace-pre-wrap break-words\">Eleve sua experi\u00eancia em presentes e embalagens com nossa impress\u00e3o de design personalizado de moda de luxo no atacado, embalagens de compras ecol\u00f3gicas, sacos de papel de papel\u00e3o com al\u00e7a. Abrace a combina\u00e7\u00e3o perfeita de estilo, eleg\u00e2ncia e sustentabilidade e deixe uma impress\u00e3o duradoura em seus destinat\u00e1rios com cada presente atencioso.<\/p>","protected":false},"excerpt":{"rendered":"<table style=\"height: 360px; width: 99.8505%; border-collapse: collapse;\" border=\"2\">\n<tbody>\n<tr style=\"height: 40px;\">\n<td style=\"width: 22.6796%; height: 30px; background-color: #99ccff;\"><span style=\"font-family: arial, helvetica, sans-serif; font-size: 12pt;\"><strong>Dimens\u00e3o e estilo<\/strong><\/span><\/td>\n<td style=\"width: 77.3204%; height: 30px; background-color: #99ccff;\"><span style=\"font-family: arial, helvetica, sans-serif; font-size: 12pt;\">Formas e tamanhos personalizados<\/span><\/td>\n<\/tr>\n<tr style=\"height: 40px;\">\n<td style=\"width: 22.6796%; height: 34px; background-color: #ebebeb;\"><span style=\"font-size: 12pt;\"><strong><span style=\"font-family: arial, helvetica, sans-serif;\">Quantidade m\u00ednima de pedido<\/span><\/strong><\/span><\/td>\n<td style=\"width: 77.3204%; height: 34px; background-color: #ebebeb;\"><span style=\"font-family: arial, helvetica, sans-serif; font-size: 12pt;\">1000pcs sem personaliza\u00e7\u00e3o, 5000pcs para personaliza\u00e7\u00e3o<\/span><\/td>\n<\/tr>\n<tr style=\"height: 40px; background-color: #99ccff;\">\n<td style=\"width: 22.6796%; height: 24px;\"><span style=\"font-size: 12pt;\"><strong><span style=\"font-family: arial, helvetica, sans-serif;\">Tipo de embalagem<\/span><\/strong><\/span><\/td>\n<td style=\"width: 77.3204%; height: 24px;\"><span style=\"font-family: arial, helvetica, sans-serif; font-size: 12pt;\">Sacos de papel com al\u00e7as\u00a0<\/span><\/td>\n<\/tr>\n<tr style=\"height: 40px; background-color: #ebebeb;\">\n<td style=\"width: 22.6796%; height: 24px;\"><span style=\"font-size: 12pt;\"><strong><span style=\"font-family: arial, helvetica, sans-serif;\">Material<\/span><\/strong><\/span><\/td>\n<td style=\"width: 77.3204%; height: 24px;\"><span style=\"font-family: arial, helvetica, sans-serif; font-size: 12pt;\">Papel\u00e3o<\/span><\/td>\n<\/tr>\n<tr style=\"height: 40px; background-color: #99ccff;\">\n<td style=\"width: 22.6796%; height: 24px;\"><span style=\"font-size: 12pt;\"><strong><span style=\"font-family: arial, helvetica, sans-serif;\">Acabamento<\/span><\/strong><\/span><\/td>\n<td style=\"width: 77.3204%; height: 24px;\"><span style=\"font-family: arial, helvetica, sans-serif; font-size: 12pt;\">Impress\u00e3o de tela<\/span><\/td>\n<\/tr>\n<tr style=\"height: 40px; background-color: #ebebeb;\">\n<td style=\"width: 22.6796%; height: 24px;\"><span style=\"font-size: 12pt;\"><strong><span style=\"font-family: arial, helvetica, sans-serif;\">Recurso<\/span><\/strong><\/span><\/td>\n<td style=\"width: 77.3204%; height: 24px;\"><span style=\"font-family: arial, helvetica, sans-serif; font-size: 12pt;\">Reciclado<\/span><\/td>\n<\/tr>\n<tr style=\"height: 40px; background-color: #99ccff;\">\n<td style=\"width: 22.6796%; height: 24px;\"><span style=\"font-size: 12pt;\"><strong><span style=\"font-family: arial, helvetica, sans-serif;\">Tipo de saco de papel<\/span><\/strong><\/span><\/td>\n<td style=\"width: 77.3204%; height: 24px;\"><span style=\"font-family: arial, helvetica, sans-serif; font-size: 12pt;\">Saco de papel para presente, sacolas de compras<\/span><\/td>\n<\/tr>\n<tr style=\"height: 40px; background-color: #ebebeb;\">\n<td style=\"width: 22.6796%; height: 24px;\"><span style=\"font-size: 12pt;\"><strong><span style=\"font-family: arial, helvetica, sans-serif;\">Tempo de resposta<\/span><\/strong><\/span><\/td>\n<td style=\"width: 77.3204%; height: 24px;\"><span style=\"font-family: arial, helvetica, sans-serif; font-size: 12pt;\">7 a 15 dias \u00fateis, RUSH<\/span><\/td>\n<\/tr>\n<tr style=\"height: 40px; background-color: #99ccff;\">\n<td style=\"width: 22.6796%; height: 24px;\"><span style=\"font-size: 12pt;\"><strong><span style=\"font-family: arial, helvetica, sans-serif;\">Envio<\/span><\/strong><\/span><\/td>\n<td style=\"width: 77.3204%; height: 24px;\"><span style=\"font-family: arial, helvetica, sans-serif; font-size: 12pt;\">A\u00e9reo, Mar\u00edtimo, Expresso<\/span><\/td>\n<\/tr>\n<\/tbody>\n<\/table>\n<p>&nbsp;<\/p>","protected":false},"featured_media":3146,"comment_status":"open","ping_status":"closed","template":"","meta":[],"product_brand":[],"product_cat":[20,34],"product_tag":[],"class_list":{"0":"post-3144","1":"product","2":"type-product","3":"status-publish","4":"has-post-thumbnail","6":"product_cat-kraft-paper-bag","7":"product_cat-paper-packing","9":"first","10":"instock","11":"shipping-taxable","12":"product-type-simple"},"_links":{"self":[{"href":"https:\/\/polysmarts.com\/pt\/wp-json\/wp\/v2\/product\/3144","targetHints":{"allow":["GET"]}}],"collection":[{"href":"https:\/\/polysmarts.com\/pt\/wp-json\/wp\/v2\/product"}],"about":[{"href":"https:\/\/polysmarts.com\/pt\/wp-json\/wp\/v2\/types\/product"}],"replies":[{"embeddable":true,"href":"https:\/\/polysmarts.com\/pt\/wp-json\/wp\/v2\/comments?post=3144"}],"version-history":[{"count":2,"href":"https:\/\/polysmarts.com\/pt\/wp-json\/wp\/v2\/product\/3144\/revisions"}],"predecessor-version":[{"id":3152,"href":"https:\/\/polysmarts.com\/pt\/wp-json\/wp\/v2\/product\/3144\/revisions\/3152"}],"wp:featuredmedia":[{"embeddable":true,"href":"https:\/\/polysmarts.com\/pt\/wp-json\/wp\/v2\/media\/3146"}],"wp:attachment":[{"href":"https:\/\/polysmarts.com\/pt\/wp-json\/wp\/v2\/media?parent=3144"}],"wp:term":[{"taxonomy":"product_brand","embeddable":true,"href":"https:\/\/polysmarts.com\/pt\/wp-json\/wp\/v2\/product_brand?post=3144"},{"taxonomy":"product_cat","embeddable":true,"href":"https:\/\/polysmarts.com\/pt\/wp-json\/wp\/v2\/product_cat?post=3144"},{"taxonomy":"product_tag","embeddable":true,"href":"https:\/\/polysmarts.com\/pt\/wp-json\/wp\/v2\/product_tag?post=3144"}],"curies":[{"name":"wp","href":"https:\/\/api.w.org\/{rel}","templated":true}]}}