{"id":3135,"date":"2024-05-09T08:48:55","date_gmt":"2024-05-09T08:48:55","guid":{"rendered":"https:\/\/polysmarts.com\/?post_type=product&#038;p=3135"},"modified":"2024-05-09T08:57:54","modified_gmt":"2024-05-09T08:57:54","slug":"sacos-de-presente-de-papel-kraft-para-presente-de-aniversario-com-alca","status":"publish","type":"product","link":"https:\/\/polysmarts.com\/pt\/product\/birthday-gift-kraft-paper-gift-bags-with-handle\/","title":{"rendered":"Sacos de presente de papel Kraft para presente de anivers\u00e1rio com al\u00e7a"},"content":{"rendered":"<p class=\"whitespace-pre-wrap break-words\">Eleve sua experi\u00eancia em presentes e embalagens com nossos sacos de presente de papel Kraft de anivers\u00e1rio reciclado com impress\u00e3o de logotipo personalizado e al\u00e7as em estoque. Estas bolsas ecol\u00f3gicas combinam estilo e funcionalidade, tornando-as a escolha perfeita para todas as suas necessidades de celebra\u00e7\u00e3o.<\/p>\n<p class=\"whitespace-pre-wrap break-words\">Caracter\u00edsticas principais:<\/p>\n<p class=\"whitespace-pre-wrap break-words\">\u3010Materiais de alta qualidade\u3011: Fabricadas em papel extra grosso de alta qualidade, essas bolsas apresentam uma superf\u00edcie lisa e cores vibrantes. Eles s\u00e3o resistentes e dur\u00e1veis, garantindo que possam suportar quase todas as necessidades di\u00e1rias de presentes para festas, fornecendo solu\u00e7\u00f5es de embalagem confi\u00e1veis.<\/p>\n<p class=\"whitespace-pre-wrap break-words\">\u3010Versatilidade para v\u00e1rias ocasi\u00f5es\u3011: Seja para comemora\u00e7\u00f5es de anivers\u00e1rio, sacolas de guloseimas, casamentos, lembrancinhas, compras, presentes de agradecimento, sacolas de doces, ch\u00e1s de beb\u00ea, embalagens de varejo ou sacolas de guloseimas, essas sacolas de papel vers\u00e1teis com al\u00e7as s\u00e3o perfeitas escolha para cada ocasi\u00e3o.<\/p>\n<p class=\"whitespace-pre-wrap break-words\">\u3010Brilhante e festivo\u3011: Com seu design decente e elegante, essas sacolas de papel para presente com al\u00e7as ir\u00e3o, sem d\u00favida, alegrar qualquer celebra\u00e7\u00e3o. Sua apar\u00eancia atraente os torna uma excelente escolha para adicionar um toque de festa aos seus eventos.<\/p>\n<p class=\"whitespace-pre-wrap break-words\">\u3010Impress\u00e3o de logotipo personalizado\u3011: Personalize estas bolsas com seu pr\u00f3prio logotipo ou design personalizado, tornando-as verdadeiramente \u00fanicas e refletindo sua marca ou tema do evento. Nosso processo de impress\u00e3o de alta qualidade garante uma apar\u00eancia profissional e sofisticada que deixar\u00e1 uma impress\u00e3o duradoura.<\/p>\n<p class=\"whitespace-pre-wrap break-words\">\u3010Ecologicamente correto e sustent\u00e1vel\u3011: Feitos com materiais reciclados, esses sacos n\u00e3o s\u00f3 oferecem uma solu\u00e7\u00e3o elegante e funcional, mas tamb\u00e9m contribuem para um futuro mais sustent\u00e1vel. Escolha estas sacolas ecol\u00f3gicas e tenha um impacto positivo no meio ambiente.<\/p>\n<p class=\"whitespace-pre-wrap break-words\">Abaste\u00e7a-se de nossas al\u00e7as de saco de papel para embalagens de alimentos para embalagens de alimentos com impress\u00e3o de logotipo personalizado reciclado de anivers\u00e1rio branco e eleve seu jogo de presentes e embalagens. Com sua durabilidade, versatilidade e design atraente, essas bolsas s\u00e3o a escolha perfeita para todas as suas necessidades de celebra\u00e7\u00e3o, garantindo uma experi\u00eancia memor\u00e1vel e ecol\u00f3gica.<\/p>","protected":false},"excerpt":{"rendered":"<table style=\"height: 360px; width: 99.8505%; border-collapse: collapse;\" border=\"2\">\n<tbody>\n<tr style=\"height: 40px;\">\n<td style=\"width: 22.6796%; height: 30px; background-color: #99ccff;\"><span style=\"font-family: arial, helvetica, sans-serif; font-size: 12pt;\"><strong>Dimens\u00e3o e estilo<\/strong><\/span><\/td>\n<td style=\"width: 77.3204%; height: 30px; background-color: #99ccff;\"><span style=\"font-family: arial, helvetica, sans-serif; font-size: 12pt;\">Formas e tamanhos personalizados<\/span><\/td>\n<\/tr>\n<tr style=\"height: 40px;\">\n<td style=\"width: 22.6796%; height: 34px; background-color: #ebebeb;\"><span style=\"font-size: 12pt;\"><strong><span style=\"font-family: arial, helvetica, sans-serif;\">Quantidade m\u00ednima de pedido<\/span><\/strong><\/span><\/td>\n<td style=\"width: 77.3204%; height: 34px; background-color: #ebebeb;\"><span style=\"font-family: arial, helvetica, sans-serif; font-size: 12pt;\">1000pcs sem personaliza\u00e7\u00e3o, 5000pcs para personaliza\u00e7\u00e3o<\/span><\/td>\n<\/tr>\n<tr style=\"height: 40px; background-color: #99ccff;\">\n<td style=\"width: 22.6796%; height: 24px;\"><span style=\"font-size: 12pt;\"><strong><span style=\"font-family: arial, helvetica, sans-serif;\">Tipo de embalagem<\/span><\/strong><\/span><\/td>\n<td style=\"width: 77.3204%; height: 24px;\"><span style=\"font-family: arial, helvetica, sans-serif; font-size: 12pt;\">Sacos de presente de papel com al\u00e7as\u00a0<\/span><\/td>\n<\/tr>\n<tr style=\"height: 40px; background-color: #ebebeb;\">\n<td style=\"width: 22.6796%; height: 24px;\"><span style=\"font-size: 12pt;\"><strong><span style=\"font-family: arial, helvetica, sans-serif;\">Material<\/span><\/strong><\/span><\/td>\n<td style=\"width: 77.3204%; height: 24px;\"><span style=\"font-family: arial, helvetica, sans-serif; font-size: 12pt;\">Papel kraft<\/span><\/td>\n<\/tr>\n<tr style=\"height: 40px; background-color: #99ccff;\">\n<td style=\"width: 22.6796%; height: 24px;\"><span style=\"font-size: 12pt;\"><strong><span style=\"font-family: arial, helvetica, sans-serif;\">Acabamento<\/span><\/strong><\/span><\/td>\n<td style=\"width: 77.3204%; height: 24px;\"><span style=\"font-family: arial, helvetica, sans-serif; font-size: 12pt;\">Impress\u00e3o de tela<\/span><\/td>\n<\/tr>\n<tr style=\"height: 40px; background-color: #ebebeb;\">\n<td style=\"width: 22.6796%; height: 24px;\"><span style=\"font-size: 12pt;\"><strong><span style=\"font-family: arial, helvetica, sans-serif;\">Recurso<\/span><\/strong><\/span><\/td>\n<td style=\"width: 77.3204%; height: 24px;\"><span style=\"font-family: arial, helvetica, sans-serif; font-size: 12pt;\">Reciclado<\/span><\/td>\n<\/tr>\n<tr style=\"height: 40px; background-color: #99ccff;\">\n<td style=\"width: 22.6796%; height: 24px;\"><span style=\"font-size: 12pt;\"><strong><span style=\"font-family: arial, helvetica, sans-serif;\">Tipo de saco de papel<\/span><\/strong><\/span><\/td>\n<td style=\"width: 77.3204%; height: 24px;\"><span style=\"font-family: arial, helvetica, sans-serif; font-size: 12pt;\">Saco de papel para presente, sacolas de compras<\/span><\/td>\n<\/tr>\n<tr style=\"height: 40px; background-color: #ebebeb;\">\n<td style=\"width: 22.6796%; height: 24px;\"><span style=\"font-size: 12pt;\"><strong><span style=\"font-family: arial, helvetica, sans-serif;\">Tempo de resposta<\/span><\/strong><\/span><\/td>\n<td style=\"width: 77.3204%; height: 24px;\"><span style=\"font-family: arial, helvetica, sans-serif; font-size: 12pt;\">7 a 15 dias \u00fateis, RUSH<\/span><\/td>\n<\/tr>\n<tr style=\"height: 40px; background-color: #99ccff;\">\n<td style=\"width: 22.6796%; height: 24px;\"><span style=\"font-size: 12pt;\"><strong><span style=\"font-family: arial, helvetica, sans-serif;\">Envio<\/span><\/strong><\/span><\/td>\n<td style=\"width: 77.3204%; height: 24px;\"><span style=\"font-family: arial, helvetica, sans-serif; font-size: 12pt;\">A\u00e9reo, Mar\u00edtimo, Expresso<\/span><\/td>\n<\/tr>\n<\/tbody>\n<\/table>\n<p>&nbsp;<\/p>","protected":false},"featured_media":3136,"comment_status":"open","ping_status":"closed","template":"","meta":[],"product_brand":[],"product_cat":[20,34],"product_tag":[],"class_list":{"0":"post-3135","1":"product","2":"type-product","3":"status-publish","4":"has-post-thumbnail","6":"product_cat-kraft-paper-bag","7":"product_cat-paper-packing","9":"first","10":"instock","11":"shipping-taxable","12":"product-type-simple"},"_links":{"self":[{"href":"https:\/\/polysmarts.com\/pt\/wp-json\/wp\/v2\/product\/3135","targetHints":{"allow":["GET"]}}],"collection":[{"href":"https:\/\/polysmarts.com\/pt\/wp-json\/wp\/v2\/product"}],"about":[{"href":"https:\/\/polysmarts.com\/pt\/wp-json\/wp\/v2\/types\/product"}],"replies":[{"embeddable":true,"href":"https:\/\/polysmarts.com\/pt\/wp-json\/wp\/v2\/comments?post=3135"}],"version-history":[{"count":2,"href":"https:\/\/polysmarts.com\/pt\/wp-json\/wp\/v2\/product\/3135\/revisions"}],"predecessor-version":[{"id":3143,"href":"https:\/\/polysmarts.com\/pt\/wp-json\/wp\/v2\/product\/3135\/revisions\/3143"}],"wp:featuredmedia":[{"embeddable":true,"href":"https:\/\/polysmarts.com\/pt\/wp-json\/wp\/v2\/media\/3136"}],"wp:attachment":[{"href":"https:\/\/polysmarts.com\/pt\/wp-json\/wp\/v2\/media?parent=3135"}],"wp:term":[{"taxonomy":"product_brand","embeddable":true,"href":"https:\/\/polysmarts.com\/pt\/wp-json\/wp\/v2\/product_brand?post=3135"},{"taxonomy":"product_cat","embeddable":true,"href":"https:\/\/polysmarts.com\/pt\/wp-json\/wp\/v2\/product_cat?post=3135"},{"taxonomy":"product_tag","embeddable":true,"href":"https:\/\/polysmarts.com\/pt\/wp-json\/wp\/v2\/product_tag?post=3135"}],"curies":[{"name":"wp","href":"https:\/\/api.w.org\/{rel}","templated":true}]}}