{"id":3125,"date":"2024-05-09T08:25:53","date_gmt":"2024-05-09T08:25:53","guid":{"rendered":"https:\/\/polysmarts.com\/?post_type=product&#038;p=3125"},"modified":"2024-05-09T08:35:23","modified_gmt":"2024-05-09T08:35:23","slug":"sacola-de-compras-kraft-rosa-com-logotipo-personalizado-para-presente-de-aniversario","status":"publish","type":"product","link":"https:\/\/polysmarts.com\/pt\/product\/custom-logo-birthday-gift-pink-kraft-shopping-bag\/","title":{"rendered":"Sacola de compras Kraft rosa para presente de anivers\u00e1rio com logotipo personalizado"},"content":{"rendered":"<p class=\"whitespace-pre-wrap break-words\">Eleve suas celebra\u00e7\u00f5es com nossa sacola de compras Kraft rosa para presente de anivers\u00e1rio com logotipo personalizado. Estas bolsas chiques e vibrantes s\u00e3o o complemento perfeito para qualquer festa de anivers\u00e1rio, adicionando um toque de capricho e alegria ao seu dia especial.<\/p>\n<p class=\"whitespace-pre-wrap break-words\">Caracter\u00edsticas principais:<\/p>\n<ol class=\"list-decimal pl-8 space-y-2 -mt-1\">\n<li class=\"whitespace-normal break-words\">Material confi\u00e1vel e seguro: confeccionadas em papel kraft de alta qualidade, nossas sacolas de festa de anivers\u00e1rio est\u00e3o livres de odores estranhos, garantindo um material seguro e resistente para seus preciosos presentes. Os padr\u00f5es e designs coloridos certamente ir\u00e3o encantar, tornando-os ideais para lembrancinhas de anivers\u00e1rio de meninas.<\/li>\n<li class=\"whitespace-normal break-words\">Amplas aplica\u00e7\u00f5es: essas vers\u00e1teis sacolas de anivers\u00e1rio podem acomodar uma variedade de pequenos presentes, joias, doces, lanches e muito mais. Eles s\u00e3o adequados n\u00e3o apenas para festas de anivers\u00e1rio, mas tamb\u00e9m para festas de ch\u00e1, ch\u00e1s de panela, ch\u00e1s de beb\u00ea, casamentos ou qualquer outra ocasi\u00e3o em que voc\u00ea precise presentear pequenas fichas ou guardar pequenos itens.<\/li>\n<li class=\"whitespace-normal break-words\">Designs personalizados e vibrantes: nossas sacolas para lembrancinhas de anivers\u00e1rio apresentam uma variedade de designs atraentes, incluindo bal\u00f5es coloridos, deliciosas sobremesas de cupcake, velas festivas e muito mais. Esses padr\u00f5es encantadores ir\u00e3o adicionar uma dose extra de atmosfera e divers\u00e3o \u00e0 sua festa de anivers\u00e1rio e outras comemora\u00e7\u00f5es.<\/li>\n<li class=\"whitespace-normal break-words\">Op\u00e7\u00f5es de logotipo personalizado: personalize suas sacolas de presente com seu pr\u00f3prio logotipo ou design, tornando-as verdadeiramente \u00fanicas e refletindo sua marca ou tema do evento. Nossas op\u00e7\u00f5es de impress\u00e3o de logotipo personalizado garantem uma apar\u00eancia profissional e sofisticada que deixar\u00e1 uma impress\u00e3o duradoura.<\/li>\n<\/ol>\n<p class=\"whitespace-pre-wrap break-words\">Comemore com estilo com nossa sacola de compras Kraft rosa para presente de anivers\u00e1rio com logotipo personalizado. Estas bolsas elegantes e funcionais n\u00e3o apenas adicionam um toque de capricho \u00e0s suas celebra\u00e7\u00f5es, mas tamb\u00e9m fornecem uma maneira segura e confi\u00e1vel de presentear seus entes queridos, tornando cada ocasi\u00e3o verdadeiramente memor\u00e1vel.<\/p>","protected":false},"excerpt":{"rendered":"<table style=\"height: 360px; width: 99.8505%; border-collapse: collapse;\" border=\"2\">\n<tbody>\n<tr style=\"height: 40px;\">\n<td style=\"width: 22.6796%; height: 30px; background-color: #99ccff;\"><span style=\"font-family: arial, helvetica, sans-serif; font-size: 12pt;\"><strong>Dimens\u00e3o e estilo<\/strong><\/span><\/td>\n<td style=\"width: 77.3204%; height: 30px; background-color: #99ccff;\"><span style=\"font-family: arial, helvetica, sans-serif; font-size: 12pt;\">Formas e tamanhos personalizados<\/span><\/td>\n<\/tr>\n<tr style=\"height: 40px;\">\n<td style=\"width: 22.6796%; height: 34px; background-color: #ebebeb;\"><span style=\"font-size: 12pt;\"><strong><span style=\"font-family: arial, helvetica, sans-serif;\">Quantidade m\u00ednima de pedido<\/span><\/strong><\/span><\/td>\n<td style=\"width: 77.3204%; height: 34px; background-color: #ebebeb;\"><span style=\"font-family: arial, helvetica, sans-serif; font-size: 12pt;\">1000pcs sem personaliza\u00e7\u00e3o, 5000pcs para personaliza\u00e7\u00e3o<\/span><\/td>\n<\/tr>\n<tr style=\"height: 40px; background-color: #99ccff;\">\n<td style=\"width: 22.6796%; height: 24px;\"><span style=\"font-size: 12pt;\"><strong><span style=\"font-family: arial, helvetica, sans-serif;\">Tipo de embalagem<\/span><\/strong><\/span><\/td>\n<td style=\"width: 77.3204%; height: 24px;\"><span style=\"font-family: arial, helvetica, sans-serif; font-size: 12pt;\">Sacolas de compras Kraft\u00a0<\/span><\/td>\n<\/tr>\n<tr style=\"height: 40px; background-color: #ebebeb;\">\n<td style=\"width: 22.6796%; height: 24px;\"><span style=\"font-size: 12pt;\"><strong><span style=\"font-family: arial, helvetica, sans-serif;\">Material<\/span><\/strong><\/span><\/td>\n<td style=\"width: 77.3204%; height: 24px;\"><span style=\"font-family: arial, helvetica, sans-serif; font-size: 12pt;\">Papel kraft<\/span><\/td>\n<\/tr>\n<tr style=\"height: 40px; background-color: #99ccff;\">\n<td style=\"width: 22.6796%; height: 24px;\"><span style=\"font-size: 12pt;\"><strong><span style=\"font-family: arial, helvetica, sans-serif;\">Acabamento<\/span><\/strong><\/span><\/td>\n<td style=\"width: 77.3204%; height: 24px;\"><span style=\"font-family: arial, helvetica, sans-serif; font-size: 12pt;\">Impress\u00e3o de tela<\/span><\/td>\n<\/tr>\n<tr style=\"height: 40px; background-color: #ebebeb;\">\n<td style=\"width: 22.6796%; height: 24px;\"><span style=\"font-size: 12pt;\"><strong><span style=\"font-family: arial, helvetica, sans-serif;\">Recurso<\/span><\/strong><\/span><\/td>\n<td style=\"width: 77.3204%; height: 24px;\"><span style=\"font-family: arial, helvetica, sans-serif; font-size: 12pt;\">Reciclado<\/span><\/td>\n<\/tr>\n<tr style=\"height: 40px; background-color: #99ccff;\">\n<td style=\"width: 22.6796%; height: 24px;\"><span style=\"font-size: 12pt;\"><strong><span style=\"font-family: arial, helvetica, sans-serif;\">Tipo de saco de papel<\/span><\/strong><\/span><\/td>\n<td style=\"width: 77.3204%; height: 24px;\"><span style=\"font-family: arial, helvetica, sans-serif; font-size: 12pt;\">Saco de papel para presente, sacolas de compras<\/span><\/td>\n<\/tr>\n<tr style=\"height: 40px; background-color: #ebebeb;\">\n<td style=\"width: 22.6796%; height: 24px;\"><span style=\"font-size: 12pt;\"><strong><span style=\"font-family: arial, helvetica, sans-serif;\">Tempo de resposta<\/span><\/strong><\/span><\/td>\n<td style=\"width: 77.3204%; height: 24px;\"><span style=\"font-family: arial, helvetica, sans-serif; font-size: 12pt;\">7 a 15 dias \u00fateis, RUSH<\/span><\/td>\n<\/tr>\n<tr style=\"height: 40px; background-color: #99ccff;\">\n<td style=\"width: 22.6796%; height: 24px;\"><span style=\"font-size: 12pt;\"><strong><span style=\"font-family: arial, helvetica, sans-serif;\">Envio<\/span><\/strong><\/span><\/td>\n<td style=\"width: 77.3204%; height: 24px;\"><span style=\"font-family: arial, helvetica, sans-serif; font-size: 12pt;\">A\u00e9reo, Mar\u00edtimo, Expresso<\/span><\/td>\n<\/tr>\n<\/tbody>\n<\/table>\n<p>&nbsp;<\/p>","protected":false},"featured_media":3131,"comment_status":"open","ping_status":"closed","template":"","meta":[],"product_brand":[],"product_cat":[20,34],"product_tag":[],"class_list":{"0":"post-3125","1":"product","2":"type-product","3":"status-publish","4":"has-post-thumbnail","6":"product_cat-kraft-paper-bag","7":"product_cat-paper-packing","9":"first","10":"instock","11":"shipping-taxable","12":"product-type-simple"},"_links":{"self":[{"href":"https:\/\/polysmarts.com\/pt\/wp-json\/wp\/v2\/product\/3125","targetHints":{"allow":["GET"]}}],"collection":[{"href":"https:\/\/polysmarts.com\/pt\/wp-json\/wp\/v2\/product"}],"about":[{"href":"https:\/\/polysmarts.com\/pt\/wp-json\/wp\/v2\/types\/product"}],"replies":[{"embeddable":true,"href":"https:\/\/polysmarts.com\/pt\/wp-json\/wp\/v2\/comments?post=3125"}],"version-history":[{"count":2,"href":"https:\/\/polysmarts.com\/pt\/wp-json\/wp\/v2\/product\/3125\/revisions"}],"predecessor-version":[{"id":3134,"href":"https:\/\/polysmarts.com\/pt\/wp-json\/wp\/v2\/product\/3125\/revisions\/3134"}],"wp:featuredmedia":[{"embeddable":true,"href":"https:\/\/polysmarts.com\/pt\/wp-json\/wp\/v2\/media\/3131"}],"wp:attachment":[{"href":"https:\/\/polysmarts.com\/pt\/wp-json\/wp\/v2\/media?parent=3125"}],"wp:term":[{"taxonomy":"product_brand","embeddable":true,"href":"https:\/\/polysmarts.com\/pt\/wp-json\/wp\/v2\/product_brand?post=3125"},{"taxonomy":"product_cat","embeddable":true,"href":"https:\/\/polysmarts.com\/pt\/wp-json\/wp\/v2\/product_cat?post=3125"},{"taxonomy":"product_tag","embeddable":true,"href":"https:\/\/polysmarts.com\/pt\/wp-json\/wp\/v2\/product_tag?post=3125"}],"curies":[{"name":"wp","href":"https:\/\/api.w.org\/{rel}","templated":true}]}}