{"id":3116,"date":"2024-05-09T06:51:36","date_gmt":"2024-05-09T06:51:36","guid":{"rendered":"https:\/\/polysmarts.com\/?post_type=product&#038;p=3116"},"modified":"2024-05-09T08:21:25","modified_gmt":"2024-05-09T08:21:25","slug":"embalagem-personalizada-de-saco-de-papel-com-glitter-de-luxo","status":"publish","type":"product","link":"https:\/\/polysmarts.com\/pt\/product\/custom-luxury-glitter-paper-bag-packaging\/","title":{"rendered":"Embalagem de saco de papel com brilho de luxo personalizado"},"content":{"rendered":"<p>Eleve sua experi\u00eancia de presentear com nossa embalagem personalizada de saco de papel com glitter de luxo. Estas requintadas sacolas de papel kraft foram projetadas n\u00e3o apenas para atender \u00e0s suas necessidades di\u00e1rias de embalagem, mas tamb\u00e9m para adicionar um toque de eleg\u00e2ncia e sofistica\u00e7\u00e3o ao compartilhar com amigos e entes queridos.<\/p>\n<p>Recurso<\/p>\n<ol class=\"list-decimal pl-8 space-y-2 -mt-1\">\n<li class=\"whitespace-normal break-words\">Material dur\u00e1vel e confi\u00e1vel: confeccionadas em papel de alta qualidade, nossas sacolas para presentes com glitter s\u00e3o pr\u00e1ticas, leves, reutiliz\u00e1veis e dobr\u00e1veis, garantindo comodidade para transportar ou armazenar quando n\u00e3o estiverem em uso.<\/li>\n<li class=\"whitespace-normal break-words\">Acabamento elegante com brilho: adornadas com um acabamento brilhante e brilhante, essas bolsas exalam uma sensa\u00e7\u00e3o de luxo e glamour. O glitter \u00e9 vibrante e brilhante, resistente ao desbotamento, dando um toque extra de brilho aos seus presentes.<\/li>\n<li class=\"whitespace-normal break-words\">Tela em branco para criatividade: Projetadas com superf\u00edcies em branco, nossas sacolas de compras met\u00e1licas fornecem uma tela em branco para liberar sua criatividade. Personalize-os pintando, bordando, pulverizando ou tingindo, embelezando-os com lindos padr\u00f5es, fitas, etiquetas e muito mais (n\u00e3o inclu\u00eddos), permitindo que voc\u00ea desfrute da alegria do artesanato DIY.<\/li>\n<li class=\"whitespace-normal break-words\">Vers\u00e1til e multifuncional: nossas sacolas de presente com glitter s\u00e3o vers\u00e1teis e adequadas para diversas ocasi\u00f5es. Use-os como sacolas esportivas, lancheiras, sacolas de praia, sacolas de compras, sacolas para presentes de dama de honra, sacolas para lembrancinhas, sacolas de piquenique, sacolas para fraldas e muito mais. Esteja voc\u00ea organizando uma festa de casamento, ch\u00e1 de panela, ch\u00e1 de beb\u00ea, festa de anivers\u00e1rio ou qualquer outro evento especial, essas bolsas trar\u00e3o comodidade e adicionar\u00e3o um toque de luxo.<\/li>\n<\/ol>","protected":false},"excerpt":{"rendered":"<table style=\"height: 360px; width: 99.8505%; border-collapse: collapse;\" border=\"2\">\n<tbody>\n<tr style=\"height: 40px;\">\n<td style=\"width: 22.6796%; height: 30px; background-color: #99ccff;\"><span style=\"font-family: arial, helvetica, sans-serif; font-size: 12pt;\"><strong>Dimens\u00e3o e estilo<\/strong><\/span><\/td>\n<td style=\"width: 77.3204%; height: 30px; background-color: #99ccff;\"><span style=\"font-family: arial, helvetica, sans-serif; font-size: 12pt;\">Formas e tamanhos personalizados<\/span><\/td>\n<\/tr>\n<tr style=\"height: 40px;\">\n<td style=\"width: 22.6796%; height: 34px; background-color: #ebebeb;\"><span style=\"font-size: 12pt;\"><strong><span style=\"font-family: arial, helvetica, sans-serif;\">Quantidade m\u00ednima de pedido<\/span><\/strong><\/span><\/td>\n<td style=\"width: 77.3204%; height: 34px; background-color: #ebebeb;\"><span style=\"font-family: arial, helvetica, sans-serif; font-size: 12pt;\">1000pcs sem personaliza\u00e7\u00e3o, 5000pcs para personaliza\u00e7\u00e3o<\/span><\/td>\n<\/tr>\n<tr style=\"height: 40px; background-color: #99ccff;\">\n<td style=\"width: 22.6796%; height: 24px;\"><span style=\"font-size: 12pt;\"><strong><span style=\"font-family: arial, helvetica, sans-serif;\">Tipo de embalagem<\/span><\/strong><\/span><\/td>\n<td style=\"width: 77.3204%; height: 24px;\"><span style=\"font-family: arial, helvetica, sans-serif; font-size: 12pt;\">Sacolas de compras Kraft\u00a0<\/span><\/td>\n<\/tr>\n<tr style=\"height: 40px; background-color: #ebebeb;\">\n<td style=\"width: 22.6796%; height: 24px;\"><span style=\"font-size: 12pt;\"><strong><span style=\"font-family: arial, helvetica, sans-serif;\">Material<\/span><\/strong><\/span><\/td>\n<td style=\"width: 77.3204%; height: 24px;\"><span style=\"font-family: arial, helvetica, sans-serif; font-size: 12pt;\">Papel kraft<\/span><\/td>\n<\/tr>\n<tr style=\"height: 40px; background-color: #99ccff;\">\n<td style=\"width: 22.6796%; height: 24px;\"><span style=\"font-size: 12pt;\"><strong><span style=\"font-family: arial, helvetica, sans-serif;\">Acabamento<\/span><\/strong><\/span><\/td>\n<td style=\"width: 77.3204%; height: 24px;\"><span style=\"font-family: arial, helvetica, sans-serif; font-size: 12pt;\">Impress\u00e3o de tela<\/span><\/td>\n<\/tr>\n<tr style=\"height: 40px; background-color: #ebebeb;\">\n<td style=\"width: 22.6796%; height: 24px;\"><span style=\"font-size: 12pt;\"><strong><span style=\"font-family: arial, helvetica, sans-serif;\">Recurso<\/span><\/strong><\/span><\/td>\n<td style=\"width: 77.3204%; height: 24px;\"><span style=\"font-family: arial, helvetica, sans-serif; font-size: 12pt;\">Reciclado<\/span><\/td>\n<\/tr>\n<tr style=\"height: 40px; background-color: #99ccff;\">\n<td style=\"width: 22.6796%; height: 24px;\"><span style=\"font-size: 12pt;\"><strong><span style=\"font-family: arial, helvetica, sans-serif;\">Tipo de saco de papel<\/span><\/strong><\/span><\/td>\n<td style=\"width: 77.3204%; height: 24px;\"><span style=\"font-family: arial, helvetica, sans-serif; font-size: 12pt;\">Saco de papel para presente, sacolas de compras<\/span><\/td>\n<\/tr>\n<tr style=\"height: 40px; background-color: #ebebeb;\">\n<td style=\"width: 22.6796%; height: 24px;\"><span style=\"font-size: 12pt;\"><strong><span style=\"font-family: arial, helvetica, sans-serif;\">Tempo de resposta<\/span><\/strong><\/span><\/td>\n<td style=\"width: 77.3204%; height: 24px;\"><span style=\"font-family: arial, helvetica, sans-serif; font-size: 12pt;\">7 a 15 dias \u00fateis, RUSH<\/span><\/td>\n<\/tr>\n<tr style=\"height: 40px; background-color: #99ccff;\">\n<td style=\"width: 22.6796%; height: 24px;\"><span style=\"font-size: 12pt;\"><strong><span style=\"font-family: arial, helvetica, sans-serif;\">Envio<\/span><\/strong><\/span><\/td>\n<td style=\"width: 77.3204%; height: 24px;\"><span style=\"font-family: arial, helvetica, sans-serif; font-size: 12pt;\">A\u00e9reo, Mar\u00edtimo, Expresso<\/span><\/td>\n<\/tr>\n<\/tbody>\n<\/table>\n<p>&nbsp;<\/p>","protected":false},"featured_media":3117,"comment_status":"open","ping_status":"closed","template":"","meta":[],"product_brand":[],"product_cat":[20,34],"product_tag":[],"class_list":{"0":"post-3116","1":"product","2":"type-product","3":"status-publish","4":"has-post-thumbnail","6":"product_cat-kraft-paper-bag","7":"product_cat-paper-packing","9":"first","10":"instock","11":"shipping-taxable","12":"product-type-simple"},"_links":{"self":[{"href":"https:\/\/polysmarts.com\/pt\/wp-json\/wp\/v2\/product\/3116","targetHints":{"allow":["GET"]}}],"collection":[{"href":"https:\/\/polysmarts.com\/pt\/wp-json\/wp\/v2\/product"}],"about":[{"href":"https:\/\/polysmarts.com\/pt\/wp-json\/wp\/v2\/types\/product"}],"replies":[{"embeddable":true,"href":"https:\/\/polysmarts.com\/pt\/wp-json\/wp\/v2\/comments?post=3116"}],"version-history":[{"count":2,"href":"https:\/\/polysmarts.com\/pt\/wp-json\/wp\/v2\/product\/3116\/revisions"}],"predecessor-version":[{"id":3124,"href":"https:\/\/polysmarts.com\/pt\/wp-json\/wp\/v2\/product\/3116\/revisions\/3124"}],"wp:featuredmedia":[{"embeddable":true,"href":"https:\/\/polysmarts.com\/pt\/wp-json\/wp\/v2\/media\/3117"}],"wp:attachment":[{"href":"https:\/\/polysmarts.com\/pt\/wp-json\/wp\/v2\/media?parent=3116"}],"wp:term":[{"taxonomy":"product_brand","embeddable":true,"href":"https:\/\/polysmarts.com\/pt\/wp-json\/wp\/v2\/product_brand?post=3116"},{"taxonomy":"product_cat","embeddable":true,"href":"https:\/\/polysmarts.com\/pt\/wp-json\/wp\/v2\/product_cat?post=3116"},{"taxonomy":"product_tag","embeddable":true,"href":"https:\/\/polysmarts.com\/pt\/wp-json\/wp\/v2\/product_tag?post=3116"}],"curies":[{"name":"wp","href":"https:\/\/api.w.org\/{rel}","templated":true}]}}